{"id":535,"date":"2021-02-15T12:04:21","date_gmt":"2021-02-15T11:04:21","guid":{"rendered":"https:\/\/site.educa.madrid.org\/ies.churriguera.leganes\/?page_id=535"},"modified":"2025-10-30T11:05:53","modified_gmt":"2025-10-30T10:05:53","slug":"ingles","status":"publish","type":"page","link":"https:\/\/site.educa.madrid.org\/ies.churriguera.leganes\/index.php\/departamentos\/ingles\/","title":{"rendered":"Ingl\u00e9s"},"content":{"rendered":"\n<p><\/p>\n\n\n\n<p><\/p>\n\n\n\n<p class=\"has-black-color has-text-color has-link-color has-large-font-size wp-elements-24252ebccee45735bc9cf618059914ba\" style=\"font-style:normal;font-weight:500\">Materias que Imparte el Departamento<\/p>\n\n\n\n<p class=\"has-black-color has-text-color has-link-color has-large-font-size wp-elements-07d8e2f82d0b8544bf14c5870ea21426\" style=\"font-style:normal;font-weight:500\">ESO<\/p>\n\n\n\n<p class=\"has-black-color has-text-color has-link-color has-medium-font-size wp-elements-c19b78133c4e6c9c8650a86f44a2a85e\" style=\"font-style:normal;font-weight:500\">Lengua Extranjera: Ingl\u00e9s<\/p>\n\n\n\n<p class=\"has-black-color has-text-color has-link-color has-medium-font-size wp-elements-2d21661f6ad08d630b5a4effa36cf0fa\">1\u00ba ESO<\/p>\n\n\n\n<p class=\"has-vivid-cyan-blue-color has-text-color has-link-color has-medium-font-size wp-elements-2052318d5513d9957cd91f75514b1071\"><a href=\"https:\/\/site.educa.madrid.org\/ies.churriguera.leganes\/\/wp-content\/uploads\/ies.churriguera.leganes\/2025\/10\/202526-CC-1-ESO-ingles.pdf\" target=\"_blank\" rel=\"noreferrer noopener nofollow\">Criterios de Calificaci\u00f3n<\/a><\/p>\n\n\n\n<p class=\"has-black-color has-text-color has-link-color has-medium-font-size wp-elements-82811d14ae266bdc5ff1d2536880136f\">2\u00ba ESO<\/p>\n\n\n\n<p class=\"has-vivid-cyan-blue-color has-text-color has-link-color has-medium-font-size wp-elements-5f123b57e438cf47bc8aa7204261b7c8\"><a href=\"https:\/\/site.educa.madrid.org\/ies.churriguera.leganes\/\/wp-content\/uploads\/ies.churriguera.leganes\/2025\/10\/202526-CC-2-ESO-ingles.pdf\" target=\"_blank\" rel=\"noreferrer noopener nofollow\">Criterios de Calificaci\u00f3n<\/a><\/p>\n\n\n\n<p class=\"has-black-color has-text-color has-link-color has-medium-font-size wp-elements-638e05eaace84d88094c5b8b43e311d1\">3\u00ba ESO<\/p>\n\n\n\n<p class=\"has-vivid-cyan-blue-color has-text-color has-link-color has-medium-font-size wp-elements-4033f1b9ac34985fa48cb1fe930bd103\"><a href=\"https:\/\/site.educa.madrid.org\/ies.churriguera.leganes\/\/wp-content\/uploads\/ies.churriguera.leganes\/2025\/10\/202526-CC-3-ESO-ingles.pdf\" target=\"_blank\" rel=\"noreferrer noopener nofollow\">Criterios de Calificaci\u00f3n<\/a><\/p>\n\n\n\n<p class=\"has-black-color has-text-color has-link-color has-medium-font-size wp-elements-157cc327b8487181d4575244d2ce56a7\">4\u00ba ESO<\/p>\n\n\n\n<p class=\"has-vivid-cyan-blue-color has-text-color has-link-color has-medium-font-size wp-elements-5e8cc3d282b634ef6f2a555402f0559b\"><a href=\"https:\/\/site.educa.madrid.org\/ies.churriguera.leganes\/\/wp-content\/uploads\/ies.churriguera.leganes\/2025\/10\/202526-CC-4-ESO-ingles.pdf\" target=\"_blank\" rel=\"noreferrer noopener nofollow\">Criterios de Calificaci\u00f3n<\/a><\/p>\n\n\n\n<p class=\"has-black-color has-text-color has-link-color has-medium-font-size wp-elements-65a631000120ff528202937d2ad45dc2\">1\u00ba Programa de Diversificaci\u00f3n Curricular (3\u00baESO)<\/p>\n\n\n\n<p class=\"has-vivid-cyan-blue-color has-text-color has-link-color has-medium-font-size wp-elements-1436ff45347769ed7a24a7491d750558\"><a href=\"https:\/\/site.educa.madrid.org\/ies.churriguera.leganes\/\/wp-content\/uploads\/ies.churriguera.leganes\/2025\/10\/202526-CC-3-ESO-Diver-ingles.pdf\" target=\"_blank\" rel=\"noreferrer noopener nofollow\">Criterios de Calificaci\u00f3n<\/a><\/p>\n\n\n\n<p class=\"has-black-color has-text-color has-link-color has-medium-font-size wp-elements-a5db5964d9dfc207970b6e3164f7e548\">2\u00ba Programa de Diversificaci\u00f3n Curricular (4\u00baESO)<\/p>\n\n\n\n<p class=\"has-vivid-cyan-blue-color has-text-color has-link-color has-medium-font-size wp-elements-e7dfad71d2105f104e3709652286c1ad\"><a href=\"https:\/\/site.educa.madrid.org\/ies.churriguera.leganes\/\/wp-content\/uploads\/ies.churriguera.leganes\/2025\/10\/202526-CC-4-ESO-Diver-ingles.pdf\" target=\"_blank\" rel=\"noreferrer noopener nofollow\">Criterios de Calificaci\u00f3n<\/a><\/p>\n\n\n\n<p class=\"has-black-color has-text-color has-link-color has-medium-font-size wp-elements-b833d4d4161b1192c0e32e846f9b4ea6\" style=\"font-style:normal;font-weight:500\">Comunicaci\u00f3n Oral en Ingl\u00e9s (Optativa 3\u00ba ESO)<\/p>\n\n\n\n<p class=\"has-vivid-cyan-blue-color has-text-color has-link-color has-medium-font-size wp-elements-34f180f58e6e9410b4f22893b0fa03f6\"><a href=\"https:\/\/site.educa.madrid.org\/ies.churriguera.leganes\/\/wp-content\/uploads\/ies.churriguera.leganes\/2025\/10\/202526-CC-3-ESO-Oral-Comm-ingles.pdf\" target=\"_blank\" rel=\"noreferrer noopener nofollow\">Criterios de Calificaci\u00f3n<\/a><\/p>\n\n\n\n<p class=\"has-black-color has-text-color has-link-color has-large-font-size wp-elements-762fdd193dc3aaa10e39b56e428b7c55\" style=\"font-style:normal;font-weight:500\">BACHILLERATO DIURNO<\/p>\n\n\n\n<p class=\"has-black-color has-text-color has-link-color has-medium-font-size wp-elements-486397d6cef8fae0c4af0d0ef36dc9ad\" style=\"font-style:normal;font-weight:500\">Lengua Extranjera I: Ingl\u00e9s<\/p>\n\n\n\n<p class=\"has-vivid-cyan-blue-color has-text-color has-link-color has-medium-font-size wp-elements-79622ff7baea84a2c435a1f1548d4ca0\"><a href=\"https:\/\/site.educa.madrid.org\/ies.churriguera.leganes\/\/wp-content\/uploads\/ies.churriguera.leganes\/2025\/10\/202526-CC-1-BACH-ingles.pdf\" target=\"_blank\" rel=\"noreferrer noopener nofollow\">Criterios de Calificaci\u00f3n<\/a><\/p>\n\n\n\n<p class=\"has-black-color has-text-color has-link-color has-medium-font-size wp-elements-5fbadd01126d215654b7368df774fd80\" style=\"font-style:normal;font-weight:500\">Lengua Extranjera II: Ingl\u00e9s<\/p>\n\n\n\n<p class=\"has-vivid-cyan-blue-color has-text-color has-link-color has-medium-font-size wp-elements-c652be19410f625cef07acb10fd21558\"><a href=\"https:\/\/site.educa.madrid.org\/ies.churriguera.leganes\/\/wp-content\/uploads\/ies.churriguera.leganes\/2025\/10\/202526-CC-2-BACH-ingles.pdf\" target=\"_blank\" rel=\"noreferrer noopener nofollow\">Criterios de Calificaci\u00f3n<\/a><\/p>\n\n\n\n<p class=\"has-black-color has-text-color has-link-color has-large-font-size wp-elements-29b3753dd02b434f2328bf7638eefd67\" style=\"font-style:normal;font-weight:500\">BACHILLERATO DE PERSONAS ADULTAS<\/p>\n\n\n\n<p class=\"has-black-color has-text-color has-link-color has-medium-font-size wp-elements-486397d6cef8fae0c4af0d0ef36dc9ad\" style=\"font-style:normal;font-weight:500\">Lengua Extranjera I: Ingl\u00e9s<\/p>\n\n\n\n<p class=\"has-vivid-cyan-blue-color has-text-color has-link-color has-medium-font-size wp-elements-13eecd6b04a395a5da71e0d5fc4641f9\"><a href=\"https:\/\/site.educa.madrid.org\/ies.churriguera.leganes\/\/wp-content\/uploads\/ies.churriguera.leganes\/2025\/10\/202526-CC-1-BPA-ingles.pdf\" target=\"_blank\" rel=\"noreferrer noopener nofollow\">Criterios de Calificaci\u00f3n<\/a><\/p>\n\n\n\n<p class=\"has-black-color has-text-color has-link-color has-medium-font-size wp-elements-5fbadd01126d215654b7368df774fd80\" style=\"font-style:normal;font-weight:500\">Lengua Extranjera II: Ingl\u00e9s<\/p>\n\n\n\n<p class=\"has-vivid-cyan-blue-color has-text-color has-link-color has-medium-font-size wp-elements-69046d14dacf58ba41a1aab92ad28ee9\"><a href=\"https:\/\/site.educa.madrid.org\/ies.churriguera.leganes\/\/wp-content\/uploads\/ies.churriguera.leganes\/2025\/10\/202526-CC-2-BPA-ingles.pdf\" target=\"_blank\" rel=\"noreferrer noopener nofollow\">Criterios de Calificaci\u00f3n<\/a><\/p>\n\n\n\n<p class=\"has-black-color has-text-color has-link-color has-large-font-size wp-elements-716e8e4c01c61c46cee6ec20eb9866f6\" style=\"font-style:normal;font-weight:500\">CFGS PROMOCI\u00d3N DE IGUALDAD DE G\u00c9NERO<\/p>\n\n\n\n<p class=\"has-black-color has-text-color has-link-color has-medium-font-size wp-elements-862e98d2a6bc4980b0cc31b2238b20c6\" style=\"font-style:normal;font-weight:500\">Ingl\u00e9s Profesional<\/p>\n\n\n\n<p class=\"has-vivid-cyan-blue-color has-text-color has-link-color has-medium-font-size wp-elements-9590494ff7acd9b9f16d3b73c8a3c959\"><a href=\"https:\/\/site.educa.madrid.org\/ies.churriguera.leganes\/\/wp-content\/uploads\/ies.churriguera.leganes\/2025\/10\/202526-CC-1-GSFP-Promig-ingles.pdf\" target=\"_blank\" rel=\"noreferrer noopener nofollow\">Criterios de Calificaci\u00f3n<\/a><\/p>\n","protected":false},"excerpt":{"rendered":"<p>Materias que Imparte el Departamento ESO Lengua Extranjera: Ingl\u00e9s 1\u00ba ESO Criterios de Calificaci\u00f3n 2\u00ba ESO Criterios de Calificaci\u00f3n 3\u00ba ESO Criterios de Calificaci\u00f3n 4\u00ba ESO Criterios de Calificaci\u00f3n 1\u00ba Programa de Diversificaci\u00f3n Curricular (3\u00baESO) Criterios de Calificaci\u00f3n 2\u00ba Programa de Diversificaci\u00f3n Curricular (4\u00baESO) Criterios de Calificaci\u00f3n Comunicaci\u00f3n Oral en Ingl\u00e9s (Optativa 3\u00ba ESO) Criterios [&hellip;]<\/p>\n","protected":false},"author":35,"featured_media":0,"parent":412,"menu_order":8,"comment_status":"closed","ping_status":"closed","template":"","meta":{"footnotes":""},"folder":[],"class_list":["post-535","page","type-page","status-publish","hentry"],"rttpg_featured_image_url":null,"rttpg_author":{"display_name":"Ruben Bermejo L\u00f3pez","author_link":"https:\/\/site.educa.madrid.org\/ies.churriguera.leganes\/index.php\/author\/ruben_bermejo-lopez\/"},"rttpg_comment":0,"rttpg_category":false,"rttpg_excerpt":"Materias que Imparte el Departamento ESO Lengua Extranjera: Ingl\u00e9s 1\u00ba ESO Criterios de Calificaci\u00f3n 2\u00ba ESO Criterios de Calificaci\u00f3n 3\u00ba ESO Criterios de Calificaci\u00f3n 4\u00ba ESO Criterios de Calificaci\u00f3n 1\u00ba Programa de Diversificaci\u00f3n Curricular (3\u00baESO) Criterios de Calificaci\u00f3n 2\u00ba Programa de Diversificaci\u00f3n Curricular (4\u00baESO) Criterios de Calificaci\u00f3n Comunicaci\u00f3n Oral en Ingl\u00e9s (Optativa 3\u00ba ESO) Criterios&hellip;","post_mailing_queue_ids":[],"_links":{"self":[{"href":"https:\/\/site.educa.madrid.org\/ies.churriguera.leganes\/index.php\/wp-json\/wp\/v2\/pages\/535","targetHints":{"allow":["GET"]}}],"collection":[{"href":"https:\/\/site.educa.madrid.org\/ies.churriguera.leganes\/index.php\/wp-json\/wp\/v2\/pages"}],"about":[{"href":"https:\/\/site.educa.madrid.org\/ies.churriguera.leganes\/index.php\/wp-json\/wp\/v2\/types\/page"}],"author":[{"embeddable":true,"href":"https:\/\/site.educa.madrid.org\/ies.churriguera.leganes\/index.php\/wp-json\/wp\/v2\/users\/35"}],"replies":[{"embeddable":true,"href":"https:\/\/site.educa.madrid.org\/ies.churriguera.leganes\/index.php\/wp-json\/wp\/v2\/comments?post=535"}],"version-history":[{"count":20,"href":"https:\/\/site.educa.madrid.org\/ies.churriguera.leganes\/index.php\/wp-json\/wp\/v2\/pages\/535\/revisions"}],"predecessor-version":[{"id":9225,"href":"https:\/\/site.educa.madrid.org\/ies.churriguera.leganes\/index.php\/wp-json\/wp\/v2\/pages\/535\/revisions\/9225"}],"up":[{"embeddable":true,"href":"https:\/\/site.educa.madrid.org\/ies.churriguera.leganes\/index.php\/wp-json\/wp\/v2\/pages\/412"}],"wp:attachment":[{"href":"https:\/\/site.educa.madrid.org\/ies.churriguera.leganes\/index.php\/wp-json\/wp\/v2\/media?parent=535"}],"wp:term":[{"taxonomy":"folder","embeddable":true,"href":"https:\/\/site.educa.madrid.org\/ies.churriguera.leganes\/index.php\/wp-json\/wp\/v2\/folder?post=535"}],"curies":[{"name":"wp","href":"https:\/\/api.w.org\/{rel}","templated":true}]}}