{"id":537,"date":"2021-02-15T12:06:01","date_gmt":"2021-02-15T11:06:01","guid":{"rendered":"https:\/\/site.educa.madrid.org\/ies.churriguera.leganes\/?page_id=537"},"modified":"2026-04-03T00:29:46","modified_gmt":"2026-04-02T22:29:46","slug":"latin","status":"publish","type":"page","link":"https:\/\/site.educa.madrid.org\/ies.churriguera.leganes\/index.php\/departamentos\/latin\/","title":{"rendered":"Lat\u00edn y Griego"},"content":{"rendered":"\n<p class=\"has-text-align-center has-pale-cyan-blue-color has-white-background-color has-text-color has-background has-large-font-size\"><strong>Criterios de calificaci\u00f3n y Gu\u00edas Did\u00e1cticas BPA<\/strong><\/p>\n\n\n\n<p class=\"has-black-color has-text-color has-link-color has-medium-font-size wp-elements-358f3b91e82080afa351f03df04d444b\"><strong>3\u00ba ESO<\/strong><\/p>\n\n\n\n<p class=\"has-text-color has-link-color has-medium-font-size wp-elements-b4364260256a96d72fe8549555d4f62a\" style=\"color:#075ce3\"><a href=\"https:\/\/site.educa.madrid.org\/ies.churriguera.leganes\/\/wp-content\/uploads\/ies.churriguera.leganes\/2025\/10\/Criterios-calificacion-CuC-3o.pdf\" target=\"_blank\" rel=\"noreferrer noopener\">Cultura Cl\u00e1sica<\/a><\/p>\n\n\n\n<hr class=\"wp-block-separator has-text-color has-white-color has-alpha-channel-opacity has-white-background-color has-background\" \/>\n\n\n\n<p class=\"has-black-color has-text-color has-link-color has-medium-font-size wp-elements-8aee1b02e739b205f22496baef4cb1fe\"><strong>4\u00ba ESO<\/strong><\/p>\n\n\n\n<p class=\"has-text-color has-link-color has-medium-font-size wp-elements-9a45ed5b857ba1f7fe38a9fe761ed52f\" style=\"color:#075ce3\"><a href=\"https:\/\/site.educa.madrid.org\/ies.churriguera.leganes\/\/wp-content\/uploads\/ies.churriguera.leganes\/2025\/10\/Criterios-calificacion-Latin-4o.pdf\" target=\"_blank\" rel=\"noreferrer noopener\">Lat\u00edn<\/a><\/p>\n\n\n\n<hr class=\"wp-block-separator has-text-color has-white-color has-alpha-channel-opacity has-white-background-color has-background\" \/>\n\n\n\n<p class=\"has-black-color has-text-color has-link-color has-medium-font-size wp-elements-a0cd1e5c84cc4436d54772800fbe325e\"><strong>1\u00ba BACHILLERATO<\/strong><\/p>\n\n\n\n<p class=\"has-text-color has-link-color has-medium-font-size wp-elements-7d1a75cdb1e993292cd370b5f5bbbb76\" style=\"color:#075ce3\"><a href=\"https:\/\/site.educa.madrid.org\/ies.churriguera.leganes\/\/wp-content\/uploads\/ies.churriguera.leganes\/2025\/10\/Criterios-calificacion-Latin-I.pdf\" target=\"_blank\" rel=\"noreferrer noopener\">Lat\u00edn I<\/a><\/p>\n\n\n\n<p class=\"has-text-color has-link-color has-medium-font-size wp-elements-cffabe23c237861777559e2432b27ea7\" style=\"color:#075ce3\"><a href=\"https:\/\/site.educa.madrid.org\/ies.churriguera.leganes\/\/wp-content\/uploads\/ies.churriguera.leganes\/2025\/10\/Criterios-calificacion-Griego-I.pdf\" target=\"_blank\" rel=\"noreferrer noopener\">Griego I<\/a><\/p>\n\n\n\n<hr class=\"wp-block-separator has-text-color has-white-color has-alpha-channel-opacity has-white-background-color has-background\" \/>\n\n\n\n<p class=\"has-black-color has-text-color has-link-color has-medium-font-size wp-elements-72e57f92dbbc151de6307345fdece7ac\"><strong>2\u00ba BACHILLERATO<\/strong><\/p>\n\n\n\n<p class=\"has-text-color has-link-color has-medium-font-size wp-elements-c46b9f780a918d1de40a5966b8a1174d\" style=\"color:#075ce3\"><a href=\"https:\/\/site.educa.madrid.org\/ies.churriguera.leganes\/\/wp-content\/uploads\/ies.churriguera.leganes\/2025\/10\/Criterios-calificacion-Latin-II.pdf\" target=\"_blank\" rel=\"noreferrer noopener\">Lat\u00edn II<\/a><\/p>\n\n\n\n<p class=\"has-text-color has-link-color wp-elements-fdbfe595e567ef36f24af50216bb743e\" style=\"color:#075ce3\"><a href=\"https:\/\/site.educa.madrid.org\/ies.churriguera.leganes\/\/wp-content\/uploads\/ies.churriguera.leganes\/2025\/10\/Criterios-calificacion-Griego-II.pdf\" target=\"_blank\" rel=\"noreferrer noopener\">Griego II<\/a><\/p>\n\n\n\n<hr class=\"wp-block-separator has-text-color has-white-color has-alpha-channel-opacity has-white-background-color has-background\" \/>\n\n\n\n<p class=\"has-black-color has-text-color has-link-color has-medium-font-size wp-elements-f46b8fd60bf6ce5acb5369d5c5a6ba0e\"><strong>1\u00ba BACHILLERATO (BPA)<\/strong><\/p>\n\n\n\n<p class=\"has-text-color has-link-color has-medium-font-size wp-elements-fdf974049f1d4a97ceb29121809580fe\" style=\"color:#075ce3\"><a href=\"https:\/\/site.educa.madrid.org\/ies.churriguera.leganes\/\/wp-content\/uploads\/ies.churriguera.leganes\/2025\/10\/GUIA-DIDACTICA-LATI.pdf\" target=\"_blank\" rel=\"noreferrer noopener\">Gu\u00eda Did\u00e1ctica Lat\u00edn I<\/a><\/p>\n\n\n\n<p class=\"has-text-color has-link-color has-medium-font-size wp-elements-c463f8369a60dab219aadf3be2dce3e3\" style=\"color:#075ce3\"><a href=\"https:\/\/site.educa.madrid.org\/ies.churriguera.leganes\/\/wp-content\/uploads\/ies.churriguera.leganes\/2025\/10\/GUIA-DIDACTICA-GRI.pdf\" target=\"_blank\" rel=\"noreferrer noopener\">Gu\u00eda did\u00e1ctica Griego I<\/a><\/p>\n\n\n\n<hr class=\"wp-block-separator has-text-color has-white-color has-alpha-channel-opacity has-white-background-color has-background\" \/>\n\n\n\n<p class=\"has-black-color has-text-color has-link-color has-medium-font-size wp-elements-946eeecfe693e149621cba83f244f085\"><strong>2\u00ba BACHILLERATO (BPA)<\/strong><\/p>\n\n\n\n<p class=\"has-text-color has-link-color has-medium-font-size wp-elements-8d3375174f63ff1959cc4aec7c83487e\" style=\"color:#075ce3\"><a href=\"https:\/\/site.educa.madrid.org\/ies.churriguera.leganes\/\/wp-content\/uploads\/ies.churriguera.leganes\/2025\/10\/GUIA-DIDACTICA-BPA-LATII.pdf\" target=\"_blank\" rel=\"noreferrer noopener\">Gu\u00eda did\u00e1ctica Lat\u00edn II<\/a><\/p>\n\n\n\n<p class=\"has-text-color has-link-color has-medium-font-size wp-elements-55fd1c96c8d9baba6d855fa0594e9625\" style=\"color:#075ce3\"><a href=\"https:\/\/site.educa.madrid.org\/ies.churriguera.leganes\/\/wp-content\/uploads\/ies.churriguera.leganes\/2025\/10\/GUIA-DIDACTICA-GRII.pdf\" target=\"_blank\" rel=\"noreferrer noopener\">Gu\u00eda did\u00e1ctica Griego II<\/a><\/p>\n\n\n\n<p class=\"has-text-align-center has-pale-cyan-blue-color has-white-background-color has-text-color has-background has-large-font-size\"><strong>ELIGE HUMANIDADES, \u00a1S\u00cd ES \u00daTIL!<\/strong><\/p>\n\n\n\n<p class=\"has-text-align-center\"><a href=\"https:\/\/site.educa.madrid.org\/ies.churriguera.leganes\/\/wp-content\/uploads\/ies.churriguera.leganes\/2026\/02\/ponderaciones_26-27_16_enero_26.pdf\" target=\"_blank\" rel=\"noreferrer noopener\">Ponderaciones 2026\/27 en la comunidad de Madrid<\/a> <\/p>\n\n\n\n<figure class=\"wp-block-image aligncenter size-full is-resized\"><img loading=\"lazy\" decoding=\"async\" width=\"1920\" height=\"1080\" src=\"https:\/\/site.educa.madrid.org\/ies.churriguera.leganes\/\/wp-content\/uploads\/ies.churriguera.leganes\/2025\/02\/EL-BACHILLERATO-DE-HUMANIDADES-TE-ABRE-PUERTAS.png\" alt=\"\" class=\"wp-image-7189\" style=\"width:606px;height:340px\" srcset=\"https:\/\/site.educa.madrid.org\/ies.churriguera.leganes\/\/wp-content\/uploads\/ies.churriguera.leganes\/2025\/02\/EL-BACHILLERATO-DE-HUMANIDADES-TE-ABRE-PUERTAS.png 1920w, https:\/\/site.educa.madrid.org\/ies.churriguera.leganes\/\/wp-content\/uploads\/ies.churriguera.leganes\/2025\/02\/EL-BACHILLERATO-DE-HUMANIDADES-TE-ABRE-PUERTAS-300x169.png 300w, https:\/\/site.educa.madrid.org\/ies.churriguera.leganes\/\/wp-content\/uploads\/ies.churriguera.leganes\/2025\/02\/EL-BACHILLERATO-DE-HUMANIDADES-TE-ABRE-PUERTAS-1024x576.png 1024w, https:\/\/site.educa.madrid.org\/ies.churriguera.leganes\/\/wp-content\/uploads\/ies.churriguera.leganes\/2025\/02\/EL-BACHILLERATO-DE-HUMANIDADES-TE-ABRE-PUERTAS-768x432.png 768w, https:\/\/site.educa.madrid.org\/ies.churriguera.leganes\/\/wp-content\/uploads\/ies.churriguera.leganes\/2025\/02\/EL-BACHILLERATO-DE-HUMANIDADES-TE-ABRE-PUERTAS-1536x864.png 1536w\" sizes=\"auto, (max-width: 1920px) 100vw, 1920px\" \/><\/figure>\n\n\n\n<figure class=\"wp-block-image aligncenter size-large is-resized\"><img decoding=\"async\" src=\"https:\/\/site.educa.madrid.org\/ies.churriguera.leganes\/\/wp-content\/uploads\/ies.churriguera.leganes\/2025\/02\/Cartel-clasicas.png\" alt=\"\" style=\"width:458px;height:auto\" \/><\/figure>\n\n\n\n<div class=\"wp-block-columns is-layout-flex wp-container-core-columns-is-layout-28f84493 wp-block-columns-is-layout-flex\">\n<div class=\"wp-block-column is-layout-flow wp-block-column-is-layout-flow\">\n<figure class=\"wp-block-image size-full is-style-default\"><a href=\"https:\/\/site.educa.madrid.org\/ies.churriguera.leganes\/\/wp-content\/uploads\/ies.churriguera.leganes\/2023\/04\/Dpto.-de-Latin-3.pdf\" target=\"_blank\" rel=\"noopener\"><img loading=\"lazy\" decoding=\"async\" width=\"2000\" height=\"1125\" src=\"https:\/\/site.educa.madrid.org\/ies.churriguera.leganes\/\/wp-content\/uploads\/ies.churriguera.leganes\/2023\/04\/Dpto.-de-Latin-3.jpg\" alt=\"\" class=\"wp-image-1826\" srcset=\"https:\/\/site.educa.madrid.org\/ies.churriguera.leganes\/\/wp-content\/uploads\/ies.churriguera.leganes\/2023\/04\/Dpto.-de-Latin-3.jpg 2000w, https:\/\/site.educa.madrid.org\/ies.churriguera.leganes\/\/wp-content\/uploads\/ies.churriguera.leganes\/2023\/04\/Dpto.-de-Latin-3-300x169.jpg 300w, https:\/\/site.educa.madrid.org\/ies.churriguera.leganes\/\/wp-content\/uploads\/ies.churriguera.leganes\/2023\/04\/Dpto.-de-Latin-3-1024x576.jpg 1024w, https:\/\/site.educa.madrid.org\/ies.churriguera.leganes\/\/wp-content\/uploads\/ies.churriguera.leganes\/2023\/04\/Dpto.-de-Latin-3-768x432.jpg 768w, https:\/\/site.educa.madrid.org\/ies.churriguera.leganes\/\/wp-content\/uploads\/ies.churriguera.leganes\/2023\/04\/Dpto.-de-Latin-3-1536x864.jpg 1536w\" sizes=\"auto, (max-width: 2000px) 100vw, 2000px\" \/><\/a><\/figure>\n<\/div>\n\n\n\n<div class=\"wp-block-column is-layout-flow wp-block-column-is-layout-flow\">\n<figure class=\"wp-block-image size-full\"><a href=\"https:\/\/site.educa.madrid.org\/ies.churriguera.leganes\/\/wp-content\/uploads\/ies.churriguera.leganes\/2023\/04\/Dpto.-de-Latin-4.pdf\" target=\"_blank\" rel=\"noopener\"><img loading=\"lazy\" decoding=\"async\" width=\"2000\" height=\"1125\" src=\"https:\/\/site.educa.madrid.org\/ies.churriguera.leganes\/\/wp-content\/uploads\/ies.churriguera.leganes\/2023\/04\/Dpto.-de-Latin-4.jpg\" alt=\"\" class=\"wp-image-1827\" srcset=\"https:\/\/site.educa.madrid.org\/ies.churriguera.leganes\/\/wp-content\/uploads\/ies.churriguera.leganes\/2023\/04\/Dpto.-de-Latin-4.jpg 2000w, https:\/\/site.educa.madrid.org\/ies.churriguera.leganes\/\/wp-content\/uploads\/ies.churriguera.leganes\/2023\/04\/Dpto.-de-Latin-4-300x169.jpg 300w, https:\/\/site.educa.madrid.org\/ies.churriguera.leganes\/\/wp-content\/uploads\/ies.churriguera.leganes\/2023\/04\/Dpto.-de-Latin-4-1024x576.jpg 1024w, https:\/\/site.educa.madrid.org\/ies.churriguera.leganes\/\/wp-content\/uploads\/ies.churriguera.leganes\/2023\/04\/Dpto.-de-Latin-4-768x432.jpg 768w, https:\/\/site.educa.madrid.org\/ies.churriguera.leganes\/\/wp-content\/uploads\/ies.churriguera.leganes\/2023\/04\/Dpto.-de-Latin-4-1536x864.jpg 1536w\" sizes=\"auto, (max-width: 2000px) 100vw, 2000px\" \/><\/a><\/figure>\n<\/div>\n<\/div>\n\n\n\n<div class=\"wp-block-columns is-layout-flex wp-container-core-columns-is-layout-28f84493 wp-block-columns-is-layout-flex\">\n<div class=\"wp-block-column is-layout-flow wp-block-column-is-layout-flow\">\n<figure class=\"wp-block-image size-full\"><a href=\"https:\/\/site.educa.madrid.org\/ies.churriguera.leganes\/\/wp-content\/uploads\/ies.churriguera.leganes\/2023\/04\/Dpto.-de-Latin-5.pdf\" target=\"_blank\" rel=\"noopener\"><img loading=\"lazy\" decoding=\"async\" width=\"2000\" height=\"1125\" src=\"https:\/\/site.educa.madrid.org\/ies.churriguera.leganes\/\/wp-content\/uploads\/ies.churriguera.leganes\/2023\/04\/Dpto.-de-Latin-5.jpg\" alt=\"\" class=\"wp-image-1828\" srcset=\"https:\/\/site.educa.madrid.org\/ies.churriguera.leganes\/\/wp-content\/uploads\/ies.churriguera.leganes\/2023\/04\/Dpto.-de-Latin-5.jpg 2000w, https:\/\/site.educa.madrid.org\/ies.churriguera.leganes\/\/wp-content\/uploads\/ies.churriguera.leganes\/2023\/04\/Dpto.-de-Latin-5-300x169.jpg 300w, https:\/\/site.educa.madrid.org\/ies.churriguera.leganes\/\/wp-content\/uploads\/ies.churriguera.leganes\/2023\/04\/Dpto.-de-Latin-5-1024x576.jpg 1024w, https:\/\/site.educa.madrid.org\/ies.churriguera.leganes\/\/wp-content\/uploads\/ies.churriguera.leganes\/2023\/04\/Dpto.-de-Latin-5-768x432.jpg 768w, https:\/\/site.educa.madrid.org\/ies.churriguera.leganes\/\/wp-content\/uploads\/ies.churriguera.leganes\/2023\/04\/Dpto.-de-Latin-5-1536x864.jpg 1536w\" sizes=\"auto, (max-width: 2000px) 100vw, 2000px\" \/><\/a><\/figure>\n<\/div>\n\n\n\n<div class=\"wp-block-column is-layout-flow wp-block-column-is-layout-flow\">\n<figure class=\"wp-block-image size-full\"><a href=\"https:\/\/site.educa.madrid.org\/ies.churriguera.leganes\/\/wp-content\/uploads\/ies.churriguera.leganes\/2023\/04\/Dpto.-de-Latin-2.pdf\" target=\"_blank\" rel=\"noopener\"><img loading=\"lazy\" decoding=\"async\" width=\"2000\" height=\"1125\" src=\"https:\/\/site.educa.madrid.org\/ies.churriguera.leganes\/\/wp-content\/uploads\/ies.churriguera.leganes\/2023\/04\/Dpto.-de-Latin-2.jpg\" alt=\"\" class=\"wp-image-1825\" srcset=\"https:\/\/site.educa.madrid.org\/ies.churriguera.leganes\/\/wp-content\/uploads\/ies.churriguera.leganes\/2023\/04\/Dpto.-de-Latin-2.jpg 2000w, https:\/\/site.educa.madrid.org\/ies.churriguera.leganes\/\/wp-content\/uploads\/ies.churriguera.leganes\/2023\/04\/Dpto.-de-Latin-2-300x169.jpg 300w, https:\/\/site.educa.madrid.org\/ies.churriguera.leganes\/\/wp-content\/uploads\/ies.churriguera.leganes\/2023\/04\/Dpto.-de-Latin-2-1024x576.jpg 1024w, https:\/\/site.educa.madrid.org\/ies.churriguera.leganes\/\/wp-content\/uploads\/ies.churriguera.leganes\/2023\/04\/Dpto.-de-Latin-2-768x432.jpg 768w, https:\/\/site.educa.madrid.org\/ies.churriguera.leganes\/\/wp-content\/uploads\/ies.churriguera.leganes\/2023\/04\/Dpto.-de-Latin-2-1536x864.jpg 1536w\" sizes=\"auto, (max-width: 2000px) 100vw, 2000px\" \/><\/a><\/figure>\n<\/div>\n<\/div>\n\n\n\n<hr class=\"wp-block-separator has-alpha-channel-opacity\" \/>\n\n\n\n<div class=\"wp-block-media-text is-stacked-on-mobile is-vertically-aligned-center\"><figure class=\"wp-block-media-text__media\"><img loading=\"lazy\" decoding=\"async\" width=\"815\" height=\"410\" src=\"https:\/\/site.educa.madrid.org\/ies.churriguera.leganes\/\/wp-content\/uploads\/ies.churriguera.leganes\/2026\/04\/image-1.png\" alt=\"\" class=\"wp-image-10045 size-full\" srcset=\"https:\/\/site.educa.madrid.org\/ies.churriguera.leganes\/\/wp-content\/uploads\/ies.churriguera.leganes\/2026\/04\/image-1.png 815w, https:\/\/site.educa.madrid.org\/ies.churriguera.leganes\/\/wp-content\/uploads\/ies.churriguera.leganes\/2026\/04\/image-1-300x151.png 300w, https:\/\/site.educa.madrid.org\/ies.churriguera.leganes\/\/wp-content\/uploads\/ies.churriguera.leganes\/2026\/04\/image-1-768x386.png 768w\" sizes=\"auto, (max-width: 815px) 100vw, 815px\" \/><\/figure><div class=\"wp-block-media-text__content\">\n<p>\u00bfQuieres saber m\u00e1s sobre nuestras optativas? \u00a1<a href=\"https:\/\/site.educa.madrid.org\/ies.churriguera.leganes\/\/wp-content\/uploads\/ies.churriguera.leganes\/2026\/04\/POAP-2o-ESO-25-26-22-27.pdf\" target=\"_blank\" rel=\"noreferrer noopener\">Pincha aqu\u00ed <\/a>para descubrir c\u00f3mo trabajamos en Cultura Cl\u00e1sica y todo lo que esta asignatura puede ense\u00f1arte!<\/p>\n<\/div><\/div>\n\n\n\n<p><\/p>\n\n\n\n<p><\/p>\n","protected":false},"excerpt":{"rendered":"<p>Criterios de calificaci\u00f3n y Gu\u00edas Did\u00e1cticas BPA 3\u00ba ESO Cultura Cl\u00e1sica 4\u00ba ESO Lat\u00edn 1\u00ba BACHILLERATO Lat\u00edn I Griego I 2\u00ba BACHILLERATO Lat\u00edn II Griego II 1\u00ba BACHILLERATO (BPA) Gu\u00eda Did\u00e1ctica Lat\u00edn I Gu\u00eda did\u00e1ctica Griego I 2\u00ba BACHILLERATO (BPA) Gu\u00eda did\u00e1ctica Lat\u00edn II Gu\u00eda did\u00e1ctica Griego II ELIGE HUMANIDADES, \u00a1S\u00cd ES \u00daTIL! Ponderaciones 2026\/27 [&hellip;]<\/p>\n","protected":false},"author":69,"featured_media":0,"parent":412,"menu_order":9,"comment_status":"closed","ping_status":"closed","template":"","meta":{"footnotes":""},"folder":[],"class_list":["post-537","page","type-page","status-publish","hentry"],"rttpg_featured_image_url":null,"rttpg_author":{"display_name":"\u00c1ngela Ruiz de los R\u00edos","author_link":"https:\/\/site.educa.madrid.org\/ies.churriguera.leganes\/index.php\/author\/ngela_ruiz-de-los-ros\/"},"rttpg_comment":0,"rttpg_category":false,"rttpg_excerpt":"Criterios de calificaci\u00f3n y Gu\u00edas Did\u00e1cticas BPA 3\u00ba ESO Cultura Cl\u00e1sica 4\u00ba ESO Lat\u00edn 1\u00ba BACHILLERATO Lat\u00edn I Griego I 2\u00ba BACHILLERATO Lat\u00edn II Griego II 1\u00ba BACHILLERATO (BPA) Gu\u00eda Did\u00e1ctica Lat\u00edn I Gu\u00eda did\u00e1ctica Griego I 2\u00ba BACHILLERATO (BPA) Gu\u00eda did\u00e1ctica Lat\u00edn II Gu\u00eda did\u00e1ctica Griego II ELIGE HUMANIDADES, \u00a1S\u00cd ES \u00daTIL! Ponderaciones 2026\/27&hellip;","post_mailing_queue_ids":[],"_links":{"self":[{"href":"https:\/\/site.educa.madrid.org\/ies.churriguera.leganes\/index.php\/wp-json\/wp\/v2\/pages\/537","targetHints":{"allow":["GET"]}}],"collection":[{"href":"https:\/\/site.educa.madrid.org\/ies.churriguera.leganes\/index.php\/wp-json\/wp\/v2\/pages"}],"about":[{"href":"https:\/\/site.educa.madrid.org\/ies.churriguera.leganes\/index.php\/wp-json\/wp\/v2\/types\/page"}],"author":[{"embeddable":true,"href":"https:\/\/site.educa.madrid.org\/ies.churriguera.leganes\/index.php\/wp-json\/wp\/v2\/users\/69"}],"replies":[{"embeddable":true,"href":"https:\/\/site.educa.madrid.org\/ies.churriguera.leganes\/index.php\/wp-json\/wp\/v2\/comments?post=537"}],"version-history":[{"count":48,"href":"https:\/\/site.educa.madrid.org\/ies.churriguera.leganes\/index.php\/wp-json\/wp\/v2\/pages\/537\/revisions"}],"predecessor-version":[{"id":10046,"href":"https:\/\/site.educa.madrid.org\/ies.churriguera.leganes\/index.php\/wp-json\/wp\/v2\/pages\/537\/revisions\/10046"}],"up":[{"embeddable":true,"href":"https:\/\/site.educa.madrid.org\/ies.churriguera.leganes\/index.php\/wp-json\/wp\/v2\/pages\/412"}],"wp:attachment":[{"href":"https:\/\/site.educa.madrid.org\/ies.churriguera.leganes\/index.php\/wp-json\/wp\/v2\/media?parent=537"}],"wp:term":[{"taxonomy":"folder","embeddable":true,"href":"https:\/\/site.educa.madrid.org\/ies.churriguera.leganes\/index.php\/wp-json\/wp\/v2\/folder?post=537"}],"curies":[{"name":"wp","href":"https:\/\/api.w.org\/{rel}","templated":true}]}}