{"id":539,"date":"2021-02-15T12:06:23","date_gmt":"2021-02-15T11:06:23","guid":{"rendered":"https:\/\/site.educa.madrid.org\/ies.churriguera.leganes\/?page_id=539"},"modified":"2025-09-08T09:45:29","modified_gmt":"2025-09-08T07:45:29","slug":"tecnologia","status":"publish","type":"page","link":"https:\/\/site.educa.madrid.org\/ies.churriguera.leganes\/index.php\/departamentos\/tecnologia\/","title":{"rendered":"Tecnolog\u00eda"},"content":{"rendered":"\n<meta name=\"viewport\" content=\"width=device-width, initial-scale=1\">\n<style>\n.accordion {\n  background-color: #59D3CE;\n  color: #000005;\n  cursor: pointer;\n  padding: 18px;\n  width: 100%;\n  border: none;\n  text-align: left;\n  outline: none;\n  font-size: 15px;\n  transition: 0.4s;\n}\n.active, .accordion:hover {\n  background-color: #68AAE2; \n}\n\n.panel {\n  padding: 0 18px;\n  display: none;\n  background-color: white;\n  overflow: hidden;\n}\n<\/style>\n\n\n\n<h2>Departamento de Tecnolog\u00eda<\/h2>\n\n<button class=\"accordion\">Materias <\/button>\n<div class=\"panel\">\n  <p>&#8211; Ciencias de la Computaci\u00f3n (1.\u00ba y 2.\u00ba de ESO)<br>\n&#8211; Tecnolog\u00eda y Digitalizaci\u00f3n (2.\u00ba y 3.\u00ba de ESO)<br>\n&#8211; Digitalizaci\u00f3n (4.\u00ba de ESO)<br>\n&#8211; Tecnolog\u00eda (4.\u00ba de ESO)<br>\n&#8211; Tecnolog\u00eda e Ingenier\u00eda (1.\u00ba y 2.\u00ba de Bachillerato)<br>\n&#8211; Ciencias de la Computaci\u00f3n (1.\u00ba y 2.\u00ba de Bachillerato y BPA)<\/p>\n<\/div>\n\n<button class=\"accordion\">Aulas<\/button>\n<div class=\"panel\">\n  <p>&#8211; Taller<br>\n  &#8211; Aulas A13 y B04<br>\n  &#8211; Aula de Inform\u00e1tica, Aula A11 y Aula A16\n  <\/p>\n<\/div>\n\n<script>\nvar acc = document.getElementsByClassName(\"accordion\");\nvar i;\n\nfor (i = 0; i < acc.length; i++) {\n  acc[i].addEventListener(\"click\", function() {\n    this.classList.toggle(\"active\");\n    var panel = this.nextElementSibling;\n    if (panel.style.display === \"block\") {\n      panel.style.display = \"none\";\n    } else {\n      panel.style.display = \"block\";\n    }\n  });\n}\n<\/script>\n\n\n\n<meta name=\"viewport\" content=\"width=device-width, initial-scale=1\">\n<style>\nbody {font-family: Arial; color: #000005;}\n\n\/* Style the tab *\/\n.tab {\n  overflow: hidden;\n  border: 1px solid #a2b1bf;\n  background-color: #59D3CE;\n \n}\n\n\/* Style the buttons inside the tab *\/\n.tab button {\n  background-color:  inherit;\n  float: left;\n  border: none;\n  outline: none;\n  cursor: pointer;\n  padding: 14px 16px;\n  transition: 0.3s;\n  font-size: 17px;\n color: #000005;\n}\n\n\/* Change background color of buttons on hover *\/\n.tab button:hover {\n  background-color: #79B3E5;\n}\n\n\/* Create an active\/current tablink class *\/\n.tab button.active {\n  background-color:#68AAE2;\n}\n\n\/* Style the tab content *\/\n.tabcontent {\n  display: none;\n  padding: 6px 12px;\n  border: 1px solid #3af2ac;\n  border-top: none;\n color: #000005;\n}\n<\/style>\n\n\n<h2>Proyectos<\/h2>\n<p>Hacer clic debajo de cada curso para ver los proyectos<\/p>\n\n<div class=\"tab\">\n  <button class=\"tablinks\" onclick=\"openCity(event, 'CIECOM')\">CIECOM<\/button>\n  <button class=\"tablinks\" onclick=\"openCity(event, 'TECDIG 1')\">TECDIG 1<\/button>\n  <button class=\"tablinks\" onclick=\"openCity(event, 'TECDIG 2')\">TECDIG 2<\/button>\n  <button class=\"tablinks\" onclick=\"openCity(event, 'Tecnolog\u00eda')\">Tecnolog\u00eda<\/button>\n   <button class=\"tablinks\" onclick=\"openCity(event, 'TECING')\">TECING<\/button>\n<\/div>\n\n<div id=\"CIECOM\" class=\"tabcontent\">\n  <h3>Ciencias de la Computaci\u00f3n (1.\u00ba y 2.\u00ba de ESO)<\/h3>\n  <p>- Juegos con Scratch<br> - Aplicaciones para smartphone con App Inventor<br> - Rob\u00f3tica con BQ<\/p>\n<\/div>\n\n<div id=\"TECDIG 1\" class=\"tabcontent\">\n  <h3>Tecnolog\u00eda y Digitalizaci\u00f3n (2.\u00ba de ESO)<\/h3>\n  <p>- Noria<br> - Juego \"Operaci\u00f3n\"<br> \n<\/div>\n\n<div id=\"TECDIG 2\" class=\"tabcontent\">\n  <h3>Tecnolog\u00eda y Digitalizaci\u00f3n (3.\u00ba de ESO)<\/h3>\n  <p>- Veh\u00edculo articulado<br> - Rob\u00f3tica con Tinkercad<br>\n<\/div>\n<div id=\"Tecnolog\u00eda\" class=\"tabcontent\">\n  <h3>Tecnolog\u00eda (4.\u00ba de ESO)<\/h3>\n  <p>- Instalaci\u00f3n el\u00e9ctrica de una vivienda<br> - Instalaci\u00f3n neum\u00e1tica<\/p>\n<\/div>\n<div id=\"TECING\" class=\"tabcontent\">\n  <h3>Tecnolog\u00eda e Ingenier\u00eda (1.\u00ba y 2.\u00ba de Bachillerato)<\/h3>\n  <p>- Materiales: Impresi\u00f3n 3D <br> - CanSat<br> - Instalaciones<br><iframe loading=\"lazy\" src=\"https:\/\/mediateca.educa.madrid.org\/video\/pgjqksy1panfau89\/fs\" width=\"420\" height=\"315\" frameborder=\"0\" scrolling=\"no\" style=\"border:0;overflow:hidden\" allowfullscreen><\/iframe><\/p>\n<\/div>\n<script>\nfunction openCity(evt, cityName) {\n  var i, tabcontent, tablinks;\n  tabcontent = document.getElementsByClassName(\"tabcontent\");\n  for (i = 0; i < tabcontent.length; i++) {\n    tabcontent[i].style.display = \"none\";\n  }\n  tablinks = document.getElementsByClassName(\"tablinks\");\n  for (i = 0; i < tablinks.length; i++) {\n    tablinks[i].className = tablinks[i].className.replace(\" active\", \"\");\n  }\n  document.getElementById(cityName).style.display = \"block\";\n  evt.currentTarget.className += \" active\";\n}\n<\/script>\n\n\n\n<hr class=\"wp-block-separator has-css-opacity\"\/>\n\n\n\n<p class=\"has-text-align-center has-light-green-cyan-color has-text-color\"><strong>CRITERIOS DE CALIFICACI\u00d3N<\/strong><\/p>\n\n\n\n<p class=\"has-light-green-cyan-color has-text-color\">Ciencias de la Computaci\u00f3n (1.\u00ba y 2.\u00ba de ESO)<\/p>\n\n\n\n<p>La nota de cada evaluaci\u00f3n ser\u00e1 la nota media de las notas de las pr\u00e1cticas, redondeada al valor entero m\u00e1s pr\u00f3ximo. La nota del curso ser\u00e1 la nota media de las notas de las evaluaciones (valor exacto sin redondeo), tambi\u00e9n redondeada al n\u00famero entero m\u00e1s pr\u00f3ximo.<\/p>\n\n\n\n<p class=\"has-light-green-cyan-color has-text-color\">Tecnolog\u00eda y Digitalizaci\u00f3n (2.\u00ba y 3.\u00ba de ESO)<\/p>\n\n\n\n<p>La nota de cada evaluaci\u00f3n ser\u00e1 la nota ponderada de las notas de las pr\u00e1cticas (70 %) y de los ex\u00e1menes (30 %), redondeada al valor entero m\u00e1s pr\u00f3ximo. La nota del curso ser\u00e1 la nota media de las notas de las evaluaciones (valor exacto sin redondeo), tambi\u00e9n redondeada al n\u00famero entero m\u00e1s pr\u00f3ximo.<\/p>\n\n\n\n<p class=\"has-light-green-cyan-color has-text-color\">Digitalizaci\u00f3n (4.\u00ba de ESO)<\/p>\n\n\n\n<p>La nota de cada evaluaci\u00f3n ser\u00e1 la nota media de las notas de las pr\u00e1cticas, redondeada al valor entero m\u00e1s pr\u00f3ximo. La nota del curso ser\u00e1 la nota media de las notas de las evaluaciones (valor exacto sin redondeo), tambi\u00e9n redondeada al n\u00famero entero m\u00e1s pr\u00f3ximo.<\/p>\n\n\n\n<p class=\"has-light-green-cyan-color has-text-color\">Tecnolog\u00eda (4.\u00ba de ESO)<\/p>\n\n\n\n<p>La nota de cada evaluaci\u00f3n ser\u00e1 la nota ponderada de las notas de las pr\u00e1cticas (70 %) y de los ex\u00e1menes (30 %), redondeada al valor entero m\u00e1s pr\u00f3ximo. La nota del curso ser\u00e1 la nota media de las notas de las evaluaciones (valor exacto sin redondeo), tambi\u00e9n redondeada al n\u00famero entero m\u00e1s pr\u00f3ximo.<\/p>\n\n\n\n<p class=\"has-light-green-cyan-color has-text-color\">Tecnolog\u00eda e Ingenier\u00eda (1.\u00ba y 2.\u00ba de Bachillerato)<\/p>\n\n\n\n<p>La nota de cada evaluaci\u00f3n ser\u00e1 la nota media de las notas de los bloques, redondeada al valor entero m\u00e1s pr\u00f3ximo, siempre y cuando la nota de cada bloque sea igual o superior a 3. En el caso contrario, la evaluaci\u00f3n estar\u00e1 suspensa. <br>La nota del curso ser\u00e1 la nota media de las notas de las evaluaciones (valor exacto sin redondeo), tambi\u00e9n redondeada al n\u00famero entero m\u00e1s pr\u00f3ximo.<\/p>\n\n\n\n<p class=\"has-light-green-cyan-color has-text-color\">Ciencias de la Computaci\u00f3n (1.\u00ba y 2.\u00ba de Bachillerato y BPA)<\/p>\n\n\n\n<p>La nota de cada evaluaci\u00f3n ser\u00e1 la nota media de las notas de los bloques, redondeada al valor entero m\u00e1s pr\u00f3ximo, siempre y cuando la nota de cada bloque sea igual o superior a 3. En el caso contrario, la evaluaci\u00f3n estar\u00e1 suspensa. <br>La nota del curso ser\u00e1 la nota media de las notas de las evaluaciones (valor exacto sin redondeo), tambi\u00e9n redondeada al n\u00famero entero m\u00e1s pr\u00f3ximo.<\/p>\n\n\n\n<p><\/p>\n","protected":false},"excerpt":{"rendered":"<p>Departamento de Tecnolog\u00eda Materias &#8211; Ciencias de la Computaci\u00f3n (1.\u00ba y 2.\u00ba de ESO) &#8211; Tecnolog\u00eda y Digitalizaci\u00f3n (2.\u00ba y 3.\u00ba de ESO) &#8211; Digitalizaci\u00f3n (4.\u00ba de ESO) &#8211; Tecnolog\u00eda (4.\u00ba de ESO) &#8211; Tecnolog\u00eda e Ingenier\u00eda (1.\u00ba y 2.\u00ba de Bachillerato) &#8211; Ciencias de la Computaci\u00f3n (1.\u00ba y 2.\u00ba de Bachillerato y BPA) Aulas [&hellip;]<\/p>\n","protected":false},"author":4,"featured_media":0,"parent":412,"menu_order":15,"comment_status":"closed","ping_status":"closed","template":"","meta":{"footnotes":""},"folder":[],"class_list":["post-539","page","type-page","status-publish","hentry"],"rttpg_featured_image_url":null,"rttpg_author":{"display_name":"Mar\u00eda del Juncal Blanco Bueno","author_link":"https:\/\/site.educa.madrid.org\/ies.churriguera.leganes\/index.php\/author\/m-juncal_blanco-bueno\/"},"rttpg_comment":0,"rttpg_category":false,"rttpg_excerpt":"Departamento de Tecnolog\u00eda Materias &#8211; Ciencias de la Computaci\u00f3n (1.\u00ba y 2.\u00ba de ESO) &#8211; Tecnolog\u00eda y Digitalizaci\u00f3n (2.\u00ba y 3.\u00ba de ESO) &#8211; Digitalizaci\u00f3n (4.\u00ba de ESO) &#8211; Tecnolog\u00eda (4.\u00ba de ESO) &#8211; Tecnolog\u00eda e Ingenier\u00eda (1.\u00ba y 2.\u00ba de Bachillerato) &#8211; Ciencias de la Computaci\u00f3n (1.\u00ba y 2.\u00ba de Bachillerato y BPA) Aulas&hellip;","post_mailing_queue_ids":[],"_links":{"self":[{"href":"https:\/\/site.educa.madrid.org\/ies.churriguera.leganes\/index.php\/wp-json\/wp\/v2\/pages\/539","targetHints":{"allow":["GET"]}}],"collection":[{"href":"https:\/\/site.educa.madrid.org\/ies.churriguera.leganes\/index.php\/wp-json\/wp\/v2\/pages"}],"about":[{"href":"https:\/\/site.educa.madrid.org\/ies.churriguera.leganes\/index.php\/wp-json\/wp\/v2\/types\/page"}],"author":[{"embeddable":true,"href":"https:\/\/site.educa.madrid.org\/ies.churriguera.leganes\/index.php\/wp-json\/wp\/v2\/users\/4"}],"replies":[{"embeddable":true,"href":"https:\/\/site.educa.madrid.org\/ies.churriguera.leganes\/index.php\/wp-json\/wp\/v2\/comments?post=539"}],"version-history":[{"count":49,"href":"https:\/\/site.educa.madrid.org\/ies.churriguera.leganes\/index.php\/wp-json\/wp\/v2\/pages\/539\/revisions"}],"predecessor-version":[{"id":6855,"href":"https:\/\/site.educa.madrid.org\/ies.churriguera.leganes\/index.php\/wp-json\/wp\/v2\/pages\/539\/revisions\/6855"}],"up":[{"embeddable":true,"href":"https:\/\/site.educa.madrid.org\/ies.churriguera.leganes\/index.php\/wp-json\/wp\/v2\/pages\/412"}],"wp:attachment":[{"href":"https:\/\/site.educa.madrid.org\/ies.churriguera.leganes\/index.php\/wp-json\/wp\/v2\/media?parent=539"}],"wp:term":[{"taxonomy":"folder","embeddable":true,"href":"https:\/\/site.educa.madrid.org\/ies.churriguera.leganes\/index.php\/wp-json\/wp\/v2\/folder?post=539"}],"curies":[{"name":"wp","href":"https:\/\/api.w.org\/{rel}","templated":true}]}}