{"id":5482,"date":"2024-07-22T18:23:17","date_gmt":"2024-07-22T16:23:17","guid":{"rendered":"https:\/\/site.educa.madrid.org\/ies.churriguera.leganes\/?page_id=5482"},"modified":"2024-07-23T16:53:32","modified_gmt":"2024-07-23T14:53:32","slug":"idiomas","status":"publish","type":"page","link":"https:\/\/site.educa.madrid.org\/ies.churriguera.leganes\/index.php\/departamentos\/idiomas\/","title":{"rendered":"Idiomas"},"content":{"rendered":"\n<h1 class=\"wp-block-heading\">Idiomas<\/h1>\n\n\n\n<p>Los idiomas que se imparten en nuestro centro son el Ingl\u00e9s y el Franc\u00e9s. Los motivos para estudiar idiomas son m\u00faltiples, aqu\u00ed te damos unos cuantos:<\/p>\n\n\n\n<ol class=\"wp-block-list\">\n<li><strong>Estudios<\/strong>: Aprender un idioma te abre puertas en el \u00e1mbito acad\u00e9mico. Si deseas estudiar en el extranjero, tener conocimientos en el idioma local es esencial. Adem\u00e1s, incluso en tu pa\u00eds, el dominio de un idioma extranjero ampl\u00eda tus opciones educativas y te permite acceder a materiales adicionales.<\/li>\n\n\n\n<li><strong>Laboral<\/strong>: En el mundo laboral actual, saber idiomas es casi imprescindible. Muchas ofertas de trabajo requieren competencias en lenguas extranjeras. Adem\u00e1s, el conocimiento de idiomas facilita el avance en tu carrera y te permite enfrentar situaciones internacionales con \u00e9xito.<\/li>\n\n\n\n<li><strong>Viajar<\/strong>: Si alguna vez has viajado, sabes que conocer el idioma local enriquece la experiencia. Te permite interactuar con personas, comprender informaci\u00f3n y disfrutar de un viaje m\u00e1s enriquecedor.<\/li>\n<\/ol>\n\n\n\n<p><\/p>\n\n\n\n<div class=\"wp-block-group is-layout-constrained wp-block-group-is-layout-constrained\">\n<div class=\"wp-block-group is-layout-constrained wp-block-group-is-layout-constrained\">\n<div class=\"wp-block-columns is-layout-flex wp-container-core-columns-is-layout-28f84493 wp-block-columns-is-layout-flex\">\n<div class=\"wp-block-column is-layout-flow wp-block-column-is-layout-flow\" style=\"flex-basis:100%\">\n<figure class=\"wp-block-gallery has-nested-images columns-2 is-cropped wp-block-gallery-1 is-layout-flex wp-block-gallery-is-layout-flex\">\n<figure class=\"wp-block-image size-large is-style-rounded\"><a href=\"https:\/\/site.educa.madrid.org\/ies.churriguera.leganes\/index.php\/departamentos\/frances\/\"><img loading=\"lazy\" decoding=\"async\" width=\"1024\" height=\"1024\" data-id=\"5485\" src=\"https:\/\/site.educa.madrid.org\/ies.churriguera.leganes\/\/wp-content\/uploads\/ies.churriguera.leganes\/2024\/07\/Default_Create_a_visually_striking_image_that_embodies_the_ess_3-1024x1024.jpg\" alt=\"\" class=\"wp-image-5485\" srcset=\"https:\/\/site.educa.madrid.org\/ies.churriguera.leganes\/\/wp-content\/uploads\/ies.churriguera.leganes\/2024\/07\/Default_Create_a_visually_striking_image_that_embodies_the_ess_3-1024x1024.jpg 1024w, https:\/\/site.educa.madrid.org\/ies.churriguera.leganes\/\/wp-content\/uploads\/ies.churriguera.leganes\/2024\/07\/Default_Create_a_visually_striking_image_that_embodies_the_ess_3-300x300.jpg 300w, https:\/\/site.educa.madrid.org\/ies.churriguera.leganes\/\/wp-content\/uploads\/ies.churriguera.leganes\/2024\/07\/Default_Create_a_visually_striking_image_that_embodies_the_ess_3-150x150.jpg 150w, https:\/\/site.educa.madrid.org\/ies.churriguera.leganes\/\/wp-content\/uploads\/ies.churriguera.leganes\/2024\/07\/Default_Create_a_visually_striking_image_that_embodies_the_ess_3-768x768.jpg 768w, https:\/\/site.educa.madrid.org\/ies.churriguera.leganes\/\/wp-content\/uploads\/ies.churriguera.leganes\/2024\/07\/Default_Create_a_visually_striking_image_that_embodies_the_ess_3-500x500.jpg 500w, https:\/\/site.educa.madrid.org\/ies.churriguera.leganes\/\/wp-content\/uploads\/ies.churriguera.leganes\/2024\/07\/Default_Create_a_visually_striking_image_that_embodies_the_ess_3.jpg 1120w\" sizes=\"auto, (max-width: 1024px) 100vw, 1024px\" \/><\/a><figcaption class=\"wp-element-caption\"><a href=\"https:\/\/site.educa.madrid.org\/ies.churriguera.leganes\/index.php\/departamentos\/frances\/\" data-type=\"page\" data-id=\"518\">Departamento de Franc\u00e9s<\/a><\/figcaption><\/figure>\n\n\n\n<figure class=\"wp-block-image size-large is-style-rounded\"><a href=\"https:\/\/site.educa.madrid.org\/ies.churriguera.leganes\/index.php\/departamentos\/ingles\/\"><img loading=\"lazy\" decoding=\"async\" width=\"1024\" height=\"1024\" data-id=\"5486\" src=\"https:\/\/site.educa.madrid.org\/ies.churriguera.leganes\/\/wp-content\/uploads\/ies.churriguera.leganes\/2024\/07\/Default_crea_una_imagen_representativa_en_la_que_aparezcan_ele_1-1024x1024.jpg\" alt=\"\" class=\"wp-image-5486\" srcset=\"https:\/\/site.educa.madrid.org\/ies.churriguera.leganes\/\/wp-content\/uploads\/ies.churriguera.leganes\/2024\/07\/Default_crea_una_imagen_representativa_en_la_que_aparezcan_ele_1-1024x1024.jpg 1024w, https:\/\/site.educa.madrid.org\/ies.churriguera.leganes\/\/wp-content\/uploads\/ies.churriguera.leganes\/2024\/07\/Default_crea_una_imagen_representativa_en_la_que_aparezcan_ele_1-300x300.jpg 300w, https:\/\/site.educa.madrid.org\/ies.churriguera.leganes\/\/wp-content\/uploads\/ies.churriguera.leganes\/2024\/07\/Default_crea_una_imagen_representativa_en_la_que_aparezcan_ele_1-150x150.jpg 150w, https:\/\/site.educa.madrid.org\/ies.churriguera.leganes\/\/wp-content\/uploads\/ies.churriguera.leganes\/2024\/07\/Default_crea_una_imagen_representativa_en_la_que_aparezcan_ele_1-768x768.jpg 768w, https:\/\/site.educa.madrid.org\/ies.churriguera.leganes\/\/wp-content\/uploads\/ies.churriguera.leganes\/2024\/07\/Default_crea_una_imagen_representativa_en_la_que_aparezcan_ele_1-500x500.jpg 500w, https:\/\/site.educa.madrid.org\/ies.churriguera.leganes\/\/wp-content\/uploads\/ies.churriguera.leganes\/2024\/07\/Default_crea_una_imagen_representativa_en_la_que_aparezcan_ele_1.jpg 1120w\" sizes=\"auto, (max-width: 1024px) 100vw, 1024px\" \/><\/a><figcaption class=\"wp-element-caption\"><a href=\"https:\/\/site.educa.madrid.org\/ies.churriguera.leganes\/index.php\/departamentos\/ingles\/\" data-type=\"link\" data-id=\"https:\/\/site.educa.madrid.org\/ies.churriguera.leganes\/index.php\/departamentos\/ingles\/\">Departamento de Ingl\u00e9s<\/a><\/figcaption><\/figure>\n<\/figure>\n<\/div>\n<\/div>\n<\/div>\n<\/div>\n","protected":false},"excerpt":{"rendered":"<p>Idiomas Los idiomas que se imparten en nuestro centro son el Ingl\u00e9s y el Franc\u00e9s. Los motivos para estudiar idiomas son m\u00faltiples, aqu\u00ed te damos unos cuantos:<\/p>\n","protected":false},"author":14,"featured_media":0,"parent":412,"menu_order":0,"comment_status":"closed","ping_status":"closed","template":"","meta":{"footnotes":""},"folder":[],"class_list":["post-5482","page","type-page","status-publish","hentry"],"rttpg_featured_image_url":null,"rttpg_author":{"display_name":"PATRICIA D\u00cdAZ GARC\u00cdA","author_link":"https:\/\/site.educa.madrid.org\/ies.churriguera.leganes\/index.php\/author\/patricia_diaz-garcia\/"},"rttpg_comment":0,"rttpg_category":false,"rttpg_excerpt":"Idiomas Los idiomas que se imparten en nuestro centro son el Ingl\u00e9s y el Franc\u00e9s. Los motivos para estudiar idiomas son m\u00faltiples, aqu\u00ed te damos unos cuantos:","post_mailing_queue_ids":[],"_links":{"self":[{"href":"https:\/\/site.educa.madrid.org\/ies.churriguera.leganes\/index.php\/wp-json\/wp\/v2\/pages\/5482","targetHints":{"allow":["GET"]}}],"collection":[{"href":"https:\/\/site.educa.madrid.org\/ies.churriguera.leganes\/index.php\/wp-json\/wp\/v2\/pages"}],"about":[{"href":"https:\/\/site.educa.madrid.org\/ies.churriguera.leganes\/index.php\/wp-json\/wp\/v2\/types\/page"}],"author":[{"embeddable":true,"href":"https:\/\/site.educa.madrid.org\/ies.churriguera.leganes\/index.php\/wp-json\/wp\/v2\/users\/14"}],"replies":[{"embeddable":true,"href":"https:\/\/site.educa.madrid.org\/ies.churriguera.leganes\/index.php\/wp-json\/wp\/v2\/comments?post=5482"}],"version-history":[{"count":10,"href":"https:\/\/site.educa.madrid.org\/ies.churriguera.leganes\/index.php\/wp-json\/wp\/v2\/pages\/5482\/revisions"}],"predecessor-version":[{"id":5537,"href":"https:\/\/site.educa.madrid.org\/ies.churriguera.leganes\/index.php\/wp-json\/wp\/v2\/pages\/5482\/revisions\/5537"}],"up":[{"embeddable":true,"href":"https:\/\/site.educa.madrid.org\/ies.churriguera.leganes\/index.php\/wp-json\/wp\/v2\/pages\/412"}],"wp:attachment":[{"href":"https:\/\/site.educa.madrid.org\/ies.churriguera.leganes\/index.php\/wp-json\/wp\/v2\/media?parent=5482"}],"wp:term":[{"taxonomy":"folder","embeddable":true,"href":"https:\/\/site.educa.madrid.org\/ies.churriguera.leganes\/index.php\/wp-json\/wp\/v2\/folder?post=5482"}],"curies":[{"name":"wp","href":"https:\/\/api.w.org\/{rel}","templated":true}]}}