{"id":549,"date":"2021-02-15T12:13:04","date_gmt":"2021-02-15T12:13:04","guid":{"rendered":"https:\/\/site.educa.madrid.org\/ies.churriguera.leganes\/?page_id=549"},"modified":"2025-04-30T11:57:29","modified_gmt":"2025-04-30T09:57:29","slug":"pruebaslibres","status":"publish","type":"page","link":"https:\/\/site.educa.madrid.org\/ies.churriguera.leganes\/index.php\/pruebaslibres\/","title":{"rendered":"Pruebas libres para la obtenci\u00f3n de t\u00edtulo de Bachillerato"},"content":{"rendered":"\n<p>De acuerdo con la&nbsp;<em>Resoluci\u00f3n de 11 de febrero de 2025, de la Direcci\u00f3n General de Educaci\u00f3n Secundaria, Formaci\u00f3n Profesional y R\u00e9gimen Especial,&nbsp;<\/em>se convocan para el a\u00f1o 2025 las pruebas para la obtenci\u00f3n del t\u00edtulo de Bachiller destinadas a personas mayores de veinte a\u00f1os en la Comunidad de Madrid.<\/p>\n\n\n\n<h2 class=\"wp-block-heading\">Requisitos de participaci\u00f3n<\/h2>\n\n\n\n<ul class=\"wp-block-list\">\n<li>Podr\u00e1n participar en estas pruebas las personas mayores de veinte a\u00f1os, o que los cumplan en el a\u00f1o natural en el que se celebran las mismas<\/li>\n\n\n\n<li>No est\u00e9n en posesi\u00f3n del t\u00edtulo de Bachiller, ni est\u00e9n matriculadas en las ense\u00f1anzas de Bachillerato en cualquiera de sus modalidades o reg\u00edmenes en el a\u00f1o acad\u00e9mico en que se celebren las pruebas y re\u00fanan los requisitos acad\u00e9micos de acceso al Bachillerato<\/li>\n<\/ul>\n\n\n\n<p>El incumplimiento de estos requisitos conllevar\u00e1 la anulaci\u00f3n de la inscripci\u00f3n y, en su caso, de los resultados obtenidos en las mismas.<\/p>\n\n\n\n<h2 class=\"wp-block-heading\">Solicitud de inscripci\u00f3n<\/h2>\n\n\n\n<p>Las personas interesadas que deseen inscribirse en las pruebas, deber\u00e1n aportar la siguiente documentaci\u00f3n:<\/p>\n\n\n\n<ol class=\"wp-block-list\">\n<li>Solicitud de inscripci\u00f3n debidamente cumplimentada en la que deber\u00e1 marcar las materias de las que desea examinarse, y, en su caso, la modalidad y v\u00eda, seg\u00fan corresponda, as\u00ed como aquellas materias superadas con anterioridad y en las que se solicita reconocimiento, exenci\u00f3n o convalidaci\u00f3n. De conformidad con lo dispuesto en el art\u00edculo 23.6 del Decreto 64\/2022, de 20 de julio, la inscripci\u00f3n por parte de los aspirantes en alguna materia del segundo curso que implique continuidad exigir\u00e1 la correcta acreditaci\u00f3n de la superaci\u00f3n de la materia vinculada del primer curso. En caso contrario, los aspirantes deber\u00e1n examinarse obligatoriamente de la materia correspondiente al primer curso.<\/li>\n\n\n\n<li>Documento nacional de identidad o documento identificativo equivalente que acredite el cumplimiento del requisito de edad, en el caso de que el interesado se oponga de forma expresa a su consulta.<\/li>\n\n\n\n<li>T\u00edtulo que acredite que el interesado re\u00fane los requisitos de formaci\u00f3n necesarios para el acceso al Bachillerato o equivalente acad\u00e9mico.<\/li>\n\n\n\n<li>Si el aspirante solicita la exenci\u00f3n, convalidaci\u00f3n o reconocimiento de una materia anteriormente superada, deber\u00e1 acompa\u00f1ar su solicitud de la documentaci\u00f3n acreditativa que justifique esta circunstancia, en su caso, con alguno de los siguientes documentos: \n<ul class=\"wp-block-list\">\n<li>Certificaci\u00f3n acad\u00e9mica oficial de los estudios de Bachillerato cursados con anterioridad.<\/li>\n\n\n\n<li>Copia del historial acad\u00e9mico de Bachillerato. <\/li>\n\n\n\n<li>Certificaci\u00f3n oficial de las calificaciones obtenidas en las materias superadas, convalidadas o exentas en convocatorias anteriores de las pruebas libres para la obtenci\u00f3n del t\u00edtulo de Bachillerato para mayores de veinte a\u00f1os. <\/li>\n\n\n\n<li>Documentaci\u00f3n que acredite alguna de las condiciones para la convalidaci\u00f3n de materias de Bachillerato, conforme al cap\u00edtulo V de la Orden 2067\/2023, de 11 de junio. <\/li>\n\n\n\n<li>Documentaci\u00f3n que acredite alguna de las condiciones para estar exento de la materia de Educaci\u00f3n F\u00edsica, conforme al art\u00edculo 42 de la Orden 2067\/2023, de 11 de junio.<\/li>\n<\/ul>\n<\/li>\n\n\n\n<li>Aquellos aspirantes que soliciten la adaptaci\u00f3n de las pruebas, por presentar alg\u00fan tipo de discapacidad o necesidad educativa espec\u00edfica, deber\u00e1n aportar la documentaci\u00f3n pertinente que justifique su petici\u00f3n, en el caso de que el interesado se oponga de forma expresa a su consulta o cuando dicha consulta no sea posible.<\/li>\n\n\n\n<li>En caso de que el interesado act\u00fae mediante representante, deber\u00e1 presentar un documento de otorgamiento de la representaci\u00f3n.<\/li>\n<\/ol>\n\n\n\n<h2 class=\"wp-block-heading\">Plazo de presentaci\u00f3n de solicitudes<\/h2>\n\n\n\n<p>El plazo de inscripci\u00f3n ser\u00e1 del&nbsp;<strong>28 de marzo al 10 de abril<\/strong>, ambos inclusive. La presentaci\u00f3n de solicitudes podr\u00e1 efectuarse<\/p>\n\n\n\n<ul class=\"wp-block-list\">\n<li>De forma telem\u00e1tica a trav\u00e9s del Registro Electr\u00f3nico General de la Comunidad de Madrid a trav\u00e9s &nbsp;del acceso habilitado para ello en el portal de internet de la Comunidad de Madrid ( www.comunidad.madrid ), en la direcci\u00f3n electr\u00f3nica: sede.comunidad.madrid. Para ello, es necesario disponer de uno de los Certificados Electr\u00f3nicos reconocidos o cualificados de firma electr\u00f3nica, que sean operativos en la Comunidad de Madrid y expedidos por prestadores incluidos en la \u201cLista de confianza de prestadores de servicios de certificaci\u00f3n\u201d o cualquier otro sistema de firma electr\u00f3nica que la Comunidad de Madrid considere v\u00e1lido en los t\u00e9rminos y condiciones que se establezcan espec\u00edficamente para cada tipo de firma.<\/li>\n\n\n\n<li>De forma presencial, en la secretar\u00eda de alguno de los centros en que tendr\u00e1 lugar la prueba.<\/li>\n<\/ul>\n\n\n\n<h2 class=\"wp-block-heading\">Plazo de subsanaci\u00f3n y listado de admitidos y excluidos<\/h2>\n\n\n\n<p>Se ha abierto el plazo de subsanaci\u00f3n para la admisi\u00f3n de Pruebas Libres para la obtenci\u00f3n del T\u00edtulo de Bachiller.<\/p>\n\n\n\n<p>En el siguiente enlace pod\u00e9is encontrar los <a href=\"https:\/\/site.educa.madrid.org\/ies.churriguera.leganes\/\/wp-content\/uploads\/ies.churriguera.leganes\/2025\/04\/PRUEBAS-LIBRES-TITULO-BACHILLER-1.pdf\" target=\"_blank\" rel=\"noreferrer noopener\">listados anonimizados<\/a> de admitidos y excluidos con el correspondiente motivo de exclusi\u00f3n.<\/p>\n\n\n\n<p>El plazo para presentar subsanar es de 10 d\u00edas h\u00e1biles. Antes del 23 de mayo se informar\u00e1 desde el centro de la resoluci\u00f3n de sus reclamaciones. (art. 7 Resoluci\u00f3n 11 febrero de 2025 &#8211; BOCM 24 febrero)<\/p>\n\n\n\n<h2 class=\"wp-block-heading\">Realizaci\u00f3n de las pruebas<\/h2>\n\n\n\n<p>Las pruebas tendr\u00e1n lugar&nbsp;<strong>entre el 2 y el 13 de junio de 2025<\/strong>, ambos inclusive, de conformidad con lo que se establezca al respecto por cada centro. Para m\u00e1s informaci\u00f3n pueden consultar la&nbsp;<a href=\"https:\/\/www.bocm.es\/boletin\/CM_Orden_BOCM\/2025\/02\/24\/BOCM-20250224-23.PDF\" target=\"_blank\" rel=\"noreferrer noopener\">resoluci\u00f3n publicada<\/a><\/p>\n\n\n\n<p><\/p>\n\n\n\n<div style=\"height:100px\" aria-hidden=\"true\" class=\"wp-block-spacer\"><\/div>\n\n\n\n<div style=\"height:100px\" aria-hidden=\"true\" class=\"wp-block-spacer\"><\/div>\n","protected":false},"excerpt":{"rendered":"<p>De acuerdo con la&nbsp;Resoluci\u00f3n de 11 de febrero de 2025, de la Direcci\u00f3n General de Educaci\u00f3n Secundaria, Formaci\u00f3n Profesional y R\u00e9gimen Especial,&nbsp;se convocan para el a\u00f1o 2025 las pruebas para la obtenci\u00f3n del t\u00edtulo de Bachiller destinadas a personas mayores de veinte a\u00f1os en la Comunidad de Madrid. Requisitos de participaci\u00f3n El incumplimiento de estos [&hellip;]<\/p>\n","protected":false},"author":5,"featured_media":0,"parent":0,"menu_order":0,"comment_status":"closed","ping_status":"closed","template":"","meta":{"footnotes":""},"folder":[74],"class_list":["post-549","page","type-page","status-publish","hentry"],"rttpg_featured_image_url":null,"rttpg_author":{"display_name":"JOSE LUIS LOPEZ LUNA","author_link":"https:\/\/site.educa.madrid.org\/ies.churriguera.leganes\/index.php\/author\/jose-luis_lpez-luna\/"},"rttpg_comment":0,"rttpg_category":" <a href=\"https:\/\/site.educa.madrid.org\/ies.churriguera.leganes\/?taxonomy=folder&#038;term=privadas\" rel=\"tag\">Privadas<\/a>","rttpg_excerpt":"De acuerdo con la&nbsp;Resoluci\u00f3n de 11 de febrero de 2025, de la Direcci\u00f3n General de Educaci\u00f3n Secundaria, Formaci\u00f3n Profesional y R\u00e9gimen Especial,&nbsp;se convocan para el a\u00f1o 2025 las pruebas para la obtenci\u00f3n del t\u00edtulo de Bachiller destinadas a personas mayores de veinte a\u00f1os en la Comunidad de Madrid. Requisitos de participaci\u00f3n El incumplimiento de estos&hellip;","post_mailing_queue_ids":[],"_links":{"self":[{"href":"https:\/\/site.educa.madrid.org\/ies.churriguera.leganes\/index.php\/wp-json\/wp\/v2\/pages\/549","targetHints":{"allow":["GET"]}}],"collection":[{"href":"https:\/\/site.educa.madrid.org\/ies.churriguera.leganes\/index.php\/wp-json\/wp\/v2\/pages"}],"about":[{"href":"https:\/\/site.educa.madrid.org\/ies.churriguera.leganes\/index.php\/wp-json\/wp\/v2\/types\/page"}],"author":[{"embeddable":true,"href":"https:\/\/site.educa.madrid.org\/ies.churriguera.leganes\/index.php\/wp-json\/wp\/v2\/users\/5"}],"replies":[{"embeddable":true,"href":"https:\/\/site.educa.madrid.org\/ies.churriguera.leganes\/index.php\/wp-json\/wp\/v2\/comments?post=549"}],"version-history":[{"count":18,"href":"https:\/\/site.educa.madrid.org\/ies.churriguera.leganes\/index.php\/wp-json\/wp\/v2\/pages\/549\/revisions"}],"predecessor-version":[{"id":8331,"href":"https:\/\/site.educa.madrid.org\/ies.churriguera.leganes\/index.php\/wp-json\/wp\/v2\/pages\/549\/revisions\/8331"}],"wp:attachment":[{"href":"https:\/\/site.educa.madrid.org\/ies.churriguera.leganes\/index.php\/wp-json\/wp\/v2\/media?parent=549"}],"wp:term":[{"taxonomy":"folder","embeddable":true,"href":"https:\/\/site.educa.madrid.org\/ies.churriguera.leganes\/index.php\/wp-json\/wp\/v2\/folder?post=549"}],"curies":[{"name":"wp","href":"https:\/\/api.w.org\/{rel}","templated":true}]}}