{"id":5503,"date":"2024-07-22T19:58:15","date_gmt":"2024-07-22T17:58:15","guid":{"rendered":"https:\/\/site.educa.madrid.org\/ies.churriguera.leganes\/?page_id=5503"},"modified":"2024-07-23T15:49:10","modified_gmt":"2024-07-23T13:49:10","slug":"departamentos-2-2","status":"publish","type":"page","link":"https:\/\/site.educa.madrid.org\/ies.churriguera.leganes\/index.php\/departamentos-2-2\/","title":{"rendered":"Humanidades"},"content":{"rendered":"\n<h1 class=\"wp-block-heading\">Departamentos de Humanidades<\/h1>\n\n\n\n<p>Las asignaturas relacionadas con Humanidades y Ciencias Sociales desempe\u00f1an un papel crucial en la educaci\u00f3n actual. <\/p>\n\n\n\n<ol class=\"wp-block-list\">\n<li><strong>Formaci\u00f3n integral<\/strong>: el estudio de asignaturas de humanidades proporciona una base s\u00f3lida en \u00e1reas como historia, geograf\u00eda, literatura y filosof\u00eda.&nbsp;Permiten a los estudiantes desarrollar habilidades anal\u00edticas y de reflexi\u00f3n cr\u00edtica, as\u00ed como adquirir conocimientos sobre el mundo y la cultura<\/li>\n\n\n\n<li><strong>Preparaci\u00f3n universitaria<\/strong>: Esta modalidad est\u00e1 dise\u00f1ada para preparar el acceso a una variedad de Grados Universitarios, como Econom\u00eda, Periodismo, Humanidades, Historia y Filolog\u00edas.&nbsp;<\/li>\n\n\n\n<li>Estas asignaturas son esenciales para comprender la complejidad de la experiencia humana, la diversidad cultural, los procesos hist\u00f3ricos y las din\u00e1micas sociales<\/li>\n<\/ol>\n\n\n\n<div class=\"wp-block-columns is-layout-flex wp-container-core-columns-is-layout-28f84493 wp-block-columns-is-layout-flex\">\n<div class=\"wp-block-column is-layout-flow wp-block-column-is-layout-flow\">\n<figure class=\"wp-block-image size-full is-style-rounded\"><img loading=\"lazy\" decoding=\"async\" width=\"1120\" height=\"1120\" src=\"https:\/\/site.educa.madrid.org\/ies.churriguera.leganes\/\/wp-content\/uploads\/ies.churriguera.leganes\/2024\/07\/Default_Create_a_highly_schematic_composition_featuring_Rodins_3.jpg\" alt=\"\" class=\"wp-image-5515\" srcset=\"https:\/\/site.educa.madrid.org\/ies.churriguera.leganes\/\/wp-content\/uploads\/ies.churriguera.leganes\/2024\/07\/Default_Create_a_highly_schematic_composition_featuring_Rodins_3.jpg 1120w, https:\/\/site.educa.madrid.org\/ies.churriguera.leganes\/\/wp-content\/uploads\/ies.churriguera.leganes\/2024\/07\/Default_Create_a_highly_schematic_composition_featuring_Rodins_3-300x300.jpg 300w, https:\/\/site.educa.madrid.org\/ies.churriguera.leganes\/\/wp-content\/uploads\/ies.churriguera.leganes\/2024\/07\/Default_Create_a_highly_schematic_composition_featuring_Rodins_3-1024x1024.jpg 1024w, https:\/\/site.educa.madrid.org\/ies.churriguera.leganes\/\/wp-content\/uploads\/ies.churriguera.leganes\/2024\/07\/Default_Create_a_highly_schematic_composition_featuring_Rodins_3-150x150.jpg 150w, https:\/\/site.educa.madrid.org\/ies.churriguera.leganes\/\/wp-content\/uploads\/ies.churriguera.leganes\/2024\/07\/Default_Create_a_highly_schematic_composition_featuring_Rodins_3-768x768.jpg 768w, https:\/\/site.educa.madrid.org\/ies.churriguera.leganes\/\/wp-content\/uploads\/ies.churriguera.leganes\/2024\/07\/Default_Create_a_highly_schematic_composition_featuring_Rodins_3-500x500.jpg 500w\" sizes=\"auto, (max-width: 1120px) 100vw, 1120px\" \/><figcaption class=\"wp-element-caption\"><a href=\"https:\/\/site.educa.madrid.org\/ies.churriguera.leganes\/index.php\/departamentos\/filosofia\/\" data-type=\"page\" data-id=\"516\">Departamento de Filosof\u00eda<\/a><\/figcaption><\/figure>\n<\/div>\n\n\n\n<div class=\"wp-block-column is-layout-flow wp-block-column-is-layout-flow\">\n<figure class=\"wp-block-image size-full is-style-rounded\"><a href=\"https:\/\/site.educa.madrid.org\/ies.churriguera.leganes\/index.php\/departamentos\/geografia-e-historia-2\/\"><img loading=\"lazy\" decoding=\"async\" width=\"1120\" height=\"1120\" src=\"https:\/\/site.educa.madrid.org\/ies.churriguera.leganes\/\/wp-content\/uploads\/ies.churriguera.leganes\/2024\/07\/Default_Create_a_highly_stylized_and_simplified_composition_fe_0.jpg\" alt=\"\" class=\"wp-image-5517\" srcset=\"https:\/\/site.educa.madrid.org\/ies.churriguera.leganes\/\/wp-content\/uploads\/ies.churriguera.leganes\/2024\/07\/Default_Create_a_highly_stylized_and_simplified_composition_fe_0.jpg 1120w, https:\/\/site.educa.madrid.org\/ies.churriguera.leganes\/\/wp-content\/uploads\/ies.churriguera.leganes\/2024\/07\/Default_Create_a_highly_stylized_and_simplified_composition_fe_0-300x300.jpg 300w, https:\/\/site.educa.madrid.org\/ies.churriguera.leganes\/\/wp-content\/uploads\/ies.churriguera.leganes\/2024\/07\/Default_Create_a_highly_stylized_and_simplified_composition_fe_0-1024x1024.jpg 1024w, https:\/\/site.educa.madrid.org\/ies.churriguera.leganes\/\/wp-content\/uploads\/ies.churriguera.leganes\/2024\/07\/Default_Create_a_highly_stylized_and_simplified_composition_fe_0-150x150.jpg 150w, https:\/\/site.educa.madrid.org\/ies.churriguera.leganes\/\/wp-content\/uploads\/ies.churriguera.leganes\/2024\/07\/Default_Create_a_highly_stylized_and_simplified_composition_fe_0-768x768.jpg 768w, https:\/\/site.educa.madrid.org\/ies.churriguera.leganes\/\/wp-content\/uploads\/ies.churriguera.leganes\/2024\/07\/Default_Create_a_highly_stylized_and_simplified_composition_fe_0-500x500.jpg 500w\" sizes=\"auto, (max-width: 1120px) 100vw, 1120px\" \/><\/a><figcaption class=\"wp-element-caption\"><a href=\"https:\/\/site.educa.madrid.org\/ies.churriguera.leganes\/index.php\/departamentos\/geografia-e-historia-2\/\">Departamento de Geograf\u00eda e Historia<\/a><\/figcaption><\/figure>\n<\/div>\n\n\n\n<div class=\"wp-block-column is-layout-flow wp-block-column-is-layout-flow\">\n<figure class=\"wp-block-image size-full is-style-rounded\"><a href=\"https:\/\/site.educa.madrid.org\/ies.churriguera.leganes\/index.php\/departamentos\/latin\/\"><img loading=\"lazy\" decoding=\"async\" width=\"1120\" height=\"1120\" src=\"https:\/\/site.educa.madrid.org\/ies.churriguera.leganes\/\/wp-content\/uploads\/ies.churriguera.leganes\/2024\/07\/Default_Create_a_highly_stylized_composition_that_represents_a_1.jpg\" alt=\"\" class=\"wp-image-5519\" srcset=\"https:\/\/site.educa.madrid.org\/ies.churriguera.leganes\/\/wp-content\/uploads\/ies.churriguera.leganes\/2024\/07\/Default_Create_a_highly_stylized_composition_that_represents_a_1.jpg 1120w, https:\/\/site.educa.madrid.org\/ies.churriguera.leganes\/\/wp-content\/uploads\/ies.churriguera.leganes\/2024\/07\/Default_Create_a_highly_stylized_composition_that_represents_a_1-300x300.jpg 300w, https:\/\/site.educa.madrid.org\/ies.churriguera.leganes\/\/wp-content\/uploads\/ies.churriguera.leganes\/2024\/07\/Default_Create_a_highly_stylized_composition_that_represents_a_1-1024x1024.jpg 1024w, https:\/\/site.educa.madrid.org\/ies.churriguera.leganes\/\/wp-content\/uploads\/ies.churriguera.leganes\/2024\/07\/Default_Create_a_highly_stylized_composition_that_represents_a_1-150x150.jpg 150w, https:\/\/site.educa.madrid.org\/ies.churriguera.leganes\/\/wp-content\/uploads\/ies.churriguera.leganes\/2024\/07\/Default_Create_a_highly_stylized_composition_that_represents_a_1-768x768.jpg 768w, https:\/\/site.educa.madrid.org\/ies.churriguera.leganes\/\/wp-content\/uploads\/ies.churriguera.leganes\/2024\/07\/Default_Create_a_highly_stylized_composition_that_represents_a_1-500x500.jpg 500w\" sizes=\"auto, (max-width: 1120px) 100vw, 1120px\" \/><\/a><figcaption class=\"wp-element-caption\"><a href=\"https:\/\/site.educa.madrid.org\/ies.churriguera.leganes\/index.php\/departamentos\/latin\/\">Departamento de Lat\u00edn y Griego<\/a><\/figcaption><\/figure>\n<\/div>\n\n\n\n<div class=\"wp-block-column is-layout-flow wp-block-column-is-layout-flow\">\n<figure class=\"wp-block-image size-full is-style-rounded\"><a href=\"https:\/\/site.educa.madrid.org\/ies.churriguera.leganes\/index.php\/departamentos\/lengua-castellana-y-literatura\/\"><img loading=\"lazy\" decoding=\"async\" width=\"1120\" height=\"1120\" src=\"https:\/\/site.educa.madrid.org\/ies.churriguera.leganes\/\/wp-content\/uploads\/ies.churriguera.leganes\/2024\/07\/Default_Create_a_highly_stylized_and_minimalist_composition_fe_3.jpg\" alt=\"\" class=\"wp-image-5518\" srcset=\"https:\/\/site.educa.madrid.org\/ies.churriguera.leganes\/\/wp-content\/uploads\/ies.churriguera.leganes\/2024\/07\/Default_Create_a_highly_stylized_and_minimalist_composition_fe_3.jpg 1120w, https:\/\/site.educa.madrid.org\/ies.churriguera.leganes\/\/wp-content\/uploads\/ies.churriguera.leganes\/2024\/07\/Default_Create_a_highly_stylized_and_minimalist_composition_fe_3-300x300.jpg 300w, https:\/\/site.educa.madrid.org\/ies.churriguera.leganes\/\/wp-content\/uploads\/ies.churriguera.leganes\/2024\/07\/Default_Create_a_highly_stylized_and_minimalist_composition_fe_3-1024x1024.jpg 1024w, https:\/\/site.educa.madrid.org\/ies.churriguera.leganes\/\/wp-content\/uploads\/ies.churriguera.leganes\/2024\/07\/Default_Create_a_highly_stylized_and_minimalist_composition_fe_3-150x150.jpg 150w, https:\/\/site.educa.madrid.org\/ies.churriguera.leganes\/\/wp-content\/uploads\/ies.churriguera.leganes\/2024\/07\/Default_Create_a_highly_stylized_and_minimalist_composition_fe_3-768x768.jpg 768w, https:\/\/site.educa.madrid.org\/ies.churriguera.leganes\/\/wp-content\/uploads\/ies.churriguera.leganes\/2024\/07\/Default_Create_a_highly_stylized_and_minimalist_composition_fe_3-500x500.jpg 500w\" sizes=\"auto, (max-width: 1120px) 100vw, 1120px\" \/><\/a><figcaption class=\"wp-element-caption\"><a href=\"https:\/\/site.educa.madrid.org\/ies.churriguera.leganes\/index.php\/departamentos\/lengua-castellana-y-literatura\/\">Departamento de Lengua Castellana y Literatura<\/a><\/figcaption><\/figure>\n<\/div>\n\n\n\n<div class=\"wp-block-column is-layout-flow wp-block-column-is-layout-flow\">\n<figure class=\"wp-block-image size-large is-style-rounded\"><img loading=\"lazy\" decoding=\"async\" width=\"1024\" height=\"1024\" src=\"https:\/\/site.educa.madrid.org\/ies.churriguera.leganes\/\/wp-content\/uploads\/ies.churriguera.leganes\/2024\/07\/Religion2-1024x1024.jpg\" alt=\"\" class=\"wp-image-5523\" srcset=\"https:\/\/site.educa.madrid.org\/ies.churriguera.leganes\/\/wp-content\/uploads\/ies.churriguera.leganes\/2024\/07\/Religion2-1024x1024.jpg 1024w, https:\/\/site.educa.madrid.org\/ies.churriguera.leganes\/\/wp-content\/uploads\/ies.churriguera.leganes\/2024\/07\/Religion2-300x300.jpg 300w, https:\/\/site.educa.madrid.org\/ies.churriguera.leganes\/\/wp-content\/uploads\/ies.churriguera.leganes\/2024\/07\/Religion2-150x150.jpg 150w, https:\/\/site.educa.madrid.org\/ies.churriguera.leganes\/\/wp-content\/uploads\/ies.churriguera.leganes\/2024\/07\/Religion2-768x768.jpg 768w, https:\/\/site.educa.madrid.org\/ies.churriguera.leganes\/\/wp-content\/uploads\/ies.churriguera.leganes\/2024\/07\/Religion2-500x500.jpg 500w, https:\/\/site.educa.madrid.org\/ies.churriguera.leganes\/\/wp-content\/uploads\/ies.churriguera.leganes\/2024\/07\/Religion2.jpg 1120w\" sizes=\"auto, (max-width: 1024px) 100vw, 1024px\" \/><figcaption class=\"wp-element-caption\"><a href=\"https:\/\/site.educa.madrid.org\/ies.churriguera.leganes\/index.php\/departamentos\/religion\/\" data-type=\"page\" data-id=\"541\">Departamento de Religi\u00f3n<\/a><\/figcaption><\/figure>\n<\/div>\n<\/div>\n","protected":false},"excerpt":{"rendered":"<p>Departamentos de Humanidades Las asignaturas relacionadas con Humanidades y Ciencias Sociales desempe\u00f1an un papel crucial en la educaci\u00f3n actual.<\/p>\n","protected":false},"author":14,"featured_media":0,"parent":0,"menu_order":0,"comment_status":"closed","ping_status":"closed","template":"","meta":{"footnotes":""},"folder":[],"class_list":["post-5503","page","type-page","status-publish","hentry"],"rttpg_featured_image_url":null,"rttpg_author":{"display_name":"PATRICIA D\u00cdAZ GARC\u00cdA","author_link":"https:\/\/site.educa.madrid.org\/ies.churriguera.leganes\/index.php\/author\/patricia_diaz-garcia\/"},"rttpg_comment":0,"rttpg_category":false,"rttpg_excerpt":"Departamentos de Humanidades Las asignaturas relacionadas con Humanidades y Ciencias Sociales desempe\u00f1an un papel crucial en la educaci\u00f3n actual.","post_mailing_queue_ids":[],"_links":{"self":[{"href":"https:\/\/site.educa.madrid.org\/ies.churriguera.leganes\/index.php\/wp-json\/wp\/v2\/pages\/5503","targetHints":{"allow":["GET"]}}],"collection":[{"href":"https:\/\/site.educa.madrid.org\/ies.churriguera.leganes\/index.php\/wp-json\/wp\/v2\/pages"}],"about":[{"href":"https:\/\/site.educa.madrid.org\/ies.churriguera.leganes\/index.php\/wp-json\/wp\/v2\/types\/page"}],"author":[{"embeddable":true,"href":"https:\/\/site.educa.madrid.org\/ies.churriguera.leganes\/index.php\/wp-json\/wp\/v2\/users\/14"}],"replies":[{"embeddable":true,"href":"https:\/\/site.educa.madrid.org\/ies.churriguera.leganes\/index.php\/wp-json\/wp\/v2\/comments?post=5503"}],"version-history":[{"count":2,"href":"https:\/\/site.educa.madrid.org\/ies.churriguera.leganes\/index.php\/wp-json\/wp\/v2\/pages\/5503\/revisions"}],"predecessor-version":[{"id":5524,"href":"https:\/\/site.educa.madrid.org\/ies.churriguera.leganes\/index.php\/wp-json\/wp\/v2\/pages\/5503\/revisions\/5524"}],"wp:attachment":[{"href":"https:\/\/site.educa.madrid.org\/ies.churriguera.leganes\/index.php\/wp-json\/wp\/v2\/media?parent=5503"}],"wp:term":[{"taxonomy":"folder","embeddable":true,"href":"https:\/\/site.educa.madrid.org\/ies.churriguera.leganes\/index.php\/wp-json\/wp\/v2\/folder?post=5503"}],"curies":[{"name":"wp","href":"https:\/\/api.w.org\/{rel}","templated":true}]}}