{"id":5538,"date":"2024-07-23T16:13:23","date_gmt":"2024-07-23T14:13:23","guid":{"rendered":"https:\/\/site.educa.madrid.org\/ies.churriguera.leganes\/?page_id=5538"},"modified":"2024-07-23T16:17:07","modified_gmt":"2024-07-23T14:17:07","slug":"departamentos-2-3","status":"publish","type":"page","link":"https:\/\/site.educa.madrid.org\/ies.churriguera.leganes\/index.php\/departamentos-2-3\/","title":{"rendered":"Arte"},"content":{"rendered":"\n<h1 class=\"wp-block-heading\">Departamentos de Arte<\/h1>\n\n\n\n<p>Las disciplinas art\u00edsticas, como el&nbsp;<strong>dibujo<\/strong>&nbsp;y la&nbsp;<strong>m\u00fasica<\/strong>, desempe\u00f1an un papel fundamental en la educaci\u00f3n. Aqu\u00ed tienes algunas razones por las que son importantes:<\/p>\n\n\n\n<ol class=\"wp-block-list\">\n<li><strong>Desarrollo creativo<\/strong>: El dibujo y la m\u00fasica fomentan la creatividad. A trav\u00e9s del dibujo, exploramos formas, colores y expresiones visuales. La m\u00fasica, por su parte, permite la creaci\u00f3n y apreciaci\u00f3n de sonidos y melod\u00edas \u00fanicas.<\/li>\n\n\n\n<li><strong>Expresi\u00f3n personal<\/strong>: Estas disciplinas ofrecen una v\u00eda para expresar emociones, pensamientos y experiencias. El dibujo permite plasmar ideas en im\u00e1genes, mientras que la m\u00fasica comunica sentimientos a trav\u00e9s de notas y ritmos.<\/li>\n\n\n\n<li><strong>Habilidades cognitivas<\/strong>: Estudiar arte mejora la memoria, la concentraci\u00f3n y la resoluci\u00f3n de problemas. El dibujo desarrolla habilidades visuales y espaciales, mientras que la m\u00fasica estimula el cerebro de manera integral.<\/li>\n\n\n\n<li><strong>Conexi\u00f3n cultural<\/strong>: El arte refleja la evoluci\u00f3n social y cultural. A trav\u00e9s del dibujo y la m\u00fasica, conectamos con nuestra identidad cultural y la memoria hist\u00f3rica.<\/li>\n<\/ol>\n\n\n\n<p>\u00bfNecesitas m\u00e1s motivos? Te presentamos los departamentos art\u00edsticos de nuestro I.E.S.<\/p>\n\n\n\n<div class=\"wp-block-columns is-layout-flex wp-container-core-columns-is-layout-28f84493 wp-block-columns-is-layout-flex\">\n<div class=\"wp-block-column is-layout-flow wp-block-column-is-layout-flow\">\n<figure class=\"wp-block-image size-full is-style-rounded\"><a href=\"https:\/\/site.educa.madrid.org\/ies.churriguera.leganes\/index.php\/departamentos\/dibujo-e-imagen\/\"><img loading=\"lazy\" decoding=\"async\" width=\"1120\" height=\"1120\" src=\"https:\/\/site.educa.madrid.org\/ies.churriguera.leganes\/\/wp-content\/uploads\/ies.churriguera.leganes\/2024\/07\/Default_Illustrate_a_highly_stylized_and_schematic_composition_1.jpg\" alt=\"\" class=\"wp-image-5541\" srcset=\"https:\/\/site.educa.madrid.org\/ies.churriguera.leganes\/\/wp-content\/uploads\/ies.churriguera.leganes\/2024\/07\/Default_Illustrate_a_highly_stylized_and_schematic_composition_1.jpg 1120w, https:\/\/site.educa.madrid.org\/ies.churriguera.leganes\/\/wp-content\/uploads\/ies.churriguera.leganes\/2024\/07\/Default_Illustrate_a_highly_stylized_and_schematic_composition_1-300x300.jpg 300w, https:\/\/site.educa.madrid.org\/ies.churriguera.leganes\/\/wp-content\/uploads\/ies.churriguera.leganes\/2024\/07\/Default_Illustrate_a_highly_stylized_and_schematic_composition_1-1024x1024.jpg 1024w, https:\/\/site.educa.madrid.org\/ies.churriguera.leganes\/\/wp-content\/uploads\/ies.churriguera.leganes\/2024\/07\/Default_Illustrate_a_highly_stylized_and_schematic_composition_1-150x150.jpg 150w, https:\/\/site.educa.madrid.org\/ies.churriguera.leganes\/\/wp-content\/uploads\/ies.churriguera.leganes\/2024\/07\/Default_Illustrate_a_highly_stylized_and_schematic_composition_1-768x768.jpg 768w, https:\/\/site.educa.madrid.org\/ies.churriguera.leganes\/\/wp-content\/uploads\/ies.churriguera.leganes\/2024\/07\/Default_Illustrate_a_highly_stylized_and_schematic_composition_1-500x500.jpg 500w\" sizes=\"auto, (max-width: 1120px) 100vw, 1120px\" \/><\/a><figcaption class=\"wp-element-caption\"><a href=\"https:\/\/site.educa.madrid.org\/ies.churriguera.leganes\/index.php\/departamentos\/dibujo-e-imagen\/\" data-type=\"page\" data-id=\"512\">Departamento de Dibujo e Imagen<\/a><\/figcaption><\/figure>\n<\/div>\n\n\n\n<div class=\"wp-block-column is-layout-flow wp-block-column-is-layout-flow\">\n<figure class=\"wp-block-image size-full is-style-rounded\"><a href=\"https:\/\/site.educa.madrid.org\/ies.churriguera.leganes\/index.php\/departamentos\/musica\/\"><img loading=\"lazy\" decoding=\"async\" width=\"1120\" height=\"1120\" src=\"https:\/\/site.educa.madrid.org\/ies.churriguera.leganes\/\/wp-content\/uploads\/ies.churriguera.leganes\/2024\/07\/Default_Create_a_highly_stylized_and_schematic_composition_tha_2-1.jpg\" alt=\"\" class=\"wp-image-5540\" srcset=\"https:\/\/site.educa.madrid.org\/ies.churriguera.leganes\/\/wp-content\/uploads\/ies.churriguera.leganes\/2024\/07\/Default_Create_a_highly_stylized_and_schematic_composition_tha_2-1.jpg 1120w, https:\/\/site.educa.madrid.org\/ies.churriguera.leganes\/\/wp-content\/uploads\/ies.churriguera.leganes\/2024\/07\/Default_Create_a_highly_stylized_and_schematic_composition_tha_2-1-300x300.jpg 300w, https:\/\/site.educa.madrid.org\/ies.churriguera.leganes\/\/wp-content\/uploads\/ies.churriguera.leganes\/2024\/07\/Default_Create_a_highly_stylized_and_schematic_composition_tha_2-1-1024x1024.jpg 1024w, https:\/\/site.educa.madrid.org\/ies.churriguera.leganes\/\/wp-content\/uploads\/ies.churriguera.leganes\/2024\/07\/Default_Create_a_highly_stylized_and_schematic_composition_tha_2-1-150x150.jpg 150w, https:\/\/site.educa.madrid.org\/ies.churriguera.leganes\/\/wp-content\/uploads\/ies.churriguera.leganes\/2024\/07\/Default_Create_a_highly_stylized_and_schematic_composition_tha_2-1-768x768.jpg 768w, https:\/\/site.educa.madrid.org\/ies.churriguera.leganes\/\/wp-content\/uploads\/ies.churriguera.leganes\/2024\/07\/Default_Create_a_highly_stylized_and_schematic_composition_tha_2-1-500x500.jpg 500w\" sizes=\"auto, (max-width: 1120px) 100vw, 1120px\" \/><\/a><figcaption class=\"wp-element-caption\"><a href=\"https:\/\/site.educa.madrid.org\/ies.churriguera.leganes\/index.php\/departamentos\/musica\/\" data-type=\"page\" data-id=\"470\">Departamento de M\u00fasica<\/a><\/figcaption><\/figure>\n<\/div>\n<\/div>\n","protected":false},"excerpt":{"rendered":"<p>Departamentos de Arte Las disciplinas art\u00edsticas, como el&nbsp;dibujo&nbsp;y la&nbsp;m\u00fasica, desempe\u00f1an un papel fundamental en la educaci\u00f3n. Aqu\u00ed tienes algunas razones por las que son importantes: \u00bfNecesitas m\u00e1s motivos? Te presentamos los departamentos art\u00edsticos de nuestro I.E.S.<\/p>\n","protected":false},"author":14,"featured_media":0,"parent":0,"menu_order":0,"comment_status":"closed","ping_status":"closed","template":"","meta":{"footnotes":""},"folder":[],"class_list":["post-5538","page","type-page","status-publish","hentry"],"rttpg_featured_image_url":null,"rttpg_author":{"display_name":"PATRICIA D\u00cdAZ GARC\u00cdA","author_link":"https:\/\/site.educa.madrid.org\/ies.churriguera.leganes\/index.php\/author\/patricia_diaz-garcia\/"},"rttpg_comment":0,"rttpg_category":false,"rttpg_excerpt":"Departamentos de Arte Las disciplinas art\u00edsticas, como el&nbsp;dibujo&nbsp;y la&nbsp;m\u00fasica, desempe\u00f1an un papel fundamental en la educaci\u00f3n. Aqu\u00ed tienes algunas razones por las que son importantes: \u00bfNecesitas m\u00e1s motivos? Te presentamos los departamentos art\u00edsticos de nuestro I.E.S.","post_mailing_queue_ids":[],"_links":{"self":[{"href":"https:\/\/site.educa.madrid.org\/ies.churriguera.leganes\/index.php\/wp-json\/wp\/v2\/pages\/5538","targetHints":{"allow":["GET"]}}],"collection":[{"href":"https:\/\/site.educa.madrid.org\/ies.churriguera.leganes\/index.php\/wp-json\/wp\/v2\/pages"}],"about":[{"href":"https:\/\/site.educa.madrid.org\/ies.churriguera.leganes\/index.php\/wp-json\/wp\/v2\/types\/page"}],"author":[{"embeddable":true,"href":"https:\/\/site.educa.madrid.org\/ies.churriguera.leganes\/index.php\/wp-json\/wp\/v2\/users\/14"}],"replies":[{"embeddable":true,"href":"https:\/\/site.educa.madrid.org\/ies.churriguera.leganes\/index.php\/wp-json\/wp\/v2\/comments?post=5538"}],"version-history":[{"count":2,"href":"https:\/\/site.educa.madrid.org\/ies.churriguera.leganes\/index.php\/wp-json\/wp\/v2\/pages\/5538\/revisions"}],"predecessor-version":[{"id":5544,"href":"https:\/\/site.educa.madrid.org\/ies.churriguera.leganes\/index.php\/wp-json\/wp\/v2\/pages\/5538\/revisions\/5544"}],"wp:attachment":[{"href":"https:\/\/site.educa.madrid.org\/ies.churriguera.leganes\/index.php\/wp-json\/wp\/v2\/media?parent=5538"}],"wp:term":[{"taxonomy":"folder","embeddable":true,"href":"https:\/\/site.educa.madrid.org\/ies.churriguera.leganes\/index.php\/wp-json\/wp\/v2\/folder?post=5538"}],"curies":[{"name":"wp","href":"https:\/\/api.w.org\/{rel}","templated":true}]}}