{"id":5545,"date":"2024-07-23T16:42:30","date_gmt":"2024-07-23T14:42:30","guid":{"rendered":"https:\/\/site.educa.madrid.org\/ies.churriguera.leganes\/?page_id=5545"},"modified":"2024-07-23T16:51:08","modified_gmt":"2024-07-23T14:51:08","slug":"departamentos-2-3-2","status":"publish","type":"page","link":"https:\/\/site.educa.madrid.org\/ies.churriguera.leganes\/index.php\/departamentos-2-3-2\/","title":{"rendered":"Ciencias Sociales"},"content":{"rendered":"\n<h1 class=\"wp-block-heading\">Departamentos de Ciencias Sociales<\/h1>\n\n\n\n<p><strong>La importancia de las Ciencias Sociales<\/strong>&nbsp;radica en su capacidad para comprender y analizar el comportamiento humano, las din\u00e1micas sociales y el desarrollo de las sociedades.. Aqu\u00ed te presento algunas razones clave:<\/p>\n\n\n\n<ol class=\"wp-block-list\">\n<li><strong>Comprender la Sociedad<\/strong>: Las Ciencias Sociales nos permiten entender c\u00f3mo funciona la sociedad y c\u00f3mo las personas se relacionan entre s\u00ed. Desde la sociolog\u00eda hasta la antropolog\u00eda, estas disciplinas exploran las interacciones humanas y los fen\u00f3menos culturales.<\/li>\n\n\n\n<li><strong>Desarrollar Habilidades de Pensamiento Cr\u00edtico<\/strong>: Los estudios en Ciencias Sociales fomentan el pensamiento cr\u00edtico y anal\u00edtico. Los estudiantes aprenden a evaluar informaci\u00f3n, cuestionar supuestos y considerar m\u00faltiples perspectivas.<\/li>\n\n\n\n<li><strong>Promover la Justicia Social<\/strong>: Las Ciencias Sociales abordan temas como la igualdad de clases, razas y g\u00e9neros. Al comprender las desigualdades, podemos trabajar hacia una sociedad m\u00e1s justa.<\/li>\n\n\n\n<li><strong>Mejorar la Toma de Decisiones Pol\u00edticas<\/strong>: Los expertos en Ciencias Sociales aportan datos vitales para gobiernos y organizaciones. Sus investigaciones informan pol\u00edticas p\u00fablicas, econom\u00eda y desarrollo sostenible.<\/li>\n\n\n\n<li><strong>Contribuir al Desarrollo Econ\u00f3mico<\/strong>: La econom\u00eda y otras \u00e1reas de las Ciencias Sociales analizan el crecimiento econ\u00f3mico, la inversi\u00f3n y la distribuci\u00f3n de recursos. Esto es crucial para el progreso global.<\/li>\n<\/ol>\n\n\n\n<p> Te presentamos los departamentos relacionados con las Ciencias Sociales de nuestro centro<\/p>\n\n\n\n<div class=\"wp-block-columns is-layout-flex wp-container-core-columns-is-layout-28f84493 wp-block-columns-is-layout-flex\">\n<div class=\"wp-block-column is-layout-flow wp-block-column-is-layout-flow\">\n<figure class=\"wp-block-image size-full is-resized is-style-rounded\"><img loading=\"lazy\" decoding=\"async\" width=\"1120\" height=\"1120\" src=\"https:\/\/site.educa.madrid.org\/ies.churriguera.leganes\/\/wp-content\/uploads\/ies.churriguera.leganes\/2024\/07\/Default_Illustrate_a_highly_stylized_and_simplified_compositio_2.jpg\" alt=\"\" class=\"wp-image-5546\" style=\"width:265px\" srcset=\"https:\/\/site.educa.madrid.org\/ies.churriguera.leganes\/\/wp-content\/uploads\/ies.churriguera.leganes\/2024\/07\/Default_Illustrate_a_highly_stylized_and_simplified_compositio_2.jpg 1120w, https:\/\/site.educa.madrid.org\/ies.churriguera.leganes\/\/wp-content\/uploads\/ies.churriguera.leganes\/2024\/07\/Default_Illustrate_a_highly_stylized_and_simplified_compositio_2-300x300.jpg 300w, https:\/\/site.educa.madrid.org\/ies.churriguera.leganes\/\/wp-content\/uploads\/ies.churriguera.leganes\/2024\/07\/Default_Illustrate_a_highly_stylized_and_simplified_compositio_2-1024x1024.jpg 1024w, https:\/\/site.educa.madrid.org\/ies.churriguera.leganes\/\/wp-content\/uploads\/ies.churriguera.leganes\/2024\/07\/Default_Illustrate_a_highly_stylized_and_simplified_compositio_2-150x150.jpg 150w, https:\/\/site.educa.madrid.org\/ies.churriguera.leganes\/\/wp-content\/uploads\/ies.churriguera.leganes\/2024\/07\/Default_Illustrate_a_highly_stylized_and_simplified_compositio_2-768x768.jpg 768w, https:\/\/site.educa.madrid.org\/ies.churriguera.leganes\/\/wp-content\/uploads\/ies.churriguera.leganes\/2024\/07\/Default_Illustrate_a_highly_stylized_and_simplified_compositio_2-500x500.jpg 500w\" sizes=\"auto, (max-width: 1120px) 100vw, 1120px\" \/><figcaption class=\"wp-element-caption\"><a href=\"https:\/\/site.educa.madrid.org\/ies.churriguera.leganes\/index.php\/departamentos\/dibujo-e-imagen\/\" data-type=\"page\" data-id=\"512\">Departamento de Econom\u00eda<\/a><\/figcaption><\/figure>\n<\/div>\n\n\n\n<div class=\"wp-block-column is-layout-flow wp-block-column-is-layout-flow\">\n<figure class=\"wp-block-image size-full is-resized is-style-rounded\"><a href=\"https:\/\/site.educa.madrid.org\/ies.churriguera.leganes\/index.php\/departamentos-2-3-2\/departamento-de-formacion-y-orientacion-laboral\/\"><img loading=\"lazy\" decoding=\"async\" width=\"1120\" height=\"1120\" src=\"https:\/\/site.educa.madrid.org\/ies.churriguera.leganes\/\/wp-content\/uploads\/ies.churriguera.leganes\/2024\/07\/Default_Create_a_stylized_minimalist_composition_depicting_a_j_0.jpg\" alt=\"\" class=\"wp-image-5547\" style=\"width:265px;height:auto\" srcset=\"https:\/\/site.educa.madrid.org\/ies.churriguera.leganes\/\/wp-content\/uploads\/ies.churriguera.leganes\/2024\/07\/Default_Create_a_stylized_minimalist_composition_depicting_a_j_0.jpg 1120w, https:\/\/site.educa.madrid.org\/ies.churriguera.leganes\/\/wp-content\/uploads\/ies.churriguera.leganes\/2024\/07\/Default_Create_a_stylized_minimalist_composition_depicting_a_j_0-300x300.jpg 300w, https:\/\/site.educa.madrid.org\/ies.churriguera.leganes\/\/wp-content\/uploads\/ies.churriguera.leganes\/2024\/07\/Default_Create_a_stylized_minimalist_composition_depicting_a_j_0-1024x1024.jpg 1024w, https:\/\/site.educa.madrid.org\/ies.churriguera.leganes\/\/wp-content\/uploads\/ies.churriguera.leganes\/2024\/07\/Default_Create_a_stylized_minimalist_composition_depicting_a_j_0-150x150.jpg 150w, https:\/\/site.educa.madrid.org\/ies.churriguera.leganes\/\/wp-content\/uploads\/ies.churriguera.leganes\/2024\/07\/Default_Create_a_stylized_minimalist_composition_depicting_a_j_0-768x768.jpg 768w, https:\/\/site.educa.madrid.org\/ies.churriguera.leganes\/\/wp-content\/uploads\/ies.churriguera.leganes\/2024\/07\/Default_Create_a_stylized_minimalist_composition_depicting_a_j_0-500x500.jpg 500w\" sizes=\"auto, (max-width: 1120px) 100vw, 1120px\" \/><\/a><figcaption class=\"wp-element-caption\"><a href=\"https:\/\/site.educa.madrid.org\/ies.churriguera.leganes\/index.php\/departamentos-2-3-2\/departamento-de-formacion-y-orientacion-laboral\/\" data-type=\"page\" data-id=\"470\">Departamento de Formaci\u00f3n y Orientaci\u00f3n Laboral<\/a><\/figcaption><\/figure>\n<\/div>\n\n\n\n<div class=\"wp-block-column is-layout-flow wp-block-column-is-layout-flow\">\n<figure class=\"wp-block-image size-large is-resized is-style-rounded\"><a href=\"https:\/\/site.educa.madrid.org\/ies.churriguera.leganes\/index.php\/departamentos\/servicios-socioculturales-y-a-la-comunidad\/\"><img loading=\"lazy\" decoding=\"async\" width=\"1024\" height=\"1024\" src=\"https:\/\/site.educa.madrid.org\/ies.churriguera.leganes\/\/wp-content\/uploads\/ies.churriguera.leganes\/2024\/07\/Default_Create_a_highly_stylized_composition_featuring_two_wom_0-1024x1024.jpg\" alt=\"\" class=\"wp-image-5548\" style=\"width:265px\" srcset=\"https:\/\/site.educa.madrid.org\/ies.churriguera.leganes\/\/wp-content\/uploads\/ies.churriguera.leganes\/2024\/07\/Default_Create_a_highly_stylized_composition_featuring_two_wom_0-1024x1024.jpg 1024w, https:\/\/site.educa.madrid.org\/ies.churriguera.leganes\/\/wp-content\/uploads\/ies.churriguera.leganes\/2024\/07\/Default_Create_a_highly_stylized_composition_featuring_two_wom_0-300x300.jpg 300w, https:\/\/site.educa.madrid.org\/ies.churriguera.leganes\/\/wp-content\/uploads\/ies.churriguera.leganes\/2024\/07\/Default_Create_a_highly_stylized_composition_featuring_two_wom_0-150x150.jpg 150w, https:\/\/site.educa.madrid.org\/ies.churriguera.leganes\/\/wp-content\/uploads\/ies.churriguera.leganes\/2024\/07\/Default_Create_a_highly_stylized_composition_featuring_two_wom_0-768x768.jpg 768w, https:\/\/site.educa.madrid.org\/ies.churriguera.leganes\/\/wp-content\/uploads\/ies.churriguera.leganes\/2024\/07\/Default_Create_a_highly_stylized_composition_featuring_two_wom_0-500x500.jpg 500w, https:\/\/site.educa.madrid.org\/ies.churriguera.leganes\/\/wp-content\/uploads\/ies.churriguera.leganes\/2024\/07\/Default_Create_a_highly_stylized_composition_featuring_two_wom_0.jpg 1120w\" sizes=\"auto, (max-width: 1024px) 100vw, 1024px\" \/><\/a><figcaption class=\"wp-element-caption\"><a href=\"https:\/\/site.educa.madrid.org\/ies.churriguera.leganes\/index.php\/departamentos\/servicios-socioculturales-y-a-la-comunidad\/\" data-type=\"page\" data-id=\"1249\">Departamento de Servicios Socioculturales y a la Comunidad<\/a><\/figcaption><\/figure>\n<\/div>\n<\/div>\n","protected":false},"excerpt":{"rendered":"<p>Departamentos de Ciencias Sociales La importancia de las Ciencias Sociales&nbsp;radica en su capacidad para comprender y analizar el comportamiento humano, las din\u00e1micas sociales y el desarrollo de las sociedades.. Aqu\u00ed te presento algunas razones clave: Te presentamos los departamentos relacionados con las Ciencias Sociales de nuestro centro<\/p>\n","protected":false},"author":14,"featured_media":0,"parent":0,"menu_order":0,"comment_status":"closed","ping_status":"closed","template":"","meta":{"footnotes":""},"folder":[],"class_list":["post-5545","page","type-page","status-publish","hentry"],"rttpg_featured_image_url":null,"rttpg_author":{"display_name":"PATRICIA D\u00cdAZ GARC\u00cdA","author_link":"https:\/\/site.educa.madrid.org\/ies.churriguera.leganes\/index.php\/author\/patricia_diaz-garcia\/"},"rttpg_comment":0,"rttpg_category":false,"rttpg_excerpt":"Departamentos de Ciencias Sociales La importancia de las Ciencias Sociales&nbsp;radica en su capacidad para comprender y analizar el comportamiento humano, las din\u00e1micas sociales y el desarrollo de las sociedades.. Aqu\u00ed te presento algunas razones clave: Te presentamos los departamentos relacionados con las Ciencias Sociales de nuestro centro","post_mailing_queue_ids":[],"_links":{"self":[{"href":"https:\/\/site.educa.madrid.org\/ies.churriguera.leganes\/index.php\/wp-json\/wp\/v2\/pages\/5545","targetHints":{"allow":["GET"]}}],"collection":[{"href":"https:\/\/site.educa.madrid.org\/ies.churriguera.leganes\/index.php\/wp-json\/wp\/v2\/pages"}],"about":[{"href":"https:\/\/site.educa.madrid.org\/ies.churriguera.leganes\/index.php\/wp-json\/wp\/v2\/types\/page"}],"author":[{"embeddable":true,"href":"https:\/\/site.educa.madrid.org\/ies.churriguera.leganes\/index.php\/wp-json\/wp\/v2\/users\/14"}],"replies":[{"embeddable":true,"href":"https:\/\/site.educa.madrid.org\/ies.churriguera.leganes\/index.php\/wp-json\/wp\/v2\/comments?post=5545"}],"version-history":[{"count":5,"href":"https:\/\/site.educa.madrid.org\/ies.churriguera.leganes\/index.php\/wp-json\/wp\/v2\/pages\/5545\/revisions"}],"predecessor-version":[{"id":5563,"href":"https:\/\/site.educa.madrid.org\/ies.churriguera.leganes\/index.php\/wp-json\/wp\/v2\/pages\/5545\/revisions\/5563"}],"wp:attachment":[{"href":"https:\/\/site.educa.madrid.org\/ies.churriguera.leganes\/index.php\/wp-json\/wp\/v2\/media?parent=5545"}],"wp:term":[{"taxonomy":"folder","embeddable":true,"href":"https:\/\/site.educa.madrid.org\/ies.churriguera.leganes\/index.php\/wp-json\/wp\/v2\/folder?post=5545"}],"curies":[{"name":"wp","href":"https:\/\/api.w.org\/{rel}","templated":true}]}}