{"id":5642,"date":"2024-07-24T16:04:09","date_gmt":"2024-07-24T14:04:09","guid":{"rendered":"https:\/\/site.educa.madrid.org\/ies.churriguera.leganes\/?page_id=5642"},"modified":"2024-07-24T16:22:12","modified_gmt":"2024-07-24T14:22:12","slug":"historico","status":"publish","type":"page","link":"https:\/\/site.educa.madrid.org\/ies.churriguera.leganes\/index.php\/proyectos\/historico\/","title":{"rendered":"Hist\u00f3rico"},"content":{"rendered":"\n<h1 class=\"wp-block-heading has-medium-font-size\">Hist\u00f3rico de Proyectos<\/h1>\n\n\n\n<div class=\"wp-block-columns are-vertically-aligned-center is-layout-flex wp-container-core-columns-is-layout-28f84493 wp-block-columns-is-layout-flex\">\n<div class=\"wp-block-column is-vertically-aligned-center is-layout-flow wp-block-column-is-layout-flow\" style=\"flex-basis:33.33%\">\n<figure class=\"wp-block-image aligncenter size-large is-resized\"><img decoding=\"async\" src=\"https:\/\/site.educa.madrid.org\/ies.churriguera.leganes\/\/wp-content\/uploads\/ies.churriguera.leganes\/2024\/01\/19785451_b510_cjq1_210826-517x1024.jpg\" alt=\"\" style=\"width:228px;height:auto\"\/><\/figure>\n<\/div>\n\n\n\n<div class=\"wp-block-column is-vertically-aligned-center is-layout-flow wp-block-column-is-layout-flow\" style=\"flex-basis:75%\">\n<p><\/p>\n\n\n\n<p class=\"has-medium-font-size\">En el I.E.S. Jos\u00e9 de Churriguera tenemos una tradici\u00f3n consolidada de proyectos interdisciplinares, donde se han involucrado todos los departamentos y nuestro alumnado ha sido protagonista, mostrando lo aprendido delante de la comunidad educativa.<\/p>\n\n\n\n<p class=\"has-medium-font-size\">En este rinc\u00f3n queremos recoger los proyectos que desarrollamos en el pasado; no est\u00e1n todos los que son, pero s\u00ed son todos los que est\u00e1n.<\/p>\n<\/div>\n<\/div>\n\n\n\n<p class=\"has-medium-font-size\"><\/p>\n\n\n\n<figure class=\"wp-block-gallery has-nested-images columns-4 is-cropped wp-block-gallery-1 is-layout-flex wp-block-gallery-is-layout-flex\">\n<figure class=\"wp-block-image size-large\"><a href=\"https:\/\/site.educa.madrid.org\/ies.churriguera.leganes\/index.php\/musiqueando-2023\/\" target=\"_blank\" rel=\"noreferrer noopener\"><img loading=\"lazy\" decoding=\"async\" width=\"406\" height=\"402\" data-id=\"5644\" src=\"https:\/\/site.educa.madrid.org\/ies.churriguera.leganes\/\/wp-content\/uploads\/ies.churriguera.leganes\/2024\/07\/Musiqueando.png\" alt=\"\" class=\"wp-image-5644\" srcset=\"https:\/\/site.educa.madrid.org\/ies.churriguera.leganes\/\/wp-content\/uploads\/ies.churriguera.leganes\/2024\/07\/Musiqueando.png 406w, https:\/\/site.educa.madrid.org\/ies.churriguera.leganes\/\/wp-content\/uploads\/ies.churriguera.leganes\/2024\/07\/Musiqueando-300x297.png 300w, https:\/\/site.educa.madrid.org\/ies.churriguera.leganes\/\/wp-content\/uploads\/ies.churriguera.leganes\/2024\/07\/Musiqueando-150x150.png 150w\" sizes=\"auto, (max-width: 406px) 100vw, 406px\" \/><\/a><figcaption class=\"wp-element-caption\">Musiqueando 2023<\/figcaption><\/figure>\n\n\n\n<figure class=\"wp-block-image size-large\"><a href=\"https:\/\/site.educa.madrid.org\/ies.churriguera.leganes\/index.php\/comite-medioambiental\/\" target=\"_blank\" rel=\"noreferrer noopener\"><img loading=\"lazy\" decoding=\"async\" width=\"383\" height=\"365\" data-id=\"5645\" src=\"https:\/\/site.educa.madrid.org\/ies.churriguera.leganes\/\/wp-content\/uploads\/ies.churriguera.leganes\/2024\/07\/ComiteMedioambiental.png\" alt=\"\" class=\"wp-image-5645\" srcset=\"https:\/\/site.educa.madrid.org\/ies.churriguera.leganes\/\/wp-content\/uploads\/ies.churriguera.leganes\/2024\/07\/ComiteMedioambiental.png 383w, https:\/\/site.educa.madrid.org\/ies.churriguera.leganes\/\/wp-content\/uploads\/ies.churriguera.leganes\/2024\/07\/ComiteMedioambiental-300x286.png 300w\" sizes=\"auto, (max-width: 383px) 100vw, 383px\" \/><\/a><figcaption class=\"wp-element-caption\">Comit\u00e9 Medioambiental<\/figcaption><\/figure>\n\n\n\n<figure class=\"wp-block-image size-large\"><a href=\"https:\/\/site.educa.madrid.org\/ies.churriguera.leganes\/index.php\/proyecto-lecxit\/\" target=\"_blank\" rel=\"noreferrer noopener\"><img loading=\"lazy\" decoding=\"async\" width=\"197\" height=\"199\" data-id=\"5646\" src=\"https:\/\/site.educa.madrid.org\/ies.churriguera.leganes\/\/wp-content\/uploads\/ies.churriguera.leganes\/2024\/07\/Lecxit.png\" alt=\"\" class=\"wp-image-5646\"\/><\/a><figcaption class=\"wp-element-caption\">Plan de Lectura<\/figcaption><\/figure>\n\n\n\n<figure class=\"wp-block-image size-large\"><a href=\"https:\/\/site.educa.madrid.org\/ies.churriguera.leganes\/index.php\/concurso-literario-2\/\" target=\"_blank\" rel=\"noreferrer noopener\"><img loading=\"lazy\" decoding=\"async\" width=\"1024\" height=\"1024\" data-id=\"5649\" src=\"https:\/\/site.educa.madrid.org\/ies.churriguera.leganes\/\/wp-content\/uploads\/ies.churriguera.leganes\/2024\/07\/Default_genera_una_imagen_que_represente_a_un_concurso_de_lite_0.jpg\" alt=\"\" class=\"wp-image-5649\" srcset=\"https:\/\/site.educa.madrid.org\/ies.churriguera.leganes\/\/wp-content\/uploads\/ies.churriguera.leganes\/2024\/07\/Default_genera_una_imagen_que_represente_a_un_concurso_de_lite_0.jpg 1024w, https:\/\/site.educa.madrid.org\/ies.churriguera.leganes\/\/wp-content\/uploads\/ies.churriguera.leganes\/2024\/07\/Default_genera_una_imagen_que_represente_a_un_concurso_de_lite_0-300x300.jpg 300w, https:\/\/site.educa.madrid.org\/ies.churriguera.leganes\/\/wp-content\/uploads\/ies.churriguera.leganes\/2024\/07\/Default_genera_una_imagen_que_represente_a_un_concurso_de_lite_0-150x150.jpg 150w, https:\/\/site.educa.madrid.org\/ies.churriguera.leganes\/\/wp-content\/uploads\/ies.churriguera.leganes\/2024\/07\/Default_genera_una_imagen_que_represente_a_un_concurso_de_lite_0-768x768.jpg 768w, https:\/\/site.educa.madrid.org\/ies.churriguera.leganes\/\/wp-content\/uploads\/ies.churriguera.leganes\/2024\/07\/Default_genera_una_imagen_que_represente_a_un_concurso_de_lite_0-500x500.jpg 500w\" sizes=\"auto, (max-width: 1024px) 100vw, 1024px\" \/><\/a><figcaption class=\"wp-element-caption\">Concurso de Escritura<\/figcaption><\/figure>\n<\/figure>\n","protected":false},"excerpt":{"rendered":"<p>Hist\u00f3rico de Proyectos En el I.E.S. Jos\u00e9 de Churriguera tenemos una tradici\u00f3n consolidada de proyectos interdisciplinares, donde se han involucrado todos los departamentos y nuestro alumnado ha sido protagonista, mostrando lo aprendido delante de la comunidad educativa. En este rinc\u00f3n queremos recoger los proyectos que desarrollamos en el pasado; no est\u00e1n todos los que son, [&hellip;]<\/p>\n","protected":false},"author":14,"featured_media":0,"parent":1506,"menu_order":0,"comment_status":"closed","ping_status":"closed","template":"","meta":{"footnotes":""},"folder":[],"class_list":["post-5642","page","type-page","status-publish","hentry"],"rttpg_featured_image_url":null,"rttpg_author":{"display_name":"PATRICIA D\u00cdAZ GARC\u00cdA","author_link":"https:\/\/site.educa.madrid.org\/ies.churriguera.leganes\/index.php\/author\/patricia_diaz-garcia\/"},"rttpg_comment":0,"rttpg_category":false,"rttpg_excerpt":"Hist\u00f3rico de Proyectos En el I.E.S. Jos\u00e9 de Churriguera tenemos una tradici\u00f3n consolidada de proyectos interdisciplinares, donde se han involucrado todos los departamentos y nuestro alumnado ha sido protagonista, mostrando lo aprendido delante de la comunidad educativa. En este rinc\u00f3n queremos recoger los proyectos que desarrollamos en el pasado; no est\u00e1n todos los que son,&hellip;","post_mailing_queue_ids":[],"_links":{"self":[{"href":"https:\/\/site.educa.madrid.org\/ies.churriguera.leganes\/index.php\/wp-json\/wp\/v2\/pages\/5642","targetHints":{"allow":["GET"]}}],"collection":[{"href":"https:\/\/site.educa.madrid.org\/ies.churriguera.leganes\/index.php\/wp-json\/wp\/v2\/pages"}],"about":[{"href":"https:\/\/site.educa.madrid.org\/ies.churriguera.leganes\/index.php\/wp-json\/wp\/v2\/types\/page"}],"author":[{"embeddable":true,"href":"https:\/\/site.educa.madrid.org\/ies.churriguera.leganes\/index.php\/wp-json\/wp\/v2\/users\/14"}],"replies":[{"embeddable":true,"href":"https:\/\/site.educa.madrid.org\/ies.churriguera.leganes\/index.php\/wp-json\/wp\/v2\/comments?post=5642"}],"version-history":[{"count":6,"href":"https:\/\/site.educa.madrid.org\/ies.churriguera.leganes\/index.php\/wp-json\/wp\/v2\/pages\/5642\/revisions"}],"predecessor-version":[{"id":5661,"href":"https:\/\/site.educa.madrid.org\/ies.churriguera.leganes\/index.php\/wp-json\/wp\/v2\/pages\/5642\/revisions\/5661"}],"up":[{"embeddable":true,"href":"https:\/\/site.educa.madrid.org\/ies.churriguera.leganes\/index.php\/wp-json\/wp\/v2\/pages\/1506"}],"wp:attachment":[{"href":"https:\/\/site.educa.madrid.org\/ies.churriguera.leganes\/index.php\/wp-json\/wp\/v2\/media?parent=5642"}],"wp:term":[{"taxonomy":"folder","embeddable":true,"href":"https:\/\/site.educa.madrid.org\/ies.churriguera.leganes\/index.php\/wp-json\/wp\/v2\/folder?post=5642"}],"curies":[{"name":"wp","href":"https:\/\/api.w.org\/{rel}","templated":true}]}}