{"id":5738,"date":"2024-07-24T17:36:12","date_gmt":"2024-07-24T15:36:12","guid":{"rendered":"https:\/\/site.educa.madrid.org\/ies.churriguera.leganes\/?page_id=5738"},"modified":"2025-02-25T11:17:14","modified_gmt":"2025-02-25T10:17:14","slug":"movimientos","status":"publish","type":"page","link":"https:\/\/site.educa.madrid.org\/ies.churriguera.leganes\/index.php\/movimientos\/","title":{"rendered":"Movimientos"},"content":{"rendered":"\n<p>Durante el segundo y tercer trimestre del curso 2017\/18 se llev\u00f3 a cabo este proyecto que ten\u00eda los siguientes objetivos:<\/p>\n\n\n\n<ul class=\"wp-block-list\">\n<li>Hacer a los alumnos part\u00edcipes y sujetos de iniciativas para preparar en el centro actividades coordinadas que tengan que ver con la participaci\u00f3n y el trabajo conjunto con el fin de alcanzar un fin com\u00fan.<\/li>\n\n\n\n<li>Autonom\u00eda e iniciativa personal. Dado que todo proceso de creaci\u00f3n supone convertir una idea en un producto, situando al alumnado ante un proceso que le obliga a tomar decisiones de manera aut\u00f3noma. Todo ello, junto a un esp\u00edritu creativo, experimentaci\u00f3n, investigaci\u00f3n, y autocr\u00edtica que fomentan la iniciativa y autonom\u00eda personal.<\/li>\n\n\n\n<li>Competencia en el conocimiento y la interacci\u00f3n con el mundo f\u00edsico, mediante la utilizaci\u00f3n de procedimientos, relacionados con el m\u00e9todo cient\u00edfico, como la observaci\u00f3n, la experimentaci\u00f3n, el descubrimiento, la reflexi\u00f3n y el an\u00e1lisis posterior.<\/li>\n\n\n\n<li>Implicar a toda la comunidad educativa en la importancia de los movimientos culturales, art\u00edsticos, cient\u00edficos, etc.<\/li>\n<\/ul>\n\n\n\n<p>Os dejamos la <a href=\"https:\/\/site.educa.madrid.org\/ies.churriguera.leganes\/\/wp-content\/uploads\/ies.churriguera.leganes\/2023\/03\/CHURRICIENCIA_movimientos_2018-1.pdf\" target=\"_blank\" rel=\"noreferrer noopener\">memoria del proyecto<\/a> por si quer\u00e9is echarle un vistazo<\/p>\n","protected":false},"excerpt":{"rendered":"<p>Durante el segundo y tercer trimestre del curso 2017\/18 se llev\u00f3 a cabo este proyecto que ten\u00eda los siguientes objetivos: Os dejamos la memoria del proyecto por si quer\u00e9is echarle un vistazo<\/p>\n","protected":false},"author":14,"featured_media":7719,"parent":0,"menu_order":0,"comment_status":"closed","ping_status":"closed","template":"","meta":{"footnotes":""},"folder":[],"class_list":["post-5738","page","type-page","status-publish","has-post-thumbnail","hentry"],"rttpg_featured_image_url":{"full":["https:\/\/site.educa.madrid.org\/ies.churriguera.leganes\/\/wp-content\/uploads\/ies.churriguera.leganes\/2025\/02\/Leonardo_Phoenix_10_A_vibrant_and_eclectic_artwork_depicting_v_1.jpg",1120,1120,false],"landscape":["https:\/\/site.educa.madrid.org\/ies.churriguera.leganes\/\/wp-content\/uploads\/ies.churriguera.leganes\/2025\/02\/Leonardo_Phoenix_10_A_vibrant_and_eclectic_artwork_depicting_v_1.jpg",1120,1120,false],"portraits":["https:\/\/site.educa.madrid.org\/ies.churriguera.leganes\/\/wp-content\/uploads\/ies.churriguera.leganes\/2025\/02\/Leonardo_Phoenix_10_A_vibrant_and_eclectic_artwork_depicting_v_1.jpg",1120,1120,false],"thumbnail":["https:\/\/site.educa.madrid.org\/ies.churriguera.leganes\/\/wp-content\/uploads\/ies.churriguera.leganes\/2025\/02\/Leonardo_Phoenix_10_A_vibrant_and_eclectic_artwork_depicting_v_1-150x150.jpg",150,150,true],"medium":["https:\/\/site.educa.madrid.org\/ies.churriguera.leganes\/\/wp-content\/uploads\/ies.churriguera.leganes\/2025\/02\/Leonardo_Phoenix_10_A_vibrant_and_eclectic_artwork_depicting_v_1-300x300.jpg",300,300,true],"large":["https:\/\/site.educa.madrid.org\/ies.churriguera.leganes\/\/wp-content\/uploads\/ies.churriguera.leganes\/2025\/02\/Leonardo_Phoenix_10_A_vibrant_and_eclectic_artwork_depicting_v_1-1024x1024.jpg",640,640,true],"thumblist":["https:\/\/site.educa.madrid.org\/ies.churriguera.leganes\/\/wp-content\/uploads\/ies.churriguera.leganes\/2025\/02\/Leonardo_Phoenix_10_A_vibrant_and_eclectic_artwork_depicting_v_1-300x300.jpg",300,300,true],"thumbrelated":["https:\/\/site.educa.madrid.org\/ies.churriguera.leganes\/\/wp-content\/uploads\/ies.churriguera.leganes\/2025\/02\/Leonardo_Phoenix_10_A_vibrant_and_eclectic_artwork_depicting_v_1-500x500.jpg",500,500,true],"meccarouselthumb":["https:\/\/site.educa.madrid.org\/ies.churriguera.leganes\/\/wp-content\/uploads\/ies.churriguera.leganes\/2025\/02\/Leonardo_Phoenix_10_A_vibrant_and_eclectic_artwork_depicting_v_1-474x324.jpg",474,324,true],"gridsquare":["https:\/\/site.educa.madrid.org\/ies.churriguera.leganes\/\/wp-content\/uploads\/ies.churriguera.leganes\/2025\/02\/Leonardo_Phoenix_10_A_vibrant_and_eclectic_artwork_depicting_v_1-391x260.jpg",391,260,true],"tileview":["https:\/\/site.educa.madrid.org\/ies.churriguera.leganes\/\/wp-content\/uploads\/ies.churriguera.leganes\/2025\/02\/Leonardo_Phoenix_10_A_vibrant_and_eclectic_artwork_depicting_v_1-300x400.jpg",300,400,true],"1536x1536":["https:\/\/site.educa.madrid.org\/ies.churriguera.leganes\/\/wp-content\/uploads\/ies.churriguera.leganes\/2025\/02\/Leonardo_Phoenix_10_A_vibrant_and_eclectic_artwork_depicting_v_1.jpg",1120,1120,false],"2048x2048":["https:\/\/site.educa.madrid.org\/ies.churriguera.leganes\/\/wp-content\/uploads\/ies.churriguera.leganes\/2025\/02\/Leonardo_Phoenix_10_A_vibrant_and_eclectic_artwork_depicting_v_1.jpg",1120,1120,false],"total-portfolio-thumb":["https:\/\/site.educa.madrid.org\/ies.churriguera.leganes\/\/wp-content\/uploads\/ies.churriguera.leganes\/2025\/02\/Leonardo_Phoenix_10_A_vibrant_and_eclectic_artwork_depicting_v_1-400x400.jpg",400,400,true],"total-team-thumb":["https:\/\/site.educa.madrid.org\/ies.churriguera.leganes\/\/wp-content\/uploads\/ies.churriguera.leganes\/2025\/02\/Leonardo_Phoenix_10_A_vibrant_and_eclectic_artwork_depicting_v_1-350x420.jpg",350,420,true],"total-blog-thumb":["https:\/\/site.educa.madrid.org\/ies.churriguera.leganes\/\/wp-content\/uploads\/ies.churriguera.leganes\/2025\/02\/Leonardo_Phoenix_10_A_vibrant_and_eclectic_artwork_depicting_v_1-400x280.jpg",400,280,true],"total-thumb":["https:\/\/site.educa.madrid.org\/ies.churriguera.leganes\/\/wp-content\/uploads\/ies.churriguera.leganes\/2025\/02\/Leonardo_Phoenix_10_A_vibrant_and_eclectic_artwork_depicting_v_1-100x100.jpg",100,100,true],"total-blog-header":["https:\/\/site.educa.madrid.org\/ies.churriguera.leganes\/\/wp-content\/uploads\/ies.churriguera.leganes\/2025\/02\/Leonardo_Phoenix_10_A_vibrant_and_eclectic_artwork_depicting_v_1-720x360.jpg",720,360,true],"sow-carousel-default":["https:\/\/site.educa.madrid.org\/ies.churriguera.leganes\/\/wp-content\/uploads\/ies.churriguera.leganes\/2025\/02\/Leonardo_Phoenix_10_A_vibrant_and_eclectic_artwork_depicting_v_1-272x182.jpg",272,182,true],"sow-post-carousel-overlay-theme":["https:\/\/site.educa.madrid.org\/ies.churriguera.leganes\/\/wp-content\/uploads\/ies.churriguera.leganes\/2025\/02\/Leonardo_Phoenix_10_A_vibrant_and_eclectic_artwork_depicting_v_1.jpg",360,360,false],"sow-post-carousel-cards-theme":["https:\/\/site.educa.madrid.org\/ies.churriguera.leganes\/\/wp-content\/uploads\/ies.churriguera.leganes\/2025\/02\/Leonardo_Phoenix_10_A_vibrant_and_eclectic_artwork_depicting_v_1.jpg",240,240,false],"sow-blog-portfolio":["https:\/\/site.educa.madrid.org\/ies.churriguera.leganes\/\/wp-content\/uploads\/ies.churriguera.leganes\/2025\/02\/Leonardo_Phoenix_10_A_vibrant_and_eclectic_artwork_depicting_v_1-375x375.jpg",375,375,true],"sow-blog-grid":["https:\/\/site.educa.madrid.org\/ies.churriguera.leganes\/\/wp-content\/uploads\/ies.churriguera.leganes\/2025\/02\/Leonardo_Phoenix_10_A_vibrant_and_eclectic_artwork_depicting_v_1-720x480.jpg",720,480,true],"sow-blog-alternate":["https:\/\/site.educa.madrid.org\/ies.churriguera.leganes\/\/wp-content\/uploads\/ies.churriguera.leganes\/2025\/02\/Leonardo_Phoenix_10_A_vibrant_and_eclectic_artwork_depicting_v_1-950x630.jpg",950,630,true],"rt_custom":["https:\/\/site.educa.madrid.org\/ies.churriguera.leganes\/\/wp-content\/uploads\/ies.churriguera.leganes\/2025\/02\/Leonardo_Phoenix_10_A_vibrant_and_eclectic_artwork_depicting_v_1.jpg",1120,1120,false]},"rttpg_author":{"display_name":"PATRICIA D\u00cdAZ GARC\u00cdA","author_link":"https:\/\/site.educa.madrid.org\/ies.churriguera.leganes\/index.php\/author\/patricia_diaz-garcia\/"},"rttpg_comment":0,"rttpg_category":false,"rttpg_excerpt":"Durante el segundo y tercer trimestre del curso 2017\/18 se llev\u00f3 a cabo este proyecto que ten\u00eda los siguientes objetivos: Os dejamos la memoria del proyecto por si quer\u00e9is echarle un vistazo","post_mailing_queue_ids":[],"_links":{"self":[{"href":"https:\/\/site.educa.madrid.org\/ies.churriguera.leganes\/index.php\/wp-json\/wp\/v2\/pages\/5738","targetHints":{"allow":["GET"]}}],"collection":[{"href":"https:\/\/site.educa.madrid.org\/ies.churriguera.leganes\/index.php\/wp-json\/wp\/v2\/pages"}],"about":[{"href":"https:\/\/site.educa.madrid.org\/ies.churriguera.leganes\/index.php\/wp-json\/wp\/v2\/types\/page"}],"author":[{"embeddable":true,"href":"https:\/\/site.educa.madrid.org\/ies.churriguera.leganes\/index.php\/wp-json\/wp\/v2\/users\/14"}],"replies":[{"embeddable":true,"href":"https:\/\/site.educa.madrid.org\/ies.churriguera.leganes\/index.php\/wp-json\/wp\/v2\/comments?post=5738"}],"version-history":[{"count":2,"href":"https:\/\/site.educa.madrid.org\/ies.churriguera.leganes\/index.php\/wp-json\/wp\/v2\/pages\/5738\/revisions"}],"predecessor-version":[{"id":5741,"href":"https:\/\/site.educa.madrid.org\/ies.churriguera.leganes\/index.php\/wp-json\/wp\/v2\/pages\/5738\/revisions\/5741"}],"wp:featuredmedia":[{"embeddable":true,"href":"https:\/\/site.educa.madrid.org\/ies.churriguera.leganes\/index.php\/wp-json\/wp\/v2\/media\/7719"}],"wp:attachment":[{"href":"https:\/\/site.educa.madrid.org\/ies.churriguera.leganes\/index.php\/wp-json\/wp\/v2\/media?parent=5738"}],"wp:term":[{"taxonomy":"folder","embeddable":true,"href":"https:\/\/site.educa.madrid.org\/ies.churriguera.leganes\/index.php\/wp-json\/wp\/v2\/folder?post=5738"}],"curies":[{"name":"wp","href":"https:\/\/api.w.org\/{rel}","templated":true}]}}