{"id":6162,"date":"2024-10-20T17:10:41","date_gmt":"2024-10-20T15:10:41","guid":{"rendered":"https:\/\/site.educa.madrid.org\/ies.churriguera.leganes\/?page_id=6162"},"modified":"2025-02-16T18:31:46","modified_gmt":"2025-02-16T17:31:46","slug":"tambien-contamos-con","status":"publish","type":"page","link":"https:\/\/site.educa.madrid.org\/ies.churriguera.leganes\/index.php\/tambien-contamos-con\/","title":{"rendered":"DELF"},"content":{"rendered":"\n<h2 class=\"wp-block-heading\">Diploma de Estudios en Lengua Francesa: Centre Delf Scolaire<\/h2>\n\n\n\n<p>Tendr\u00e1s la oportunidad de conseguir el Dipl\u00f4me d&#8217;etudes en langue fran\u00e7aise Delf Scolaire <\/p>\n\n\n\n<p><\/p>\n\n\n\n<div class=\"wp-block-columns is-layout-flex wp-container-core-columns-is-layout-28f84493 wp-block-columns-is-layout-flex\">\n<div class=\"wp-block-column is-layout-flow wp-block-column-is-layout-flow\" style=\"flex-basis:100%\">\n<figure class=\"wp-block-image aligncenter size-medium\"><a href=\"https:\/\/www.delf-dalf.es\/delf-scolaire\/delf-escolar\" target=\"_blank\" rel=\"noreferrer noopener\"><img loading=\"lazy\" decoding=\"async\" width=\"300\" height=\"264\" src=\"https:\/\/site.educa.madrid.org\/ies.churriguera.leganes\/\/wp-content\/uploads\/ies.churriguera.leganes\/2024\/10\/Captura-de-pantalla-2024-10-08-100422-300x264.png\" alt=\"Centre Delf Scolaire\" class=\"wp-image-6072\" srcset=\"https:\/\/site.educa.madrid.org\/ies.churriguera.leganes\/\/wp-content\/uploads\/ies.churriguera.leganes\/2024\/10\/Captura-de-pantalla-2024-10-08-100422-300x264.png 300w, https:\/\/site.educa.madrid.org\/ies.churriguera.leganes\/\/wp-content\/uploads\/ies.churriguera.leganes\/2024\/10\/Captura-de-pantalla-2024-10-08-100422.png 418w\" sizes=\"auto, (max-width: 300px) 100vw, 300px\" \/><\/a><figcaption class=\"wp-element-caption\">Centre Delf Scolaire<\/figcaption><\/figure>\n<\/div>\n<\/div>\n\n\n\n<p><strong>El DELF (Dipl\u00f4me d\u2019\u00e9tudes en langue fran\u00e7aise) y el DALF (Dipl\u00f4me approfondi de langue fran\u00e7aise)<\/strong>&nbsp;son los diplomas oficiales internacionales de lengua francesa expedidos por el Ministerio de Educaci\u00f3n Nacional de Francia y gestionados, a nivel mundial, por France \u00c9ducation international ubicado en S\u00e8vres, cerca de Par\u00eds.<\/p>\n\n\n\n<p><strong>El DELF y el DALF constan de 6 diplomas independientes, armonizados con el Marco Com\u00fan Europeo de Referencia para las Lenguas (MCERL).&nbsp;<\/strong>Todas las pruebas son elaboradas siguiendo el enfoque a la acci\u00f3n definido por el&nbsp;MCERL y eval\u00faan el dominio de cuatro destrezas ling\u00fc\u00edsticas.<\/p>\n\n\n\n<p><em>&nbsp;<\/em><strong>Estos diplomas son internacionalmente reconocidos y permiten valorar las competencias en franc\u00e9s<\/strong>, tanto a nivel acad\u00e9mico como profesional, de las personas&nbsp;que desean un reconocimiento oficial de su nivel de franc\u00e9s. Las certificaciones DELF DALF se ofertan en m\u00e1s de 1000 centros de examen oficiales en el mundo, distribuidos entre 173 pa\u00edses.<\/p>\n\n\n\n<p><em>&nbsp;<\/em><strong>Permiten completar un curriculum<\/strong>&nbsp;ya que &nbsp;estas certificaciones son cada vez m\u00e1s conocidas y reconocidas por las administraciones, las empresas y las instituciones educativas.<\/p>\n\n\n\n<p><em>&nbsp;<\/em><strong>Los diplomas DELF-DALF son reconocidos por la CRUE<\/strong>, Conferencia de Rectores de las Universidades Espa\u00f1olas.<\/p>\n\n\n\n<p><strong>Certificar el nivel\u00a0B1<\/strong>\u00a0permite validar el t\u00edtulo universitario de Grado en la mayor\u00eda de las Comunidades Aut\u00f3nomas.<\/p>\n\n\n\n<p><em>&nbsp;<\/em><strong>El nivel B2 es requisito m\u00ednimo para la obtenci\u00f3n de una beca Erasmus.<\/strong><\/p>\n\n\n\n<p><em>&nbsp;<\/em>El DELF B2 o el DALF constituyen un acceso directo a las universidades francesas y a un n\u00famero cada vez mayor de universidades europeas y franc\u00f3fonas.&nbsp;<strong>Ser titular del DELF B2 o del DALF exenta de realizar los tests ling\u00fc\u00edsticos de acceso a las universidades francesas<\/strong>, en el marco de la demande d\u2019admission pr\u00e9alable (DAP), solicitud de preadmisi\u00f3n en un establecimiento de Ense\u00f1anza Superior franc\u00e9s.<\/p>\n\n\n\n<p><em>&nbsp;<\/em><strong>Los DELF son de validez permanente<\/strong>.<\/p>\n\n\n\n<p><em>&nbsp;<\/em><strong>Son diplomas independientes<\/strong>: un candidato puede presentarse directamente al diploma que corresponda a su nivel de franc\u00e9s.<\/p>\n\n\n\n<p><em>&nbsp;<\/em><strong>Todas las versiones del DELF<\/strong>&nbsp;(para todos los p\u00fablicos, junior, escolar, para primaria)&nbsp;<strong>tienen la misma validez y las mismas ventajas<\/strong>.<\/p>\n\n\n\n<p><em>\u00a0<\/em><strong>Para aprobar, se exige conseguir el 50% de los puntos<\/strong>. Una nota m\u00e1s alta en una de las destrezas podr\u00e1 compensar una nota m\u00e1s baja en otra destreza. Aunque, una nota inferior a 5\/25 en una de las destrezas es eliminatoria.<\/p>\n\n\n\n<figure class=\"wp-block-embed is-type-video is-provider-youtube wp-block-embed-youtube wp-embed-aspect-16-9 wp-has-aspect-ratio\"><div class=\"wp-block-embed__wrapper\">\n<iframe loading=\"lazy\" title=\"\u00bfConoces las ventajas de tener un diploma DELF o DALF?\" width=\"640\" height=\"360\" src=\"https:\/\/www.youtube.com\/embed\/nfDCw1A2rg4?feature=oembed\" frameborder=\"0\" allow=\"accelerometer; autoplay; clipboard-write; encrypted-media; gyroscope; picture-in-picture; web-share\" referrerpolicy=\"strict-origin-when-cross-origin\" allowfullscreen><\/iframe>\n<\/div><\/figure>\n","protected":false},"excerpt":{"rendered":"<p>Diploma de Estudios en Lengua Francesa: Centre Delf Scolaire Tendr\u00e1s la oportunidad de conseguir el Dipl\u00f4me d&#8217;etudes en langue fran\u00e7aise Delf Scolaire El DELF (Dipl\u00f4me d\u2019\u00e9tudes en langue fran\u00e7aise) y el DALF (Dipl\u00f4me approfondi de langue fran\u00e7aise)&nbsp;son los diplomas oficiales internacionales de lengua francesa expedidos por el Ministerio de Educaci\u00f3n Nacional de Francia y gestionados, [&hellip;]<\/p>\n","protected":false},"author":14,"featured_media":7091,"parent":0,"menu_order":0,"comment_status":"closed","ping_status":"closed","template":"","meta":{"footnotes":""},"folder":[],"class_list":["post-6162","page","type-page","status-publish","has-post-thumbnail","hentry"],"rttpg_featured_image_url":{"full":["https:\/\/site.educa.madrid.org\/ies.churriguera.leganes\/\/wp-content\/uploads\/ies.churriguera.leganes\/2025\/01\/Delf-Scolaire-CMJN1.jpg",763,705,false],"landscape":["https:\/\/site.educa.madrid.org\/ies.churriguera.leganes\/\/wp-content\/uploads\/ies.churriguera.leganes\/2025\/01\/Delf-Scolaire-CMJN1.jpg",763,705,false],"portraits":["https:\/\/site.educa.madrid.org\/ies.churriguera.leganes\/\/wp-content\/uploads\/ies.churriguera.leganes\/2025\/01\/Delf-Scolaire-CMJN1.jpg",763,705,false],"thumbnail":["https:\/\/site.educa.madrid.org\/ies.churriguera.leganes\/\/wp-content\/uploads\/ies.churriguera.leganes\/2025\/01\/Delf-Scolaire-CMJN1-150x150.jpg",150,150,true],"medium":["https:\/\/site.educa.madrid.org\/ies.churriguera.leganes\/\/wp-content\/uploads\/ies.churriguera.leganes\/2025\/01\/Delf-Scolaire-CMJN1-300x277.jpg",300,277,true],"large":["https:\/\/site.educa.madrid.org\/ies.churriguera.leganes\/\/wp-content\/uploads\/ies.churriguera.leganes\/2025\/01\/Delf-Scolaire-CMJN1.jpg",640,591,false],"thumblist":["https:\/\/site.educa.madrid.org\/ies.churriguera.leganes\/\/wp-content\/uploads\/ies.churriguera.leganes\/2025\/01\/Delf-Scolaire-CMJN1-300x300.jpg",300,300,true],"thumbrelated":["https:\/\/site.educa.madrid.org\/ies.churriguera.leganes\/\/wp-content\/uploads\/ies.churriguera.leganes\/2025\/01\/Delf-Scolaire-CMJN1-500x500.jpg",500,500,true],"meccarouselthumb":["https:\/\/site.educa.madrid.org\/ies.churriguera.leganes\/\/wp-content\/uploads\/ies.churriguera.leganes\/2025\/01\/Delf-Scolaire-CMJN1-474x324.jpg",474,324,true],"gridsquare":["https:\/\/site.educa.madrid.org\/ies.churriguera.leganes\/\/wp-content\/uploads\/ies.churriguera.leganes\/2025\/01\/Delf-Scolaire-CMJN1-391x260.jpg",391,260,true],"tileview":["https:\/\/site.educa.madrid.org\/ies.churriguera.leganes\/\/wp-content\/uploads\/ies.churriguera.leganes\/2025\/01\/Delf-Scolaire-CMJN1-300x400.jpg",300,400,true],"1536x1536":["https:\/\/site.educa.madrid.org\/ies.churriguera.leganes\/\/wp-content\/uploads\/ies.churriguera.leganes\/2025\/01\/Delf-Scolaire-CMJN1.jpg",763,705,false],"2048x2048":["https:\/\/site.educa.madrid.org\/ies.churriguera.leganes\/\/wp-content\/uploads\/ies.churriguera.leganes\/2025\/01\/Delf-Scolaire-CMJN1.jpg",763,705,false],"total-portfolio-thumb":["https:\/\/site.educa.madrid.org\/ies.churriguera.leganes\/\/wp-content\/uploads\/ies.churriguera.leganes\/2025\/01\/Delf-Scolaire-CMJN1-400x400.jpg",400,400,true],"total-team-thumb":["https:\/\/site.educa.madrid.org\/ies.churriguera.leganes\/\/wp-content\/uploads\/ies.churriguera.leganes\/2025\/01\/Delf-Scolaire-CMJN1-350x420.jpg",350,420,true],"total-blog-thumb":["https:\/\/site.educa.madrid.org\/ies.churriguera.leganes\/\/wp-content\/uploads\/ies.churriguera.leganes\/2025\/01\/Delf-Scolaire-CMJN1-400x280.jpg",400,280,true],"total-thumb":["https:\/\/site.educa.madrid.org\/ies.churriguera.leganes\/\/wp-content\/uploads\/ies.churriguera.leganes\/2025\/01\/Delf-Scolaire-CMJN1-100x100.jpg",100,100,true],"total-blog-header":["https:\/\/site.educa.madrid.org\/ies.churriguera.leganes\/\/wp-content\/uploads\/ies.churriguera.leganes\/2025\/01\/Delf-Scolaire-CMJN1-720x360.jpg",720,360,true],"sow-carousel-default":["https:\/\/site.educa.madrid.org\/ies.churriguera.leganes\/\/wp-content\/uploads\/ies.churriguera.leganes\/2025\/01\/Delf-Scolaire-CMJN1-272x182.jpg",272,182,true],"sow-post-carousel-overlay-theme":["https:\/\/site.educa.madrid.org\/ies.churriguera.leganes\/\/wp-content\/uploads\/ies.churriguera.leganes\/2025\/01\/Delf-Scolaire-CMJN1.jpg",360,333,false],"sow-post-carousel-cards-theme":["https:\/\/site.educa.madrid.org\/ies.churriguera.leganes\/\/wp-content\/uploads\/ies.churriguera.leganes\/2025\/01\/Delf-Scolaire-CMJN1.jpg",260,240,false],"sow-blog-portfolio":["https:\/\/site.educa.madrid.org\/ies.churriguera.leganes\/\/wp-content\/uploads\/ies.churriguera.leganes\/2025\/01\/Delf-Scolaire-CMJN1.jpg",375,346,false],"sow-blog-grid":["https:\/\/site.educa.madrid.org\/ies.churriguera.leganes\/\/wp-content\/uploads\/ies.churriguera.leganes\/2025\/01\/Delf-Scolaire-CMJN1.jpg",519,480,false],"sow-blog-alternate":["https:\/\/site.educa.madrid.org\/ies.churriguera.leganes\/\/wp-content\/uploads\/ies.churriguera.leganes\/2025\/01\/Delf-Scolaire-CMJN1.jpg",682,630,false],"rt_custom":["https:\/\/site.educa.madrid.org\/ies.churriguera.leganes\/\/wp-content\/uploads\/ies.churriguera.leganes\/2025\/01\/Delf-Scolaire-CMJN1.jpg",763,705,false]},"rttpg_author":{"display_name":"PATRICIA D\u00cdAZ GARC\u00cdA","author_link":"https:\/\/site.educa.madrid.org\/ies.churriguera.leganes\/index.php\/author\/patricia_diaz-garcia\/"},"rttpg_comment":0,"rttpg_category":false,"rttpg_excerpt":"Diploma de Estudios en Lengua Francesa: Centre Delf Scolaire Tendr\u00e1s la oportunidad de conseguir el Dipl\u00f4me d&#8217;etudes en langue fran\u00e7aise Delf Scolaire El DELF (Dipl\u00f4me d\u2019\u00e9tudes en langue fran\u00e7aise) y el DALF (Dipl\u00f4me approfondi de langue fran\u00e7aise)&nbsp;son los diplomas oficiales internacionales de lengua francesa expedidos por el Ministerio de Educaci\u00f3n Nacional de Francia y gestionados,&hellip;","post_mailing_queue_ids":[],"_links":{"self":[{"href":"https:\/\/site.educa.madrid.org\/ies.churriguera.leganes\/index.php\/wp-json\/wp\/v2\/pages\/6162","targetHints":{"allow":["GET"]}}],"collection":[{"href":"https:\/\/site.educa.madrid.org\/ies.churriguera.leganes\/index.php\/wp-json\/wp\/v2\/pages"}],"about":[{"href":"https:\/\/site.educa.madrid.org\/ies.churriguera.leganes\/index.php\/wp-json\/wp\/v2\/types\/page"}],"author":[{"embeddable":true,"href":"https:\/\/site.educa.madrid.org\/ies.churriguera.leganes\/index.php\/wp-json\/wp\/v2\/users\/14"}],"replies":[{"embeddable":true,"href":"https:\/\/site.educa.madrid.org\/ies.churriguera.leganes\/index.php\/wp-json\/wp\/v2\/comments?post=6162"}],"version-history":[{"count":23,"href":"https:\/\/site.educa.madrid.org\/ies.churriguera.leganes\/index.php\/wp-json\/wp\/v2\/pages\/6162\/revisions"}],"predecessor-version":[{"id":7443,"href":"https:\/\/site.educa.madrid.org\/ies.churriguera.leganes\/index.php\/wp-json\/wp\/v2\/pages\/6162\/revisions\/7443"}],"wp:featuredmedia":[{"embeddable":true,"href":"https:\/\/site.educa.madrid.org\/ies.churriguera.leganes\/index.php\/wp-json\/wp\/v2\/media\/7091"}],"wp:attachment":[{"href":"https:\/\/site.educa.madrid.org\/ies.churriguera.leganes\/index.php\/wp-json\/wp\/v2\/media?parent=6162"}],"wp:term":[{"taxonomy":"folder","embeddable":true,"href":"https:\/\/site.educa.madrid.org\/ies.churriguera.leganes\/index.php\/wp-json\/wp\/v2\/folder?post=6162"}],"curies":[{"name":"wp","href":"https:\/\/api.w.org\/{rel}","templated":true}]}}