{"id":6391,"date":"2024-11-13T17:58:30","date_gmt":"2024-11-13T16:58:30","guid":{"rendered":"https:\/\/site.educa.madrid.org\/ies.churriguera.leganes\/?page_id=6391"},"modified":"2025-11-18T18:58:18","modified_gmt":"2025-11-18T17:58:18","slug":"biologia-2","status":"publish","type":"page","link":"https:\/\/site.educa.madrid.org\/ies.churriguera.leganes\/index.php\/departamentos\/biologia-2\/","title":{"rendered":"DEPARTAMENTO DE BIOLOG\u00cdA Y GEOLOG\u00cdA"},"content":{"rendered":"\n<figure class=\"wp-block-image aligncenter size-full is-resized\"><img loading=\"lazy\" decoding=\"async\" width=\"380\" height=\"640\" src=\"https:\/\/site.educa.madrid.org\/ies.churriguera.leganes\/\/wp-content\/uploads\/ies.churriguera.leganes\/2025\/11\/microscope-7290146_640-1.png\" alt=\"\" class=\"wp-image-9409\" style=\"width:121px;height:auto\" srcset=\"https:\/\/site.educa.madrid.org\/ies.churriguera.leganes\/\/wp-content\/uploads\/ies.churriguera.leganes\/2025\/11\/microscope-7290146_640-1.png 380w, https:\/\/site.educa.madrid.org\/ies.churriguera.leganes\/\/wp-content\/uploads\/ies.churriguera.leganes\/2025\/11\/microscope-7290146_640-1-178x300.png 178w\" sizes=\"auto, (max-width: 380px) 100vw, 380px\" \/><\/figure>\n\n\n\n<h2 class=\"wp-block-heading\">Criterios de calificaci\u00f3n <\/h2>\n\n\n\n<h3 class=\"wp-block-heading\">1\u00ba E.S.O.<\/h3>\n\n\n\n<p>Biolog\u00eda y Geolog\u00eda:&nbsp;<a href=\"https:\/\/site.educa.madrid.org\/ies.churriguera.leganes\/\/wp-content\/uploads\/ies.churriguera.leganes\/2025\/10\/1o-ESO.pdf\">Criterios de Evaluaci\u00f3n y Calificaci\u00f3n<\/a>&nbsp;(Curso 25\/26)<\/p>\n\n\n\n<h3 class=\"wp-block-heading\">3\u00ba E.S.O.<\/h3>\n\n\n\n<p>Biolog\u00eda y Geolog\u00eda:&nbsp;<a href=\"https:\/\/site.educa.madrid.org\/ies.churriguera.leganes\/\/wp-content\/uploads\/ies.churriguera.leganes\/2025\/10\/3o-ESO.pdf\">Criterios de Evaluaci\u00f3n y Calificaci\u00f3n<\/a>&nbsp;(Curso 25\/26)<\/p>\n\n\n\n<p>PEERFCR (Bot\u00e1nica aplicada): <a href=\"https:\/\/site.educa.madrid.org\/ies.churriguera.leganes\/\/wp-content\/uploads\/ies.churriguera.leganes\/2025\/11\/PEERFCR-Botanica-1-1.pdf\">Criterios de Evaluaci\u00f3n y Calificaci\u00f3n<\/a> (Curso 25\/26)<\/p>\n\n\n\n<h3 class=\"wp-block-heading\">4\u00ba E.S.O.<\/h3>\n\n\n\n<p>Biolog\u00eda y Geolog\u00eda:&nbsp;<a href=\"https:\/\/site.educa.madrid.org\/ies.churriguera.leganes\/\/wp-content\/uploads\/ies.churriguera.leganes\/2025\/10\/4o-ESO.pdf\">Criterios de Evaluaci\u00f3n y Calificaci\u00f3n<\/a>&nbsp;(Curso 25\/26)<\/p>\n\n\n\n<p><\/p>\n\n\n\n<h3 class=\"wp-block-heading\">1\u00ba Bachillerato.<\/h3>\n\n\n\n<p>Biolog\u00eda y Geolog\u00eda:&nbsp;<a href=\"https:\/\/site.educa.madrid.org\/ies.churriguera.leganes\/\/wp-content\/uploads\/ies.churriguera.leganes\/2025\/10\/1o-bach.pdf\">Criterios de Evaluaci\u00f3n y Calificaci\u00f3n<\/a>&nbsp;(Curso 25\/26)<\/p>\n\n\n\n<h3 class=\"wp-block-heading\">2\u00ba Bachillerato.<\/h3>\n\n\n\n<p>Biolog\u00eda y Geolog\u00eda:&nbsp;<a href=\"https:\/\/site.educa.madrid.org\/ies.churriguera.leganes\/\/wp-content\/uploads\/ies.churriguera.leganes\/2025\/10\/2o-bach-2.pdf\">Criterios de Evaluaci\u00f3n y Calificaci\u00f3n<\/a>&nbsp;(Curso 25\/26)<\/p>\n\n\n\n<h3 class=\"wp-block-heading\">Bachillerato de Personas Adultas.<\/h3>\n\n\n\n<p>Biolog\u00eda y Geolog\u00eda y Ciencias ambientales 1\u00ba de Bachillerato:&nbsp;<a href=\"https:\/\/site.educa.madrid.org\/ies.churriguera.leganes\/\/wp-content\/uploads\/ies.churriguera.leganes\/2025\/10\/1-bach-BPA.pdf\">Criterios de Evaluaci\u00f3n y Calificaci\u00f3n<\/a>&nbsp;(Curso 25\/26)<\/p>\n\n\n\n<p>Biolog\u00eda 2\u00ba de Bachillerato:\u00a0<a href=\"https:\/\/site.educa.madrid.org\/ies.churriguera.leganes\/\/wp-content\/uploads\/ies.churriguera.leganes\/2025\/10\/2-bach-BPA.pdf\">Criterios de Evaluaci\u00f3n y Calificaci\u00f3n<\/a>\u00a0(Curso 25\/26)<\/p>\n\n\n\n<p><\/p>\n\n\n\n<p><\/p>\n\n\n\n<p><\/p>\n","protected":false},"excerpt":{"rendered":"<p>Criterios de calificaci\u00f3n 1\u00ba E.S.O. Biolog\u00eda y Geolog\u00eda:&nbsp;Criterios de Evaluaci\u00f3n y Calificaci\u00f3n&nbsp;(Curso 25\/26) 3\u00ba E.S.O. Biolog\u00eda y Geolog\u00eda:&nbsp;Criterios de Evaluaci\u00f3n y Calificaci\u00f3n&nbsp;(Curso 25\/26) PEERFCR (Bot\u00e1nica aplicada): Criterios de Evaluaci\u00f3n y Calificaci\u00f3n (Curso 25\/26) 4\u00ba E.S.O. Biolog\u00eda y Geolog\u00eda:&nbsp;Criterios de Evaluaci\u00f3n y Calificaci\u00f3n&nbsp;(Curso 25\/26) 1\u00ba Bachillerato. Biolog\u00eda y Geolog\u00eda:&nbsp;Criterios de Evaluaci\u00f3n y Calificaci\u00f3n&nbsp;(Curso 25\/26) 2\u00ba Bachillerato. [&hellip;]<\/p>\n","protected":false},"author":40,"featured_media":0,"parent":412,"menu_order":1,"comment_status":"closed","ping_status":"closed","template":"","meta":{"footnotes":""},"folder":[],"class_list":["post-6391","page","type-page","status-publish","hentry"],"rttpg_featured_image_url":null,"rttpg_author":{"display_name":"Jes\u00fas Gomez Martin","author_link":"https:\/\/site.educa.madrid.org\/ies.churriguera.leganes\/index.php\/author\/jess_gomez-martin\/"},"rttpg_comment":0,"rttpg_category":false,"rttpg_excerpt":"Criterios de calificaci\u00f3n 1\u00ba E.S.O. Biolog\u00eda y Geolog\u00eda:&nbsp;Criterios de Evaluaci\u00f3n y Calificaci\u00f3n&nbsp;(Curso 25\/26) 3\u00ba E.S.O. Biolog\u00eda y Geolog\u00eda:&nbsp;Criterios de Evaluaci\u00f3n y Calificaci\u00f3n&nbsp;(Curso 25\/26) PEERFCR (Bot\u00e1nica aplicada): Criterios de Evaluaci\u00f3n y Calificaci\u00f3n (Curso 25\/26) 4\u00ba E.S.O. Biolog\u00eda y Geolog\u00eda:&nbsp;Criterios de Evaluaci\u00f3n y Calificaci\u00f3n&nbsp;(Curso 25\/26) 1\u00ba Bachillerato. Biolog\u00eda y Geolog\u00eda:&nbsp;Criterios de Evaluaci\u00f3n y Calificaci\u00f3n&nbsp;(Curso 25\/26) 2\u00ba Bachillerato.&hellip;","post_mailing_queue_ids":[],"_links":{"self":[{"href":"https:\/\/site.educa.madrid.org\/ies.churriguera.leganes\/index.php\/wp-json\/wp\/v2\/pages\/6391","targetHints":{"allow":["GET"]}}],"collection":[{"href":"https:\/\/site.educa.madrid.org\/ies.churriguera.leganes\/index.php\/wp-json\/wp\/v2\/pages"}],"about":[{"href":"https:\/\/site.educa.madrid.org\/ies.churriguera.leganes\/index.php\/wp-json\/wp\/v2\/types\/page"}],"author":[{"embeddable":true,"href":"https:\/\/site.educa.madrid.org\/ies.churriguera.leganes\/index.php\/wp-json\/wp\/v2\/users\/40"}],"replies":[{"embeddable":true,"href":"https:\/\/site.educa.madrid.org\/ies.churriguera.leganes\/index.php\/wp-json\/wp\/v2\/comments?post=6391"}],"version-history":[{"count":41,"href":"https:\/\/site.educa.madrid.org\/ies.churriguera.leganes\/index.php\/wp-json\/wp\/v2\/pages\/6391\/revisions"}],"predecessor-version":[{"id":9428,"href":"https:\/\/site.educa.madrid.org\/ies.churriguera.leganes\/index.php\/wp-json\/wp\/v2\/pages\/6391\/revisions\/9428"}],"up":[{"embeddable":true,"href":"https:\/\/site.educa.madrid.org\/ies.churriguera.leganes\/index.php\/wp-json\/wp\/v2\/pages\/412"}],"wp:attachment":[{"href":"https:\/\/site.educa.madrid.org\/ies.churriguera.leganes\/index.php\/wp-json\/wp\/v2\/media?parent=6391"}],"wp:term":[{"taxonomy":"folder","embeddable":true,"href":"https:\/\/site.educa.madrid.org\/ies.churriguera.leganes\/index.php\/wp-json\/wp\/v2\/folder?post=6391"}],"curies":[{"name":"wp","href":"https:\/\/api.w.org\/{rel}","templated":true}]}}