{"id":7095,"date":"2025-01-19T17:29:54","date_gmt":"2025-01-19T16:29:54","guid":{"rendered":"https:\/\/site.educa.madrid.org\/ies.churriguera.leganes\/?page_id=7095"},"modified":"2025-01-19T17:38:32","modified_gmt":"2025-01-19T16:38:32","slug":"centro-preferente-tgd","status":"publish","type":"page","link":"https:\/\/site.educa.madrid.org\/ies.churriguera.leganes\/index.php\/centro-preferente-tgd\/","title":{"rendered":"Centro Preferente TGD"},"content":{"rendered":"\n<p>En nuestro centro, nos enorgullece ser un&nbsp;<strong>Centro de Escolarizaci\u00f3n Preferente para Trastornos Generales del Desarrollo<\/strong>. Esto significa que estamos especialmente equipados y capacitados para ofrecer una educaci\u00f3n inclusiva y de calidad a estudiantes con trastornos del espectro autista (TEA) y otros trastornos del desarrollo.<\/p>\n\n\n\n<p>Nuestro equipo de profesionales est\u00e1 comprometido con la creaci\u00f3n de un entorno educativo adaptado a las necesidades individuales de cada estudiante. Contamos con recursos especializados, programas personalizados y un enfoque pedag\u00f3gico centrado en el desarrollo integral de nuestros alumnos.<\/p>\n\n\n\n<figure class=\"wp-block-image aligncenter size-full\"><img loading=\"lazy\" decoding=\"async\" width=\"819\" height=\"622\" src=\"https:\/\/site.educa.madrid.org\/ies.churriguera.leganes\/\/wp-content\/uploads\/ies.churriguera.leganes\/2024\/04\/TEA.png\" alt=\"\" class=\"wp-image-4847\" srcset=\"https:\/\/site.educa.madrid.org\/ies.churriguera.leganes\/\/wp-content\/uploads\/ies.churriguera.leganes\/2024\/04\/TEA.png 819w, https:\/\/site.educa.madrid.org\/ies.churriguera.leganes\/\/wp-content\/uploads\/ies.churriguera.leganes\/2024\/04\/TEA-300x228.png 300w, https:\/\/site.educa.madrid.org\/ies.churriguera.leganes\/\/wp-content\/uploads\/ies.churriguera.leganes\/2024\/04\/TEA-768x583.png 768w\" sizes=\"auto, (max-width: 819px) 100vw, 819px\" \/><\/figure>\n\n\n\n<p>Adem\u00e1s, trabajamos en estrecha colaboraci\u00f3n con las familias y otros profesionales para asegurar que cada estudiante reciba el apoyo necesario para alcanzar su m\u00e1ximo potencial. En nuestro centro, creemos firmemente en la importancia de la inclusi\u00f3n y en el valor de la diversidad, y nos esforzamos por proporcionar una educaci\u00f3n que fomente el crecimiento personal y acad\u00e9mico de todos nuestros estudiantes.<\/p>\n","protected":false},"excerpt":{"rendered":"<p>En nuestro centro, nos enorgullece ser un&nbsp;Centro de Escolarizaci\u00f3n Preferente para Trastornos Generales del Desarrollo. Esto significa que estamos especialmente equipados y capacitados para ofrecer una educaci\u00f3n inclusiva y de calidad a estudiantes con trastornos del espectro autista (TEA) y otros trastornos del desarrollo. Nuestro equipo de profesionales est\u00e1 comprometido con la creaci\u00f3n de un [&hellip;]<\/p>\n","protected":false},"author":14,"featured_media":6617,"parent":0,"menu_order":0,"comment_status":"closed","ping_status":"closed","template":"","meta":{"footnotes":""},"folder":[],"class_list":["post-7095","page","type-page","status-publish","has-post-thumbnail","hentry"],"rttpg_featured_image_url":{"full":["https:\/\/site.educa.madrid.org\/ies.churriguera.leganes\/\/wp-content\/uploads\/ies.churriguera.leganes\/2024\/11\/cartel-centro-de-escolarizacion.jpg",1080,1080,false],"landscape":["https:\/\/site.educa.madrid.org\/ies.churriguera.leganes\/\/wp-content\/uploads\/ies.churriguera.leganes\/2024\/11\/cartel-centro-de-escolarizacion.jpg",1080,1080,false],"portraits":["https:\/\/site.educa.madrid.org\/ies.churriguera.leganes\/\/wp-content\/uploads\/ies.churriguera.leganes\/2024\/11\/cartel-centro-de-escolarizacion.jpg",1080,1080,false],"thumbnail":["https:\/\/site.educa.madrid.org\/ies.churriguera.leganes\/\/wp-content\/uploads\/ies.churriguera.leganes\/2024\/11\/cartel-centro-de-escolarizacion-150x150.jpg",150,150,true],"medium":["https:\/\/site.educa.madrid.org\/ies.churriguera.leganes\/\/wp-content\/uploads\/ies.churriguera.leganes\/2024\/11\/cartel-centro-de-escolarizacion-300x300.jpg",300,300,true],"large":["https:\/\/site.educa.madrid.org\/ies.churriguera.leganes\/\/wp-content\/uploads\/ies.churriguera.leganes\/2024\/11\/cartel-centro-de-escolarizacion-1024x1024.jpg",640,640,true],"thumblist":["https:\/\/site.educa.madrid.org\/ies.churriguera.leganes\/\/wp-content\/uploads\/ies.churriguera.leganes\/2024\/11\/cartel-centro-de-escolarizacion-300x300.jpg",300,300,true],"thumbrelated":["https:\/\/site.educa.madrid.org\/ies.churriguera.leganes\/\/wp-content\/uploads\/ies.churriguera.leganes\/2024\/11\/cartel-centro-de-escolarizacion-500x500.jpg",500,500,true],"meccarouselthumb":["https:\/\/site.educa.madrid.org\/ies.churriguera.leganes\/\/wp-content\/uploads\/ies.churriguera.leganes\/2024\/11\/cartel-centro-de-escolarizacion-474x324.jpg",474,324,true],"gridsquare":["https:\/\/site.educa.madrid.org\/ies.churriguera.leganes\/\/wp-content\/uploads\/ies.churriguera.leganes\/2024\/11\/cartel-centro-de-escolarizacion-391x260.jpg",391,260,true],"tileview":["https:\/\/site.educa.madrid.org\/ies.churriguera.leganes\/\/wp-content\/uploads\/ies.churriguera.leganes\/2024\/11\/cartel-centro-de-escolarizacion-300x400.jpg",300,400,true],"1536x1536":["https:\/\/site.educa.madrid.org\/ies.churriguera.leganes\/\/wp-content\/uploads\/ies.churriguera.leganes\/2024\/11\/cartel-centro-de-escolarizacion.jpg",1080,1080,false],"2048x2048":["https:\/\/site.educa.madrid.org\/ies.churriguera.leganes\/\/wp-content\/uploads\/ies.churriguera.leganes\/2024\/11\/cartel-centro-de-escolarizacion.jpg",1080,1080,false],"total-portfolio-thumb":["https:\/\/site.educa.madrid.org\/ies.churriguera.leganes\/\/wp-content\/uploads\/ies.churriguera.leganes\/2024\/11\/cartel-centro-de-escolarizacion.jpg",400,400,false],"total-team-thumb":["https:\/\/site.educa.madrid.org\/ies.churriguera.leganes\/\/wp-content\/uploads\/ies.churriguera.leganes\/2024\/11\/cartel-centro-de-escolarizacion.jpg",350,350,false],"total-blog-thumb":["https:\/\/site.educa.madrid.org\/ies.churriguera.leganes\/\/wp-content\/uploads\/ies.churriguera.leganes\/2024\/11\/cartel-centro-de-escolarizacion.jpg",280,280,false],"total-thumb":["https:\/\/site.educa.madrid.org\/ies.churriguera.leganes\/\/wp-content\/uploads\/ies.churriguera.leganes\/2024\/11\/cartel-centro-de-escolarizacion.jpg",100,100,false],"total-blog-header":["https:\/\/site.educa.madrid.org\/ies.churriguera.leganes\/\/wp-content\/uploads\/ies.churriguera.leganes\/2024\/11\/cartel-centro-de-escolarizacion.jpg",360,360,false],"sow-carousel-default":["https:\/\/site.educa.madrid.org\/ies.churriguera.leganes\/\/wp-content\/uploads\/ies.churriguera.leganes\/2024\/11\/cartel-centro-de-escolarizacion-272x182.jpg",272,182,true],"sow-post-carousel-overlay-theme":["https:\/\/site.educa.madrid.org\/ies.churriguera.leganes\/\/wp-content\/uploads\/ies.churriguera.leganes\/2024\/11\/cartel-centro-de-escolarizacion.jpg",360,360,false],"sow-post-carousel-cards-theme":["https:\/\/site.educa.madrid.org\/ies.churriguera.leganes\/\/wp-content\/uploads\/ies.churriguera.leganes\/2024\/11\/cartel-centro-de-escolarizacion.jpg",240,240,false],"sow-blog-portfolio":["https:\/\/site.educa.madrid.org\/ies.churriguera.leganes\/\/wp-content\/uploads\/ies.churriguera.leganes\/2024\/11\/cartel-centro-de-escolarizacion.jpg",375,375,false],"sow-blog-grid":["https:\/\/site.educa.madrid.org\/ies.churriguera.leganes\/\/wp-content\/uploads\/ies.churriguera.leganes\/2024\/11\/cartel-centro-de-escolarizacion.jpg",480,480,false],"sow-blog-alternate":["https:\/\/site.educa.madrid.org\/ies.churriguera.leganes\/\/wp-content\/uploads\/ies.churriguera.leganes\/2024\/11\/cartel-centro-de-escolarizacion.jpg",630,630,false],"rt_custom":["https:\/\/site.educa.madrid.org\/ies.churriguera.leganes\/\/wp-content\/uploads\/ies.churriguera.leganes\/2024\/11\/cartel-centro-de-escolarizacion.jpg",1080,1080,false]},"rttpg_author":{"display_name":"PATRICIA D\u00cdAZ GARC\u00cdA","author_link":"https:\/\/site.educa.madrid.org\/ies.churriguera.leganes\/index.php\/author\/patricia_diaz-garcia\/"},"rttpg_comment":0,"rttpg_category":false,"rttpg_excerpt":"En nuestro centro, nos enorgullece ser un&nbsp;Centro de Escolarizaci\u00f3n Preferente para Trastornos Generales del Desarrollo. Esto significa que estamos especialmente equipados y capacitados para ofrecer una educaci\u00f3n inclusiva y de calidad a estudiantes con trastornos del espectro autista (TEA) y otros trastornos del desarrollo. Nuestro equipo de profesionales est\u00e1 comprometido con la creaci\u00f3n de un&hellip;","post_mailing_queue_ids":[],"_links":{"self":[{"href":"https:\/\/site.educa.madrid.org\/ies.churriguera.leganes\/index.php\/wp-json\/wp\/v2\/pages\/7095","targetHints":{"allow":["GET"]}}],"collection":[{"href":"https:\/\/site.educa.madrid.org\/ies.churriguera.leganes\/index.php\/wp-json\/wp\/v2\/pages"}],"about":[{"href":"https:\/\/site.educa.madrid.org\/ies.churriguera.leganes\/index.php\/wp-json\/wp\/v2\/types\/page"}],"author":[{"embeddable":true,"href":"https:\/\/site.educa.madrid.org\/ies.churriguera.leganes\/index.php\/wp-json\/wp\/v2\/users\/14"}],"replies":[{"embeddable":true,"href":"https:\/\/site.educa.madrid.org\/ies.churriguera.leganes\/index.php\/wp-json\/wp\/v2\/comments?post=7095"}],"version-history":[{"count":4,"href":"https:\/\/site.educa.madrid.org\/ies.churriguera.leganes\/index.php\/wp-json\/wp\/v2\/pages\/7095\/revisions"}],"predecessor-version":[{"id":7102,"href":"https:\/\/site.educa.madrid.org\/ies.churriguera.leganes\/index.php\/wp-json\/wp\/v2\/pages\/7095\/revisions\/7102"}],"wp:featuredmedia":[{"embeddable":true,"href":"https:\/\/site.educa.madrid.org\/ies.churriguera.leganes\/index.php\/wp-json\/wp\/v2\/media\/6617"}],"wp:attachment":[{"href":"https:\/\/site.educa.madrid.org\/ies.churriguera.leganes\/index.php\/wp-json\/wp\/v2\/media?parent=7095"}],"wp:term":[{"taxonomy":"folder","embeddable":true,"href":"https:\/\/site.educa.madrid.org\/ies.churriguera.leganes\/index.php\/wp-json\/wp\/v2\/folder?post=7095"}],"curies":[{"name":"wp","href":"https:\/\/api.w.org\/{rel}","templated":true}]}}