{"id":7103,"date":"2025-01-19T17:43:26","date_gmt":"2025-01-19T16:43:26","guid":{"rendered":"https:\/\/site.educa.madrid.org\/ies.churriguera.leganes\/?page_id=7103"},"modified":"2025-01-19T17:47:35","modified_gmt":"2025-01-19T16:47:35","slug":"programa-de-cooperacion-territorial-refuerzo-de-la-competencia-lectora","status":"publish","type":"page","link":"https:\/\/site.educa.madrid.org\/ies.churriguera.leganes\/index.php\/programa-de-cooperacion-territorial-refuerzo-de-la-competencia-lectora\/","title":{"rendered":"Programa de Cooperaci\u00f3n Territorial: Refuerzo de la Competencia Lectora"},"content":{"rendered":"<p>Este programa se ha implantado en nuestro centro desde este curso 2024\/2025.<br \/>\nLa finalidad de este programa es mejorar el nivel de desempe\u00f1o en competencia lectora<br \/>\nde los alumnos de Educaci\u00f3n Secundaria, y entre sus objetivos<br \/>\nespec\u00edficos destacan:<\/p>\n<ul>\n<li>Atender al alumnado de manera personalizada.<\/li>\n<li>Favorecer el desarrollo de habilidades que mejoren la comprensi\u00f3n y expresi\u00f3n escrita.<\/li>\n<li>Trabajar en la reducci\u00f3n de la brecha de g\u00e9nero en la competencia lectora.<\/li>\n<li>Fomentar la lectura mediante diferente tipolog\u00eda textual.<\/li>\n<li>Formar a asesores de las Administraciones educativas y a docentes de los centros educativos en las metodolog\u00edas del proceso de lectoescritura y en estrategias para el aprendizaje competencial de la lectura.<\/li>\n<li>Asesorar a los centros para el desarrollo de los planes de mejora de la competencia lectora.<\/li>\n<\/ul>\n","protected":false},"excerpt":{"rendered":"<p>Este programa se ha implantado en nuestro centro desde este curso 2024\/2025. La finalidad de este programa es mejorar el nivel de desempe\u00f1o en competencia lectora de los alumnos de Educaci\u00f3n Secundaria, y entre sus objetivos espec\u00edficos destacan: Atender al alumnado de manera personalizada. Favorecer el desarrollo de habilidades que mejoren la comprensi\u00f3n y expresi\u00f3n [&hellip;]<\/p>\n","protected":false},"author":14,"featured_media":7107,"parent":0,"menu_order":0,"comment_status":"closed","ping_status":"closed","template":"","meta":{"footnotes":""},"folder":[],"class_list":["post-7103","page","type-page","status-publish","has-post-thumbnail","hentry"],"rttpg_featured_image_url":{"full":["https:\/\/site.educa.madrid.org\/ies.churriguera.leganes\/\/wp-content\/uploads\/ies.churriguera.leganes\/2025\/01\/3-LOGO-COMPETENCIA-LECTORA-1.jpg",664,665,false],"landscape":["https:\/\/site.educa.madrid.org\/ies.churriguera.leganes\/\/wp-content\/uploads\/ies.churriguera.leganes\/2025\/01\/3-LOGO-COMPETENCIA-LECTORA-1.jpg",664,665,false],"portraits":["https:\/\/site.educa.madrid.org\/ies.churriguera.leganes\/\/wp-content\/uploads\/ies.churriguera.leganes\/2025\/01\/3-LOGO-COMPETENCIA-LECTORA-1.jpg",664,665,false],"thumbnail":["https:\/\/site.educa.madrid.org\/ies.churriguera.leganes\/\/wp-content\/uploads\/ies.churriguera.leganes\/2025\/01\/3-LOGO-COMPETENCIA-LECTORA-1-150x150.jpg",150,150,true],"medium":["https:\/\/site.educa.madrid.org\/ies.churriguera.leganes\/\/wp-content\/uploads\/ies.churriguera.leganes\/2025\/01\/3-LOGO-COMPETENCIA-LECTORA-1-300x300.jpg",300,300,true],"large":["https:\/\/site.educa.madrid.org\/ies.churriguera.leganes\/\/wp-content\/uploads\/ies.churriguera.leganes\/2025\/01\/3-LOGO-COMPETENCIA-LECTORA-1.jpg",640,641,false],"thumblist":["https:\/\/site.educa.madrid.org\/ies.churriguera.leganes\/\/wp-content\/uploads\/ies.churriguera.leganes\/2025\/01\/3-LOGO-COMPETENCIA-LECTORA-1-300x300.jpg",300,300,true],"thumbrelated":["https:\/\/site.educa.madrid.org\/ies.churriguera.leganes\/\/wp-content\/uploads\/ies.churriguera.leganes\/2025\/01\/3-LOGO-COMPETENCIA-LECTORA-1-500x500.jpg",500,500,true],"meccarouselthumb":["https:\/\/site.educa.madrid.org\/ies.churriguera.leganes\/\/wp-content\/uploads\/ies.churriguera.leganes\/2025\/01\/3-LOGO-COMPETENCIA-LECTORA-1-474x324.jpg",474,324,true],"gridsquare":["https:\/\/site.educa.madrid.org\/ies.churriguera.leganes\/\/wp-content\/uploads\/ies.churriguera.leganes\/2025\/01\/3-LOGO-COMPETENCIA-LECTORA-1-391x260.jpg",391,260,true],"tileview":["https:\/\/site.educa.madrid.org\/ies.churriguera.leganes\/\/wp-content\/uploads\/ies.churriguera.leganes\/2025\/01\/3-LOGO-COMPETENCIA-LECTORA-1-300x400.jpg",300,400,true],"1536x1536":["https:\/\/site.educa.madrid.org\/ies.churriguera.leganes\/\/wp-content\/uploads\/ies.churriguera.leganes\/2025\/01\/3-LOGO-COMPETENCIA-LECTORA-1.jpg",664,665,false],"2048x2048":["https:\/\/site.educa.madrid.org\/ies.churriguera.leganes\/\/wp-content\/uploads\/ies.churriguera.leganes\/2025\/01\/3-LOGO-COMPETENCIA-LECTORA-1.jpg",664,665,false],"total-portfolio-thumb":["https:\/\/site.educa.madrid.org\/ies.churriguera.leganes\/\/wp-content\/uploads\/ies.churriguera.leganes\/2025\/01\/3-LOGO-COMPETENCIA-LECTORA-1-400x400.jpg",400,400,true],"total-team-thumb":["https:\/\/site.educa.madrid.org\/ies.churriguera.leganes\/\/wp-content\/uploads\/ies.churriguera.leganes\/2025\/01\/3-LOGO-COMPETENCIA-LECTORA-1-350x420.jpg",350,420,true],"total-blog-thumb":["https:\/\/site.educa.madrid.org\/ies.churriguera.leganes\/\/wp-content\/uploads\/ies.churriguera.leganes\/2025\/01\/3-LOGO-COMPETENCIA-LECTORA-1-400x280.jpg",400,280,true],"total-thumb":["https:\/\/site.educa.madrid.org\/ies.churriguera.leganes\/\/wp-content\/uploads\/ies.churriguera.leganes\/2025\/01\/3-LOGO-COMPETENCIA-LECTORA-1-100x100.jpg",100,100,true],"total-blog-header":["https:\/\/site.educa.madrid.org\/ies.churriguera.leganes\/\/wp-content\/uploads\/ies.churriguera.leganes\/2025\/01\/3-LOGO-COMPETENCIA-LECTORA-1-664x360.jpg",664,360,true],"sow-carousel-default":["https:\/\/site.educa.madrid.org\/ies.churriguera.leganes\/\/wp-content\/uploads\/ies.churriguera.leganes\/2025\/01\/3-LOGO-COMPETENCIA-LECTORA-1-272x182.jpg",272,182,true],"sow-post-carousel-overlay-theme":["https:\/\/site.educa.madrid.org\/ies.churriguera.leganes\/\/wp-content\/uploads\/ies.churriguera.leganes\/2025\/01\/3-LOGO-COMPETENCIA-LECTORA-1.jpg",360,361,false],"sow-post-carousel-cards-theme":["https:\/\/site.educa.madrid.org\/ies.churriguera.leganes\/\/wp-content\/uploads\/ies.churriguera.leganes\/2025\/01\/3-LOGO-COMPETENCIA-LECTORA-1.jpg",240,240,false],"sow-blog-portfolio":["https:\/\/site.educa.madrid.org\/ies.churriguera.leganes\/\/wp-content\/uploads\/ies.churriguera.leganes\/2025\/01\/3-LOGO-COMPETENCIA-LECTORA-1.jpg",375,375,false],"sow-blog-grid":["https:\/\/site.educa.madrid.org\/ies.churriguera.leganes\/\/wp-content\/uploads\/ies.churriguera.leganes\/2025\/01\/3-LOGO-COMPETENCIA-LECTORA-1.jpg",479,480,false],"sow-blog-alternate":["https:\/\/site.educa.madrid.org\/ies.churriguera.leganes\/\/wp-content\/uploads\/ies.churriguera.leganes\/2025\/01\/3-LOGO-COMPETENCIA-LECTORA-1.jpg",629,630,false],"rt_custom":["https:\/\/site.educa.madrid.org\/ies.churriguera.leganes\/\/wp-content\/uploads\/ies.churriguera.leganes\/2025\/01\/3-LOGO-COMPETENCIA-LECTORA-1.jpg",664,665,false]},"rttpg_author":{"display_name":"PATRICIA D\u00cdAZ GARC\u00cdA","author_link":"https:\/\/site.educa.madrid.org\/ies.churriguera.leganes\/index.php\/author\/patricia_diaz-garcia\/"},"rttpg_comment":0,"rttpg_category":false,"rttpg_excerpt":"Este programa se ha implantado en nuestro centro desde este curso 2024\/2025. La finalidad de este programa es mejorar el nivel de desempe\u00f1o en competencia lectora de los alumnos de Educaci\u00f3n Secundaria, y entre sus objetivos espec\u00edficos destacan: Atender al alumnado de manera personalizada. Favorecer el desarrollo de habilidades que mejoren la comprensi\u00f3n y expresi\u00f3n&hellip;","post_mailing_queue_ids":[],"_links":{"self":[{"href":"https:\/\/site.educa.madrid.org\/ies.churriguera.leganes\/index.php\/wp-json\/wp\/v2\/pages\/7103","targetHints":{"allow":["GET"]}}],"collection":[{"href":"https:\/\/site.educa.madrid.org\/ies.churriguera.leganes\/index.php\/wp-json\/wp\/v2\/pages"}],"about":[{"href":"https:\/\/site.educa.madrid.org\/ies.churriguera.leganes\/index.php\/wp-json\/wp\/v2\/types\/page"}],"author":[{"embeddable":true,"href":"https:\/\/site.educa.madrid.org\/ies.churriguera.leganes\/index.php\/wp-json\/wp\/v2\/users\/14"}],"replies":[{"embeddable":true,"href":"https:\/\/site.educa.madrid.org\/ies.churriguera.leganes\/index.php\/wp-json\/wp\/v2\/comments?post=7103"}],"version-history":[{"count":1,"href":"https:\/\/site.educa.madrid.org\/ies.churriguera.leganes\/index.php\/wp-json\/wp\/v2\/pages\/7103\/revisions"}],"predecessor-version":[{"id":7105,"href":"https:\/\/site.educa.madrid.org\/ies.churriguera.leganes\/index.php\/wp-json\/wp\/v2\/pages\/7103\/revisions\/7105"}],"wp:featuredmedia":[{"embeddable":true,"href":"https:\/\/site.educa.madrid.org\/ies.churriguera.leganes\/index.php\/wp-json\/wp\/v2\/media\/7107"}],"wp:attachment":[{"href":"https:\/\/site.educa.madrid.org\/ies.churriguera.leganes\/index.php\/wp-json\/wp\/v2\/media?parent=7103"}],"wp:term":[{"taxonomy":"folder","embeddable":true,"href":"https:\/\/site.educa.madrid.org\/ies.churriguera.leganes\/index.php\/wp-json\/wp\/v2\/folder?post=7103"}],"curies":[{"name":"wp","href":"https:\/\/api.w.org\/{rel}","templated":true}]}}