{"id":7463,"date":"2025-02-16T19:18:12","date_gmt":"2025-02-16T18:18:12","guid":{"rendered":"https:\/\/site.educa.madrid.org\/ies.churriguera.leganes\/?page_id=7463"},"modified":"2025-02-16T19:18:14","modified_gmt":"2025-02-16T18:18:14","slug":"programa-refuerza-programa-de-apoyo-y-refuerzo-academico","status":"publish","type":"page","link":"https:\/\/site.educa.madrid.org\/ies.churriguera.leganes\/index.php\/programa-refuerza-programa-de-apoyo-y-refuerzo-academico\/","title":{"rendered":"Programa Refuerza (programa de apoyo y refuerzo acad\u00e9mico)"},"content":{"rendered":"\n<p>El <strong>programa REFUERZA<\/strong> es una actividad complementaria que se lleva a cabo en los centros docentes p\u00fablicos autorizados a impartir educaci\u00f3n secundaria obligatoria para que puedan ampliar la oferta de medidas educativas dirigidas a los alumnos con dificultades de aprendizaje y que se desarrolla fuera del horario escolar y <strong>con car\u00e1cter voluntario.<\/strong><\/p>\n\n\n\n<figure class=\"wp-block-gallery has-nested-images columns-default is-cropped wp-block-gallery-1 is-layout-flex wp-block-gallery-is-layout-flex\">\n<figure class=\"wp-block-image size-large\"><img loading=\"lazy\" decoding=\"async\" width=\"513\" height=\"388\" data-id=\"7465\" src=\"https:\/\/site.educa.madrid.org\/ies.churriguera.leganes\/\/wp-content\/uploads\/ies.churriguera.leganes\/2025\/02\/Refuerza2.png\" alt=\"\" class=\"wp-image-7465\" srcset=\"https:\/\/site.educa.madrid.org\/ies.churriguera.leganes\/\/wp-content\/uploads\/ies.churriguera.leganes\/2025\/02\/Refuerza2.png 513w, https:\/\/site.educa.madrid.org\/ies.churriguera.leganes\/\/wp-content\/uploads\/ies.churriguera.leganes\/2025\/02\/Refuerza2-300x227.png 300w\" sizes=\"auto, (max-width: 513px) 100vw, 513px\" \/><figcaption class=\"wp-element-caption\">Grupo de Refuerza de 2\u00ba ESO. Curso 24-25<\/figcaption><\/figure>\n\n\n\n<figure class=\"wp-block-image size-large\"><img loading=\"lazy\" decoding=\"async\" width=\"624\" height=\"449\" data-id=\"7466\" src=\"https:\/\/site.educa.madrid.org\/ies.churriguera.leganes\/\/wp-content\/uploads\/ies.churriguera.leganes\/2025\/02\/Refuerza3.png\" alt=\"\" class=\"wp-image-7466\" srcset=\"https:\/\/site.educa.madrid.org\/ies.churriguera.leganes\/\/wp-content\/uploads\/ies.churriguera.leganes\/2025\/02\/Refuerza3.png 624w, https:\/\/site.educa.madrid.org\/ies.churriguera.leganes\/\/wp-content\/uploads\/ies.churriguera.leganes\/2025\/02\/Refuerza3-300x216.png 300w\" sizes=\"auto, (max-width: 624px) 100vw, 624px\" \/><figcaption class=\"wp-element-caption\">Grupo de Refuerza de 3\u00ba ESO. Curso 24-25<\/figcaption><\/figure>\n<\/figure>\n\n\n\n<h2 class=\"wp-block-heading\"><strong>Objetivos: <\/strong><\/h2>\n\n\n\n<p>El programa tiene las siguientes&nbsp;<strong>finalidades:<\/strong><\/p>\n\n\n\n<ul class=\"wp-block-list\">\n<li>Propiciar el \u00e9xito escolar de los alumnos.<\/li>\n\n\n\n<li>Mejorar los resultados acad\u00e9micos.<\/li>\n\n\n\n<li>Alcanzar un buen clima de convivencia en los centros.<\/li>\n\n\n\n<li>Fomentar el sentido de responsabilidad, el trabajo en equipo y el af\u00e1n de superaci\u00f3n.<\/li>\n\n\n\n<li>Facilitar la conciliaci\u00f3n de la vida laboral y familiar.<\/li>\n<\/ul>\n\n\n\n<h2 class=\"wp-block-heading\"><strong>Destinatarios: <\/strong><\/h2>\n\n\n\n<p><strong>Ser\u00e1n destinatarios&nbsp;<\/strong>del programa REFUERZA los alumnos que cursen la Educaci\u00f3n Secundaria Obligatoria, preferentemente de los cursos primero, segundo y tercero. Los alumnos ser\u00e1n seleccionados por el equipo de profesores de cada uno de los grupos, a propuesta del tutor.<\/p>\n\n\n\n<p>La participaci\u00f3n en el programa&nbsp;<strong>implicar\u00e1 un compromiso de asistencia y aprovechamiento<\/strong>&nbsp;por parte del alumno y su familia.<\/p>\n\n\n\n<h2 class=\"wp-block-heading\"><strong>Actividades:<\/strong><\/h2>\n\n\n\n<p><strong>La actividad que podr\u00e1 desarrollarse se centrar\u00e1 en<\/strong>:<\/p>\n\n\n\n<ul class=\"wp-block-list\">\n<li>El aprendizaje de contenidos b\u00e1sicos de las materias instrumentales.<\/li>\n\n\n\n<li>Lectura guiada.<\/li>\n\n\n\n<li>Trabajo de las actividades propuestas en clase.<\/li>\n\n\n\n<li>Resoluci\u00f3n de dudas.<\/li>\n\n\n\n<li>Adquisici\u00f3n de h\u00e1bitos y t\u00e9cnicas de estudio eficaces.<\/li>\n\n\n\n<li>Recuperaci\u00f3n de desfases respecto al grupo de referencia.<\/li>\n<\/ul>\n\n\n\n<p><strong>La actividad se organizar\u00e1 en grupos de apoyo y refuerzo acad\u00e9mico<\/strong>:<\/p>\n\n\n\n<ul class=\"wp-block-list\">\n<li>Los grupos estar\u00e1n compuestos por un\u00a0<strong>m\u00ednimo de seis alumnos y un m\u00e1ximo de doce<\/strong>,<\/li>\n\n\n\n<li><strong>Cada grupo recibir\u00e1 al menos cuatro horas semanales (dos de Matem\u00e1ticas y dos de Lengua Castellana y Literatura, fundamentalmente)<\/strong>, preferentemente en dos sesiones de dos horas de duraci\u00f3n cada una, que ser\u00e1n impartidas fuera del horario lectivo, pero en el mismo centro.<\/li>\n\n\n\n<li>La asignaci\u00f3n de grupos se realizar\u00e1 despu\u00e9s de un estudio de necesidades de los centros educativos.<\/li>\n\n\n\n<li>Los centros desarrollar\u00e1n\u00a0la actividad en el\u00a0curso 2024-2025\u00a0en\u00a0cinco meses y medio (<strong>enero-primera quincena de junio<\/strong>).<\/li>\n<\/ul>\n\n\n\n<h2 class=\"wp-block-heading\"><strong>Responsable del programa<\/strong><\/h2>\n\n\n\n<ul class=\"wp-block-list\">\n<li>En cada centro autorizado habr\u00e1 un\u00a0<strong>profesor responsable del programa\u00a0<\/strong>y\u00a0contar\u00e1 con la colaboraci\u00f3n de los departamentos de coordinaci\u00f3n did\u00e1ctica, de los tutores de grupo y del departamento de orientaci\u00f3n.<\/li>\n\n\n\n<li>El profesor responsable facilitar\u00e1 a las familias informaci\u00f3n sobre la participaci\u00f3n del alumnado en las actividades.<\/li>\n<\/ul>\n","protected":false},"excerpt":{"rendered":"<p>El programa REFUERZA es una actividad complementaria que se lleva a cabo en los centros docentes p\u00fablicos autorizados a impartir educaci\u00f3n secundaria obligatoria para que puedan ampliar la oferta de medidas educativas dirigidas a los alumnos con dificultades de aprendizaje y que se desarrolla fuera del horario escolar y con car\u00e1cter voluntario. Objetivos: El programa [&hellip;]<\/p>\n","protected":false},"author":14,"featured_media":7458,"parent":0,"menu_order":0,"comment_status":"closed","ping_status":"closed","template":"","meta":{"footnotes":""},"folder":[],"class_list":["post-7463","page","type-page","status-publish","has-post-thumbnail","hentry"],"rttpg_featured_image_url":{"full":["https:\/\/site.educa.madrid.org\/ies.churriguera.leganes\/\/wp-content\/uploads\/ies.churriguera.leganes\/2025\/02\/Copia-de-Post-de-Instagram-Frase-Motivacional-Organico.png",1080,1080,false],"landscape":["https:\/\/site.educa.madrid.org\/ies.churriguera.leganes\/\/wp-content\/uploads\/ies.churriguera.leganes\/2025\/02\/Copia-de-Post-de-Instagram-Frase-Motivacional-Organico.png",1080,1080,false],"portraits":["https:\/\/site.educa.madrid.org\/ies.churriguera.leganes\/\/wp-content\/uploads\/ies.churriguera.leganes\/2025\/02\/Copia-de-Post-de-Instagram-Frase-Motivacional-Organico.png",1080,1080,false],"thumbnail":["https:\/\/site.educa.madrid.org\/ies.churriguera.leganes\/\/wp-content\/uploads\/ies.churriguera.leganes\/2025\/02\/Copia-de-Post-de-Instagram-Frase-Motivacional-Organico-150x150.png",150,150,true],"medium":["https:\/\/site.educa.madrid.org\/ies.churriguera.leganes\/\/wp-content\/uploads\/ies.churriguera.leganes\/2025\/02\/Copia-de-Post-de-Instagram-Frase-Motivacional-Organico-300x300.png",300,300,true],"large":["https:\/\/site.educa.madrid.org\/ies.churriguera.leganes\/\/wp-content\/uploads\/ies.churriguera.leganes\/2025\/02\/Copia-de-Post-de-Instagram-Frase-Motivacional-Organico-1024x1024.png",640,640,true],"thumblist":["https:\/\/site.educa.madrid.org\/ies.churriguera.leganes\/\/wp-content\/uploads\/ies.churriguera.leganes\/2025\/02\/Copia-de-Post-de-Instagram-Frase-Motivacional-Organico-300x300.png",300,300,true],"thumbrelated":["https:\/\/site.educa.madrid.org\/ies.churriguera.leganes\/\/wp-content\/uploads\/ies.churriguera.leganes\/2025\/02\/Copia-de-Post-de-Instagram-Frase-Motivacional-Organico-500x500.png",500,500,true],"meccarouselthumb":["https:\/\/site.educa.madrid.org\/ies.churriguera.leganes\/\/wp-content\/uploads\/ies.churriguera.leganes\/2025\/02\/Copia-de-Post-de-Instagram-Frase-Motivacional-Organico-474x324.png",474,324,true],"gridsquare":["https:\/\/site.educa.madrid.org\/ies.churriguera.leganes\/\/wp-content\/uploads\/ies.churriguera.leganes\/2025\/02\/Copia-de-Post-de-Instagram-Frase-Motivacional-Organico-391x260.png",391,260,true],"tileview":["https:\/\/site.educa.madrid.org\/ies.churriguera.leganes\/\/wp-content\/uploads\/ies.churriguera.leganes\/2025\/02\/Copia-de-Post-de-Instagram-Frase-Motivacional-Organico-300x400.png",300,400,true],"1536x1536":["https:\/\/site.educa.madrid.org\/ies.churriguera.leganes\/\/wp-content\/uploads\/ies.churriguera.leganes\/2025\/02\/Copia-de-Post-de-Instagram-Frase-Motivacional-Organico.png",1080,1080,false],"2048x2048":["https:\/\/site.educa.madrid.org\/ies.churriguera.leganes\/\/wp-content\/uploads\/ies.churriguera.leganes\/2025\/02\/Copia-de-Post-de-Instagram-Frase-Motivacional-Organico.png",1080,1080,false],"total-portfolio-thumb":["https:\/\/site.educa.madrid.org\/ies.churriguera.leganes\/\/wp-content\/uploads\/ies.churriguera.leganes\/2025\/02\/Copia-de-Post-de-Instagram-Frase-Motivacional-Organico-400x400.png",400,400,true],"total-team-thumb":["https:\/\/site.educa.madrid.org\/ies.churriguera.leganes\/\/wp-content\/uploads\/ies.churriguera.leganes\/2025\/02\/Copia-de-Post-de-Instagram-Frase-Motivacional-Organico-350x420.png",350,420,true],"total-blog-thumb":["https:\/\/site.educa.madrid.org\/ies.churriguera.leganes\/\/wp-content\/uploads\/ies.churriguera.leganes\/2025\/02\/Copia-de-Post-de-Instagram-Frase-Motivacional-Organico-400x280.png",400,280,true],"total-thumb":["https:\/\/site.educa.madrid.org\/ies.churriguera.leganes\/\/wp-content\/uploads\/ies.churriguera.leganes\/2025\/02\/Copia-de-Post-de-Instagram-Frase-Motivacional-Organico-100x100.png",100,100,true],"total-blog-header":["https:\/\/site.educa.madrid.org\/ies.churriguera.leganes\/\/wp-content\/uploads\/ies.churriguera.leganes\/2025\/02\/Copia-de-Post-de-Instagram-Frase-Motivacional-Organico-720x360.png",720,360,true],"sow-carousel-default":["https:\/\/site.educa.madrid.org\/ies.churriguera.leganes\/\/wp-content\/uploads\/ies.churriguera.leganes\/2025\/02\/Copia-de-Post-de-Instagram-Frase-Motivacional-Organico-272x182.png",272,182,true],"sow-post-carousel-overlay-theme":["https:\/\/site.educa.madrid.org\/ies.churriguera.leganes\/\/wp-content\/uploads\/ies.churriguera.leganes\/2025\/02\/Copia-de-Post-de-Instagram-Frase-Motivacional-Organico.png",360,360,false],"sow-post-carousel-cards-theme":["https:\/\/site.educa.madrid.org\/ies.churriguera.leganes\/\/wp-content\/uploads\/ies.churriguera.leganes\/2025\/02\/Copia-de-Post-de-Instagram-Frase-Motivacional-Organico.png",240,240,false],"sow-blog-portfolio":["https:\/\/site.educa.madrid.org\/ies.churriguera.leganes\/\/wp-content\/uploads\/ies.churriguera.leganes\/2025\/02\/Copia-de-Post-de-Instagram-Frase-Motivacional-Organico-375x375.png",375,375,true],"sow-blog-grid":["https:\/\/site.educa.madrid.org\/ies.churriguera.leganes\/\/wp-content\/uploads\/ies.churriguera.leganes\/2025\/02\/Copia-de-Post-de-Instagram-Frase-Motivacional-Organico-720x480.png",720,480,true],"sow-blog-alternate":["https:\/\/site.educa.madrid.org\/ies.churriguera.leganes\/\/wp-content\/uploads\/ies.churriguera.leganes\/2025\/02\/Copia-de-Post-de-Instagram-Frase-Motivacional-Organico-950x630.png",950,630,true],"rt_custom":["https:\/\/site.educa.madrid.org\/ies.churriguera.leganes\/\/wp-content\/uploads\/ies.churriguera.leganes\/2025\/02\/Copia-de-Post-de-Instagram-Frase-Motivacional-Organico.png",1080,1080,false]},"rttpg_author":{"display_name":"PATRICIA D\u00cdAZ GARC\u00cdA","author_link":"https:\/\/site.educa.madrid.org\/ies.churriguera.leganes\/index.php\/author\/patricia_diaz-garcia\/"},"rttpg_comment":0,"rttpg_category":false,"rttpg_excerpt":"El programa REFUERZA es una actividad complementaria que se lleva a cabo en los centros docentes p\u00fablicos autorizados a impartir educaci\u00f3n secundaria obligatoria para que puedan ampliar la oferta de medidas educativas dirigidas a los alumnos con dificultades de aprendizaje y que se desarrolla fuera del horario escolar y con car\u00e1cter voluntario. Objetivos: El programa&hellip;","post_mailing_queue_ids":[],"_links":{"self":[{"href":"https:\/\/site.educa.madrid.org\/ies.churriguera.leganes\/index.php\/wp-json\/wp\/v2\/pages\/7463","targetHints":{"allow":["GET"]}}],"collection":[{"href":"https:\/\/site.educa.madrid.org\/ies.churriguera.leganes\/index.php\/wp-json\/wp\/v2\/pages"}],"about":[{"href":"https:\/\/site.educa.madrid.org\/ies.churriguera.leganes\/index.php\/wp-json\/wp\/v2\/types\/page"}],"author":[{"embeddable":true,"href":"https:\/\/site.educa.madrid.org\/ies.churriguera.leganes\/index.php\/wp-json\/wp\/v2\/users\/14"}],"replies":[{"embeddable":true,"href":"https:\/\/site.educa.madrid.org\/ies.churriguera.leganes\/index.php\/wp-json\/wp\/v2\/comments?post=7463"}],"version-history":[{"count":2,"href":"https:\/\/site.educa.madrid.org\/ies.churriguera.leganes\/index.php\/wp-json\/wp\/v2\/pages\/7463\/revisions"}],"predecessor-version":[{"id":7467,"href":"https:\/\/site.educa.madrid.org\/ies.churriguera.leganes\/index.php\/wp-json\/wp\/v2\/pages\/7463\/revisions\/7467"}],"wp:featuredmedia":[{"embeddable":true,"href":"https:\/\/site.educa.madrid.org\/ies.churriguera.leganes\/index.php\/wp-json\/wp\/v2\/media\/7458"}],"wp:attachment":[{"href":"https:\/\/site.educa.madrid.org\/ies.churriguera.leganes\/index.php\/wp-json\/wp\/v2\/media?parent=7463"}],"wp:term":[{"taxonomy":"folder","embeddable":true,"href":"https:\/\/site.educa.madrid.org\/ies.churriguera.leganes\/index.php\/wp-json\/wp\/v2\/folder?post=7463"}],"curies":[{"name":"wp","href":"https:\/\/api.w.org\/{rel}","templated":true}]}}