{"id":7472,"date":"2025-02-16T19:24:42","date_gmt":"2025-02-16T18:24:42","guid":{"rendered":"https:\/\/site.educa.madrid.org\/ies.churriguera.leganes\/?page_id=7472"},"modified":"2025-02-16T19:26:13","modified_gmt":"2025-02-16T18:26:13","slug":"programa-4oesoempresa","status":"publish","type":"page","link":"https:\/\/site.educa.madrid.org\/ies.churriguera.leganes\/index.php\/programa-4oesoempresa\/","title":{"rendered":"Programa 4\u00baESO+Empresa"},"content":{"rendered":"\n<figure class=\"wp-block-image alignright is-resized is-style-default\"><img loading=\"lazy\" decoding=\"async\" width=\"300\" height=\"95\" src=\"https:\/\/site.educa.madrid.org\/ies.churriguera.leganes\/\/wp-content\/uploads\/ies.churriguera.leganes\/2025\/02\/4ESOEmp-300x95.png\" alt=\"\" class=\"wp-image-7473\" style=\"width:433px;height:auto\" srcset=\"https:\/\/site.educa.madrid.org\/ies.churriguera.leganes\/\/wp-content\/uploads\/ies.churriguera.leganes\/2025\/02\/4ESOEmp-300x95.png 300w, https:\/\/site.educa.madrid.org\/ies.churriguera.leganes\/\/wp-content\/uploads\/ies.churriguera.leganes\/2025\/02\/4ESOEmp.png 484w\" sizes=\"auto, (max-width: 300px) 100vw, 300px\" \/><\/figure>\n\n\n\n<p>El Programa 4\u00baESO+Empresa se puso en marcha en la Comunidad de Madrid durante el curso 2008-2009 y en Legan\u00e9s durante el curso 2009-2010, siendo el IES <em>Jos\u00e9 de Churriguera <\/em>el primero en implantarlo en el municipio. Este programa, que tiene el estatus de actividad complementaria, se desarrolla de forma voluntaria con el fin de acercar el sistema educativo y el mundo laboral. Estas estancias educativas en empresas e instituciones facilitan que los j\u00f3venes est\u00e9n mejor preparados para tomar decisiones sobre su futuro acad\u00e9mico y profesional, motiv\u00e1ndolos y dot\u00e1ndolos de las destrezas necesarias.<\/p>\n\n\n\n<p>Los alumnos de 4.\u00ba de ESO asisten entre 3 y 5 d\u00edas consecutivos a las instalaciones de una empresa o instituci\u00f3n para observar c\u00f3mo se desarrolla su actividad e incluso pueden llegar a realizar ciertas tareas o funciones b\u00e1sicas, enfatizando los aspectos educativos y pedag\u00f3gicos de todo el proceso. Las estancias suelen realizarse en los meses de marzo y abril de cada a\u00f1o, siempre en torno a las vacaciones de Semana Santa.<\/p>\n\n\n\n<p>En este Programa participan aproximadamente unos 500 centros educativos de toda la Comunidad de Madrid y en torno a los 26.000 alumnos, un 60 % de los alumnos matriculados. En nuestro instituto, suelen participar entre 40 y 60 alumnos, cerca de la media general.<\/p>\n\n\n\n<p>Los centros y sus alumnos participan de manera voluntaria, lo que indica su inter\u00e9s por esta iniciativa. Para el desarrollo de este programa la Comunidad de Madrid cuenta con la ayuda desinteresada de instituciones, organismos,&nbsp; organizaciones empresariales, PYMES y organizaciones sin \u00e1nimo de lucro de la Comunidad. En nuestro caso, durante todos estos a\u00f1os, hemos contado con la colaboraci\u00f3n de numerosas y variadas empresas e instituciones, como despachos de abogados, supermercados, talleres, colegios, escuelas infantiles, hospitales y centros de salud, Ministerio de Defensa, CSIC, Universidad Polit\u00e9cnica de Madrid, etc.<\/p>\n\n\n\n<p>Para m\u00e1s informaci\u00f3n se puede consultar la p\u00e1gina del Programa en:<\/p>\n\n\n\n<p class=\"has-text-align-center\"><a href=\"https:\/\/www.educa2.madrid.org\/web\/4eso-empresa\/inicio\">https:\/\/www.educa2.madrid.org\/web\/4eso-empresa\/inicio<\/a><\/p>\n","protected":false},"excerpt":{"rendered":"<p>El Programa 4\u00baESO+Empresa se puso en marcha en la Comunidad de Madrid durante el curso 2008-2009 y en Legan\u00e9s durante el curso 2009-2010, siendo el IES Jos\u00e9 de Churriguera el primero en implantarlo en el municipio. Este programa, que tiene el estatus de actividad complementaria, se desarrolla de forma voluntaria con el fin de acercar [&hellip;]<\/p>\n","protected":false},"author":14,"featured_media":7470,"parent":0,"menu_order":0,"comment_status":"closed","ping_status":"closed","template":"","meta":{"footnotes":""},"folder":[],"class_list":["post-7472","page","type-page","status-publish","has-post-thumbnail","hentry"],"rttpg_featured_image_url":{"full":["https:\/\/site.educa.madrid.org\/ies.churriguera.leganes\/\/wp-content\/uploads\/ies.churriguera.leganes\/2025\/02\/Copia-de-Copia-de-Post-de-Instagram-Frase-Motivacional-Organico.png",1080,1080,false],"landscape":["https:\/\/site.educa.madrid.org\/ies.churriguera.leganes\/\/wp-content\/uploads\/ies.churriguera.leganes\/2025\/02\/Copia-de-Copia-de-Post-de-Instagram-Frase-Motivacional-Organico.png",1080,1080,false],"portraits":["https:\/\/site.educa.madrid.org\/ies.churriguera.leganes\/\/wp-content\/uploads\/ies.churriguera.leganes\/2025\/02\/Copia-de-Copia-de-Post-de-Instagram-Frase-Motivacional-Organico.png",1080,1080,false],"thumbnail":["https:\/\/site.educa.madrid.org\/ies.churriguera.leganes\/\/wp-content\/uploads\/ies.churriguera.leganes\/2025\/02\/Copia-de-Copia-de-Post-de-Instagram-Frase-Motivacional-Organico-150x150.png",150,150,true],"medium":["https:\/\/site.educa.madrid.org\/ies.churriguera.leganes\/\/wp-content\/uploads\/ies.churriguera.leganes\/2025\/02\/Copia-de-Copia-de-Post-de-Instagram-Frase-Motivacional-Organico-300x300.png",300,300,true],"large":["https:\/\/site.educa.madrid.org\/ies.churriguera.leganes\/\/wp-content\/uploads\/ies.churriguera.leganes\/2025\/02\/Copia-de-Copia-de-Post-de-Instagram-Frase-Motivacional-Organico-1024x1024.png",640,640,true],"thumblist":["https:\/\/site.educa.madrid.org\/ies.churriguera.leganes\/\/wp-content\/uploads\/ies.churriguera.leganes\/2025\/02\/Copia-de-Copia-de-Post-de-Instagram-Frase-Motivacional-Organico-300x300.png",300,300,true],"thumbrelated":["https:\/\/site.educa.madrid.org\/ies.churriguera.leganes\/\/wp-content\/uploads\/ies.churriguera.leganes\/2025\/02\/Copia-de-Copia-de-Post-de-Instagram-Frase-Motivacional-Organico-500x500.png",500,500,true],"meccarouselthumb":["https:\/\/site.educa.madrid.org\/ies.churriguera.leganes\/\/wp-content\/uploads\/ies.churriguera.leganes\/2025\/02\/Copia-de-Copia-de-Post-de-Instagram-Frase-Motivacional-Organico-474x324.png",474,324,true],"gridsquare":["https:\/\/site.educa.madrid.org\/ies.churriguera.leganes\/\/wp-content\/uploads\/ies.churriguera.leganes\/2025\/02\/Copia-de-Copia-de-Post-de-Instagram-Frase-Motivacional-Organico-391x260.png",391,260,true],"tileview":["https:\/\/site.educa.madrid.org\/ies.churriguera.leganes\/\/wp-content\/uploads\/ies.churriguera.leganes\/2025\/02\/Copia-de-Copia-de-Post-de-Instagram-Frase-Motivacional-Organico-300x400.png",300,400,true],"1536x1536":["https:\/\/site.educa.madrid.org\/ies.churriguera.leganes\/\/wp-content\/uploads\/ies.churriguera.leganes\/2025\/02\/Copia-de-Copia-de-Post-de-Instagram-Frase-Motivacional-Organico.png",1080,1080,false],"2048x2048":["https:\/\/site.educa.madrid.org\/ies.churriguera.leganes\/\/wp-content\/uploads\/ies.churriguera.leganes\/2025\/02\/Copia-de-Copia-de-Post-de-Instagram-Frase-Motivacional-Organico.png",1080,1080,false],"total-portfolio-thumb":["https:\/\/site.educa.madrid.org\/ies.churriguera.leganes\/\/wp-content\/uploads\/ies.churriguera.leganes\/2025\/02\/Copia-de-Copia-de-Post-de-Instagram-Frase-Motivacional-Organico-400x400.png",400,400,true],"total-team-thumb":["https:\/\/site.educa.madrid.org\/ies.churriguera.leganes\/\/wp-content\/uploads\/ies.churriguera.leganes\/2025\/02\/Copia-de-Copia-de-Post-de-Instagram-Frase-Motivacional-Organico-350x420.png",350,420,true],"total-blog-thumb":["https:\/\/site.educa.madrid.org\/ies.churriguera.leganes\/\/wp-content\/uploads\/ies.churriguera.leganes\/2025\/02\/Copia-de-Copia-de-Post-de-Instagram-Frase-Motivacional-Organico-400x280.png",400,280,true],"total-thumb":["https:\/\/site.educa.madrid.org\/ies.churriguera.leganes\/\/wp-content\/uploads\/ies.churriguera.leganes\/2025\/02\/Copia-de-Copia-de-Post-de-Instagram-Frase-Motivacional-Organico-100x100.png",100,100,true],"total-blog-header":["https:\/\/site.educa.madrid.org\/ies.churriguera.leganes\/\/wp-content\/uploads\/ies.churriguera.leganes\/2025\/02\/Copia-de-Copia-de-Post-de-Instagram-Frase-Motivacional-Organico-720x360.png",720,360,true],"sow-carousel-default":["https:\/\/site.educa.madrid.org\/ies.churriguera.leganes\/\/wp-content\/uploads\/ies.churriguera.leganes\/2025\/02\/Copia-de-Copia-de-Post-de-Instagram-Frase-Motivacional-Organico-272x182.png",272,182,true],"sow-post-carousel-overlay-theme":["https:\/\/site.educa.madrid.org\/ies.churriguera.leganes\/\/wp-content\/uploads\/ies.churriguera.leganes\/2025\/02\/Copia-de-Copia-de-Post-de-Instagram-Frase-Motivacional-Organico.png",360,360,false],"sow-post-carousel-cards-theme":["https:\/\/site.educa.madrid.org\/ies.churriguera.leganes\/\/wp-content\/uploads\/ies.churriguera.leganes\/2025\/02\/Copia-de-Copia-de-Post-de-Instagram-Frase-Motivacional-Organico.png",240,240,false],"sow-blog-portfolio":["https:\/\/site.educa.madrid.org\/ies.churriguera.leganes\/\/wp-content\/uploads\/ies.churriguera.leganes\/2025\/02\/Copia-de-Copia-de-Post-de-Instagram-Frase-Motivacional-Organico-375x375.png",375,375,true],"sow-blog-grid":["https:\/\/site.educa.madrid.org\/ies.churriguera.leganes\/\/wp-content\/uploads\/ies.churriguera.leganes\/2025\/02\/Copia-de-Copia-de-Post-de-Instagram-Frase-Motivacional-Organico-720x480.png",720,480,true],"sow-blog-alternate":["https:\/\/site.educa.madrid.org\/ies.churriguera.leganes\/\/wp-content\/uploads\/ies.churriguera.leganes\/2025\/02\/Copia-de-Copia-de-Post-de-Instagram-Frase-Motivacional-Organico-950x630.png",950,630,true],"rt_custom":["https:\/\/site.educa.madrid.org\/ies.churriguera.leganes\/\/wp-content\/uploads\/ies.churriguera.leganes\/2025\/02\/Copia-de-Copia-de-Post-de-Instagram-Frase-Motivacional-Organico.png",1080,1080,false]},"rttpg_author":{"display_name":"PATRICIA D\u00cdAZ GARC\u00cdA","author_link":"https:\/\/site.educa.madrid.org\/ies.churriguera.leganes\/index.php\/author\/patricia_diaz-garcia\/"},"rttpg_comment":0,"rttpg_category":false,"rttpg_excerpt":"El Programa 4\u00baESO+Empresa se puso en marcha en la Comunidad de Madrid durante el curso 2008-2009 y en Legan\u00e9s durante el curso 2009-2010, siendo el IES Jos\u00e9 de Churriguera el primero en implantarlo en el municipio. Este programa, que tiene el estatus de actividad complementaria, se desarrolla de forma voluntaria con el fin de acercar&hellip;","post_mailing_queue_ids":[],"_links":{"self":[{"href":"https:\/\/site.educa.madrid.org\/ies.churriguera.leganes\/index.php\/wp-json\/wp\/v2\/pages\/7472","targetHints":{"allow":["GET"]}}],"collection":[{"href":"https:\/\/site.educa.madrid.org\/ies.churriguera.leganes\/index.php\/wp-json\/wp\/v2\/pages"}],"about":[{"href":"https:\/\/site.educa.madrid.org\/ies.churriguera.leganes\/index.php\/wp-json\/wp\/v2\/types\/page"}],"author":[{"embeddable":true,"href":"https:\/\/site.educa.madrid.org\/ies.churriguera.leganes\/index.php\/wp-json\/wp\/v2\/users\/14"}],"replies":[{"embeddable":true,"href":"https:\/\/site.educa.madrid.org\/ies.churriguera.leganes\/index.php\/wp-json\/wp\/v2\/comments?post=7472"}],"version-history":[{"count":3,"href":"https:\/\/site.educa.madrid.org\/ies.churriguera.leganes\/index.php\/wp-json\/wp\/v2\/pages\/7472\/revisions"}],"predecessor-version":[{"id":7477,"href":"https:\/\/site.educa.madrid.org\/ies.churriguera.leganes\/index.php\/wp-json\/wp\/v2\/pages\/7472\/revisions\/7477"}],"wp:featuredmedia":[{"embeddable":true,"href":"https:\/\/site.educa.madrid.org\/ies.churriguera.leganes\/index.php\/wp-json\/wp\/v2\/media\/7470"}],"wp:attachment":[{"href":"https:\/\/site.educa.madrid.org\/ies.churriguera.leganes\/index.php\/wp-json\/wp\/v2\/media?parent=7472"}],"wp:term":[{"taxonomy":"folder","embeddable":true,"href":"https:\/\/site.educa.madrid.org\/ies.churriguera.leganes\/index.php\/wp-json\/wp\/v2\/folder?post=7472"}],"curies":[{"name":"wp","href":"https:\/\/api.w.org\/{rel}","templated":true}]}}