{"id":110,"date":"2022-02-20T20:54:09","date_gmt":"2022-02-20T19:54:09","guid":{"rendered":"https:\/\/site.educa.madrid.org\/ies.claradelrey.madrid\/?page_id=110"},"modified":"2026-03-21T05:11:12","modified_gmt":"2026-03-21T04:11:12","slug":"inicio","status":"publish","type":"page","link":"https:\/\/site.educa.madrid.org\/ies.claradelrey.madrid\/index.php\/inicio\/","title":{"rendered":"Inicio"},"content":{"rendered":"\n<style>\n.site-footer {\n    display: none !important;\n}\n<\/style>\n\n\n\n<h3 class=\"wp-block-heading\"><mark style=\"background-color:rgba(0, 0, 0, 0);color:#1f6085\" class=\"has-inline-color\"><strong>Bienvenidos&nbsp;al IES Clara del Rey<\/strong><\/mark><\/h3>\n\n\n\n<div style=\"height:20px\" aria-hidden=\"true\" class=\"wp-block-spacer\"><\/div>\n\n\n\n<p>Somos&nbsp;un centro p\u00fablico que imparte formaci\u00f3n profesional en las modalidades&nbsp;<strong>general<\/strong>,&nbsp;<strong>intensiva<\/strong>,<strong>&nbsp;virtual<\/strong>&nbsp;y&nbsp;<strong>biling\u00fce<\/strong>.<\/p>\n\n\n\n<div style=\"height:20px\" aria-hidden=\"true\" class=\"wp-block-spacer\"><\/div>\n\n\n<div class=\"wp-block-image\">\n<figure class=\"alignright size-large is-resized\"><a href=\"https:\/\/site.educa.madrid.org\/ies.claradelrey.madrid\/index.php\/erasmus\/\"><img loading=\"lazy\" decoding=\"async\" width=\"1024\" height=\"576\" src=\"https:\/\/site.educa.madrid.org\/ies.claradelrey.madrid\/\/wp-content\/uploads\/ies.claradelrey.madrid\/2026\/03\/erasmus-1024x576.png\" alt=\"\" class=\"wp-image-2478\" style=\"width:135px;height:auto\" srcset=\"https:\/\/site.educa.madrid.org\/ies.claradelrey.madrid\/\/wp-content\/uploads\/ies.claradelrey.madrid\/2026\/03\/erasmus-1024x576.png 1024w, https:\/\/site.educa.madrid.org\/ies.claradelrey.madrid\/\/wp-content\/uploads\/ies.claradelrey.madrid\/2026\/03\/erasmus-300x169.png 300w, https:\/\/site.educa.madrid.org\/ies.claradelrey.madrid\/\/wp-content\/uploads\/ies.claradelrey.madrid\/2026\/03\/erasmus-768x432.png 768w, https:\/\/site.educa.madrid.org\/ies.claradelrey.madrid\/\/wp-content\/uploads\/ies.claradelrey.madrid\/2026\/03\/erasmus-1536x864.png 1536w, https:\/\/site.educa.madrid.org\/ies.claradelrey.madrid\/\/wp-content\/uploads\/ies.claradelrey.madrid\/2026\/03\/erasmus.png 1920w\" sizes=\"auto, (max-width: 1024px) 100vw, 1024px\" \/><\/a><\/figure>\n<\/div>\n\n\n<div class=\"wp-block-columns is-layout-flex wp-container-core-columns-is-layout-9d6595d7 wp-block-columns-is-layout-flex\">\n<div class=\"wp-block-column is-layout-flow wp-block-column-is-layout-flow\" style=\"flex-basis:33.34%\">\n<figure class=\"wp-block-image is-resized is-style-default\" style=\"margin-top:0;margin-bottom:0\"><a href=\"https:\/\/mediateca.educa.madrid.org\/video\/pmdbrpusvxm4yom6\/fs\" target=\"_blank\" rel=\"noreferrer noopener\"><img decoding=\"async\" src=\"https:\/\/iesclaradelrey.es\/portal\/images\/stories\/madrid\/video_promocional.jpg\" alt=\"V\u00eddeo promocional del IES Clara del Rey\" style=\"width:366px;height:auto\" title=\"V\u00eddeo promocional del IES Clara del Rey\"\/><\/a><\/figure>\n<\/div>\n\n\n\n<div class=\"wp-block-column is-layout-flow wp-block-column-is-layout-flow\" style=\"flex-basis:24%\">\n<figure class=\"wp-block-image\" style=\"margin-top:var(--wp--preset--spacing--60);margin-right:0;margin-bottom:var(--wp--preset--spacing--60);margin-left:0\"><a href=\"https:\/\/site.educa.madrid.org\/ies.claradelrey.madrid\/index.php\/oferta-educativa\/\"><img decoding=\"async\" src=\"https:\/\/iesclaradelrey.es\/portal\/images\/iconos\/fp-familia-adg.png\" alt=\"\" title=\"Administraci\u00f3n y gesti\u00f3n\"\/><\/a><\/figure>\n<\/div>\n\n\n\n<div class=\"wp-block-column is-layout-flow wp-block-column-is-layout-flow\" style=\"flex-basis:24%\">\n<figure class=\"wp-block-image\" style=\"margin-top:var(--wp--preset--spacing--60);margin-right:0;margin-bottom:var(--wp--preset--spacing--60);margin-left:0\"><a href=\"https:\/\/site.educa.madrid.org\/ies.claradelrey.madrid\/index.php\/oferta-educativa\/\"><img decoding=\"async\" src=\"https:\/\/iesclaradelrey.es\/portal\/images\/iconos\/fp-familia-com.png\" alt=\"\" title=\"Comercio y marketing\"\/><\/a><\/figure>\n<\/div>\n\n\n\n<div class=\"wp-block-column is-layout-flow wp-block-column-is-layout-flow\" style=\"flex-basis:24%\">\n<figure class=\"wp-block-image\" style=\"margin-top:var(--wp--preset--spacing--60);margin-right:0;margin-bottom:var(--wp--preset--spacing--60);margin-left:0\"><a href=\"https:\/\/site.educa.madrid.org\/ies.claradelrey.madrid\/index.php\/oferta-educativa\/\"><img decoding=\"async\" src=\"https:\/\/iesclaradelrey.es\/portal\/images\/iconos\/fp-familia-ifc.png\" alt=\"\" title=\"Inform\u00e1tica y comunicaciones\"\/><\/a><\/figure>\n<\/div>\n<\/div>\n\n\n\n<div style=\"height:20px\" aria-hidden=\"true\" class=\"wp-block-spacer\"><\/div>\n\n\n\n<h4 class=\"wp-block-heading\"><mark style=\"background-color:rgba(0, 0, 0, 0);color:#1f6085\" class=\"has-inline-color\"><strong>\u00bfConoces Clara Radio?<\/strong><\/mark><\/h4>\n\n\n\n<p><img loading=\"lazy\" decoding=\"async\" width=\"36\" height=\"36\" src=\"https:\/\/cdn-icons-png.flaticon.com\/512\/10490\/10490226.png\">&nbsp; Escucha en cualquier lugar nuestros&nbsp;<a href=\"https:\/\/iesclaradelrey.es\/radio\/category\/episodios\/\" target=\"_blank\" rel=\"noreferrer noopener\"><mark style=\"background-color:rgba(0, 0, 0, 0)\" class=\"has-inline-color has-vivid-cyan-blue-color\"><strong>podcasts aqu\u00ed<\/strong><\/mark><\/a>&nbsp;y en nuestro canal de&nbsp;<mark style=\"background-color:rgba(0, 0, 0, 0)\" class=\"has-inline-color has-vivid-cyan-blue-color\"><a href=\"https:\/\/open.spotify.com\/show\/5jRLiwr3a7d8JaUsZFFR20?si=df03aad5c794465d\" target=\"_blank\" rel=\"noreferrer noopener\"><mark style=\"background-color:rgba(0, 0, 0, 0)\" class=\"has-inline-color has-vivid-cyan-blue-color\"><strong>Spotify<\/strong><\/mark><\/a><strong>.<\/strong><\/mark><\/p>\n\n\n\n<div style=\"height:30px\" aria-hidden=\"true\" class=\"wp-block-spacer\"><\/div>\n\n\n\n<h2 class=\"wp-block-heading has-text-align-center\"><strong><mark style=\"background-color:rgba(0, 0, 0, 0);color:#1f6085\" class=\"has-inline-color\">Novedades<\/mark><\/strong><\/h2>\n\n\n\n<div class=\"wp-block-group\"><div class=\"wp-block-group__inner-container is-layout-constrained wp-block-group-is-layout-constrained\">\n<h4><span style=\"color: #1f6085;\"><strong>\u00a1Ya puedes usar el servicio de impresi\u00f3n del IES!<\/strong><\/span><\/h4>\n<p><a href=\"https:\/\/site.educa.madrid.org\/ies.claradelrey.madrid\/index.php\/fotocopias-e-impresion\/\">Mas informaci\u00f3n AQUI.<\/a><\/p>\n<\/div><\/div>\n\n\n\n<div style=\"height:30px\" aria-hidden=\"true\" class=\"wp-block-spacer\"><\/div>\n\n\n\t\t<div class=\"rttpg-block-postgrid rttpg-block-wrapper rttpg-block-2f85c2 tpg-filter-type-dropdown pagination-visibility-show meta-visibility-show section-title-style-style1 section-title-align-center img_hover_animation_default title-default title_position_default title_hover_border_default meta_position_default tpg-is-author-icon-default author-image-visibility-icon tpg-category-position-default readmore-btn-only-text grid-hover-overlay-type-always grid-hover-overlay-height-default hover-overlay-height-default tpg-title-border-default filter-nex-prev-btn-visible tpg-cat-style1 slider-scroll-hide act-label-style-inline\">\n\t\t\t<div class=\"rt-container-fluid rt-tpg-container tpg-el-main-wrapper tpg-gutenberg clearfix list-layout1-main\"\n\t\t\t\t id=\"rt-tpg-container-2322192102\"\n\t\t\t\t data-layout=\"list-layout1\"\n\t\t\t\t data-grid-style=\"tpg-even\" data-sc-id=\"elementor\"\n\t\t\t\t data-el-settings=''\n\t\t\t\t data-el-query=''\n\t\t\t\t data-el-path=''>\n\t\t\t\t\t\t\t\t<div class='tpg-header-wrapper '>\n\t\t\t\t\t\t\t\t\t<\/div>\n\t\t\t\t<div class=\"rt-row rt-content-loader gutenberg-inner list-layout1 tpg-even list-behaviour list-layout-wrapper\">\n\t\t\t\t\t\n<div class=\"rt-col-md-12 rt-col-sm-12 rt-col-xs-12 default rt-list-item rt-grid-item\" data-id=\"3274\">\n\t<div class=\"rt-holder tpg-post-holder \">\n\t\t<div class=\"rt-detail rt-el-content-wrapper\">\n\t\t\t\n\t\t\t<div class=\"post-right-content\">\n\n\t\t\t\t<div class=\"entry-title-wrapper\"><h3 class=\"entry-title\"><a data-id=\"3274\" href=\"https:\/\/site.educa.madrid.org\/ies.claradelrey.madrid\/index.php\/2026\/04\/17\/becas-mecd-2026-27\/\" class=\"tpg-post-link\" target=\"_self\">BECAS MECD 2026-27<\/a><\/h3><\/div>\n\t\t\t\t\t\t\t\t\t<div class=\"post-meta-tags rt-el-post-meta\">\n\t\t\t\t\t\t            <span class='date'>\n\t\t\t\t<i class='far fa-calendar-alt '><\/i>\t\t\t\t                    <a href=\"https:\/\/site.educa.madrid.org\/ies.claradelrey.madrid\/index.php\/2026\/04\/17\/\">\n\t\t\t\t\t17 abril, 2026\t\t\t\t<\/a>\n\t\t\t\t\t\t\t<\/span>\n\t\t\t\t\t\t\t\t<\/div>\n\t\t\t\t\n\t\t\t\t\t\t\t\t\t<div class=\"tpg-excerpt tpg-el-excerpt\">\n\t\t\t\t\t\t\t\t\t\t\t\t\t<div class=\"tpg-excerpt-inner\">\n\t\t\t\t\t\t\t\t<p><strong>Abierto plazo de solicitud de las becas: del 7 de abril al 18 de mayo de 2026 a las 15:00.<\/strong><\/p>\n<p><strong>Toda la informaci\u00f3n <a href=\"https:\/\/site.educa.madrid.org\/ies.claradelrey.madrid\/index.php\/becas-2026\/\">AQUI<\/a><\/strong><\/p>\n<p>IMPORTANTE: los alumnos que solicitaron esta beca para 2025-26 pero no figuran en la <a href=\"https:\/\/www.educacionfpydeportes.gob.es\/servicios-al-ciudadano\/catalogo\/general\/05\/050130\/ficha\/050130-2025.html\">resoluci\u00f3n definitiva de concesiones del 13 de abril de 2026<\/a>, deben abonar las tasas de matriculaci\u00f3n antes del 13 de mayo de 2026 o se les anular\u00e1 la matr\u00edcula por impago. Se les ha enviado notificaci\u00f3n a su correo de Educamadrid. Si ten\u00e9is cualquier duda, escribid a <a href=\"mailto:secretaria.ies.claradelrey.madrid@educa.madrid.org\">secretaria.ies.claradelrey.madrid@educa.madrid.org<\/a><\/p>\n\n\n<p><\/p>\n\t\t\t\t\t\t\t<\/div>\n\t\t\t\t\t\t\t\t\t\t\t\t\t\t\t\t\t<\/div>\n\t\t\t\t\n\t\t\t\t\t\t\t<\/div>\n\n\t\t<\/div>\n\t<\/div>\n<\/div>\n<div class=\"rt-col-md-12 rt-col-sm-12 rt-col-xs-12 default rt-list-item rt-grid-item\" data-id=\"3181\">\n\t<div class=\"rt-holder tpg-post-holder \">\n\t\t<div class=\"rt-detail rt-el-content-wrapper\">\n\t\t\t\n\t\t\t<div class=\"post-right-content\">\n\n\t\t\t\t<div class=\"entry-title-wrapper\"><h3 class=\"entry-title\"><a data-id=\"3181\" href=\"https:\/\/site.educa.madrid.org\/ies.claradelrey.madrid\/index.php\/2026\/04\/16\/pruebas-libres-fechas-examenes-e-instrucciones\/\" class=\"tpg-post-link\" target=\"_self\">Pruebas libres  &#8211; Fechas Ex\u00e1menes e Instrucciones<\/a><\/h3><\/div>\n\t\t\t\t\t\t\t\t\t<div class=\"post-meta-tags rt-el-post-meta\">\n\t\t\t\t\t\t            <span class='date'>\n\t\t\t\t<i class='far fa-calendar-alt '><\/i>\t\t\t\t                    <a href=\"https:\/\/site.educa.madrid.org\/ies.claradelrey.madrid\/index.php\/2026\/04\/16\/\">\n\t\t\t\t\t16 abril, 2026\t\t\t\t<\/a>\n\t\t\t\t\t\t\t<\/span>\n\t\t\t\t\t\t\t\t<\/div>\n\t\t\t\t\n\t\t\t\t\t\t\t\t\t<div class=\"tpg-excerpt tpg-el-excerpt\">\n\t\t\t\t\t\t\t\t\t\t\t\t\t<div class=\"tpg-excerpt-inner\">\n\t\t\t\t\t\t\t\t<p>Puedes consultar las fechas de las Pruebas Libres de\u00a0 Actividades Comerciales (Grado Medio) y de Gesti\u00f3n de Ventas y Espacios Comerciales <a href=\"https:\/\/site.educa.madrid.org\/ies.claradelrey.madrid\/index.php\/pruebas-libres\/\">aqui<\/a><\/p>\n\t\t\t\t\t\t\t<\/div>\n\t\t\t\t\t\t\t\t\t\t\t\t\t\t\t\t\t<\/div>\n\t\t\t\t\n\t\t\t\t\t\t\t<\/div>\n\n\t\t<\/div>\n\t<\/div>\n<\/div>\n<div class=\"rt-col-md-12 rt-col-sm-12 rt-col-xs-12 default rt-list-item rt-grid-item\" data-id=\"2969\">\n\t<div class=\"rt-holder tpg-post-holder \">\n\t\t<div class=\"rt-detail rt-el-content-wrapper\">\n\t\t\t\n\t\t\t<div class=\"post-right-content\">\n\n\t\t\t\t<div class=\"entry-title-wrapper\"><h3 class=\"entry-title\"><a data-id=\"2969\" href=\"https:\/\/site.educa.madrid.org\/ies.claradelrey.madrid\/index.php\/2026\/04\/13\/jornadas-de-puertas-abiertas\/\" class=\"tpg-post-link\" target=\"_self\">Jornadas de Puertas Abiertas<\/a><\/h3><\/div>\n\t\t\t\t\t\t\t\t\t<div class=\"post-meta-tags rt-el-post-meta\">\n\t\t\t\t\t\t            <span class='date'>\n\t\t\t\t<i class='far fa-calendar-alt '><\/i>\t\t\t\t                    <a href=\"https:\/\/site.educa.madrid.org\/ies.claradelrey.madrid\/index.php\/2026\/04\/13\/\">\n\t\t\t\t\t13 abril, 2026\t\t\t\t<\/a>\n\t\t\t\t\t\t\t<\/span>\n\t\t\t\t\t\t\t\t<\/div>\n\t\t\t\t\n\t\t\t\t\t\t\t\t\t<div class=\"tpg-excerpt tpg-el-excerpt\">\n\t\t\t\t\t\t\t\t\t\t\t\t\t\t\t\t\t<\/div>\n\t\t\t\t\n\t\t\t\t\t\t\t<\/div>\n\n\t\t<\/div>\n\t<\/div>\n<\/div>\t\t\t\t<\/div>\n\n\t\t\t\t<div class='rt-pagination-wrap' data-total-pages='2' data-posts-per-page='3' data-type='pagination'><div class=\"rt-pagination\"><ul class=\"pagination-list\"><li class=\"active\"><span>1<\/span><\/li><li><a data-paged='2' href='https:\/\/site.educa.madrid.org\/ies.claradelrey.madrid\/index.php\/wp-json\/wp\/v2\/pages\/110\/page\/2\/'>2<\/a><\/li><\/ul><\/div><\/div>\n\t\t\t<\/div>\n\t\t<\/div>\n\t\t\n\n\n<p><\/p>\n\n\n\n<p><\/p>\n\n\n\n<h2 class=\"wp-block-heading has-text-align-center\"><strong><mark style=\"background-color:rgba(0, 0, 0, 0);color:#1f6085\" class=\"has-inline-color\">Pr\u00f3ximos eventos<\/mark><\/strong> <\/h2>\n\n\n\n<div id=\"mec_skin_90\"\r\n     class=\"mec-wrap    mec-full-calendar-wrap\">\r\n\r\n    <div class=\"mec-search-form mec-totalcal-box\">\r\n                                            <div id=\"mec_search_form_90\" class=\" mec-dropdown-classic\">\r\n                <div>\r\n\r\n                    \r\n                    <div class=\"mec-dropdown-wrap\">\r\n                                                                                                                                                                    <\/div>\r\n                <\/div>\r\n                                <div>\r\n                                                        <\/div>\r\n                <div class=\"mec-full-calendar-search-ends\">\r\n                                            <div class=\"mec-text-input-search\"><i class=\"mec-sl-magnifier\"><\/i>\r\n                    <input type=\"search\" value=\"\" id=\"mec_sf_s_90\" placeholder=\"\" title=\"\" \/>\r\n                <\/div>                                                                <div class=\"mec-date-search\"><input type=\"hidden\" id=\"mec-filter-none\" value=\"Seleccionar\"><i class=\"mec-sl-calendar\"><\/i>\r\n                    <select id=\"mec_sf_month_90\" title=\"Filtrar por mes\">\r\n                        <option class=\"mec-none-item\" value=\"none\" selected=\"selected\">Seleccionar<\/option><option value=\"01\">enero<\/option><option value=\"02\">febrero<\/option><option value=\"03\">marzo<\/option><option value=\"04\">abril<\/option><option value=\"05\">mayo<\/option><option value=\"06\">junio<\/option><option value=\"07\">julio<\/option><option value=\"08\">agosto<\/option><option value=\"09\">septiembre<\/option><option value=\"10\">octubre<\/option><option value=\"11\">noviembre<\/option><option value=\"12\">diciembre<\/option><\/select><select id=\"mec_sf_year_90\" title=\"Year Filter\"><option class=\"mec-none-item\" value=\"none\" selected=\"selected\">Seleccionar<\/option><option value=\"2025\">2025<\/option><option value=\"2026\">2026<\/option><\/select><\/div>                                                                                <div class=\"col-md-4 mec-tab-loader\">\r\n                        <div class=\"mec-totalcal-view\">\r\n                                                        <span\r\n                                class=\"mec-totalcal-monthlyview\"\r\n                                data-skin=\"monthly\">Mensualmente<\/span>                            <span\r\n                                class=\"mec-totalcal-weeklyview\"\r\n                                data-skin=\"weekly\">Semanalmente<\/span>                            <span\r\n                                class=\"mec-totalcal-dailyview\"\r\n                                data-skin=\"daily\">Diariamente<\/span>                            <span\r\n                                class=\"mec-totalcal-listview mec-totalcalview-selected\"\r\n                                data-skin=\"list\">Lista<\/span>                            <span\r\n                                class=\"mec-totalcal-gridview\"\r\n                                data-skin=\"grid\">Vista cuadr\u00edcula<\/span>                            <span\r\n                                class=\"mec-totalcal-tileview\"\r\n                                data-skin=\"tile\">Vista de Horario<\/span>                        <\/div>\r\n                    <\/div>\r\n                <\/div>\r\n            <\/div>\r\n            <\/div>\r\n\r\n    <div id=\"mec_full_calendar_container_90\" class=\"mec-full-calendar-skin-container\">\r\n        <div class=\"mec-wrap mec-skin-list-container  \" id=\"mec_skin_90\">\r\n\r\n    \r\n        <div class=\"mec-skin-list-events-container\" id=\"mec_skin_events_90\">\r\n        \u00a1No hay eventos!    <\/div>\r\n    \r\n    \r\n<\/div>\r\n    <\/div>\r\n\r\n    <\/div>\r\n\n\n\n\n<div style=\"height:40px\" aria-hidden=\"true\" class=\"wp-block-spacer\"><\/div>\n\n\n\n<h3 class=\"wp-block-heading\"><mark style=\"background-color:rgba(0, 0, 0, 0);color:#1f6085\" class=\"has-inline-color\">REACT. Fondos Europeos<\/mark><\/h3>\n\n\n\n<figure class=\"wp-block-image\"><a href=\"https:\/\/iesclaradelrey.es\/portal\/attachments\/article\/1414\/Informaci%C3%B3n%20REACT.pdf\" target=\"_blank\" rel=\"noreferrer noopener\"><img decoding=\"async\" src=\"https:\/\/iesclaradelrey.es\/portal\/images\/stories\/proyectoseuropeos\/logo_UE.jpg\" alt=\"REACT UE\"\/><\/a><\/figure>\n\n\n\n<div style=\"height:60px\" aria-hidden=\"true\" class=\"wp-block-spacer\"><\/div>\n\n\n\n<div style=\"height:20px\" aria-hidden=\"true\" class=\"wp-block-spacer\"><\/div>\n\n\n\n<div style=\"height:30px\" aria-hidden=\"true\" class=\"wp-block-spacer\"><\/div>\n\n\n\n<p><\/p>\n","protected":false},"excerpt":{"rendered":"<p>Bienvenidos&nbsp;al IES Clara del Rey Somos&nbsp;un centro p\u00fablico que imparte formaci\u00f3n profesional en las modalidades&nbsp;general,&nbsp;intensiva,&nbsp;virtual&nbsp;y&nbsp;biling\u00fce. \u00bfConoces Clara Radio? &nbsp; Escucha en cualquier lugar nuestros&nbsp;podcasts aqu\u00ed&nbsp;y en nuestro canal de&nbsp;Spotify. Novedades \u00a1Ya puedes usar el servicio de impresi\u00f3n del IES! Mas informaci\u00f3n AQUI. Pr\u00f3ximos eventos REACT. Fondos Europeos<\/p>\n","protected":false},"author":3,"featured_media":0,"parent":0,"menu_order":0,"comment_status":"closed","ping_status":"closed","template":"","meta":{"footnotes":""},"folder":[],"class_list":["post-110","page","type-page","status-publish","hentry"],"rttpg_featured_image_url":null,"rttpg_author":{"display_name":"ies.claradelrey.madrid","author_link":"https:\/\/site.educa.madrid.org\/ies.claradelrey.madrid\/index.php\/author\/cuenta_ies-claradelrey-madrid\/"},"rttpg_comment":0,"rttpg_category":false,"rttpg_excerpt":"Bienvenidos&nbsp;al IES Clara del Rey Somos&nbsp;un centro p\u00fablico que imparte formaci\u00f3n profesional en las modalidades&nbsp;general,&nbsp;intensiva,&nbsp;virtual&nbsp;y&nbsp;biling\u00fce. \u00bfConoces Clara Radio? &nbsp; Escucha en cualquier lugar nuestros&nbsp;podcasts aqu\u00ed&nbsp;y en nuestro canal de&nbsp;Spotify. Novedades \u00a1Ya puedes usar el servicio de impresi\u00f3n del IES! Mas informaci\u00f3n AQUI. Pr\u00f3ximos eventos REACT. Fondos Europeos","post_mailing_queue_ids":[],"_links":{"self":[{"href":"https:\/\/site.educa.madrid.org\/ies.claradelrey.madrid\/index.php\/wp-json\/wp\/v2\/pages\/110","targetHints":{"allow":["GET"]}}],"collection":[{"href":"https:\/\/site.educa.madrid.org\/ies.claradelrey.madrid\/index.php\/wp-json\/wp\/v2\/pages"}],"about":[{"href":"https:\/\/site.educa.madrid.org\/ies.claradelrey.madrid\/index.php\/wp-json\/wp\/v2\/types\/page"}],"author":[{"embeddable":true,"href":"https:\/\/site.educa.madrid.org\/ies.claradelrey.madrid\/index.php\/wp-json\/wp\/v2\/users\/3"}],"replies":[{"embeddable":true,"href":"https:\/\/site.educa.madrid.org\/ies.claradelrey.madrid\/index.php\/wp-json\/wp\/v2\/comments?post=110"}],"version-history":[{"count":50,"href":"https:\/\/site.educa.madrid.org\/ies.claradelrey.madrid\/index.php\/wp-json\/wp\/v2\/pages\/110\/revisions"}],"predecessor-version":[{"id":2538,"href":"https:\/\/site.educa.madrid.org\/ies.claradelrey.madrid\/index.php\/wp-json\/wp\/v2\/pages\/110\/revisions\/2538"}],"wp:attachment":[{"href":"https:\/\/site.educa.madrid.org\/ies.claradelrey.madrid\/index.php\/wp-json\/wp\/v2\/media?parent=110"}],"wp:term":[{"taxonomy":"folder","embeddable":true,"href":"https:\/\/site.educa.madrid.org\/ies.claradelrey.madrid\/index.php\/wp-json\/wp\/v2\/folder?post=110"}],"curies":[{"name":"wp","href":"https:\/\/api.w.org\/{rel}","templated":true}]}}