{"id":1115,"date":"2025-08-26T18:43:21","date_gmt":"2025-08-26T16:43:21","guid":{"rendered":"https:\/\/site.educa.madrid.org\/ies.claradelrey.madrid\/?page_id=1115"},"modified":"2025-08-26T18:44:35","modified_gmt":"2025-08-26T16:44:35","slug":"alumnos-recien-titulados-solicitud-de-certificados","status":"publish","type":"page","link":"https:\/\/site.educa.madrid.org\/ies.claradelrey.madrid\/index.php\/alumnos-recien-titulados-solicitud-de-certificados\/","title":{"rendered":"Alumnos reci\u00e9n titulados. Solicitud de Certificados."},"content":{"rendered":"\n<h4 class=\"wp-block-heading\"><strong><mark style=\"background-color:rgba(0, 0, 0, 0);color:#1f6085\" class=\"has-inline-color\">SOLICITUD DE CERTIFICADOS DE TITULACI\u00d3N<\/mark><\/strong><\/h4>\n\n\n\n<p><strong>Los alumnos reci\u00e9n titulados, una vez abonadas las tasas del t\u00edtulo, pueden solicitar un certificado de calificaciones que as\u00ed lo indique. El tr\u00e1mite se puede hacer de manera presencial en la Secretar\u00eda del centro o por correo electr\u00f3nico.&nbsp;<\/strong>Para ello, enviar mensaje a&nbsp;<a href=\"mailto:secretaria@iesclaradelrey.es\">secretaria@iesclaradelrey.es<\/a>&nbsp; indicando:<\/p>\n\n\n\n<pre class=\"wp-block-preformatted\">Nombre y Apellidos:<br>DNI\/NIE:<br>Ense\u00f1anzas \/Ciclo formativo que termina y modalidad:<\/pre>\n\n\n\n<p>Se debe adjuntar el justificante de pago de la tasa de t\u00edtulo, abonada a la Comunidad de Madrid mediante el impreso 030.<\/p>\n\n\n\n<p>IMPORTANTE: Los certificados se emitir\u00e1n una vez transcurrido el periodo de reclamaciones y se hayan firmado las actas. Este periodo suele ser de 10 d\u00edas h\u00e1biles desde que el alumno recibe el bolet\u00edn de notas.&nbsp;<\/p>\n\n\n\n<div style=\"height:20px\" aria-hidden=\"true\" class=\"wp-block-spacer\"><\/div>\n\n\n\n<h4 class=\"wp-block-heading\"><strong><mark style=\"background-color:rgba(0, 0, 0, 0);color:#1f6085\" class=\"has-inline-color\">RECOGIDA DE CERTIFICADOS<\/mark><\/strong><\/h4>\n\n\n\n<p><strong>Los certificados, como norma general, se recoger\u00e1n en la Conserjer\u00eda del centro, acreditando la identidad mediante DNI\/NIE.<\/strong>&nbsp;Solo se entregar\u00e1 a una persona autorizada si presenta escrito de autorizaci\u00f3n (donde se identifique claramente qui\u00e9n autoriza y a qui\u00e9n, con nombre y apellidos, tenga firma y se adjunte copia del DNI\/NIE de ambos). Excepcionalmente, tambi\u00e9n pueden ser remitidos por correo electr\u00f3nico, si el alumno acredita la imposibilidad de desplazarse al centro.&nbsp;<\/p>\n","protected":false},"excerpt":{"rendered":"<p>SOLICITUD DE CERTIFICADOS DE TITULACI\u00d3N Los alumnos reci\u00e9n titulados, una vez abonadas las tasas del t\u00edtulo, pueden solicitar un certificado de calificaciones que as\u00ed lo indique. El tr\u00e1mite se puede hacer de manera presencial en la Secretar\u00eda del centro o por correo electr\u00f3nico.&nbsp;Para ello, enviar mensaje a&nbsp;secretaria@iesclaradelrey.es&nbsp; indicando: Nombre y Apellidos:DNI\/NIE:Ense\u00f1anzas \/Ciclo formativo que termina<\/p><\/div>\n<div class=\"blog-btn\"><a href=\"https:\/\/site.educa.madrid.org\/ies.claradelrey.madrid\/index.php\/alumnos-recien-titulados-solicitud-de-certificados\/\" class=\"home-blog-btn\">Leer m\u00e1s<\/a><\/p>\n","protected":false},"author":3,"featured_media":0,"parent":0,"menu_order":0,"comment_status":"closed","ping_status":"closed","template":"","meta":{"footnotes":""},"folder":[],"class_list":["post-1115","page","type-page","status-publish","hentry"],"rttpg_featured_image_url":null,"rttpg_author":{"display_name":"ies.claradelrey.madrid","author_link":"https:\/\/site.educa.madrid.org\/ies.claradelrey.madrid\/index.php\/author\/cuenta_ies-claradelrey-madrid\/"},"rttpg_comment":0,"rttpg_category":false,"rttpg_excerpt":"SOLICITUD DE CERTIFICADOS DE TITULACI\u00d3N Los alumnos reci\u00e9n titulados, una vez abonadas las tasas del t\u00edtulo, pueden solicitar un certificado de calificaciones que as\u00ed lo indique. El tr\u00e1mite se puede hacer de manera presencial en la Secretar\u00eda del centro o por correo electr\u00f3nico.&nbsp;Para ello, enviar mensaje a&nbsp;secretaria@iesclaradelrey.es&nbsp; indicando: Nombre y Apellidos:DNI\/NIE:Ense\u00f1anzas \/Ciclo formativo que terminaLeer&hellip;","post_mailing_queue_ids":[],"_links":{"self":[{"href":"https:\/\/site.educa.madrid.org\/ies.claradelrey.madrid\/index.php\/wp-json\/wp\/v2\/pages\/1115","targetHints":{"allow":["GET"]}}],"collection":[{"href":"https:\/\/site.educa.madrid.org\/ies.claradelrey.madrid\/index.php\/wp-json\/wp\/v2\/pages"}],"about":[{"href":"https:\/\/site.educa.madrid.org\/ies.claradelrey.madrid\/index.php\/wp-json\/wp\/v2\/types\/page"}],"author":[{"embeddable":true,"href":"https:\/\/site.educa.madrid.org\/ies.claradelrey.madrid\/index.php\/wp-json\/wp\/v2\/users\/3"}],"replies":[{"embeddable":true,"href":"https:\/\/site.educa.madrid.org\/ies.claradelrey.madrid\/index.php\/wp-json\/wp\/v2\/comments?post=1115"}],"version-history":[{"count":2,"href":"https:\/\/site.educa.madrid.org\/ies.claradelrey.madrid\/index.php\/wp-json\/wp\/v2\/pages\/1115\/revisions"}],"predecessor-version":[{"id":1118,"href":"https:\/\/site.educa.madrid.org\/ies.claradelrey.madrid\/index.php\/wp-json\/wp\/v2\/pages\/1115\/revisions\/1118"}],"wp:attachment":[{"href":"https:\/\/site.educa.madrid.org\/ies.claradelrey.madrid\/index.php\/wp-json\/wp\/v2\/media?parent=1115"}],"wp:term":[{"taxonomy":"folder","embeddable":true,"href":"https:\/\/site.educa.madrid.org\/ies.claradelrey.madrid\/index.php\/wp-json\/wp\/v2\/folder?post=1115"}],"curies":[{"name":"wp","href":"https:\/\/api.w.org\/{rel}","templated":true}]}}