{"id":1309,"date":"2025-08-28T16:56:20","date_gmt":"2025-08-28T14:56:20","guid":{"rendered":"https:\/\/site.educa.madrid.org\/ies.claradelrey.madrid\/?page_id=1309"},"modified":"2026-03-23T13:29:11","modified_gmt":"2026-03-23T12:29:11","slug":"generales","status":"publish","type":"page","link":"https:\/\/site.educa.madrid.org\/ies.claradelrey.madrid\/index.php\/generales\/","title":{"rendered":"Documentos Generales"},"content":{"rendered":"\n<figure class=\"wp-block-table\"><table class=\"has-fixed-layout\"><thead><tr><th><a href=\"https:\/\/iesclaradelrey.es\/portal\/index.php\/es\/jefatura-de-estudios\/documentos\/alumnado-generales#\">T\u00edtulo<\/a><\/th><\/tr><\/thead><tbody><tr><td><a href=\"https:\/\/site.educa.madrid.org\/ies.claradelrey.madrid\/index.php\/actividades-extraescolares\/\"><mark style=\"background-color:rgba(0, 0, 0, 0)\" class=\"has-inline-color has-vivid-cyan-blue-color\">Actividades extraescolares<\/mark><\/a><\/td><\/tr><tr><td><a href=\"https:\/\/site.educa.madrid.org\/ies.claradelrey.madrid\/index.php\/informacion-cofinanciacion-de-ciclos-formativos-por-el-fondo-social-europeo\/\"><mark style=\"background-color:rgba(0, 0, 0, 0)\" class=\"has-inline-color has-vivid-cyan-blue-color\">Informaci\u00f3n: Cofinanciaci\u00f3n de ciclos formativos por el Fondo Social Europeo<\/mark><\/a><\/td><\/tr><tr><td><a href=\"https:\/\/site.educa.madrid.org\/ies.claradelrey.madrid\/index.php\/reclamacion-evaluacion-final-calificacion-final-decision-de-acceso-a-empresa\/\"><mark style=\"background-color:rgba(0, 0, 0, 0)\" class=\"has-inline-color has-vivid-cyan-blue-color\">Reclamaci\u00f3n evaluaci\u00f3n final (calificaci\u00f3n final, decisi\u00f3n de acceso a empresa)<\/mark><\/a><\/td><\/tr><\/tbody><\/table><\/figure>\n\n\n\n<p><\/p>\n","protected":false},"excerpt":{"rendered":"<p>T\u00edtulo Actividades extraescolares Informaci\u00f3n: Cofinanciaci\u00f3n de ciclos formativos por el Fondo Social Europeo Reclamaci\u00f3n evaluaci\u00f3n final (calificaci\u00f3n final, decisi\u00f3n de acceso a empresa)<\/p>\n","protected":false},"author":3,"featured_media":0,"parent":0,"menu_order":0,"comment_status":"closed","ping_status":"closed","template":"","meta":{"footnotes":""},"folder":[],"class_list":["post-1309","page","type-page","status-publish","hentry"],"rttpg_featured_image_url":null,"rttpg_author":{"display_name":"ies.claradelrey.madrid","author_link":"https:\/\/site.educa.madrid.org\/ies.claradelrey.madrid\/index.php\/author\/cuenta_ies-claradelrey-madrid\/"},"rttpg_comment":0,"rttpg_category":false,"rttpg_excerpt":"T\u00edtulo Actividades extraescolares Informaci\u00f3n: Cofinanciaci\u00f3n de ciclos formativos por el Fondo Social Europeo Reclamaci\u00f3n evaluaci\u00f3n final (calificaci\u00f3n final, decisi\u00f3n de acceso a empresa)","post_mailing_queue_ids":[],"_links":{"self":[{"href":"https:\/\/site.educa.madrid.org\/ies.claradelrey.madrid\/index.php\/wp-json\/wp\/v2\/pages\/1309","targetHints":{"allow":["GET"]}}],"collection":[{"href":"https:\/\/site.educa.madrid.org\/ies.claradelrey.madrid\/index.php\/wp-json\/wp\/v2\/pages"}],"about":[{"href":"https:\/\/site.educa.madrid.org\/ies.claradelrey.madrid\/index.php\/wp-json\/wp\/v2\/types\/page"}],"author":[{"embeddable":true,"href":"https:\/\/site.educa.madrid.org\/ies.claradelrey.madrid\/index.php\/wp-json\/wp\/v2\/users\/3"}],"replies":[{"embeddable":true,"href":"https:\/\/site.educa.madrid.org\/ies.claradelrey.madrid\/index.php\/wp-json\/wp\/v2\/comments?post=1309"}],"version-history":[{"count":4,"href":"https:\/\/site.educa.madrid.org\/ies.claradelrey.madrid\/index.php\/wp-json\/wp\/v2\/pages\/1309\/revisions"}],"predecessor-version":[{"id":2673,"href":"https:\/\/site.educa.madrid.org\/ies.claradelrey.madrid\/index.php\/wp-json\/wp\/v2\/pages\/1309\/revisions\/2673"}],"wp:attachment":[{"href":"https:\/\/site.educa.madrid.org\/ies.claradelrey.madrid\/index.php\/wp-json\/wp\/v2\/media?parent=1309"}],"wp:term":[{"taxonomy":"folder","embeddable":true,"href":"https:\/\/site.educa.madrid.org\/ies.claradelrey.madrid\/index.php\/wp-json\/wp\/v2\/folder?post=1309"}],"curies":[{"name":"wp","href":"https:\/\/api.w.org\/{rel}","templated":true}]}}