{"id":1334,"date":"2025-08-28T17:14:56","date_gmt":"2025-08-28T15:14:56","guid":{"rendered":"https:\/\/site.educa.madrid.org\/ies.claradelrey.madrid\/?page_id=1334"},"modified":"2025-08-28T17:15:13","modified_gmt":"2025-08-28T15:15:13","slug":"reclamacion-evaluacion-final-calificacion-final-decision-de-acceso-a-empresa","status":"publish","type":"page","link":"https:\/\/site.educa.madrid.org\/ies.claradelrey.madrid\/index.php\/reclamacion-evaluacion-final-calificacion-final-decision-de-acceso-a-empresa\/","title":{"rendered":"Reclamaci\u00f3n evaluaci\u00f3n final (calificaci\u00f3n final, decisi\u00f3n de acceso a empresa)"},"content":{"rendered":"\n<p><strong>Procedimiento de reclamaci\u00f3n<\/strong><\/p>\n\n\n\n<p>No son impugnables las notas de pruebas parciales realizadas a lo largo del curso. \u00danicamente se admiten reclamaciones de:<\/p>\n\n\n\n<ul class=\"wp-block-list\">\n<li>Calificaciones finales obtenidas en alguno de los m\u00f3dulos profesionales.<\/li>\n\n\n\n<li>Las decisiones adoptadas por el equipo docente al finalizar cada periodo formativo.<\/li>\n<\/ul>\n\n\n\n<p>Si el alumno no est\u00e1 de acuerdo con la calificaci\u00f3n final o con la decisi\u00f3n del equipo educativo, rellenar\u00e1 el documento de solicitud de revisi\u00f3n adjunto y lo&nbsp;<strong>entregar\u00e1 presencialmente en Secretar\u00eda antes de que finalice el plazo de 3 d\u00edas h\u00e1biles a partir del siguiente al de la notificaci\u00f3n de la calificaci\u00f3n<\/strong>&nbsp;al alumno por el tutor.<\/p>\n\n\n\n<figure class=\"wp-block-table\"><table class=\"has-fixed-layout\"><tbody><tr><td><a href=\"https:\/\/iesclaradelrey.es\/portal\/attachments\/article\/145\/Reclamacion_calificaci%C3%B3n_final_v3.docx\" target=\"_blank\" rel=\"noreferrer noopener\"><\/a><a href=\"https:\/\/iesclaradelrey.es\/portal\/attachments\/article\/145\/Reclamacion_calificaci%C3%B3n_final_v3.docx\" target=\"_blank\" rel=\"noreferrer noopener\"><mark style=\"background-color:rgba(0, 0, 0, 0)\" class=\"has-inline-color has-vivid-cyan-blue-color\">Solicitud de revisi\u00f3n de calificaci\u00f3n final<\/mark><\/a><\/td><td>[&nbsp;]<\/td><td>292 kB<\/td><\/tr><\/tbody><\/table><\/figure>\n\n\n\n<p><\/p>\n","protected":false},"excerpt":{"rendered":"<p>Procedimiento de reclamaci\u00f3n No son impugnables las notas de pruebas parciales realizadas a lo largo del curso. \u00danicamente se admiten reclamaciones de: Si el alumno no est\u00e1 de acuerdo con la calificaci\u00f3n final o con la decisi\u00f3n del equipo educativo, rellenar\u00e1 el documento de solicitud de revisi\u00f3n adjunto y lo&nbsp;entregar\u00e1 presencialmente en Secretar\u00eda antes de<\/p><\/div>\n<div class=\"blog-btn\"><a href=\"https:\/\/site.educa.madrid.org\/ies.claradelrey.madrid\/index.php\/reclamacion-evaluacion-final-calificacion-final-decision-de-acceso-a-empresa\/\" class=\"home-blog-btn\">Leer m\u00e1s<\/a><\/p>\n","protected":false},"author":3,"featured_media":0,"parent":0,"menu_order":0,"comment_status":"closed","ping_status":"closed","template":"","meta":{"footnotes":""},"folder":[],"class_list":["post-1334","page","type-page","status-publish","hentry"],"rttpg_featured_image_url":null,"rttpg_author":{"display_name":"ies.claradelrey.madrid","author_link":"https:\/\/site.educa.madrid.org\/ies.claradelrey.madrid\/index.php\/author\/cuenta_ies-claradelrey-madrid\/"},"rttpg_comment":0,"rttpg_category":false,"rttpg_excerpt":"Procedimiento de reclamaci\u00f3n No son impugnables las notas de pruebas parciales realizadas a lo largo del curso. \u00danicamente se admiten reclamaciones de: Si el alumno no est\u00e1 de acuerdo con la calificaci\u00f3n final o con la decisi\u00f3n del equipo educativo, rellenar\u00e1 el documento de solicitud de revisi\u00f3n adjunto y lo&nbsp;entregar\u00e1 presencialmente en Secretar\u00eda antes deLeer&hellip;","post_mailing_queue_ids":[],"_links":{"self":[{"href":"https:\/\/site.educa.madrid.org\/ies.claradelrey.madrid\/index.php\/wp-json\/wp\/v2\/pages\/1334","targetHints":{"allow":["GET"]}}],"collection":[{"href":"https:\/\/site.educa.madrid.org\/ies.claradelrey.madrid\/index.php\/wp-json\/wp\/v2\/pages"}],"about":[{"href":"https:\/\/site.educa.madrid.org\/ies.claradelrey.madrid\/index.php\/wp-json\/wp\/v2\/types\/page"}],"author":[{"embeddable":true,"href":"https:\/\/site.educa.madrid.org\/ies.claradelrey.madrid\/index.php\/wp-json\/wp\/v2\/users\/3"}],"replies":[{"embeddable":true,"href":"https:\/\/site.educa.madrid.org\/ies.claradelrey.madrid\/index.php\/wp-json\/wp\/v2\/comments?post=1334"}],"version-history":[{"count":2,"href":"https:\/\/site.educa.madrid.org\/ies.claradelrey.madrid\/index.php\/wp-json\/wp\/v2\/pages\/1334\/revisions"}],"predecessor-version":[{"id":1336,"href":"https:\/\/site.educa.madrid.org\/ies.claradelrey.madrid\/index.php\/wp-json\/wp\/v2\/pages\/1334\/revisions\/1336"}],"wp:attachment":[{"href":"https:\/\/site.educa.madrid.org\/ies.claradelrey.madrid\/index.php\/wp-json\/wp\/v2\/media?parent=1334"}],"wp:term":[{"taxonomy":"folder","embeddable":true,"href":"https:\/\/site.educa.madrid.org\/ies.claradelrey.madrid\/index.php\/wp-json\/wp\/v2\/folder?post=1334"}],"curies":[{"name":"wp","href":"https:\/\/api.w.org\/{rel}","templated":true}]}}