{"id":1339,"date":"2025-08-28T17:16:53","date_gmt":"2025-08-28T15:16:53","guid":{"rendered":"https:\/\/site.educa.madrid.org\/ies.claradelrey.madrid\/?page_id=1339"},"modified":"2025-08-28T17:28:49","modified_gmt":"2025-08-28T15:28:49","slug":"fct","status":"publish","type":"page","link":"https:\/\/site.educa.madrid.org\/ies.claradelrey.madrid\/index.php\/fct\/","title":{"rendered":"FCT"},"content":{"rendered":"\n<figure class=\"wp-block-table\"><table class=\"has-fixed-layout\"><thead><tr><th><a href=\"https:\/\/iesclaradelrey.es\/portal\/index.php\/es\/jefatura-de-estudios\/documentos\/fct-alumnado#\">T\u00edtulo<\/a><\/th><\/tr><\/thead><tbody><tr><td><a href=\"https:\/\/site.educa.madrid.org\/ies.claradelrey.madrid\/index.php\/fct-ficha-de-seguimiento-semanal-del-alumno\/\"><mark style=\"background-color:rgba(0, 0, 0, 0)\" class=\"has-inline-color has-vivid-cyan-blue-color\">FCT Ficha de seguimiento semanal del alumno<\/mark><\/a><\/td><\/tr><tr><td><a href=\"https:\/\/site.educa.madrid.org\/ies.claradelrey.madrid\/index.php\/fct-justificante-de-asistencia-a-la-tutoria-de-fct\/\"><mark style=\"background-color:rgba(0, 0, 0, 0)\" class=\"has-inline-color has-vivid-cyan-blue-color\">FCT Justificante de asistencia a la tutor\u00eda de FCT<\/mark><\/a><\/td><\/tr><tr><td><a href=\"https:\/\/iesclaradelrey.es\/portal\/index.php\/es\/jefatura-de-estudios\/documentos\/fct-alumnado\/622-fct-poliza-de-seguro-de-la-comunidad\"><mark style=\"background-color:rgba(0, 0, 0, 0)\" class=\"has-inline-color has-vivid-cyan-blue-color\">FCT P\u00f3liza de seguro de la Consejer\u00eda de Educaci\u00f3n<\/mark><\/a><\/td><\/tr><tr><td><a href=\"https:\/\/site.educa.madrid.org\/ies.claradelrey.madrid\/index.php\/fct-solicitud-de-aplazamiento-de-la-calificacion-de-fct\/\"><mark style=\"background-color:rgba(0, 0, 0, 0)\" class=\"has-inline-color has-vivid-cyan-blue-color\">FCT Solicitud de aplazamiento de la calificaci\u00f3n de FCT<\/mark><\/a><\/td><\/tr><tr><td><a href=\"https:\/\/site.educa.madrid.org\/ies.claradelrey.madrid\/\/wp-content\/uploads\/ies.claradelrey.madrid\/2025\/08\/CobroFctAlumnos-1.pdf\"><mark style=\"background-color:rgba(0, 0, 0, 0)\" class=\"has-inline-color has-vivid-cyan-blue-color\">FCT Solicitud de compensaci\u00f3n de transporte<\/mark><\/a><\/td><\/tr><tr><td><a href=\"https:\/\/site.educa.madrid.org\/ies.claradelrey.madrid\/\/wp-content\/uploads\/ies.claradelrey.madrid\/2025\/08\/Solicitud_renuncia_convocatoria_FCT_v2.pdf\"><mark style=\"background-color:rgba(0, 0, 0, 0)\" class=\"has-inline-color has-vivid-cyan-blue-color\">FCT Solicitud de renuncia a la convocatoria de FCT<\/mark><\/a><\/td><\/tr><\/tbody><\/table><\/figure>\n\n\n\n<p><\/p>\n","protected":false},"excerpt":{"rendered":"<p>T\u00edtulo FCT Ficha de seguimiento semanal del alumno FCT Justificante de asistencia a la tutor\u00eda de FCT FCT P\u00f3liza de seguro de la Consejer\u00eda de Educaci\u00f3n FCT Solicitud de aplazamiento de la calificaci\u00f3n de FCT FCT Solicitud de compensaci\u00f3n de transporte FCT Solicitud de renuncia a la convocatoria de FCT<\/p>\n","protected":false},"author":3,"featured_media":0,"parent":0,"menu_order":0,"comment_status":"closed","ping_status":"closed","template":"","meta":{"footnotes":""},"folder":[],"class_list":["post-1339","page","type-page","status-publish","hentry"],"rttpg_featured_image_url":null,"rttpg_author":{"display_name":"ies.claradelrey.madrid","author_link":"https:\/\/site.educa.madrid.org\/ies.claradelrey.madrid\/index.php\/author\/cuenta_ies-claradelrey-madrid\/"},"rttpg_comment":0,"rttpg_category":false,"rttpg_excerpt":"T\u00edtulo FCT Ficha de seguimiento semanal del alumno FCT Justificante de asistencia a la tutor\u00eda de FCT FCT P\u00f3liza de seguro de la Consejer\u00eda de Educaci\u00f3n FCT Solicitud de aplazamiento de la calificaci\u00f3n de FCT FCT Solicitud de compensaci\u00f3n de transporte FCT Solicitud de renuncia a la convocatoria de FCT","post_mailing_queue_ids":[],"_links":{"self":[{"href":"https:\/\/site.educa.madrid.org\/ies.claradelrey.madrid\/index.php\/wp-json\/wp\/v2\/pages\/1339","targetHints":{"allow":["GET"]}}],"collection":[{"href":"https:\/\/site.educa.madrid.org\/ies.claradelrey.madrid\/index.php\/wp-json\/wp\/v2\/pages"}],"about":[{"href":"https:\/\/site.educa.madrid.org\/ies.claradelrey.madrid\/index.php\/wp-json\/wp\/v2\/types\/page"}],"author":[{"embeddable":true,"href":"https:\/\/site.educa.madrid.org\/ies.claradelrey.madrid\/index.php\/wp-json\/wp\/v2\/users\/3"}],"replies":[{"embeddable":true,"href":"https:\/\/site.educa.madrid.org\/ies.claradelrey.madrid\/index.php\/wp-json\/wp\/v2\/comments?post=1339"}],"version-history":[{"count":2,"href":"https:\/\/site.educa.madrid.org\/ies.claradelrey.madrid\/index.php\/wp-json\/wp\/v2\/pages\/1339\/revisions"}],"predecessor-version":[{"id":1359,"href":"https:\/\/site.educa.madrid.org\/ies.claradelrey.madrid\/index.php\/wp-json\/wp\/v2\/pages\/1339\/revisions\/1359"}],"wp:attachment":[{"href":"https:\/\/site.educa.madrid.org\/ies.claradelrey.madrid\/index.php\/wp-json\/wp\/v2\/media?parent=1339"}],"wp:term":[{"taxonomy":"folder","embeddable":true,"href":"https:\/\/site.educa.madrid.org\/ies.claradelrey.madrid\/index.php\/wp-json\/wp\/v2\/folder?post=1339"}],"curies":[{"name":"wp","href":"https:\/\/api.w.org\/{rel}","templated":true}]}}