{"id":1347,"date":"2025-08-28T17:19:42","date_gmt":"2025-08-28T15:19:42","guid":{"rendered":"https:\/\/site.educa.madrid.org\/ies.claradelrey.madrid\/?page_id=1347"},"modified":"2025-08-28T17:21:18","modified_gmt":"2025-08-28T15:21:18","slug":"fct-justificante-de-asistencia-a-la-tutoria-de-fct","status":"publish","type":"page","link":"https:\/\/site.educa.madrid.org\/ies.claradelrey.madrid\/index.php\/fct-justificante-de-asistencia-a-la-tutoria-de-fct\/","title":{"rendered":"FCT Justificante de asistencia a la tutor\u00eda de FCT"},"content":{"rendered":"\n<p>Justificante para el alumno de asistencia a la tutor\u00eda de FCT.<\/p>\n\n\n\n<figure class=\"wp-block-table\"><table class=\"has-fixed-layout\"><tbody><tr><td><a href=\"https:\/\/iesclaradelrey.es\/portal\/attachments\/article\/753\/Justificante_asistencia_tutor%C3%ADa_FCT_v1.odt\" target=\"_blank\" rel=\"noreferrer noopener\"><\/a><a href=\"https:\/\/iesclaradelrey.es\/portal\/attachments\/article\/753\/Justificante_asistencia_tutor%C3%ADa_FCT_v1.odt\" target=\"_blank\" rel=\"noreferrer noopener\"><mark style=\"background-color:rgba(0, 0, 0, 0)\" class=\"has-inline-color has-vivid-cyan-blue-color\">Justificante para el alumno de asistencia a la tutor\u00eda de FCT<\/mark><\/a><\/td><td>[ODT]<\/td><\/tr><tr><td><a href=\"https:\/\/iesclaradelrey.es\/portal\/attachments\/article\/753\/Justificante_asistencia_tutor%C3%ADa_FCT_v1.pdf\" target=\"_blank\" rel=\"noreferrer noopener\"><\/a><a href=\"https:\/\/site.educa.madrid.org\/ies.claradelrey.madrid\/\/wp-content\/uploads\/ies.claradelrey.madrid\/2025\/08\/Justificante_asistencia_tutoria_FCT_v1.pdf\"><mark style=\"background-color:rgba(0, 0, 0, 0)\" class=\"has-inline-color has-vivid-cyan-blue-color\">Justificante para el alumno de asistencia a la tutor\u00eda de FCT<\/mark><\/a><\/td><td>[PDF]<\/td><\/tr><tr><td><a href=\"https:\/\/iesclaradelrey.es\/portal\/attachments\/article\/753\/Justificante_asistencia_tutor%C3%ADa_FCT_v1.docx\" target=\"_blank\" rel=\"noreferrer noopener\"><\/a><a href=\"https:\/\/iesclaradelrey.es\/portal\/attachments\/article\/753\/Justificante_asistencia_tutor%C3%ADa_FCT_v1.docx\" target=\"_blank\" rel=\"noreferrer noopener\"><mark style=\"background-color:rgba(0, 0, 0, 0)\" class=\"has-inline-color has-vivid-cyan-blue-color\">Justificante para el alumno de asistencia a la tutor\u00eda de FCT<\/mark><\/a><\/td><td>[Docx]<\/td><\/tr><\/tbody><\/table><\/figure>\n\n\n\n<p><\/p>\n","protected":false},"excerpt":{"rendered":"<p>Justificante para el alumno de asistencia a la tutor\u00eda de FCT. Justificante para el alumno de asistencia a la tutor\u00eda de FCT [ODT] Justificante para el alumno de asistencia a la tutor\u00eda de FCT [PDF] Justificante para el alumno de asistencia a la tutor\u00eda de FCT [Docx]<\/p>\n","protected":false},"author":3,"featured_media":0,"parent":0,"menu_order":0,"comment_status":"closed","ping_status":"closed","template":"","meta":{"footnotes":""},"folder":[],"class_list":["post-1347","page","type-page","status-publish","hentry"],"rttpg_featured_image_url":null,"rttpg_author":{"display_name":"ies.claradelrey.madrid","author_link":"https:\/\/site.educa.madrid.org\/ies.claradelrey.madrid\/index.php\/author\/cuenta_ies-claradelrey-madrid\/"},"rttpg_comment":0,"rttpg_category":false,"rttpg_excerpt":"Justificante para el alumno de asistencia a la tutor\u00eda de FCT. Justificante para el alumno de asistencia a la tutor\u00eda de FCT [ODT] Justificante para el alumno de asistencia a la tutor\u00eda de FCT [PDF] Justificante para el alumno de asistencia a la tutor\u00eda de FCT [Docx]","post_mailing_queue_ids":[],"_links":{"self":[{"href":"https:\/\/site.educa.madrid.org\/ies.claradelrey.madrid\/index.php\/wp-json\/wp\/v2\/pages\/1347","targetHints":{"allow":["GET"]}}],"collection":[{"href":"https:\/\/site.educa.madrid.org\/ies.claradelrey.madrid\/index.php\/wp-json\/wp\/v2\/pages"}],"about":[{"href":"https:\/\/site.educa.madrid.org\/ies.claradelrey.madrid\/index.php\/wp-json\/wp\/v2\/types\/page"}],"author":[{"embeddable":true,"href":"https:\/\/site.educa.madrid.org\/ies.claradelrey.madrid\/index.php\/wp-json\/wp\/v2\/users\/3"}],"replies":[{"embeddable":true,"href":"https:\/\/site.educa.madrid.org\/ies.claradelrey.madrid\/index.php\/wp-json\/wp\/v2\/comments?post=1347"}],"version-history":[{"count":2,"href":"https:\/\/site.educa.madrid.org\/ies.claradelrey.madrid\/index.php\/wp-json\/wp\/v2\/pages\/1347\/revisions"}],"predecessor-version":[{"id":1351,"href":"https:\/\/site.educa.madrid.org\/ies.claradelrey.madrid\/index.php\/wp-json\/wp\/v2\/pages\/1347\/revisions\/1351"}],"wp:attachment":[{"href":"https:\/\/site.educa.madrid.org\/ies.claradelrey.madrid\/index.php\/wp-json\/wp\/v2\/media?parent=1347"}],"wp:term":[{"taxonomy":"folder","embeddable":true,"href":"https:\/\/site.educa.madrid.org\/ies.claradelrey.madrid\/index.php\/wp-json\/wp\/v2\/folder?post=1347"}],"curies":[{"name":"wp","href":"https:\/\/api.w.org\/{rel}","templated":true}]}}