{"id":1352,"date":"2025-08-28T17:25:27","date_gmt":"2025-08-28T15:25:27","guid":{"rendered":"https:\/\/site.educa.madrid.org\/ies.claradelrey.madrid\/?page_id=1352"},"modified":"2025-08-28T17:26:51","modified_gmt":"2025-08-28T15:26:51","slug":"fct-solicitud-de-aplazamiento-de-la-calificacion-de-fct","status":"publish","type":"page","link":"https:\/\/site.educa.madrid.org\/ies.claradelrey.madrid\/index.php\/fct-solicitud-de-aplazamiento-de-la-calificacion-de-fct\/","title":{"rendered":"FCT Solicitud de aplazamiento de la calificaci\u00f3n de FCT"},"content":{"rendered":"\n<p>El alumno&nbsp;puede solicitar el&nbsp;aplazamiento de&nbsp;la calificaci\u00f3n del m\u00f3dulo de FCT&nbsp;cuando &nbsp;no pueda realizarlo en jornadas diarias de duraci\u00f3n&nbsp;similar a la que tengan establecidas los centros de trabajo para sus trabajadores por alguna de las&nbsp;siguientes circunstancias:&nbsp;<\/p>\n\n\n\n<p>a) Enfermedad prolongada o accidente del alumno.<br>b) Obligaciones de tipo personal o familiar apreciadas por el director del centro que condicionen o impidan la normal dedicaci\u00f3n a la actividad.<br>c) Desempe\u00f1o de un puesto de trabajo.<\/p>\n\n\n\n<p>La solicitud se presentar\u00e1 con una antelaci\u00f3n m\u00ednima de diez d\u00edas antes del comienzo de la FCT, acompa\u00f1ada de la documentaci\u00f3n que justifique las razones que se aleguen.<\/p>\n\n\n\n<p>En los ciclos de grado superior&nbsp;el aplazamiento de la calificaci\u00f3n del&nbsp;m\u00f3dulo de FCT implicar\u00e1 a su vez el aplazamiento de la calificaci\u00f3n del m\u00f3dulo de&nbsp;Proyecto.<\/p>\n\n\n\n<figure class=\"wp-block-table\"><table class=\"has-fixed-layout\"><tbody><tr><td><a href=\"https:\/\/iesclaradelrey.es\/portal\/attachments\/article\/947\/Solicitud_aplazamiento_FCT_Anexo4.docx\" target=\"_blank\" rel=\"noreferrer noopener\"><\/a><a href=\"https:\/\/iesclaradelrey.es\/portal\/attachments\/article\/947\/Solicitud_aplazamiento_FCT_Anexo4.docx\" target=\"_blank\" rel=\"noreferrer noopener\"><mark style=\"background-color:rgba(0, 0, 0, 0)\" class=\"has-inline-color has-vivid-cyan-blue-color\">Solicitud de aplazamiento de FCT<\/mark><\/a><\/td><td>[Rellenar y entregar en Secretar\u00eda]. Docx<\/td><\/tr><tr><td><a href=\"https:\/\/iesclaradelrey.es\/portal\/attachments\/article\/947\/Solicitud_aplazamiento_FCT_Anexo4.odt\" target=\"_blank\" rel=\"noreferrer noopener\"><\/a><a href=\"https:\/\/iesclaradelrey.es\/portal\/attachments\/article\/947\/Solicitud_aplazamiento_FCT_Anexo4.odt\" target=\"_blank\" rel=\"noreferrer noopener\"><mark style=\"background-color:rgba(0, 0, 0, 0)\" class=\"has-inline-color has-vivid-cyan-blue-color\">Solicitud de aplazamiento de FCT<\/mark><\/a><\/td><td>[Rellenar y entregar en Secretar\u00eda]. ODT<\/td><\/tr><tr><td><a href=\"https:\/\/iesclaradelrey.es\/portal\/attachments\/article\/947\/Solicitud_aplazamiento_FCT_Anexo4.pdf\" target=\"_blank\" rel=\"noreferrer noopener\"><\/a><a href=\"https:\/\/site.educa.madrid.org\/ies.claradelrey.madrid\/\/wp-content\/uploads\/ies.claradelrey.madrid\/2025\/08\/Solicitud_aplazamiento_FCT_Anexo4.pdf\" target=\"_blank\" rel=\"noreferrer noopener\"><mark style=\"background-color:rgba(0, 0, 0, 0)\" class=\"has-inline-color has-vivid-cyan-blue-color\">Solicitud de aplazamiento de FCT<\/mark><\/a><\/td><td>[Rellenar y entregar en Secretar\u00eda]. PDF<\/td><\/tr><\/tbody><\/table><\/figure>\n\n\n\n<p><\/p>\n","protected":false},"excerpt":{"rendered":"<p>El alumno&nbsp;puede solicitar el&nbsp;aplazamiento de&nbsp;la calificaci\u00f3n del m\u00f3dulo de FCT&nbsp;cuando &nbsp;no pueda realizarlo en jornadas diarias de duraci\u00f3n&nbsp;similar a la que tengan establecidas los centros de trabajo para sus trabajadores por alguna de las&nbsp;siguientes circunstancias:&nbsp; a) Enfermedad prolongada o accidente del alumno.b) Obligaciones de tipo personal o familiar apreciadas por el director del centro que<\/p><\/div>\n<div class=\"blog-btn\"><a href=\"https:\/\/site.educa.madrid.org\/ies.claradelrey.madrid\/index.php\/fct-solicitud-de-aplazamiento-de-la-calificacion-de-fct\/\" class=\"home-blog-btn\">Leer m\u00e1s<\/a><\/p>\n","protected":false},"author":3,"featured_media":0,"parent":0,"menu_order":0,"comment_status":"closed","ping_status":"closed","template":"","meta":{"footnotes":""},"folder":[],"class_list":["post-1352","page","type-page","status-publish","hentry"],"rttpg_featured_image_url":null,"rttpg_author":{"display_name":"ies.claradelrey.madrid","author_link":"https:\/\/site.educa.madrid.org\/ies.claradelrey.madrid\/index.php\/author\/cuenta_ies-claradelrey-madrid\/"},"rttpg_comment":0,"rttpg_category":false,"rttpg_excerpt":"El alumno&nbsp;puede solicitar el&nbsp;aplazamiento de&nbsp;la calificaci\u00f3n del m\u00f3dulo de FCT&nbsp;cuando &nbsp;no pueda realizarlo en jornadas diarias de duraci\u00f3n&nbsp;similar a la que tengan establecidas los centros de trabajo para sus trabajadores por alguna de las&nbsp;siguientes circunstancias:&nbsp; a) Enfermedad prolongada o accidente del alumno.b) Obligaciones de tipo personal o familiar apreciadas por el director del centro queLeer&hellip;","post_mailing_queue_ids":[],"_links":{"self":[{"href":"https:\/\/site.educa.madrid.org\/ies.claradelrey.madrid\/index.php\/wp-json\/wp\/v2\/pages\/1352","targetHints":{"allow":["GET"]}}],"collection":[{"href":"https:\/\/site.educa.madrid.org\/ies.claradelrey.madrid\/index.php\/wp-json\/wp\/v2\/pages"}],"about":[{"href":"https:\/\/site.educa.madrid.org\/ies.claradelrey.madrid\/index.php\/wp-json\/wp\/v2\/types\/page"}],"author":[{"embeddable":true,"href":"https:\/\/site.educa.madrid.org\/ies.claradelrey.madrid\/index.php\/wp-json\/wp\/v2\/users\/3"}],"replies":[{"embeddable":true,"href":"https:\/\/site.educa.madrid.org\/ies.claradelrey.madrid\/index.php\/wp-json\/wp\/v2\/comments?post=1352"}],"version-history":[{"count":2,"href":"https:\/\/site.educa.madrid.org\/ies.claradelrey.madrid\/index.php\/wp-json\/wp\/v2\/pages\/1352\/revisions"}],"predecessor-version":[{"id":1356,"href":"https:\/\/site.educa.madrid.org\/ies.claradelrey.madrid\/index.php\/wp-json\/wp\/v2\/pages\/1352\/revisions\/1356"}],"wp:attachment":[{"href":"https:\/\/site.educa.madrid.org\/ies.claradelrey.madrid\/index.php\/wp-json\/wp\/v2\/media?parent=1352"}],"wp:term":[{"taxonomy":"folder","embeddable":true,"href":"https:\/\/site.educa.madrid.org\/ies.claradelrey.madrid\/index.php\/wp-json\/wp\/v2\/folder?post=1352"}],"curies":[{"name":"wp","href":"https:\/\/api.w.org\/{rel}","templated":true}]}}