{"id":1362,"date":"2025-08-28T18:28:59","date_gmt":"2025-08-28T16:28:59","guid":{"rendered":"https:\/\/site.educa.madrid.org\/ies.claradelrey.madrid\/?page_id=1362"},"modified":"2025-08-28T18:31:34","modified_gmt":"2025-08-28T16:31:34","slug":"fct-formacion-en-centros-de-trabajo-convenios-de-practicas","status":"publish","type":"page","link":"https:\/\/site.educa.madrid.org\/ies.claradelrey.madrid\/index.php\/fct-formacion-en-centros-de-trabajo-convenios-de-practicas\/","title":{"rendered":"FCT: Formaci\u00f3n en centros de trabajo. Convenios de pr\u00e1cticas"},"content":{"rendered":"\n<h3 class=\"wp-block-heading\"><mark style=\"background-color:rgba(0, 0, 0, 0);color:#1f6085\" class=\"has-inline-color\">FCT<\/mark><\/h3>\n\n\n\n<p>Jefe de estudios adjunto: D\u00aa. Pilar Corraliza<\/p>\n\n\n\n<p>Contactar:&nbsp;<a href=\"mailto:fct@iesclaradelrey.es\">fct@iesclaradelrey.es<\/a><\/p>\n\n\n\n<h3 class=\"wp-block-heading\"><mark style=\"background-color:rgba(0, 0, 0, 0);color:#1f6085\" class=\"has-inline-color\">INFORMACI\u00d3N GENERAL<\/mark><\/h3>\n\n\n\n<h4 class=\"wp-block-heading\"><mark style=\"background-color:rgba(0, 0, 0, 0);color:#1f6085\" class=\"has-inline-color\">Formaci\u00f3n en centros de trabajo<\/mark><\/h4>\n\n\n\n<p>La Formaci\u00f3n en Centros de Trabajo (FCT) es un m\u00f3dulo necesario para completar la formaci\u00f3n del alumno y tener acceso al t\u00edtulo.<\/p>\n\n\n\n<p>Su duraci\u00f3n aproximada es de tres meses (370 horas) y se realizan en dos periodos \u201cseptiembre a diciembre\u201d periodo extraordinario o \u201cmarzo a junio\u201d periodo ordinario.<\/p>\n\n\n\n<p>Los alumnos llevan a cabo las pr\u00e1cticas en entidades p\u00fablicas y privadas, para ello es necesaria la firma de un Convenio de colaboraci\u00f3n entre el Centro educativo y la empresa, dicho convenio, regula las condiciones en que se realizan las pr\u00e1cticas.<\/p>\n\n\n\n<p>Se elabora tambi\u00e9n un Programa formativo que incluye las tareas que el alumno est\u00e1 en condiciones de realizar en su aprendizaje.<\/p>\n\n\n\n<p>Durante el periodo de las pr\u00e1cticas el alumno debe asistir cada 15 d\u00edas a una tutor\u00eda en el IES con el tutor del Centro. El calendario para estas tutor\u00edas se fija por el tutor del IES y se traslada al alumno y al tutor de la empresa para su conocimiento.<\/p>\n\n\n\n<p>En estas tutor\u00edas se realiza un seguimiento de las tareas realizadas en esos 15 d\u00edas, mediante las Hojas semanales visadas por el tutor de la empresa.<\/p>\n\n\n\n<p>Al finalizar el periodo de formaci\u00f3n, el tutor de la entidad cumplimentar\u00e1 un Informe Final en el que indicar\u00e1 si el alumno es APTO o No APTO.<\/p>\n\n\n\n<h3 class=\"wp-block-heading\"><mark style=\"background-color:rgba(0, 0, 0, 0);color:#1f6085\" class=\"has-inline-color\">Solicitud de colaboraci\u00f3n<\/mark><\/h3>\n\n\n\n<p>Las entidades interesadas en participar en el programa de Formaci\u00f3n en Centros de Trabajo, deben dirigirse al correo&nbsp;<a href=\"mailto:fct@iesclaradelrey.es\">fct@iesclaradelrey.es<\/a>&nbsp;indicando los Ciclos Formativos con los que quieren colaborar.<\/p>\n\n\n\n<p>Los Ciclos Formativos que se imparten en el IES se corresponden con las Familias profesionales de \u201cAdministraci\u00f3n y Gesti\u00f3n\u201d, \u201cComercio y Marketing\u201d e \u201cInform\u00e1tica y Comunicaciones\u201d.<\/p>\n\n\n\n<p>Recibida la solicitud, los tutores del Centro se pondr\u00e1n en contacto con las entidades para informarles de todo lo necesario para comenzar la colaboraci\u00f3n.<\/p>\n\n\n\n<p>Al tratarse de un periodo de pr\u00e1cticas formativas, la entidad no puede cubrir plazas vacantes con los alumnos, ni establecer con ellos otra relaci\u00f3n contractual al margen del Convenio de colaboraci\u00f3n con el Centro educativo.<\/p>\n\n\n\n<figure class=\"wp-block-table\"><table class=\"has-fixed-layout\"><tbody><tr><td><a href=\"https:\/\/iesclaradelrey.es\/portal\/attachments\/category\/107\/Folleto_web_de_FCT.pdf\" target=\"_blank\" rel=\"noreferrer noopener\"><\/a><a href=\"https:\/\/site.educa.madrid.org\/ies.claradelrey.madrid\/\/wp-content\/uploads\/ies.claradelrey.madrid\/2025\/08\/Folleto_web_de_FCT.pdf\" target=\"_blank\" rel=\"noreferrer noopener\"><mark style=\"background-color:rgba(0, 0, 0, 0)\" class=\"has-inline-color has-vivid-cyan-blue-color\">Folleto informativo para empresas sobre la FCT<\/mark><\/a><\/td><td>335 kB<\/td><\/tr><tr><td><a href=\"http:\/\/www.madrid.org\/fp\/fct\/fctGESTION_IES.htm\" target=\"_blank\" rel=\"noreferrer noopener\"><\/a><a href=\"http:\/\/www.madrid.org\/fp\/fct\/fctGESTION_IES.htm\" target=\"_blank\" rel=\"noreferrer noopener\"><mark style=\"background-color:rgba(0, 0, 0, 0)\" class=\"has-inline-color has-vivid-cyan-blue-color\">Documentos de gesti\u00f3n<\/mark><\/a><\/td><td>0 kB<\/td><\/tr><\/tbody><\/table><\/figure>\n","protected":false},"excerpt":{"rendered":"<p>FCT Jefe de estudios adjunto: D\u00aa. Pilar Corraliza Contactar:&nbsp;fct@iesclaradelrey.es INFORMACI\u00d3N GENERAL Formaci\u00f3n en centros de trabajo La Formaci\u00f3n en Centros de Trabajo (FCT) es un m\u00f3dulo necesario para completar la formaci\u00f3n del alumno y tener acceso al t\u00edtulo. Su duraci\u00f3n aproximada es de tres meses (370 horas) y se realizan en dos periodos \u201cseptiembre a<\/p><\/div>\n<div class=\"blog-btn\"><a href=\"https:\/\/site.educa.madrid.org\/ies.claradelrey.madrid\/index.php\/fct-formacion-en-centros-de-trabajo-convenios-de-practicas\/\" class=\"home-blog-btn\">Leer m\u00e1s<\/a><\/p>\n","protected":false},"author":3,"featured_media":0,"parent":0,"menu_order":0,"comment_status":"closed","ping_status":"closed","template":"","meta":{"footnotes":""},"folder":[],"class_list":["post-1362","page","type-page","status-publish","hentry"],"rttpg_featured_image_url":null,"rttpg_author":{"display_name":"ies.claradelrey.madrid","author_link":"https:\/\/site.educa.madrid.org\/ies.claradelrey.madrid\/index.php\/author\/cuenta_ies-claradelrey-madrid\/"},"rttpg_comment":0,"rttpg_category":false,"rttpg_excerpt":"FCT Jefe de estudios adjunto: D\u00aa. Pilar Corraliza Contactar:&nbsp;fct@iesclaradelrey.es INFORMACI\u00d3N GENERAL Formaci\u00f3n en centros de trabajo La Formaci\u00f3n en Centros de Trabajo (FCT) es un m\u00f3dulo necesario para completar la formaci\u00f3n del alumno y tener acceso al t\u00edtulo. Su duraci\u00f3n aproximada es de tres meses (370 horas) y se realizan en dos periodos \u201cseptiembre aLeer&hellip;","post_mailing_queue_ids":[],"_links":{"self":[{"href":"https:\/\/site.educa.madrid.org\/ies.claradelrey.madrid\/index.php\/wp-json\/wp\/v2\/pages\/1362","targetHints":{"allow":["GET"]}}],"collection":[{"href":"https:\/\/site.educa.madrid.org\/ies.claradelrey.madrid\/index.php\/wp-json\/wp\/v2\/pages"}],"about":[{"href":"https:\/\/site.educa.madrid.org\/ies.claradelrey.madrid\/index.php\/wp-json\/wp\/v2\/types\/page"}],"author":[{"embeddable":true,"href":"https:\/\/site.educa.madrid.org\/ies.claradelrey.madrid\/index.php\/wp-json\/wp\/v2\/users\/3"}],"replies":[{"embeddable":true,"href":"https:\/\/site.educa.madrid.org\/ies.claradelrey.madrid\/index.php\/wp-json\/wp\/v2\/comments?post=1362"}],"version-history":[{"count":2,"href":"https:\/\/site.educa.madrid.org\/ies.claradelrey.madrid\/index.php\/wp-json\/wp\/v2\/pages\/1362\/revisions"}],"predecessor-version":[{"id":1366,"href":"https:\/\/site.educa.madrid.org\/ies.claradelrey.madrid\/index.php\/wp-json\/wp\/v2\/pages\/1362\/revisions\/1366"}],"wp:attachment":[{"href":"https:\/\/site.educa.madrid.org\/ies.claradelrey.madrid\/index.php\/wp-json\/wp\/v2\/media?parent=1362"}],"wp:term":[{"taxonomy":"folder","embeddable":true,"href":"https:\/\/site.educa.madrid.org\/ies.claradelrey.madrid\/index.php\/wp-json\/wp\/v2\/folder?post=1362"}],"curies":[{"name":"wp","href":"https:\/\/api.w.org\/{rel}","templated":true}]}}