{"id":2388,"date":"2026-03-11T17:17:39","date_gmt":"2026-03-11T16:17:39","guid":{"rendered":"https:\/\/site.educa.madrid.org\/ies.claradelrey.madrid\/?page_id=2388"},"modified":"2026-04-30T16:56:44","modified_gmt":"2026-04-30T14:56:44","slug":"fotocopias-e-impresion","status":"publish","type":"page","link":"https:\/\/site.educa.madrid.org\/ies.claradelrey.madrid\/index.php\/comunidad-educativa\/alumnado\/fotocopias-e-impresion\/","title":{"rendered":"Fotocopias e Impresi\u00f3n"},"content":{"rendered":"<h4><span style=\"color: #1f6085;\"><strong>FOTOCOPIAS E IMPRESI\u00d3N<\/strong><\/span><\/h4>\n<p>Se ha habilitado una fotocopiadora en el vest\u00edbulo del centro para que el alumnado pueda realizar fotocopias e impresiones.<\/p>\n<p>Para ello, <strong>es necesario que os deis de alta en el portal de la empresa que lo gestiona, ORBYS<\/strong>, con vuestro usuario de Educamadrid (la clave temporal est\u00e1 en el manual) y cargar un saldo, que se ir\u00e1 descontando.<\/p>\n<p><strong><span style=\"color: #1f6085;\">Tienes informaci\u00f3n detallada en el manual adjunto, con fotograf\u00edas guiando todo el proceso.<\/span><\/strong><\/p>\n<ul>\n<li><strong>C\u00f3mo crear tu cuenta y cargar saldo:<\/strong> <a href=\"https:\/\/site.educa.madrid.org\/ies.claradelrey.madrid\/\/wp-content\/uploads\/ies.claradelrey.madrid\/2026\/03\/ManualDeImpresion.pdf#page=3\">p\u00e1ginas 2-6<\/a><\/li>\n<li><strong>C\u00f3mo subir al servidor documentos<\/strong> desde cualquier ordenador: <a href=\"https:\/\/site.educa.madrid.org\/ies.claradelrey.madrid\/\/wp-content\/uploads\/ies.claradelrey.madrid\/2026\/03\/ManualDeImpresion.pdf#page=8\">p\u00e1ginas 7-8<\/a><\/li>\n<li><strong>C\u00f3mo recuperar el documento en la fotocopiadora:<\/strong> <a href=\"https:\/\/site.educa.madrid.org\/ies.claradelrey.madrid\/\/wp-content\/uploads\/ies.claradelrey.madrid\/2026\/03\/ManualDeImpresion.pdf#page=10\">p\u00e1ginas 9-15.<\/a> Es muy importante cerrar la sesi\u00f3n una vez finalizada la impresi\u00f3n.<\/li>\n<li>Si lo deseas, tambi\u00e9n puedes <strong>mandar la orden de impresi\u00f3n desde los ordenadores del vest\u00edbulo del instituto<\/strong>: <a href=\"https:\/\/site.educa.madrid.org\/ies.claradelrey.madrid\/\/wp-content\/uploads\/ies.claradelrey.madrid\/2026\/03\/ManualDeImpresion.pdf#page=17\">p\u00e1ginas 16-17<\/a>.<\/li>\n<li>Si solo quieres <strong>hacer fotocopias<\/strong>, inicia sesi\u00f3n y elige esta funci\u00f3n.<\/li>\n<\/ul>\n<p><strong><span style=\"color: #1f6085;\">Importante:<\/span><\/strong><br \/>Coste de impresi\u00f3n: 0,05 \u20ac\/p\u00e1gina.<br \/>Una vez realizada la recarga de saldo, no se devolver\u00e1 el importe no utilizado. Te recomendamos hacer recargas de bajo importe, acorde a tus necesidades de impresi\u00f3n.<\/p>\n\n\n<div data-wp-interactive=\"core\/file\" class=\"wp-block-file\"><object data-wp-bind--hidden=\"!state.hasPdfPreview\" hidden class=\"wp-block-file__embed\" data=\"https:\/\/site.educa.madrid.org\/ies.claradelrey.madrid\/\/wp-content\/uploads\/ies.claradelrey.madrid\/2026\/03\/ManualDeImpresion.pdf\" type=\"application\/pdf\" style=\"width:100%;height:600px\" aria-label=\"Incrustado de ManualDeImpresi\u00f3n.\"><\/object><a id=\"wp-block-file--media-615e5e04-cf6b-4e2b-9460-eab7b8541d8b\" href=\"https:\/\/site.educa.madrid.org\/ies.claradelrey.madrid\/\/wp-content\/uploads\/ies.claradelrey.madrid\/2026\/03\/ManualDeImpresion.pdf\">ManualDeImpresi\u00f3n<\/a><a href=\"https:\/\/site.educa.madrid.org\/ies.claradelrey.madrid\/\/wp-content\/uploads\/ies.claradelrey.madrid\/2026\/03\/ManualDeImpresion.pdf\" class=\"wp-block-file__button wp-element-button\" download aria-describedby=\"wp-block-file--media-615e5e04-cf6b-4e2b-9460-eab7b8541d8b\">Descarga<\/a><\/div>\n","protected":false},"excerpt":{"rendered":"<p>FOTOCOPIAS E IMPRESI\u00d3N Se ha habilitado una fotocopiadora en el vest\u00edbulo del centro para que el alumnado pueda realizar fotocopias e impresiones. Para ello, es necesario que os deis de alta en el portal de la empresa que lo gestiona, ORBYS, con vuestro usuario de Educamadrid (la clave temporal est\u00e1 en el manual) y cargar<\/p><\/div>\n<div class=\"blog-btn\"><a href=\"https:\/\/site.educa.madrid.org\/ies.claradelrey.madrid\/index.php\/comunidad-educativa\/alumnado\/fotocopias-e-impresion\/\" class=\"home-blog-btn\">Leer m\u00e1s<\/a><\/p>\n","protected":false},"author":22,"featured_media":0,"parent":2880,"menu_order":0,"comment_status":"closed","ping_status":"closed","template":"","meta":{"footnotes":""},"folder":[],"class_list":["post-2388","page","type-page","status-publish","hentry"],"rttpg_featured_image_url":null,"rttpg_author":{"display_name":"Ricardo Martinez Soler","author_link":"https:\/\/site.educa.madrid.org\/ies.claradelrey.madrid\/index.php\/author\/ricardo_martinez-soler\/"},"rttpg_comment":0,"rttpg_category":false,"rttpg_excerpt":"FOTOCOPIAS E IMPRESI\u00d3N Se ha habilitado una fotocopiadora en el vest\u00edbulo del centro para que el alumnado pueda realizar fotocopias e impresiones. Para ello, es necesario que os deis de alta en el portal de la empresa que lo gestiona, ORBYS, con vuestro usuario de Educamadrid (la clave temporal est\u00e1 en el manual) y cargarLeer&hellip;","post_mailing_queue_ids":[],"_links":{"self":[{"href":"https:\/\/site.educa.madrid.org\/ies.claradelrey.madrid\/index.php\/wp-json\/wp\/v2\/pages\/2388","targetHints":{"allow":["GET"]}}],"collection":[{"href":"https:\/\/site.educa.madrid.org\/ies.claradelrey.madrid\/index.php\/wp-json\/wp\/v2\/pages"}],"about":[{"href":"https:\/\/site.educa.madrid.org\/ies.claradelrey.madrid\/index.php\/wp-json\/wp\/v2\/types\/page"}],"author":[{"embeddable":true,"href":"https:\/\/site.educa.madrid.org\/ies.claradelrey.madrid\/index.php\/wp-json\/wp\/v2\/users\/22"}],"replies":[{"embeddable":true,"href":"https:\/\/site.educa.madrid.org\/ies.claradelrey.madrid\/index.php\/wp-json\/wp\/v2\/comments?post=2388"}],"version-history":[{"count":5,"href":"https:\/\/site.educa.madrid.org\/ies.claradelrey.madrid\/index.php\/wp-json\/wp\/v2\/pages\/2388\/revisions"}],"predecessor-version":[{"id":2400,"href":"https:\/\/site.educa.madrid.org\/ies.claradelrey.madrid\/index.php\/wp-json\/wp\/v2\/pages\/2388\/revisions\/2400"}],"up":[{"embeddable":true,"href":"https:\/\/site.educa.madrid.org\/ies.claradelrey.madrid\/index.php\/wp-json\/wp\/v2\/pages\/2880"}],"wp:attachment":[{"href":"https:\/\/site.educa.madrid.org\/ies.claradelrey.madrid\/index.php\/wp-json\/wp\/v2\/media?parent=2388"}],"wp:term":[{"taxonomy":"folder","embeddable":true,"href":"https:\/\/site.educa.madrid.org\/ies.claradelrey.madrid\/index.php\/wp-json\/wp\/v2\/folder?post=2388"}],"curies":[{"name":"wp","href":"https:\/\/api.w.org\/{rel}","templated":true}]}}