{"id":2888,"date":"2026-03-26T15:59:53","date_gmt":"2026-03-26T14:59:53","guid":{"rendered":"https:\/\/site.educa.madrid.org\/ies.claradelrey.madrid\/?page_id=2888"},"modified":"2026-04-23T16:45:04","modified_gmt":"2026-04-23T14:45:04","slug":"planes-y-proyectos","status":"publish","type":"page","link":"https:\/\/site.educa.madrid.org\/ies.claradelrey.madrid\/index.php\/planes-y-proyectos-2026\/proyectos\/planes-y-proyectos\/","title":{"rendered":"Planes y Proyectos."},"content":{"rendered":"<p><!-- HoverLink snippet (WordPress \/ EducaMadrid) --><br \/>\n<!-- IMPORTANTE:\n  - No pegues este \n\n<style> dentro de un bloque \"Tabla\": suele limpiarse y el CSS NO se publica.\n  - Opci\u00f3n recomendada: pega SOLO el CSS (sin \n\n<style>) en: Apariencia \u2192 Personalizar \u2192 CSS adicional.\n  - Opci\u00f3n alternativa: crea un bloque \"HTML personalizado\" encima de la tabla y pega ah\u00ed este \n\n<style>.\n  - En el contenido (tabla), deja los enlaces con class=\"hoverlink\".\n--><\/p>\n<style>\n\t\/* Diagn\u00f3stico (temporal): descomenta 10s para verificar que el CSS est\u00e1 cargando en producci\u00f3n.\n\t   Si NO ves un contorno rojo en los enlaces, el CSS no se est\u00e1 aplicando (p\u00e9galo en \"CSS adicional\"). *\/\n\t\/* a.hoverlink{ outline: 2px dashed #c00 !important; outline-offset: 2px; } *\/<\/p>\n<p>\ta.hoverlink.hoverlink.hoverlink{\n\t\tcolor: inherit !important;\n\t\ttext-decoration: none !important;\n\t\tdisplay: inline-block !important;\n\t\tpadding-bottom: 3px !important;\n\t\tbackground-image: linear-gradient(currentColor, currentColor) !important;\n\t\tbackground-repeat: no-repeat !important;\n\t\tbackground-position: 0 100% !important;\n\t\tbackground-size: 0% 2px !important;\n\t\ttransition: background-size 160ms ease, transform 160ms ease !important;\n\t}<\/p>\n<p>\ta.hoverlink.hoverlink.hoverlink:hover,\n\ta.hoverlink.hoverlink.hoverlink:focus-visible,\n\ttd:hover a.hoverlink.hoverlink.hoverlink{\n\t\tbackground-size: 100% 2px !important;\n\t\ttransform: translateY(-1px) !important;\n\t}<\/p>\n<p>\t@media (prefers-reduced-motion: reduce){\n\t\ta.hoverlink.hoverlink.hoverlink{ transition: none !important; }\n\t\ta.hoverlink.hoverlink.hoverlink:hover,\n\t\ta.hoverlink.hoverlink.hoverlink:focus-visible,\n\t\ttd:hover a.hoverlink.hoverlink.hoverlink{ transform: none; }\n\t}\n<\/style>\n<figure class=\"wp-block-table\">\n<table class=\"has-fixed-layout\">\n<tbody>\n<tr>\n<td><strong>Documento<\/strong><\/td>\n<\/tr>\n<tr>\n<td><strong>Proyecto educativo<\/strong><\/td>\n<\/tr>\n<tr>\n<td><a class=\"hoverlink\" href=\"https:\/\/site.educa.madrid.org\/ies.claradelrey.madrid\/wp-content\/uploads\/ies.claradelrey.madrid\/2026\/04\/PE_IESClaraDelRey_abril25_v1.pdf\" target=\"_blank\" rel=\"noreferrer noopener\">Proyecto Educativo del Centro 2024-2025<\/a><\/td>\n<\/tr>\n<tr>\n<td><strong>Administraci\u00f3n y Gesti\u00f3n<\/strong><\/td>\n<\/tr>\n<tr>\n<td><a class=\"hoverlink\" href=\"https:\/\/site.educa.madrid.org\/ies.claradelrey.madrid\/wp-content\/uploads\/ies.claradelrey.madrid\/2026\/04\/28042656_ClaradelRey_ProgramaciondeCiclo_ADG_AD.pdf\" target=\"_blank\" rel=\"noreferrer noopener\">Programaci\u00f3n did\u00e1ctica: Asistencia a la Direcci\u00f3n<\/a><\/td>\n<\/tr>\n<tr>\n<td><a class=\"hoverlink\" href=\"https:\/\/site.educa.madrid.org\/ies.claradelrey.madrid\/wp-content\/uploads\/ies.claradelrey.madrid\/2026\/04\/28042656_ClaraDelRey_ProgramacionCiclo_ADG_AF.pdf\" target=\"_blank\" rel=\"noreferrer noopener\">Programaci\u00f3n did\u00e1ctica: Administraci\u00f3n y Finanzas<\/a><\/td>\n<\/tr>\n<tr>\n<td><a class=\"hoverlink\" href=\"https:\/\/site.educa.madrid.org\/ies.claradelrey.madrid\/wp-content\/uploads\/ies.claradelrey.madrid\/2026\/04\/28042656_ClaraDelRey_ProgramacionCiclo_ADG_GA.pdf\" target=\"_blank\" rel=\"noreferrer noopener\">Programaci\u00f3n did\u00e1ctica: Gesti\u00f3n Administrativa<\/a><\/td>\n<\/tr>\n<tr>\n<td><strong>Comercio y Marketing<\/strong><\/td>\n<\/tr>\n<tr>\n<td><a class=\"hoverlink\" href=\"https:\/\/site.educa.madrid.org\/ies.claradelrey.madrid\/wp-content\/uploads\/ies.claradelrey.madrid\/2026\/04\/28042656_ClaradelRey_ProgramacionCiclo_COM_AC.pdf\" target=\"_blank\" rel=\"noreferrer noopener\">Programaci\u00f3n did\u00e1ctica: Actividades Comerciales<\/a><\/td>\n<\/tr>\n<tr>\n<td><a class=\"hoverlink\" href=\"https:\/\/site.educa.madrid.org\/ies.claradelrey.madrid\/wp-content\/uploads\/ies.claradelrey.madrid\/2026\/04\/28042656_ClaradelRey_ProgramacionCiclo_COM_CI.pdf\" target=\"_blank\" rel=\"noreferrer noopener\">Programaci\u00f3n did\u00e1ctica: Comercio Internacional<\/a><\/td>\n<\/tr>\n<tr>\n<td><a class=\"hoverlink\" href=\"https:\/\/site.educa.madrid.org\/ies.claradelrey.madrid\/wp-content\/uploads\/ies.claradelrey.madrid\/2026\/04\/28042656_ClaradelRey_ProgramacionCiclo_COM_GV.pdf\" target=\"_blank\" rel=\"noreferrer noopener\">Programaci\u00f3n did\u00e1ctica: Gesti\u00f3n de Ventas y Espacios Comerciales<\/a><\/td>\n<\/tr>\n<tr>\n<td><a class=\"hoverlink\" href=\"https:\/\/site.educa.madrid.org\/ies.claradelrey.madrid\/wp-content\/uploads\/ies.claradelrey.madrid\/2026\/04\/28042656_ClaradelRey_CicloMarketingPublicidad_COM.pdf\" target=\"_blank\" rel=\"noreferrer noopener\">Programaci\u00f3n did\u00e1ctica: Marketing y Publicidad<\/a><\/td>\n<\/tr>\n<tr>\n<td><a class=\"hoverlink\" href=\"https:\/\/site.educa.madrid.org\/ies.claradelrey.madrid\/wp-content\/uploads\/ies.claradelrey.madrid\/2026\/04\/28042656_ClaradelRey_CicloTransporteyLogistica_COM.pdf\" target=\"_blank\" rel=\"noreferrer noopener\">Programaci\u00f3n did\u00e1ctica: Transporte y Log\u00edstica<\/a><\/td>\n<\/tr>\n<tr>\n<td><strong>Inform\u00e1tica y Comunicaciones<\/strong><\/td>\n<\/tr>\n<tr>\n<td><a class=\"hoverlink\" href=\"https:\/\/site.educa.madrid.org\/ies.claradelrey.madrid\/wp-content\/uploads\/ies.claradelrey.madrid\/2026\/04\/28042656_ClaraDelRey_ProgramacionCiclo_IFC_DM.pdf\" target=\"_blank\" rel=\"noreferrer noopener\">Programaci\u00f3n did\u00e1ctica: Desarrollo de Aplicaciones Multiplataforma<\/a><\/td>\n<\/tr>\n<tr>\n<td><a class=\"hoverlink\" href=\"https:\/\/site.educa.madrid.org\/ies.claradelrey.madrid\/wp-content\/uploads\/ies.claradelrey.madrid\/2026\/04\/28042656_ClaraDelRey_ProgramacionCiclo_IFC_DT.pdf\" target=\"_blank\" rel=\"noreferrer noopener\">Programaci\u00f3n did\u00e1ctica: Doble titulaci\u00f3n DAM\/DAW<\/a><\/td>\n<\/tr>\n<tr>\n<td><a class=\"hoverlink\" href=\"https:\/\/site.educa.madrid.org\/ies.claradelrey.madrid\/wp-content\/uploads\/ies.claradelrey.madrid\/2026\/04\/28042656_ClaraDelRey_ProgramacionCiclo_IFC_DW.pdf\" target=\"_blank\" rel=\"noreferrer noopener\">Programaci\u00f3n did\u00e1ctica: Desarrollo de Aplicaciones Web<\/a><\/td>\n<\/tr>\n<tr>\n<td><a class=\"hoverlink\" href=\"https:\/\/site.educa.madrid.org\/ies.claradelrey.madrid\/wp-content\/uploads\/ies.claradelrey.madrid\/2026\/04\/28042656_ClaraDelRey_ProgramacionCiclo_IFC_SM.pdf\" target=\"_blank\" rel=\"noreferrer noopener\">Programaci\u00f3n did\u00e1ctica: Sistemas Microinform\u00e1ticos y Redes<\/a><\/td>\n<\/tr>\n<tr>\n<td><a class=\"hoverlink\" href=\"https:\/\/site.educa.madrid.org\/ies.claradelrey.madrid\/wp-content\/uploads\/ies.claradelrey.madrid\/2026\/04\/28042656_ClaraDelRey_ProgramacionCiclo_IFC_SR_v2.pdf\" target=\"_blank\" rel=\"noreferrer noopener\">Programaci\u00f3n did\u00e1ctica: Administraci\u00f3n de Sistemas Inform\u00e1ticos en Red<\/a><\/td>\n<\/tr>\n<\/tbody>\n<\/table>\n<\/figure>\n","protected":false},"excerpt":{"rendered":"","protected":false},"author":21,"featured_media":0,"parent":2752,"menu_order":0,"comment_status":"closed","ping_status":"closed","template":"","meta":{"footnotes":""},"folder":[],"class_list":["post-2888","page","type-page","status-publish","hentry"],"rttpg_featured_image_url":null,"rttpg_author":{"display_name":"Jose Angel","author_link":"https:\/\/site.educa.madrid.org\/ies.claradelrey.madrid\/index.php\/author\/jose-angel_heras-verde\/"},"rttpg_comment":0,"rttpg_category":false,"rttpg_excerpt":null,"post_mailing_queue_ids":[],"_links":{"self":[{"href":"https:\/\/site.educa.madrid.org\/ies.claradelrey.madrid\/index.php\/wp-json\/wp\/v2\/pages\/2888","targetHints":{"allow":["GET"]}}],"collection":[{"href":"https:\/\/site.educa.madrid.org\/ies.claradelrey.madrid\/index.php\/wp-json\/wp\/v2\/pages"}],"about":[{"href":"https:\/\/site.educa.madrid.org\/ies.claradelrey.madrid\/index.php\/wp-json\/wp\/v2\/types\/page"}],"author":[{"embeddable":true,"href":"https:\/\/site.educa.madrid.org\/ies.claradelrey.madrid\/index.php\/wp-json\/wp\/v2\/users\/21"}],"replies":[{"embeddable":true,"href":"https:\/\/site.educa.madrid.org\/ies.claradelrey.madrid\/index.php\/wp-json\/wp\/v2\/comments?post=2888"}],"version-history":[{"count":21,"href":"https:\/\/site.educa.madrid.org\/ies.claradelrey.madrid\/index.php\/wp-json\/wp\/v2\/pages\/2888\/revisions"}],"predecessor-version":[{"id":3441,"href":"https:\/\/site.educa.madrid.org\/ies.claradelrey.madrid\/index.php\/wp-json\/wp\/v2\/pages\/2888\/revisions\/3441"}],"up":[{"embeddable":true,"href":"https:\/\/site.educa.madrid.org\/ies.claradelrey.madrid\/index.php\/wp-json\/wp\/v2\/pages\/2752"}],"wp:attachment":[{"href":"https:\/\/site.educa.madrid.org\/ies.claradelrey.madrid\/index.php\/wp-json\/wp\/v2\/media?parent=2888"}],"wp:term":[{"taxonomy":"folder","embeddable":true,"href":"https:\/\/site.educa.madrid.org\/ies.claradelrey.madrid\/index.php\/wp-json\/wp\/v2\/folder?post=2888"}],"curies":[{"name":"wp","href":"https:\/\/api.w.org\/{rel}","templated":true}]}}