{"id":3351,"date":"2026-04-22T06:41:17","date_gmt":"2026-04-22T04:41:17","guid":{"rendered":"https:\/\/site.educa.madrid.org\/ies.claradelrey.madrid\/?page_id=3351"},"modified":"2026-04-22T06:42:08","modified_gmt":"2026-04-22T04:42:08","slug":"bolsaempresa","status":"publish","type":"page","link":"https:\/\/site.educa.madrid.org\/ies.claradelrey.madrid\/index.php\/bolsaempresa\/","title":{"rendered":"Bolsa Empleo"},"content":{"rendered":"\n<!DOCTYPE html>\n<html lang=\"es\">\n\n<head>\n    <meta charset=\"UTF-8\">\n    <meta name=\"viewport\" content=\"width=device-width, initial-scale=1.0\">\n    <title>Bolsa de Empleo &#8211; IES Clara del Rey<\/title>\n    <link\n        href=\"https:\/\/fonts.googleapis.com\/css2?family=Montserrat:wght@600;700;800&#038;family=Open+Sans:wght@400;600&#038;display=swap\"\n        rel=\"stylesheet\">\n    <style>\n        * {\n            margin: 0;\n            padding: 0;\n            box-sizing: border-box;\n        }\n\n        body {\n            font-family: 'Open Sans', sans-serif;\n            line-height: 1.6;\n            color: #333;\n        }\n\n        .banda {\n            width: 100vw;\n            position: relative;\n            left: 50%;\n            right: 50%;\n            margin-left: -50vw;\n            margin-right: -50vw;\n        }\n\n        .hero {\n            background: linear-gradient(135deg, #194139 0%, #2a6157 100%);\n            color: white;\n            padding: 80px 20px;\n            text-align: center;\n        }\n\n        .hero h1 {\n            font-family: 'Montserrat', sans-serif;\n            font-size: 3em;\n            font-weight: 800;\n            margin-bottom: 20px;\n            text-transform: uppercase;\n            letter-spacing: 2px;\n        }\n\n        .hero .subtitle {\n            font-size: 1.5em;\n            font-weight: 300;\n            opacity: 0.95;\n            margin-bottom: 10px;\n        }\n\n        .hero .tagline {\n            font-size: 1.1em;\n            opacity: 0.85;\n            max-width: 700px;\n            margin: 0 auto;\n        }\n\n        .section {\n            max-width: 1100px;\n            margin: 0 auto;\n            padding: 60px 20px;\n        }\n\n        .intro {\n            background: #EBECDF;\n            padding: 60px 20px;\n        }\n\n        .intro-content {\n            max-width: 900px;\n            margin: 0 auto;\n            font-size: 1.15em;\n            line-height: 1.8;\n            color: #194139;\n        }\n\n        .intro-content p {\n            margin-bottom: 20px;\n        }\n\n        .intro-content strong {\n            color: #194139;\n            font-weight: 600;\n        }\n\n        .beneficios {\n            background: white;\n        }\n\n        .beneficios h2 {\n            font-family: 'Montserrat', sans-serif;\n            font-size: 2.5em;\n            font-weight: 700;\n            color: #194139;\n            text-align: center;\n            margin-bottom: 50px;\n        }\n\n        .beneficios-grid {\n            display: grid;\n            grid-template-columns: repeat(auto-fit, minmax(300px, 1fr));\n            gap: 30px;\n            margin-top: 40px;\n        }\n\n        .beneficio-card {\n            background: #EBECDF;\n            padding: 40px 30px;\n            border-radius: 12px;\n            border-left: 5px solid #F9AE00;\n            transition: transform 0.3s ease, box-shadow 0.3s ease;\n        }\n\n        .beneficio-card:hover {\n            transform: translateY(-5px);\n            box-shadow: 0 10px 30px rgba(25, 65, 57, 0.15);\n        }\n\n        .beneficio-icon {\n            font-size: 3em;\n            color: #F9AE00;\n            margin-bottom: 20px;\n        }\n\n        .beneficio-card h3 {\n            font-family: 'Montserrat', sans-serif;\n            font-size: 1.4em;\n            color: #194139;\n            margin-bottom: 15px;\n            font-weight: 700;\n        }\n\n        .beneficio-card p {\n            color: #555;\n            line-height: 1.7;\n        }\n\n        .contacto {\n            background: linear-gradient(135deg, #194139 0%, #2a6157 100%);\n            color: white;\n            text-align: center;\n            padding: 80px 20px;\n        }\n\n        .contacto h2 {\n            font-family: 'Montserrat', sans-serif;\n            font-size: 2.5em;\n            font-weight: 700;\n            margin-bottom: 30px;\n        }\n\n        .contacto p {\n            font-size: 1.2em;\n            max-width: 700px;\n            margin: 0 auto 40px;\n            line-height: 1.8;\n            opacity: 0.95;\n        }\n\n        .email-box {\n            background: rgba(255, 255, 255, 0.1);\n            backdrop-filter: blur(10px);\n            border: 2px solid rgba(249, 174, 0, 0.5);\n            border-radius: 15px;\n            padding: 30px;\n            max-width: 500px;\n            margin: 0 auto;\n            transition: all 0.3s ease;\n        }\n\n        .email-box:hover {\n            background: rgba(255, 255, 255, 0.15);\n            border-color: #F9AE00;\n            transform: scale(1.02);\n        }\n\n        .email-icon {\n            font-size: 3em;\n            color: #F9AE00;\n            margin-bottom: 15px;\n        }\n\n        .email-link {\n            font-family: 'Montserrat', sans-serif;\n            font-size: 1.5em;\n            color: #F9AE00;\n            text-decoration: none;\n            font-weight: 600;\n            transition: color 0.3s ease;\n        }\n\n        .email-link:hover {\n            color: #EBECDF;\n        }\n\n        .areas {\n            background: #f8f9f5;\n            padding: 60px 20px;\n        }\n\n        .areas-content {\n            max-width: 900px;\n            margin: 0 auto;\n            text-align: center;\n        }\n\n        .areas h3 {\n            font-family: 'Montserrat', sans-serif;\n            font-size: 1.8em;\n            color: #194139;\n            margin-bottom: 25px;\n            font-weight: 700;\n        }\n\n        .areas-tags {\n            display: flex;\n            flex-wrap: wrap;\n            gap: 15px;\n            justify-content: center;\n            margin-top: 20px;\n        }\n\n        .tag {\n            background: white;\n            color: #194139;\n            padding: 12px 24px;\n            border-radius: 25px;\n            font-weight: 600;\n            border: 2px solid #F9AE00;\n            transition: all 0.3s ease;\n        }\n\n        .tag:hover {\n            background: #F9AE00;\n            color: white;\n            transform: scale(1.05);\n        }\n\n        @media (max-width: 768px) {\n            .hero h1 {\n                font-size: 2em;\n            }\n\n            .hero .subtitle {\n                font-size: 1.2em;\n            }\n\n            .beneficios h2,\n            .contacto h2 {\n                font-size: 2em;\n            }\n\n            .beneficios-grid {\n                grid-template-columns: 1fr;\n            }\n        }\n    <\/style>\n<\/head>\n\n<body>\n\n    <!-- Hero Section -->\n    <div class=\"banda hero\">\n        <h1>Bolsa de Empleo<\/h1>\n        <div class=\"subtitle\">IES Clara del Rey<\/div>\n        <div class=\"tagline\">Colabora con nuestro talento<\/div>\n    <\/div>\n\n    <!-- Introducci\u00f3n -->\n    <div class=\"banda intro\">\n        <div class=\"intro-content\">\n            <p>En el <strong>IES Clara del Rey<\/strong> ponemos a disposici\u00f3n de las empresas nuestra Bolsa de Empleo,\n                un servicio orientado a facilitar el contacto directo entre el tejido empresarial y nuestro alumnado\n                titulado en Formaci\u00f3n Profesional.<\/p>\n            <p>Nuestro centro cuenta con estudiantes altamente cualificados preparados para incorporarse al mundo\n                laboral con una formaci\u00f3n actualizada y enfocada a las necesidades reales del mercado.<\/p>\n        <\/div>\n    <\/div>\n\n    <!-- \u00c1reas de especializaci\u00f3n -->\n    <div class=\"banda areas\">\n        <div class=\"areas-content\">\n            <h3>\u00c1reas de Especializaci\u00f3n<\/h3>\n            <div class=\"areas-tags\">\n                <div class=\"tag\">Administraci\u00f3n<\/div>\n                <div class=\"tag\">Marketing<\/div>\n                <div class=\"tag\">Comercio<\/div>\n                <div class=\"tag\">Inform\u00e1tica<\/div>\n            <\/div>\n        <\/div>\n    <\/div>\n\n    <!-- Beneficios -->\n    <div class=\"banda beneficios\">\n        <div class=\"section\">\n            <h2>\u00bfPor qu\u00e9 colaborar con nosotros?<\/h2>\n            <div class=\"beneficios-grid\">\n                <div class=\"beneficio-card\">\n                    <div class=\"beneficio-icon\">\u2713<\/div>\n                    <h3>Candidatos Formados<\/h3>\n                    <p>Acceso a candidatos con formaci\u00f3n actualizada y adaptada a las demandas del mercado laboral\n                        actual.<\/p>\n                <\/div>\n                <div class=\"beneficio-card\">\n                    <div class=\"beneficio-icon\">\u2713<\/div>\n                    <h3>Experiencia Pr\u00e1ctica<\/h3>\n                    <p>Perfiles con experiencia pr\u00e1ctica gracias a la Fase de Formaci\u00f3n en la Empresa (FFE).<\/p>\n                <\/div>\n                <div class=\"beneficio-card\">\n                    <div class=\"beneficio-icon\">\u2713<\/div>\n                    <h3>Gesti\u00f3n \u00c1gil<\/h3>\n                    <p>Rapidez y cercan\u00eda en la gesti\u00f3n de ofertas de empleo y procesos de selecci\u00f3n.<\/p>\n                <\/div>\n            <\/div>\n        <\/div>\n    <\/div>\n\n    <!-- Contacto -->\n    <div class=\"banda contacto\">\n        <h2>Contacta con nosotros<\/h2>\n        <p>Si tu empresa est\u00e1 interesada en incorporar talento joven, din\u00e1mico y preparado, no dudes en ponerte en\n            contacto con nuestra Bolsa de Empleo.<\/p>\n        <p>Estaremos encantados de colaborar y ayudarle a encontrar el perfil que mejor se adapte a sus necesidades.<\/p>\n        <div class=\"email-box\" t <div class=\"email-icon\">\u2709<\/div>\n        <a href=\"mailto:bolsatrabajo@iesclaradelrey.es\" class=\"email-link\">bolsatrabajo@iesclaradelrey.es<\/a>\n    <\/div>\n    <\/div>\n\n<\/body>\n\n<\/html>\n","protected":false},"excerpt":{"rendered":"<p>Bolsa de Empleo &#8211; IES Clara del Rey Bolsa de Empleo IES Clara del Rey Colabora con nuestro talento En el IES Clara del Rey ponemos a disposici\u00f3n de las empresas nuestra Bolsa de Empleo, un servicio orientado a facilitar el contacto directo entre el tejido empresarial y nuestro alumnado titulado en Formaci\u00f3n Profesional. Nuestro<\/p><\/div>\n<div class=\"blog-btn\"><a href=\"https:\/\/site.educa.madrid.org\/ies.claradelrey.madrid\/index.php\/bolsaempresa\/\" class=\"home-blog-btn\">Leer m\u00e1s<\/a><\/p>\n","protected":false},"author":22,"featured_media":0,"parent":0,"menu_order":0,"comment_status":"closed","ping_status":"closed","template":"","meta":{"footnotes":""},"folder":[],"class_list":["post-3351","page","type-page","status-publish","hentry"],"rttpg_featured_image_url":null,"rttpg_author":{"display_name":"Ricardo Martinez Soler","author_link":"https:\/\/site.educa.madrid.org\/ies.claradelrey.madrid\/index.php\/author\/ricardo_martinez-soler\/"},"rttpg_comment":0,"rttpg_category":false,"rttpg_excerpt":"Bolsa de Empleo &#8211; IES Clara del Rey Bolsa de Empleo IES Clara del Rey Colabora con nuestro talento En el IES Clara del Rey ponemos a disposici\u00f3n de las empresas nuestra Bolsa de Empleo, un servicio orientado a facilitar el contacto directo entre el tejido empresarial y nuestro alumnado titulado en Formaci\u00f3n Profesional. NuestroLeer&hellip;","post_mailing_queue_ids":[],"_links":{"self":[{"href":"https:\/\/site.educa.madrid.org\/ies.claradelrey.madrid\/index.php\/wp-json\/wp\/v2\/pages\/3351","targetHints":{"allow":["GET"]}}],"collection":[{"href":"https:\/\/site.educa.madrid.org\/ies.claradelrey.madrid\/index.php\/wp-json\/wp\/v2\/pages"}],"about":[{"href":"https:\/\/site.educa.madrid.org\/ies.claradelrey.madrid\/index.php\/wp-json\/wp\/v2\/types\/page"}],"author":[{"embeddable":true,"href":"https:\/\/site.educa.madrid.org\/ies.claradelrey.madrid\/index.php\/wp-json\/wp\/v2\/users\/22"}],"replies":[{"embeddable":true,"href":"https:\/\/site.educa.madrid.org\/ies.claradelrey.madrid\/index.php\/wp-json\/wp\/v2\/comments?post=3351"}],"version-history":[{"count":3,"href":"https:\/\/site.educa.madrid.org\/ies.claradelrey.madrid\/index.php\/wp-json\/wp\/v2\/pages\/3351\/revisions"}],"predecessor-version":[{"id":3354,"href":"https:\/\/site.educa.madrid.org\/ies.claradelrey.madrid\/index.php\/wp-json\/wp\/v2\/pages\/3351\/revisions\/3354"}],"wp:attachment":[{"href":"https:\/\/site.educa.madrid.org\/ies.claradelrey.madrid\/index.php\/wp-json\/wp\/v2\/media?parent=3351"}],"wp:term":[{"taxonomy":"folder","embeddable":true,"href":"https:\/\/site.educa.madrid.org\/ies.claradelrey.madrid\/index.php\/wp-json\/wp\/v2\/folder?post=3351"}],"curies":[{"name":"wp","href":"https:\/\/api.w.org\/{rel}","templated":true}]}}