{"id":398,"date":"2025-07-29T19:54:33","date_gmt":"2025-07-29T17:54:33","guid":{"rendered":"https:\/\/site.educa.madrid.org\/ies.claradelrey.madrid\/?page_id=398"},"modified":"2025-07-30T16:25:29","modified_gmt":"2025-07-30T14:25:29","slug":"informacion-a-las-familias","status":"publish","type":"page","link":"https:\/\/site.educa.madrid.org\/ies.claradelrey.madrid\/index.php\/informacion-a-las-familias\/","title":{"rendered":"Informaci\u00f3n a las familias"},"content":{"rendered":"\n<h3 class=\"wp-block-heading\"><mark style=\"background-color:rgba(0, 0, 0, 0);color:#1f6085\" class=\"has-inline-color\">Oferta educativa<\/mark><\/h3>\n\n\n\n<p>Puedes consultar toda la informaci\u00f3n sobre las ense\u00f1anzas, modalidades y etapas en las que impartimos\u00a0<mark style=\"background-color:rgba(0, 0, 0, 0)\" class=\"has-inline-color has-pale-cyan-blue-color\"><strong><a href=\"https:\/\/site.educa.madrid.org\/ies.claradelrey.madrid\/index.php\/oferta-educativa\/\">aqu\u00ed<\/a><\/strong><\/mark><\/p>\n\n\n\n<div style=\"height:30px\" aria-hidden=\"true\" class=\"wp-block-spacer\"><\/div>\n\n\n\n<h3 class=\"wp-block-heading\"><mark style=\"background-color:rgba(0, 0, 0, 0);color:#1f6085\" class=\"has-inline-color\">Proyecto Educativo<\/mark><\/h3>\n\n\n\n<p>Consulta toda la informaci\u00f3n detallada\u00a0<mark style=\"background-color:rgba(0, 0, 0, 0)\" class=\"has-inline-color has-pale-cyan-blue-color\"><strong><a href=\"https:\/\/site.educa.madrid.org\/ies.claradelrey.madrid\/index.php\/proyecto-educativo-del-centro\/\">aqu\u00ed<\/a><\/strong><\/mark><\/p>\n\n\n\n<div style=\"height:30px\" aria-hidden=\"true\" class=\"wp-block-spacer\"><\/div>\n\n\n\n<h3 class=\"wp-block-heading\"><mark style=\"background-color:rgba(0, 0, 0, 0);color:#1f6085\" class=\"has-inline-color\">Programas y proyectos educativos<\/mark><\/h3>\n\n\n\n<p>Disponemos de varios&nbsp;<a href=\"https:\/\/iesclaradelrey.es\/portal\/index.php\/es\/ensenanzas\">proyectos propios<\/a>, ciclos impartidos en&nbsp;<a href=\"https:\/\/iesclaradelrey.es\/portal\/index.php\/es\/ensenanzas\">modalidad biling\u00fce<\/a>&nbsp;y el&nbsp;<a href=\"https:\/\/iesclaradelrey.es\/portal\/index.php\/es\/ensenanzas\/ensenanzas-listado\/1283-big-data\">Programa de Especializaci\u00f3n de Big Data<\/a>.&nbsp;Puedes consultar toda la informaci\u00f3n detallada en el&nbsp;<a href=\"https:\/\/iesclaradelrey.es\/portal\/index.php\/es\/organizacion\/direccion\/direccion\/570-proyecto-educativo-de-centro\">Proyecto Educativo de Centro<\/a>.<\/p>\n\n\n\n<p>Adem\u00e1s, el IES Clara del Rey forma parte de los siguientes&nbsp;proyectos:<\/p>\n\n\n\n<ul class=\"wp-block-list\">\n<li><a href=\"https:\/\/iesclaradelrey.es\/erasmus\/\">Movilidad internacional (Erasmus+)<\/a><\/li>\n\n\n\n<li><a href=\"https:\/\/iesclaradelrey.es\/claraemprende\/\">Aulas Profesionales de Emprendimiento (APE) ClaraEmprende<\/a>.<\/li>\n\n\n\n<li>Competiciones de FP:\u00a0<a href=\"https:\/\/www.comunidad.madrid\/servicios\/educacion\/competiciones-formacion-profesional\">MadridSkills<\/a>,\u00a0<a href=\"https:\/\/programame.com\/2024\/reg\/navidad\/\">ProgramaMe<\/a>, etc.<\/li>\n\n\n\n<li>ClaraInnova.<\/li>\n\n\n\n<li><a href=\"https:\/\/iesclaradelrey.es\/portal\/index.php\/es\/organizacion\/otros-departamentos\/compdigedu\">Programa #CompDigEdu<\/a>.<\/li>\n\n\n\n<li><a href=\"https:\/\/iesclaradelrey.es\/portal\/index.php\/es\/clara-sostenible\">ClaraSostenible<\/a>.<\/li>\n\n\n\n<li>Plataformas de aprendizaje.<\/li>\n<\/ul>\n\n\n\n<div style=\"height:30px\" aria-hidden=\"true\" class=\"wp-block-spacer\"><\/div>\n\n\n\n<figure class=\"wp-block-image size-full\"><img loading=\"lazy\" decoding=\"async\" width=\"351\" height=\"112\" src=\"https:\/\/site.educa.madrid.org\/ies.claradelrey.madrid\/\/wp-content\/uploads\/ies.claradelrey.madrid\/2025\/07\/image-8.png\" alt=\"\" class=\"wp-image-482\" srcset=\"https:\/\/site.educa.madrid.org\/ies.claradelrey.madrid\/\/wp-content\/uploads\/ies.claradelrey.madrid\/2025\/07\/image-8.png 351w, https:\/\/site.educa.madrid.org\/ies.claradelrey.madrid\/\/wp-content\/uploads\/ies.claradelrey.madrid\/2025\/07\/image-8-300x96.png 300w\" sizes=\"auto, (max-width: 351px) 100vw, 351px\" \/><\/figure>\n\n\n\n<div style=\"height:30px\" aria-hidden=\"true\" class=\"wp-block-spacer\"><\/div>\n\n\n\n<h2 class=\"wp-block-heading\">Actividades extraescolares<\/h2>\n\n\n\n<p>Consulta los detalles\u00a0<strong><a href=\"https:\/\/site.educa.madrid.org\/ies.claradelrey.madrid\/index.php\/departamento-de-actividades-extraescolares\/\">aqu\u00ed<\/a>.<\/strong><\/p>\n\n\n\n<div style=\"height:30px\" aria-hidden=\"true\" class=\"wp-block-spacer\"><\/div>\n\n\n\n<h2 class=\"wp-block-heading\">Normas&nbsp;de organizaci\u00f3n&nbsp;y funcionamiento<\/h2>\n\n\n\n<p>Consulta esta informaci\u00f3n en&nbsp;<a href=\"https:\/\/iesclaradelrey.es\/portal\/index.php\/es\/organizacion\/direccion\/direccion\/1122-normas-y-plan-de-convivencia-del-centro\">este<\/a>&nbsp;enlace.<\/p>\n\n\n\n<div style=\"height:30px\" aria-hidden=\"true\" class=\"wp-block-spacer\"><\/div>\n\n\n\n<h2 class=\"wp-block-heading\">Servicios complementarios<\/h2>\n\n\n\n<p>Entre otros servicios, nuestro centro dispone de:<\/p>\n\n\n\n<ul class=\"wp-block-list\">\n<li>Cafeter\u00eda.<\/li>\n\n\n\n<li>Reprograf\u00eda.<\/li>\n\n\n\n<li>Sala de estudio.<\/li>\n\n\n\n<li>Pista deportiva.<\/li>\n\n\n\n<li><strong><a href=\"https:\/\/site.educa.madrid.org\/ies.claradelrey.madrid\/index.php\/departamento-de-bolsa-de-trabajo\/\">Bolsa de empleo.<\/a><\/strong><\/li>\n\n\n\n<li>Salas de trabajo y estudio en la primera planta<\/li>\n\n\n\n<li>Sala multimedia en el pabell\u00f3n ATECA (v\u00eddeo, radio).<\/li>\n<\/ul>\n\n\n\n<div style=\"height:30px\" aria-hidden=\"true\" class=\"wp-block-spacer\"><\/div>\n\n\n\n<h2 class=\"wp-block-heading\">Resultados del centro en pruebas<\/h2>\n\n\n\n<p>Informaci\u00f3n pr\u00f3ximamente disponible.<\/p>\n\n\n\n<div style=\"height:30px\" aria-hidden=\"true\" class=\"wp-block-spacer\"><\/div>\n\n\n\n<h2 class=\"wp-block-heading\">Contacto<\/h2>\n\n\n\n<ul class=\"wp-block-list\">\n<li>Tel\u00e9fono: 915195257\u00a0<\/li>\n\n\n\n<li>Email:\u00a0<a href=\"mailto:ies.claradelrey.madrid@educa.madrid.org\">ies.claradelrey.madrid@educa.madrid.org<\/a>\u00a0<\/li>\n<\/ul>\n","protected":false},"excerpt":{"rendered":"<p>Oferta educativa Puedes consultar toda la informaci\u00f3n sobre las ense\u00f1anzas, modalidades y etapas en las que impartimos\u00a0aqu\u00ed Proyecto Educativo Consulta toda la informaci\u00f3n detallada\u00a0aqu\u00ed Programas y proyectos educativos Disponemos de varios&nbsp;proyectos propios, ciclos impartidos en&nbsp;modalidad biling\u00fce&nbsp;y el&nbsp;Programa de Especializaci\u00f3n de Big Data.&nbsp;Puedes consultar toda la informaci\u00f3n detallada en el&nbsp;Proyecto Educativo de Centro. Adem\u00e1s, el IES<\/p><\/div>\n<div class=\"blog-btn\"><a href=\"https:\/\/site.educa.madrid.org\/ies.claradelrey.madrid\/index.php\/informacion-a-las-familias\/\" class=\"home-blog-btn\">Leer m\u00e1s<\/a><\/p>\n","protected":false},"author":3,"featured_media":0,"parent":0,"menu_order":0,"comment_status":"closed","ping_status":"closed","template":"","meta":{"footnotes":""},"folder":[],"class_list":["post-398","page","type-page","status-publish","hentry"],"rttpg_featured_image_url":null,"rttpg_author":{"display_name":"ies.claradelrey.madrid","author_link":"https:\/\/site.educa.madrid.org\/ies.claradelrey.madrid\/index.php\/author\/cuenta_ies-claradelrey-madrid\/"},"rttpg_comment":0,"rttpg_category":false,"rttpg_excerpt":"Oferta educativa Puedes consultar toda la informaci\u00f3n sobre las ense\u00f1anzas, modalidades y etapas en las que impartimos\u00a0aqu\u00ed Proyecto Educativo Consulta toda la informaci\u00f3n detallada\u00a0aqu\u00ed Programas y proyectos educativos Disponemos de varios&nbsp;proyectos propios, ciclos impartidos en&nbsp;modalidad biling\u00fce&nbsp;y el&nbsp;Programa de Especializaci\u00f3n de Big Data.&nbsp;Puedes consultar toda la informaci\u00f3n detallada en el&nbsp;Proyecto Educativo de Centro. Adem\u00e1s, el IESLeer&hellip;","post_mailing_queue_ids":[],"_links":{"self":[{"href":"https:\/\/site.educa.madrid.org\/ies.claradelrey.madrid\/index.php\/wp-json\/wp\/v2\/pages\/398","targetHints":{"allow":["GET"]}}],"collection":[{"href":"https:\/\/site.educa.madrid.org\/ies.claradelrey.madrid\/index.php\/wp-json\/wp\/v2\/pages"}],"about":[{"href":"https:\/\/site.educa.madrid.org\/ies.claradelrey.madrid\/index.php\/wp-json\/wp\/v2\/types\/page"}],"author":[{"embeddable":true,"href":"https:\/\/site.educa.madrid.org\/ies.claradelrey.madrid\/index.php\/wp-json\/wp\/v2\/users\/3"}],"replies":[{"embeddable":true,"href":"https:\/\/site.educa.madrid.org\/ies.claradelrey.madrid\/index.php\/wp-json\/wp\/v2\/comments?post=398"}],"version-history":[{"count":11,"href":"https:\/\/site.educa.madrid.org\/ies.claradelrey.madrid\/index.php\/wp-json\/wp\/v2\/pages\/398\/revisions"}],"predecessor-version":[{"id":518,"href":"https:\/\/site.educa.madrid.org\/ies.claradelrey.madrid\/index.php\/wp-json\/wp\/v2\/pages\/398\/revisions\/518"}],"wp:attachment":[{"href":"https:\/\/site.educa.madrid.org\/ies.claradelrey.madrid\/index.php\/wp-json\/wp\/v2\/media?parent=398"}],"wp:term":[{"taxonomy":"folder","embeddable":true,"href":"https:\/\/site.educa.madrid.org\/ies.claradelrey.madrid\/index.php\/wp-json\/wp\/v2\/folder?post=398"}],"curies":[{"name":"wp","href":"https:\/\/api.w.org\/{rel}","templated":true}]}}