{"id":409,"date":"2025-07-29T20:17:41","date_gmt":"2025-07-29T18:17:41","guid":{"rendered":"https:\/\/site.educa.madrid.org\/ies.claradelrey.madrid\/?page_id=409"},"modified":"2026-04-21T19:10:07","modified_gmt":"2026-04-21T17:10:07","slug":"clara-sostenible","status":"publish","type":"page","link":"https:\/\/site.educa.madrid.org\/ies.claradelrey.madrid\/index.php\/clara-sostenible\/","title":{"rendered":"Clara sostenible"},"content":{"rendered":"\n<h2 class=\"wp-block-heading\"><strong><mark style=\"background-color:rgba(0, 0, 0, 0)\" class=\"has-inline-color has-vivid-cyan-blue-color\">Pol\u00edtica medioambiental<\/mark><\/strong><\/h2>\n\n\n<!-- HoverLink snippet (copiable a WordPress \u2192 Apariencia \u2192 Personalizar \u2192 CSS adicional) -->\n<style>\n\ta.hoverlink{\n\t\tcolor: inherit;\n\t\ttext-decoration: none;\n\t\tdisplay: inline-block;\n\t\tbackground-image: linear-gradient(currentColor, currentColor);\n\t\tbackground-position: 0 100%;\n\t\tbackground-repeat: no-repeat;\n\t\tbackground-size: 0% 2px;\n\t\ttransition: background-size 160ms ease, transform 160ms ease;\n\t}\n\n\ta.hoverlink:hover,\n\ta.hoverlink:focus-visible{\n\t\tbackground-size: 100% 2px;\n\t\ttransform: translateY(-1px);\n\t}\n\n\t@media (prefers-reduced-motion: reduce){\n\t\ta.hoverlink{ transition: none; }\n\t\ta.hoverlink:hover,\n\t\ta.hoverlink:focus-visible{ transform: none; }\n\t}\n<\/style>\n\n<div class=\"wp-block-image\">\n<figure class=\"alignright size-full\"><img loading=\"lazy\" decoding=\"async\" width=\"400\" height=\"267\" src=\"https:\/\/site.educa.madrid.org\/ies.claradelrey.madrid\/wp-content\/uploads\/ies.claradelrey.madrid\/2025\/07\/image-1.png\" alt=\"\" class=\"wp-image-413\" srcset=\"https:\/\/site.educa.madrid.org\/ies.claradelrey.madrid\/\/wp-content\/uploads\/ies.claradelrey.madrid\/2025\/07\/image-1.png 400w, https:\/\/site.educa.madrid.org\/ies.claradelrey.madrid\/\/wp-content\/uploads\/ies.claradelrey.madrid\/2025\/07\/image-1-300x200.png 300w, https:\/\/site.educa.madrid.org\/ies.claradelrey.madrid\/\/wp-content\/uploads\/ies.claradelrey.madrid\/2025\/07\/image-1-391x260.png 391w, https:\/\/site.educa.madrid.org\/ies.claradelrey.madrid\/\/wp-content\/uploads\/ies.claradelrey.madrid\/2025\/07\/image-1-272x182.png 272w\" sizes=\"auto, (max-width: 400px) 100vw, 400px\" \/><\/figure>\n<\/div>\n\n\n<p>El IES Clara del Rey, dedicado a la ense\u00f1anza de formaci\u00f3n profesional no obligatoria (ciclos formativos) relacionados con: administraci\u00f3n y gesti\u00f3n, comercio y marketing e inform\u00e1tica y comunicaciones, quiere contribuir al desarrollo sostenible y minimizar su impacto en el medio ambiente. Es por esta raz\u00f3n que se ha incorporado a la gesti\u00f3n de la organizaci\u00f3n, la gesti\u00f3n ambiental, desarrollando para ello un Sistema de Gesti\u00f3n Ambiental en base a los requisitos de la Norma ISO 14001.<\/p>\n\n\n\n<p>El IES Clara del Rey es consciente de que el centro no debe perseguir \u00fanicamente la formaci\u00f3n de todo el alumnado, sino tener en cuenta los impactos generados en el medio ambiente durante dicha actividad. Ello ha llevado a establecer los siguientes principios o compromisos:<\/p>\n\n\n\n<ul class=\"wp-block-list\">\n<li>La protecci\u00f3n del entorno como factor determinante en el desarrollo de nuestra actividad educativa, por ello nos comprometemos a la prevenci\u00f3n de la contaminaci\u00f3n.<\/li>\n\n\n\n<li>El Equipo Directivo del centro se compromete a reducir la producci\u00f3n de residuos sensibilizando a profesores\/as y alumnos\/as, y poner a disposici\u00f3n los medios necesarios para lograrlo.<\/li>\n\n\n\n<li>Reconociendo la importancia que tiene la protecci\u00f3n ambiental para otros sectores que prestan servicios al IES Clara del Rey, se ha preparado una documentaci\u00f3n cuyo objeto es informar sobre la situaci\u00f3n de dicho instituto de ense\u00f1anza secundaria respecto a la protecci\u00f3n ambiental, as\u00ed como fomentar que los contratistas y proveedores del centro apliquen normas de gesti\u00f3n ambiental.<\/li>\n\n\n\n<li>Se establece la mejora continua como principio fundamental de actuaci\u00f3n, d\u00e1ndose preferencia a las medidas de prevenci\u00f3n sobre las de correcci\u00f3n.<\/li>\n\n\n\n<li>Todos los miembros del centro son responsables de la protecci\u00f3n del medio ambiente, por lo que el Equipo Directivo del IES Clara del Rey se ocupar\u00e1 de su sensibilizaci\u00f3n y formaci\u00f3n en materia ambiental y del Sistema de Gesti\u00f3n Ambiental.<\/li>\n\n\n\n<li>Se fomentar\u00e1 la participaci\u00f3n de todos los miembros en el Sistema de Gesti\u00f3n Ambiental, por lo que se prestar\u00e1 especial atenci\u00f3n a las sugerencias que se presenten al respecto.<\/li>\n\n\n\n<li>Para el desarrollo de la pol\u00edtica ambiental la direcci\u00f3n dispondr\u00e1 los medios necesarios, as\u00ed como una informaci\u00f3n peri\u00f3dica de los objetivos establecidos para conocimiento de todos los miembros.<\/li>\n\n\n\n<li>El Equipo Directivo sensibilizar\u00e1 al personal para la reducci\u00f3n del consumo con respecto al a\u00f1o anterior de electricidad, agua y combustibles f\u00f3siles, as\u00ed como fomentar\u00e1 activamente la participaci\u00f3n del personal para la investigaci\u00f3n y desarrollo de sistemas que nos lleven a la reducci\u00f3n del consumo energ\u00e9tico.<\/li>\n\n\n\n<li>El Equipo Directivo se compromete al cumplimiento de la legislaci\u00f3n y reglamentaci\u00f3n ambiental vigente, que le es de aplicaci\u00f3n por raz\u00f3n de actividad, servicio y ubicaci\u00f3n geogr\u00e1fica, as\u00ed como de otros requisitos suscritos por el propio centro educativo.<\/li>\n<\/ul>\n\n\n\n<p>La Pol\u00edtica Ambiental de IES Clara del Rey se encuentra a disposici\u00f3n de todo los profesores\/as, alumnos\/as, proveedores, instituciones p\u00fablicas y dem\u00e1s partes interesadas que quieran conocerla y se comunica a todas las personas que forman parte del centro activamente en su d\u00eda a d\u00eda. Estos compromisos ser\u00e1n actualizados durante las revisiones del sistema por la Direcci\u00f3n.<\/p>\n\n\n\n<p><\/p>\n\n\n\n<h2 class=\"wp-block-heading\">Instalaciones<\/h2>\n\n\n\n<p>Adem\u00e1s, gracias a los fondos proporcionados a trav\u00e9s de la actuaci\u00f3n de \u00abSostenibilidad medioambiental en programas formativos y gesti\u00f3n de los centros con ense\u00f1anzas de Formaci\u00f3n Profesional\u00bb del programa REACT-EU, el centro ha podido acometer mejoras en sus instalaciones encaminadas a reducir la huella de carbono. Para una descripci\u00f3n m\u00e1s detallada, v\u00e9ase el documento adjunto \u00abActuaci\u00f3n Sostenibilidad Medioambiental (programa REACT-EU)\u00bb.<\/p>\n\n\n\n<h4 class=\"wp-block-heading\">Instalaci\u00f3n fotovoltaica.&nbsp;Energ\u00eda limpia, renovable y sostenible<\/h4>\n\n\n\n<p>Instalaci\u00f3n Fotovoltaica de Autoconsumo de 30kWn sobre cubierta de edificio acogida a compensaci\u00f3n de excedentes.<\/p>\n\n\n\n<p>Proyecto acogido al programa de incentivos ligados al autoconsumo y almacenamiento, con fuentes de energ\u00eda renovable, as\u00ed como a la implantaci\u00f3n de&nbsp;sistemas t\u00e9rmicos renovables en el sector residencial en el marco del \u00abPlan de Recuperaci\u00f3n, Transformaci\u00f3n y Resiliencia, financiado por la Union Europea &#8211; NextGenarationEU\u00bb.<\/p>\n\n\n\n<div class=\"wp-block-group\" style=\"border:1px solid rgba(0,0,0,.12);border-radius:10px;padding:14px 16px;background:#fff;box-shadow:0 1px 2px rgba(0,0,0,.06);margin:12px 0\"><div class=\"wp-block-group__inner-container is-layout-flow wp-block-group-is-layout-flow\">\n\t\n\t<p style=\"margin:0 0 10px 0\"><strong>Plan de Recuperaci\u00f3n<\/strong><\/p>\n\t\n\n\t\n\t<p style=\"margin:0;line-height:1.6\">\n\t\tBeneficiario: IES Clara del Rey<br\/>\n\t\tInversi\u00f3n total: 38.926,77 \u20ac sin IVA (47.101,40\u20ac con IVA)<br\/>\n\t\tPotencia instalaci\u00f3n: 35,04 kW<br\/>\n\t\tPotencia FV inversor: 30,00 kW\n\t<\/p>\n\t\n<\/div><\/div>\n\n\n\n<div style=\"height:40px\" aria-hidden=\"true\" class=\"wp-block-spacer\"><\/div>\n\n\n\n<figure class=\"wp-block-table\"><table class=\"has-fixed-layout\"><tbody><tr><td><a class=\"hoverlink\" href=\"https:\/\/site.educa.madrid.org\/ies.claradelrey.madrid\/wp-content\/uploads\/ies.claradelrey.madrid\/2026\/04\/Certificado_ISO14001_IESClaradelRey.pdf\" target=\"_blank\" rel=\"noreferrer noopener\"><\/a><a class=\"hoverlink\" href=\"https:\/\/site.educa.madrid.org\/ies.claradelrey.madrid\/wp-content\/uploads\/ies.claradelrey.madrid\/2026\/04\/Certificado_ISO14001_IESClaradelRey.pdf\" target=\"_blank\" rel=\"noreferrer noopener\">Certificado ISO 14001<\/a><\/td><\/tr><tr><td><a class=\"hoverlink\" href=\"https:\/\/site.educa.madrid.org\/ies.claradelrey.madrid\/wp-content\/uploads\/ies.claradelrey.madrid\/2026\/04\/Actuacion_Sostenibilidad_REACT-UE_IESClaraDelRey.pdf\" target=\"_blank\" rel=\"noreferrer noopener\"><\/a><a class=\"hoverlink\" href=\"https:\/\/site.educa.madrid.org\/ies.claradelrey.madrid\/wp-content\/uploads\/ies.claradelrey.madrid\/2026\/04\/Actuacion_Sostenibilidad_REACT-UE_IESClaraDelRey.pdf\" target=\"_blank\" rel=\"noreferrer noopener\">Actuaci\u00f3n Sostenibilidad Medioambiental (programa REACT-EU)<\/a><\/td><\/tr><tr><td><a class=\"hoverlink\" href=\"https:\/\/site.educa.madrid.org\/ies.claradelrey.madrid\/wp-content\/uploads\/ies.claradelrey.madrid\/2026\/04\/Guia_Buenas_Practicas_Ahorro_Energetico.pdf\" target=\"_blank\" rel=\"noreferrer noopener\"><\/a><a class=\"hoverlink\" href=\"https:\/\/site.educa.madrid.org\/ies.claradelrey.madrid\/wp-content\/uploads\/ies.claradelrey.madrid\/2026\/04\/Guia_Buenas_Practicas_Ahorro_Energetico.pdf\" target=\"_blank\" rel=\"noreferrer noopener\">Guia Buenas Pr\u00e1cticas Ahorro Energ\u00e9tico.pdf<\/a><\/td><\/tr><tr><td><a class=\"hoverlink\" href=\"https:\/\/site.educa.madrid.org\/ies.claradelrey.madrid\/wp-content\/uploads\/ies.claradelrey.madrid\/2026\/04\/Curso_breve_ISO_14001.pdf\" target=\"_blank\" rel=\"noreferrer noopener\"><\/a><a class=\"hoverlink\" href=\"https:\/\/site.educa.madrid.org\/ies.claradelrey.madrid\/wp-content\/uploads\/ies.claradelrey.madrid\/2026\/04\/Curso_breve_ISO_14001.pdf\" target=\"_blank\" rel=\"noreferrer noopener\">Curso breve ISO 14001.pdf<\/a><\/td><\/tr><tr><td><a class=\"hoverlink\" href=\"https:\/\/site.educa.madrid.org\/ies.claradelrey.madrid\/wp-content\/uploads\/ies.claradelrey.madrid\/2026\/04\/Guia_para_la_gestion_de_residuos_en_centros.pdf\" target=\"_blank\" rel=\"noreferrer noopener\"><\/a><a class=\"hoverlink\" href=\"https:\/\/site.educa.madrid.org\/ies.claradelrey.madrid\/wp-content\/uploads\/ies.claradelrey.madrid\/2026\/04\/Guia_para_la_gestion_de_residuos_en_centros.pdf\" target=\"_blank\" rel=\"noreferrer noopener\">Gu\u00eda para la gesti\u00f3n de residuos en centros.pdf<\/a><\/td><\/tr><\/tbody><\/table><\/figure>\n\n\n\n<p><\/p>\n\n\n\n<p><\/p>\n\n\n\n<p><\/p>\n\n","protected":false},"excerpt":{"rendered":"<p>Pol\u00edtica medioambiental El IES Clara del Rey, dedicado a la ense\u00f1anza de formaci\u00f3n profesional no obligatoria (ciclos formativos) relacionados con: administraci\u00f3n y gesti\u00f3n, comercio y marketing e inform\u00e1tica y comunicaciones, quiere contribuir al desarrollo sostenible y minimizar su impacto en el medio ambiente. Es por esta raz\u00f3n que se ha incorporado a la gesti\u00f3n de<\/p><\/div>\n<div class=\"blog-btn\"><a href=\"https:\/\/site.educa.madrid.org\/ies.claradelrey.madrid\/index.php\/clara-sostenible\/\" class=\"home-blog-btn\">Leer m\u00e1s<\/a><\/p>\n","protected":false},"author":3,"featured_media":0,"parent":0,"menu_order":0,"comment_status":"closed","ping_status":"closed","template":"","meta":{"footnotes":""},"folder":[],"class_list":["post-409","page","type-page","status-publish","hentry"],"rttpg_featured_image_url":null,"rttpg_author":{"display_name":"ies.claradelrey.madrid","author_link":"https:\/\/site.educa.madrid.org\/ies.claradelrey.madrid\/index.php\/author\/cuenta_ies-claradelrey-madrid\/"},"rttpg_comment":0,"rttpg_category":false,"rttpg_excerpt":"Pol\u00edtica medioambiental El IES Clara del Rey, dedicado a la ense\u00f1anza de formaci\u00f3n profesional no obligatoria (ciclos formativos) relacionados con: administraci\u00f3n y gesti\u00f3n, comercio y marketing e inform\u00e1tica y comunicaciones, quiere contribuir al desarrollo sostenible y minimizar su impacto en el medio ambiente. Es por esta raz\u00f3n que se ha incorporado a la gesti\u00f3n deLeer&hellip;","post_mailing_queue_ids":[],"_links":{"self":[{"href":"https:\/\/site.educa.madrid.org\/ies.claradelrey.madrid\/index.php\/wp-json\/wp\/v2\/pages\/409","targetHints":{"allow":["GET"]}}],"collection":[{"href":"https:\/\/site.educa.madrid.org\/ies.claradelrey.madrid\/index.php\/wp-json\/wp\/v2\/pages"}],"about":[{"href":"https:\/\/site.educa.madrid.org\/ies.claradelrey.madrid\/index.php\/wp-json\/wp\/v2\/types\/page"}],"author":[{"embeddable":true,"href":"https:\/\/site.educa.madrid.org\/ies.claradelrey.madrid\/index.php\/wp-json\/wp\/v2\/users\/3"}],"replies":[{"embeddable":true,"href":"https:\/\/site.educa.madrid.org\/ies.claradelrey.madrid\/index.php\/wp-json\/wp\/v2\/comments?post=409"}],"version-history":[{"count":9,"href":"https:\/\/site.educa.madrid.org\/ies.claradelrey.madrid\/index.php\/wp-json\/wp\/v2\/pages\/409\/revisions"}],"predecessor-version":[{"id":3343,"href":"https:\/\/site.educa.madrid.org\/ies.claradelrey.madrid\/index.php\/wp-json\/wp\/v2\/pages\/409\/revisions\/3343"}],"wp:attachment":[{"href":"https:\/\/site.educa.madrid.org\/ies.claradelrey.madrid\/index.php\/wp-json\/wp\/v2\/media?parent=409"}],"wp:term":[{"taxonomy":"folder","embeddable":true,"href":"https:\/\/site.educa.madrid.org\/ies.claradelrey.madrid\/index.php\/wp-json\/wp\/v2\/folder?post=409"}],"curies":[{"name":"wp","href":"https:\/\/api.w.org\/{rel}","templated":true}]}}