{"id":430,"date":"2025-07-29T20:40:42","date_gmt":"2025-07-29T18:40:42","guid":{"rendered":"https:\/\/site.educa.madrid.org\/ies.claradelrey.madrid\/?page_id=430"},"modified":"2025-07-30T17:23:58","modified_gmt":"2025-07-30T15:23:58","slug":"prevencion-de-riesgos-laborales","status":"publish","type":"page","link":"https:\/\/site.educa.madrid.org\/ies.claradelrey.madrid\/index.php\/prevencion-de-riesgos-laborales\/","title":{"rendered":"Prevenci\u00f3n de riesgos laborales"},"content":{"rendered":"\n<figure class=\"wp-block-table\"><table class=\"has-fixed-layout\"><thead><tr><th><a href=\"https:\/\/iesclaradelrey.es\/portal\/index.php\/es\/inicio\/prevencion-de-riesgos-laborales#\">T\u00edtulo<\/a><\/th><\/tr><\/thead><tbody><tr><td><a href=\"https:\/\/site.educa.madrid.org\/ies.claradelrey.madrid\/index.php\/fichas-informativas-sobre-actividades-de-prevencion-y-proteccion-por-categoria-profesional\/\"><strong><mark style=\"background-color:rgba(0, 0, 0, 0);color:#1f6085\" class=\"has-inline-color\">Fichas informativas sobre actividades de prevenci\u00f3n y protecci\u00f3n por categor\u00eda profesional<\/mark><\/strong><\/a><\/td><\/tr><tr><td><a href=\"https:\/\/site.educa.madrid.org\/ies.claradelrey.madrid\/index.php\/fichas-informativas-sobre-riesgos-en-el-puesto-de-trabajo\/\"><strong><mark style=\"background-color:rgba(0, 0, 0, 0);color:#1f6085\" class=\"has-inline-color\">Fichas informativas sobre riesgos en el puesto de trabajo<\/mark><\/strong><\/a><\/td><\/tr><tr><td><a href=\"https:\/\/site.educa.madrid.org\/ies.claradelrey.madrid\/index.php\/plan-de-alerta-y-prevencion-frente-a-olas-de-calor\/\"><strong><mark style=\"background-color:rgba(0, 0, 0, 0);color:#1f6085\" class=\"has-inline-color\">Plan de alerta y prevenci\u00f3n frente a \u201colas de calor\u201d<\/mark><\/strong><\/a><\/td><\/tr><tr><td><a href=\"https:\/\/site.educa.madrid.org\/ies.claradelrey.madrid\/index.php\/plan-de-prevencion-de-riesgos-laborales-para-centros-docentes\/\"><strong><mark style=\"background-color:rgba(0, 0, 0, 0);color:#1f6085\" class=\"has-inline-color\">Plan de Prevenci\u00f3n de Riesgos Laborales para Centros Docentes<\/mark><\/strong><\/a><\/td><\/tr><tr><td><a href=\"https:\/\/site.educa.madrid.org\/ies.claradelrey.madrid\/index.php\/protocolo-de-actuacion-en-caso-de-emergencia\/\"><strong><mark style=\"background-color:rgba(0, 0, 0, 0);color:#1f6085\" class=\"has-inline-color\">Protocolo de actuaci\u00f3n en caso de emergencia<\/mark><\/strong><\/a><\/td><\/tr><\/tbody><\/table><\/figure>\n\n\n\n<p><\/p>\n","protected":false},"excerpt":{"rendered":"<p>T\u00edtulo Fichas informativas sobre actividades de prevenci\u00f3n y protecci\u00f3n por categor\u00eda profesional Fichas informativas sobre riesgos en el puesto de trabajo Plan de alerta y prevenci\u00f3n frente a \u201colas de calor\u201d Plan de Prevenci\u00f3n de Riesgos Laborales para Centros Docentes Protocolo de actuaci\u00f3n en caso de emergencia<\/p>\n","protected":false},"author":3,"featured_media":0,"parent":0,"menu_order":0,"comment_status":"closed","ping_status":"closed","template":"","meta":{"footnotes":""},"folder":[],"class_list":["post-430","page","type-page","status-publish","hentry"],"rttpg_featured_image_url":null,"rttpg_author":{"display_name":"ies.claradelrey.madrid","author_link":"https:\/\/site.educa.madrid.org\/ies.claradelrey.madrid\/index.php\/author\/cuenta_ies-claradelrey-madrid\/"},"rttpg_comment":0,"rttpg_category":false,"rttpg_excerpt":"T\u00edtulo Fichas informativas sobre actividades de prevenci\u00f3n y protecci\u00f3n por categor\u00eda profesional Fichas informativas sobre riesgos en el puesto de trabajo Plan de alerta y prevenci\u00f3n frente a \u201colas de calor\u201d Plan de Prevenci\u00f3n de Riesgos Laborales para Centros Docentes Protocolo de actuaci\u00f3n en caso de emergencia","post_mailing_queue_ids":[],"_links":{"self":[{"href":"https:\/\/site.educa.madrid.org\/ies.claradelrey.madrid\/index.php\/wp-json\/wp\/v2\/pages\/430","targetHints":{"allow":["GET"]}}],"collection":[{"href":"https:\/\/site.educa.madrid.org\/ies.claradelrey.madrid\/index.php\/wp-json\/wp\/v2\/pages"}],"about":[{"href":"https:\/\/site.educa.madrid.org\/ies.claradelrey.madrid\/index.php\/wp-json\/wp\/v2\/types\/page"}],"author":[{"embeddable":true,"href":"https:\/\/site.educa.madrid.org\/ies.claradelrey.madrid\/index.php\/wp-json\/wp\/v2\/users\/3"}],"replies":[{"embeddable":true,"href":"https:\/\/site.educa.madrid.org\/ies.claradelrey.madrid\/index.php\/wp-json\/wp\/v2\/comments?post=430"}],"version-history":[{"count":7,"href":"https:\/\/site.educa.madrid.org\/ies.claradelrey.madrid\/index.php\/wp-json\/wp\/v2\/pages\/430\/revisions"}],"predecessor-version":[{"id":612,"href":"https:\/\/site.educa.madrid.org\/ies.claradelrey.madrid\/index.php\/wp-json\/wp\/v2\/pages\/430\/revisions\/612"}],"wp:attachment":[{"href":"https:\/\/site.educa.madrid.org\/ies.claradelrey.madrid\/index.php\/wp-json\/wp\/v2\/media?parent=430"}],"wp:term":[{"taxonomy":"folder","embeddable":true,"href":"https:\/\/site.educa.madrid.org\/ies.claradelrey.madrid\/index.php\/wp-json\/wp\/v2\/folder?post=430"}],"curies":[{"name":"wp","href":"https:\/\/api.w.org\/{rel}","templated":true}]}}