{"id":432,"date":"2025-07-29T20:41:00","date_gmt":"2025-07-29T18:41:00","guid":{"rendered":"https:\/\/site.educa.madrid.org\/ies.claradelrey.madrid\/?page_id=432"},"modified":"2025-07-30T17:26:52","modified_gmt":"2025-07-30T15:26:52","slug":"historico-de-noticias","status":"publish","type":"page","link":"https:\/\/site.educa.madrid.org\/ies.claradelrey.madrid\/index.php\/historico-de-noticias\/","title":{"rendered":"Hist\u00f3rico de noticias"},"content":{"rendered":"\n<figure class=\"wp-block-table\"><table class=\"has-fixed-layout\"><thead><tr><th><a href=\"https:\/\/iesclaradelrey.es\/portal\/index.php\/es\/inicio\/historico-de-noticias#\">T\u00edtulo<\/a><\/th><th><a href=\"https:\/\/iesclaradelrey.es\/portal\/index.php\/es\/inicio\/historico-de-noticias#\">Fecha de publicaci\u00f3n<\/a><\/th><\/tr><\/thead><tbody><tr><td><a href=\"https:\/\/iesclaradelrey.es\/portal\/index.php\/es\/inicio\/historico-de-noticias\/1794-comunicacion-de-calificaciones-y-periodo-de-revision\">Comunicaci\u00f3n de calificaciones y periodo de revisi\u00f3n<\/a><\/td><td>20-06-2025<\/td><\/tr><tr><td><a href=\"https:\/\/iesclaradelrey.es\/portal\/index.php\/es\/inicio\/historico-de-noticias\/1793-ceremonia-de-graduacion-del-curso-2024-2025\">Ceremonia de graduaci\u00f3n del curso 2024-2025<\/a><\/td><td>16-06-2025<\/td><\/tr><tr><td><a href=\"https:\/\/iesclaradelrey.es\/portal\/index.php\/es\/inicio\/historico-de-noticias\/1764-visita-nuestra-radio-en-madrid-es-ciencia\">\u00a1Visita nuestra radio en Madrid es Ciencia!<\/a><\/td><td>24-03-2025<\/td><\/tr><tr><td><a href=\"https:\/\/iesclaradelrey.es\/portal\/index.php\/es\/inicio\/historico-de-noticias\/1761-apuntate-a-la-graduacion\">\u00a1Ap\u00fantate a la graduaci\u00f3n!<\/a><\/td><td>21-03-2025<\/td><\/tr><tr><td><a href=\"https:\/\/iesclaradelrey.es\/portal\/index.php\/es\/inicio\/historico-de-noticias\/1757-horarios-de-las-de-clases-de-recuperacion-para-grupos-de-2-presencial\">Horarios de las clases de recuperaci\u00f3n para grupos de 2\u00ba presencial<\/a><\/td><td>18-03-2025<\/td><\/tr><tr><td><a href=\"https:\/\/iesclaradelrey.es\/portal\/index.php\/es\/inicio\/historico-de-noticias\/1756-reunion-erasmus-para-alumnos-de-primer-curso\">Reuni\u00f3n Erasmus para alumnos de primer curso<\/a><\/td><td>12-03-2025<\/td><\/tr><tr><td><a href=\"https:\/\/iesclaradelrey.es\/portal\/index.php\/es\/inicio\/historico-de-noticias\/1754-8m-dia-de-la-mujer\">8M &#8211; D\u00eda de la Mujer<\/a><\/td><td>06-03-2025<\/td><\/tr><tr><td><a href=\"https:\/\/iesclaradelrey.es\/portal\/index.php\/es\/inicio\/historico-de-noticias\/1751-panuelo-challenge-por-el-dia-internacional-del-cancer-infantil\">Pa\u00f1uelo Challenge por el D\u00eda Internacional del C\u00e1ncer Infantil<\/a><\/td><td>11-02-2025<\/td><\/tr><tr><td><a href=\"https:\/\/iesclaradelrey.es\/portal\/index.php\/es\/inicio\/historico-de-noticias\/1745-sorteo-finalistas-ideathon\">Sorteo finalistas Ideathon<\/a><\/td><td>14-01-2025<\/td><\/tr><tr><td><a href=\"https:\/\/iesclaradelrey.es\/portal\/index.php\/es\/inicio\/historico-de-noticias\/1737-iv-ideathon-del-clara\">IV Ideathon del Clara<\/a><\/td><td>26-11-2024<\/td><\/tr><tr><td><a href=\"https:\/\/iesclaradelrey.es\/portal\/index.php\/es\/inicio\/historico-de-noticias\/1736-25n-dia-contra-la-violencia-de-genero\">25N: d\u00eda contra la violencia de g\u00e9nero<\/a><\/td><td>25-11-2024<\/td><\/tr><tr><td><a href=\"https:\/\/iesclaradelrey.es\/portal\/index.php\/es\/inicio\/historico-de-noticias\/1693-hemos-sido-premiados\">\ud83c\udfc6\u00a1Hemos sido premiados!<\/a><\/td><td>10-06-2024<\/td><\/tr><tr><td><a href=\"https:\/\/iesclaradelrey.es\/portal\/index.php\/es\/inicio\/historico-de-noticias\/1650-digit-madrid\">Jornadas de empleo<\/a><\/td><td>10-12-2023<\/td><\/tr><tr><td><a href=\"https:\/\/iesclaradelrey.es\/portal\/index.php\/es\/inicio\/historico-de-noticias\/1412-clarainnova-ifc-abril-2022\">ClaraInnova IFC abril 2022<\/a><\/td><td>27-04-2022<\/td><\/tr><tr><td><a href=\"https:\/\/iesclaradelrey.es\/portal\/index.php\/es\/inicio\/historico-de-noticias\/1400-concurso-de-ideas-claraemprende\">Concurso de ideas ClaraEmprende<\/a><\/td><td>30-03-2022<\/td><\/tr><tr><td><a href=\"https:\/\/iesclaradelrey.es\/portal\/index.php\/es\/inicio\/historico-de-noticias\/1219-despedida-de-mercedes-manzanares\">Despedida de Mercedes Manzanares<\/a><\/td><td>01-07-2020<\/td><\/tr><tr><td><a href=\"https:\/\/iesclaradelrey.es\/portal\/index.php\/es\/inicio\/historico-de-noticias\/1195-convocatorias-de-examenes-de-mayo-y-junio\">Convocatorias de ex\u00e1menes<\/a><\/td><td>12-05-2020<\/td><\/tr><tr><td><a href=\"https:\/\/iesclaradelrey.es\/portal\/index.php\/es\/inicio\/historico-de-noticias\/1161-clarainnova-2019-20\">ClaraInnova 2019-20<\/a><\/td><td>15-12-2019<\/td><\/tr><tr><td><a href=\"https:\/\/iesclaradelrey.es\/portal\/index.php\/es\/inicio\/historico-de-noticias\/1094-clarainnova-jornadas-de-informatica-y-comunicaciones-2019\">2019. ClaraInnova. Jornadas de Inform\u00e1tica y Comunicaciones.<\/a><\/td><td>25-04-2019<\/td><\/tr><tr><td><a href=\"https:\/\/iesclaradelrey.es\/portal\/index.php\/es\/inicio\/historico-de-noticias\/1076-jornadas-mejora-tu-empleabilidad\">Jornada de empleo 2018: \u00a1Mejora tu empleabilidad!<\/a><\/td><td>11-12-2018<\/td><\/tr><tr><td><a href=\"https:\/\/iesclaradelrey.es\/portal\/index.php\/es\/inicio\/historico-de-noticias\/1075-jornadas-de-empleo-mejora-tu-empleabilidad\">Jornada de empleo 2018: \u00a1Mejora tu empleabilidad!<\/a><\/td><td>10-12-2018<\/td><\/tr><tr><td><a href=\"https:\/\/iesclaradelrey.es\/portal\/index.php\/es\/inicio\/historico-de-noticias\/1072-giving-tuesday-2018\">As\u00ed fue GivingTuesday 2018<\/a><\/td><td>22-11-2018<\/td><\/tr><tr><td><a href=\"https:\/\/iesclaradelrey.es\/portal\/index.php\/es\/inicio\/historico-de-noticias\/999-banco-de-alimentos-2017\">Banco de alimentos 2017<\/a><\/td><td>19-12-2017<\/td><\/tr><tr><td><a href=\"https:\/\/iesclaradelrey.es\/portal\/index.php\/es\/inicio\/historico-de-noticias\/993-givingtuesday-2017\">#GivingTuesday 2017<\/a><\/td><td>04-12-2017<\/td><\/tr><tr><td><a href=\"https:\/\/iesclaradelrey.es\/portal\/index.php\/es\/inicio\/historico-de-noticias\/973-la-fp-en-finlandia\">La FP en Finlandia<\/a><\/td><td>27-10-2017<\/td><\/tr><tr><td><a href=\"https:\/\/iesclaradelrey.es\/portal\/index.php\/es\/inicio\/historico-de-noticias\/937-campana-de-reciclaje-2016-2017\">Campa\u00f1a de reciclaje 2016-2017<\/a><\/td><td>26-06-2017<\/td><\/tr><tr><td><a href=\"https:\/\/iesclaradelrey.es\/portal\/index.php\/es\/inicio\/historico-de-noticias\/935-informe-de-empleabilidad-en-el-area-de-marketing\">Informe de empleabilidad en el \u00e1rea de Marketing 2017<\/a><\/td><td>22-06-2017<\/td><\/tr><tr><td><a href=\"https:\/\/iesclaradelrey.es\/portal\/index.php\/es\/inicio\/historico-de-noticias\/921-ii-jornada-de-empleo-y-emprendimiento-2016-2017\">II Jornada de empleo y emprendimiento 2017<\/a><\/td><td>26-04-2017<\/td><\/tr><tr><td><a href=\"https:\/\/iesclaradelrey.es\/portal\/index.php\/es\/inicio\/historico-de-noticias\/917-convenio-de-colaboracion-con-la-fundacion-tu-creas\">Convenio de colaboraci\u00f3n con la Fundaci\u00f3n T\u00fa Creas 2016-2017<\/a><\/td><td>15-03-2017<\/td><\/tr><tr><td><a href=\"https:\/\/iesclaradelrey.es\/portal\/index.php\/es\/inicio\/historico-de-noticias\/915-videos-de-la-jornada-de-empleo-y-emprendimiento\">I Jornada de empleo y emprendimiento 2017<\/a><\/td><td>10-03-2017<\/td><\/tr><tr><td><a href=\"https:\/\/iesclaradelrey.es\/portal\/index.php\/es\/inicio\/historico-de-noticias\/910-nuestros-alumnos-ganadores-del-concurso-disenaweb-2017\">Nuestros alumnos ganadores del concurso Dise\u00f1aWeb 2017<\/a><\/td><td>27-02-2017<\/td><\/tr><tr><td><a href=\"https:\/\/iesclaradelrey.es\/portal\/index.php\/es\/inicio\/historico-de-noticias\/909-fotos-de-la-visita-de-alumnas-de-lycee-des-glieres-de-annemasse-francia\">Fotos de la visita de alumnas de Lyc\u00e9e des Gli\u00e9res de Annemasse (Francia)<\/a><\/td><td>24-02-2017<\/td><\/tr><tr><td><a href=\"https:\/\/iesclaradelrey.es\/portal\/index.php\/es\/inicio\/historico-de-noticias\/894-el-ies-clara-del-rey-participa-en-madridskills\">El IES Clara del Rey participa en madridskills<\/a><\/td><td>25-11-2016<\/td><\/tr><tr><td><a href=\"https:\/\/iesclaradelrey.es\/portal\/index.php\/es\/inicio\/historico-de-noticias\/859-un-hito-emprendedor-en-el-ies-clara-del-rey\">Un hito emprendedor en el IES Clara del Rey<\/a><\/td><td>01-07-2016<\/td><\/tr><tr><td><a href=\"https:\/\/iesclaradelrey.es\/portal\/index.php\/es\/inicio\/historico-de-noticias\/849-finalistas-en-drawing-ed-emprendimiento\">Finalistas en Drawing ED (Emprendimiento) \u00a1Primer premio!<\/a><\/td><td>14-06-2016<\/td><\/tr><tr><td><a href=\"https:\/\/iesclaradelrey.es\/portal\/index.php\/es\/inicio\/historico-de-noticias\/819-implantacion-de-proyectos-propios\">Implantaci\u00f3n de proyectos propios<\/a><\/td><td>30-05-2016<\/td><\/tr><tr><td><a href=\"https:\/\/iesclaradelrey.es\/portal\/index.php\/es\/inicio\/historico-de-noticias\/803-el-25-aniversario\">El 25 aniversario &#8230; fotos del evento<\/a><\/td><td>12-04-2016<\/td><\/tr><tr><td><a href=\"https:\/\/iesclaradelrey.es\/portal\/index.php\/es\/inicio\/historico-de-noticias\/799-el-lunes-28-de-marzo-a-las-9-30-salimos-en-la-2-de-tve\">Hemos salido en La 2 de TVE<\/a><\/td><td>19-03-2016<\/td><\/tr><tr><td><a href=\"https:\/\/iesclaradelrey.es\/portal\/index.php\/es\/inicio\/historico-de-noticias\/798-programame-2106-madrid\">Programame 2106 Madrid<\/a><\/td><td>15-03-2016<\/td><\/tr><tr><td><a href=\"https:\/\/iesclaradelrey.es\/portal\/index.php\/es\/inicio\/historico-de-noticias\/792-concurso-de-carteles-resultado\">Concurso de carteles. 25\u00ba aniversario.<\/a><\/td><td>27-02-2016<\/td><\/tr><tr><td><a href=\"https:\/\/iesclaradelrey.es\/portal\/index.php\/es\/inicio\/historico-de-noticias\/755-el-consejero-de-educacion-visita-a-nuestros-alumnos-de-media-markt\">El Consejero de Educaci\u00f3n visita a nuestros alumnos en Media Markt<\/a><\/td><td>05-11-2015<\/td><\/tr><tr><td><a href=\"https:\/\/iesclaradelrey.es\/portal\/index.php\/es\/inicio\/historico-de-noticias\/717-oficinas-de-informacion-juvenil-del-ayuntamiento-de-madrid\">Oficinas de informaci\u00f3n juvenil del Ayuntamiento de Madrid<\/a><\/td><td>22-05-2015<\/td><\/tr><tr><td><a href=\"https:\/\/iesclaradelrey.es\/portal\/index.php\/es\/inicio\/historico-de-noticias\/732-perfiles-profesionales-de-los-nuevos-estudios\">La formaci\u00f3n que m\u00e1s requieren las empresas<\/a><\/td><td>13-05-2015<\/td><\/tr><tr><td><a href=\"https:\/\/iesclaradelrey.es\/portal\/index.php\/es\/inicio\/historico-de-noticias\/695-programa-me\">Programa-me 11111011111<\/a><\/td><td>15-03-2015<\/td><\/tr><tr><td><a href=\"https:\/\/iesclaradelrey.es\/portal\/index.php\/es\/inicio\/historico-de-noticias\/688-operacion-kilo-2015\">Operaci\u00f3n Kilo 2015<\/a><\/td><td>06-03-2015<\/td><\/tr><tr><td><a href=\"https:\/\/iesclaradelrey.es\/portal\/index.php\/es\/inicio\/historico-de-noticias\/645-guia-de-orientacion-profesional-coordinada\">Gu\u00eda de orientaci\u00f3n profesional coordinada<\/a><\/td><td>05-11-2014<\/td><\/tr><tr><td><a href=\"https:\/\/iesclaradelrey.es\/portal\/index.php\/es\/inicio\/historico-de-noticias\/605-nuestra-alumna-irene-alvarez-en-aqui-hay-empleo\">Nuestra alumna Irene \u00c1lvarez en Aqu\u00ed hay empleo<\/a><\/td><td>20-06-2014<\/td><\/tr><tr><td><a href=\"https:\/\/iesclaradelrey.es\/portal\/index.php\/es\/inicio\/historico-de-noticias\/598-una-alumna-del-ies-clara-del-rey-ganadora-de-la-eurobeca-2014\">Una alumna del IES Clara del Rey, ganadora de la Eurobeca 2014<\/a><\/td><td>28-05-2014<\/td><\/tr><tr><td><a href=\"https:\/\/iesclaradelrey.es\/portal\/index.php\/es\/inicio\/historico-de-noticias\/590-jornadas-de-orientacion-y-empleo\">Jornada de orientaci\u00f3n y empleo 2014<\/a><\/td><td>05-05-2014<\/td><\/tr><tr><td><a href=\"https:\/\/iesclaradelrey.es\/portal\/index.php\/es\/inicio\/historico-de-noticias\/576-nuestros-alumnos-participan-en-programame\">Nuestros alumnos participan en ProgramaMe<\/a><\/td><td>19-03-2014<\/td><\/tr><tr><td><a href=\"https:\/\/iesclaradelrey.es\/portal\/index.php\/es\/inicio\/historico-de-noticias\/452-jornada-de-orientacion-y-empleo\">Jornada de orientaci\u00f3n y empleo 2013<\/a><\/td><td>07-06-2013<\/td><\/tr><tr><td><a href=\"https:\/\/iesclaradelrey.es\/portal\/index.php\/es\/inicio\/historico-de-noticias\/440-dos-alumnos-del-ies-clara-del-rey-ganadores-de-sendas-eurobecas-cajamadrid\">Dos alumnos del IES Clara del Rey, ganadores de sendas Eurobecas Cajamadrid<\/a><\/td><td>19-04-2013<\/td><\/tr><tr><td><a href=\"https:\/\/iesclaradelrey.es\/portal\/index.php\/es\/inicio\/historico-de-noticias\/362-jornada-de-software-libre\">Jornada de Software Libre<\/a><\/td><td>08-05-2012<\/td><\/tr><tr><td><a href=\"https:\/\/iesclaradelrey.es\/portal\/index.php\/es\/inicio\/historico-de-noticias\/361-y-alumno-de-informatica-subcampeon\">Y alumno de Inform\u00e1tica, subcampe\u00f3n<\/a><\/td><td>26-04-2012<\/td><\/tr><tr><td><a href=\"https:\/\/iesclaradelrey.es\/portal\/index.php\/es\/inicio\/historico-de-noticias\/360-alumna-campeona-en-campeonato-junior-achievement\">Alumna campeona en Campeonato Junior Achievement<\/a><\/td><td>26-04-2012<\/td><\/tr><tr><td><a href=\"https:\/\/iesclaradelrey.es\/portal\/index.php\/es\/inicio\/historico-de-noticias\/358-ocho-ies-de-madrid-participamos-en-la-red-europea-de-insercion-laboral\">Ocho IES de Madrid participamos en la red europea de inserci\u00f3n laboral<\/a><\/td><td>25-04-2012<\/td><\/tr><tr><td><a href=\"https:\/\/iesclaradelrey.es\/portal\/index.php\/es\/inicio\/historico-de-noticias\/350-clarinux-el-26-de-marzo-de-2012\">Clarinux, el 26 de marzo de 2012<\/a><\/td><td>13-03-2012<\/td><\/tr><tr><td><a href=\"https:\/\/iesclaradelrey.es\/portal\/index.php\/es\/inicio\/historico-de-noticias\/339-ies-clara-del-rey-premiado-en-el-concurso-emprender-desde-la-escuela10\">IES Clara del Rey premiado en el Concurso Emprender desde la Escuela<\/a><\/td><td>23-01-2012<\/td><\/tr><tr><td><a href=\"https:\/\/iesclaradelrey.es\/portal\/index.php\/es\/inicio\/historico-de-noticias\/338-ies-clara-del-rey-premiado-en-el-concurso-emprender-desde-la-escuela\">IES Clara del Rey premiado en el Concurso Emprender desde la Escuela<\/a><\/td><td>23-01-2012<\/td><\/tr><tr><td><a href=\"https:\/\/iesclaradelrey.es\/portal\/index.php\/es\/inicio\/historico-de-noticias\/334-los-alumnos-de-smr-triunfan-como-innovadores\">Los alumnos de SMR triunfan como innovadores<\/a><\/td><td>18-01-2012<\/td><\/tr><tr><td><a href=\"https:\/\/iesclaradelrey.es\/portal\/index.php\/es\/inicio\/historico-de-noticias\/331-fpempresa\">#FPEmpresa &#8211; La fuerza de la FP<\/a><\/td><td>15-12-2011<\/td><\/tr><tr><td><a href=\"https:\/\/iesclaradelrey.es\/portal\/index.php\/es\/inicio\/historico-de-noticias\/274-exito-en-el-concurso-programa-me\">\u00c9xito en el concurso Programa-me<\/a><\/td><td>17-03-2011<\/td><\/tr><tr><td><a href=\"https:\/\/iesclaradelrey.es\/portal\/index.php\/es\/inicio\/historico-de-noticias\/271-primeras-jornadas-de-medioambiente\">Primeras jornadas de medioambiente<\/a><\/td><td>18-02-2011<\/td><\/tr><tr><td><a href=\"https:\/\/iesclaradelrey.es\/portal\/index.php\/es\/inicio\/historico-de-noticias\/284-smr-asistio-con-exito-al-campamento-de-innovacion-organizado-por-ja\">SMR asiste con \u00e9xito al Campamento de Innovaci\u00f3n de la Fundaci\u00f3n Junior Achievement<\/a><\/td><td>10-11-2010<\/td><\/tr><tr><td><a href=\"https:\/\/iesclaradelrey.es\/portal\/index.php\/es\/inicio\/historico-de-noticias\/88-concursos-de-carteles\">Concursos de carteles de reciclaje 2007-08<\/a><\/td><td>19-03-2010<\/td><\/tr><\/tbody><\/table><\/figure>\n","protected":false},"excerpt":{"rendered":"<p>T\u00edtulo Fecha de publicaci\u00f3n Comunicaci\u00f3n de calificaciones y periodo de revisi\u00f3n 20-06-2025 Ceremonia de graduaci\u00f3n del curso 2024-2025 16-06-2025 \u00a1Visita nuestra radio en Madrid es Ciencia! 24-03-2025 \u00a1Ap\u00fantate a la graduaci\u00f3n! 21-03-2025 Horarios de las clases de recuperaci\u00f3n para grupos de 2\u00ba presencial 18-03-2025 Reuni\u00f3n Erasmus para alumnos de primer curso 12-03-2025 8M &#8211; D\u00eda<\/p><\/div>\n<div class=\"blog-btn\"><a href=\"https:\/\/site.educa.madrid.org\/ies.claradelrey.madrid\/index.php\/historico-de-noticias\/\" class=\"home-blog-btn\">Leer m\u00e1s<\/a><\/p>\n","protected":false},"author":3,"featured_media":0,"parent":0,"menu_order":0,"comment_status":"closed","ping_status":"closed","template":"","meta":{"footnotes":""},"folder":[],"class_list":["post-432","page","type-page","status-publish","hentry"],"rttpg_featured_image_url":null,"rttpg_author":{"display_name":"ies.claradelrey.madrid","author_link":"https:\/\/site.educa.madrid.org\/ies.claradelrey.madrid\/index.php\/author\/cuenta_ies-claradelrey-madrid\/"},"rttpg_comment":0,"rttpg_category":false,"rttpg_excerpt":"T\u00edtulo Fecha de publicaci\u00f3n Comunicaci\u00f3n de calificaciones y periodo de revisi\u00f3n 20-06-2025 Ceremonia de graduaci\u00f3n del curso 2024-2025 16-06-2025 \u00a1Visita nuestra radio en Madrid es Ciencia! 24-03-2025 \u00a1Ap\u00fantate a la graduaci\u00f3n! 21-03-2025 Horarios de las clases de recuperaci\u00f3n para grupos de 2\u00ba presencial 18-03-2025 Reuni\u00f3n Erasmus para alumnos de primer curso 12-03-2025 8M &#8211; D\u00edaLeer&hellip;","post_mailing_queue_ids":[],"_links":{"self":[{"href":"https:\/\/site.educa.madrid.org\/ies.claradelrey.madrid\/index.php\/wp-json\/wp\/v2\/pages\/432","targetHints":{"allow":["GET"]}}],"collection":[{"href":"https:\/\/site.educa.madrid.org\/ies.claradelrey.madrid\/index.php\/wp-json\/wp\/v2\/pages"}],"about":[{"href":"https:\/\/site.educa.madrid.org\/ies.claradelrey.madrid\/index.php\/wp-json\/wp\/v2\/types\/page"}],"author":[{"embeddable":true,"href":"https:\/\/site.educa.madrid.org\/ies.claradelrey.madrid\/index.php\/wp-json\/wp\/v2\/users\/3"}],"replies":[{"embeddable":true,"href":"https:\/\/site.educa.madrid.org\/ies.claradelrey.madrid\/index.php\/wp-json\/wp\/v2\/comments?post=432"}],"version-history":[{"count":3,"href":"https:\/\/site.educa.madrid.org\/ies.claradelrey.madrid\/index.php\/wp-json\/wp\/v2\/pages\/432\/revisions"}],"predecessor-version":[{"id":615,"href":"https:\/\/site.educa.madrid.org\/ies.claradelrey.madrid\/index.php\/wp-json\/wp\/v2\/pages\/432\/revisions\/615"}],"wp:attachment":[{"href":"https:\/\/site.educa.madrid.org\/ies.claradelrey.madrid\/index.php\/wp-json\/wp\/v2\/media?parent=432"}],"wp:term":[{"taxonomy":"folder","embeddable":true,"href":"https:\/\/site.educa.madrid.org\/ies.claradelrey.madrid\/index.php\/wp-json\/wp\/v2\/folder?post=432"}],"curies":[{"name":"wp","href":"https:\/\/api.w.org\/{rel}","templated":true}]}}