{"id":434,"date":"2025-07-29T20:41:16","date_gmt":"2025-07-29T18:41:16","guid":{"rendered":"https:\/\/site.educa.madrid.org\/ies.claradelrey.madrid\/?page_id=434"},"modified":"2026-03-26T16:01:07","modified_gmt":"2026-03-26T15:01:07","slug":"premios-y-concursos","status":"publish","type":"page","link":"https:\/\/site.educa.madrid.org\/ies.claradelrey.madrid\/index.php\/planes-y-proyectos-2026\/proyectos\/planes-y-proyectos\/premios-y-concursos\/","title":{"rendered":"Premios y concursos"},"content":{"rendered":"\n<div style=\"height:50px\" aria-hidden=\"true\" class=\"wp-block-spacer\"><\/div>\n\n\n\n<h1 class=\"wp-block-heading has-text-align-center\">\ud83c\udfc6\u00a1Hemos ganado el 2\u00ba premio de los Premios de Transferencia de Conocimiento de la FP!<\/h1>\n\n\n\n<p><strong>\u00a1Muchas gracias por vuestro apoyo!<\/strong><\/p>\n\n\n\n<p>\u00a1El IES Clara del Rey&nbsp;<a href=\"https:\/\/fpempresa.net\/noticias\/fpempresa-y-grupo-esprinet-anuncian-los-ganadores-de-la-iii-edicion-de-los-premios-transferencia-de-conocimiento-de-la-fp\/\" target=\"_blank\" rel=\"noreferrer noopener\">ha ganado el 2\u00ba premio de la III edici\u00f3n Premios Transferencia de Conocimiento de la FP<\/a>! Este premio, que cuenta con una dotaci\u00f3n de 4.000 euros, ha sido otorgado al&nbsp;proyecto Meet Game.<\/p>\n\n\n\n<figure class=\"wp-block-image\"><img decoding=\"async\" src=\"https:\/\/fpempresa.net\/wp-content\/uploads\/2024\/02\/Imagen-formulario-google-1024x256.png\" alt=\"\"\/><\/figure>\n\n\n\n<p>Esta iniciativa, liderada por&nbsp;nuestra compa\u00f1era Susana Canelo y los estudiantes del Grado Superior de Desarrollo de Aplicaciones Web (Carla Casalengua, Noelia Peci, Enrique S\u00e1nchez y Jos\u00e9 del Vado), propone una soluci\u00f3n innovadora para abordar el ciberacoso y la discriminaci\u00f3n de g\u00e9nero en la industria de los videojuegos.<\/p>\n\n\n\n<p>\u00bfA\u00fan no lo has visto? \u00a1\u00c9chale un vistazo!<\/p>\n\n\n\n<p><a href=\"https:\/\/youtube.com\/watch?v=9nXOHmIgw0E%3Fsi%3DOgZqhRXsIiz92Jfh\"><mark style=\"background-color:rgba(0, 0, 0, 0);color:#1f6085\" class=\"has-inline-color\">https:\/\/youtube.com\/watch?v=9nXOHmIgw0E%3Fsi%3DOgZqhRXsIiz92Jfh<\/mark><\/a><\/p>\n\n\n\n<div style=\"height:50px\" aria-hidden=\"true\" class=\"wp-block-spacer\"><\/div>\n\n\n\n<h1 class=\"wp-block-heading has-text-align-center\">\ud83c\udfc6\u00a1Hemos sido premiados con el 2\u00ba acc\u00e9sit en la VI edici\u00f3n del premio Gonzalo Estefan\u00eda de Radio Escolar!<\/h1>\n\n\n\n<p><strong>\u00a1Nuestro centro ha sido&nbsp;<a href=\"https:\/\/www.gorkazumeta.com\/2024\/05\/finalistas-del-gonzalo-estefania-de.html\" target=\"_blank\" rel=\"noreferrer noopener\">galardonado con el 2\u00ba acc\u00e9sit en la VI edici\u00f3n del premio<\/a>&nbsp;Gonzalo Estefan\u00eda de Radio Escolar!<\/strong><\/p>\n\n\n\n<figure class=\"wp-block-table\"><table class=\"has-fixed-layout\"><tbody><tr><td><img decoding=\"async\" src=\"blob:https:\/\/site.educa.madrid.org\/c7f4d648-4e25-4ba9-9492-6f065bcd00dc\" width=\"300\"><\/td><td><a href=\"https:\/\/mediateca.educa.madrid.org\/video\/oa4jhoh4b1xj79mt\/fs\"><mark style=\"background-color:rgba(0, 0, 0, 0);color:#1f6085\" class=\"has-inline-color\">https:\/\/mediateca.educa.madrid.org\/video\/oa4jhoh4b1xj79mt\/fs<\/mark><\/a><\/td><td><a href=\"https:\/\/mediateca.educa.madrid.org\/video\/q5dtg4duwhb5go9k\/fs\"><mark style=\"background-color:rgba(0, 0, 0, 0);color:#1f6085\" class=\"has-inline-color\">https:\/\/mediateca.educa.madrid.org\/video\/q5dtg4duwhb5go9k\/fs<\/mark><\/a><\/td><\/tr><\/tbody><\/table><\/figure>\n\n\n\n<p>Participan: Profesor Ra\u00fal Ruiz Parra ( Coordinador de la radio), Jes\u00fas Tovar al que hay que agradecer la elaboraci\u00f3n del video. Alberto Ruiz ,Rodrigo Lopez ,Adrian Iba\u00f1ez,Andr\u00e9s Clemente ,Victor Aznar y Gabriele Antonio Baldini.<\/p>\n\n\n\n<p>Se trata del programa \u00abPartido Tecnol\u00f3gico\u00bb.&nbsp;En este podcast se explica, bajo el programa del supuesto Partido Tecnol\u00f3gico, elaborado y producido por los alumnos y alumnas de 1\u00ba CFGS, Administraci\u00f3n de Sistemas Inform\u00e1ticos en Red (ASIR), lo que ya empieza a ser una realidad, porque la tecnolog\u00eda es imprescindible en todas las \u00e1reas y sectores (educaci\u00f3n, sanidad, econom\u00eda, agricultura, etc.) y c\u00f3mo, aplicada de la manera correcta, puede ayudar a solucionar muchos de los problemas que se tienen hoy en d\u00eda y hacer un mundo mejor.<\/p>\n\n\n\n<p>\u00bfNo lo has escuchado? \u00a1A\u00fan est\u00e1s a tiempo!<\/p>\n\n\n\n<p><a href=\"https:\/\/www.ivoox.com\/player_ej_128176174_6_1.html?c1=92a5c6\"><mark style=\"background-color:rgba(0, 0, 0, 0);color:#1f6085\" class=\"has-inline-color\">https:\/\/www.ivoox.com\/player_ej_128176174_6_1.html?c1=92a5c6<\/mark><\/a><\/p>\n\n\n\n<div style=\"height:50px\" aria-hidden=\"true\" class=\"wp-block-spacer\"><\/div>\n\n\n\n<h1 class=\"wp-block-heading has-text-align-center\">\u00a1Somos ganadores! \ud83d\ude0e<\/h1>\n\n\n\n<p>Cuando se trata de innovaci\u00f3n, la<strong>&nbsp;Formaci\u00f3n Profesional<\/strong>&nbsp;juega en las grandes ligas. El pasado d\u00eda 8 de noviembre, los estudiantes de&nbsp;<strong>DA2D1E,<\/strong>&nbsp;se trajeron para el Clara&nbsp;dos retos ganadores en un hackathon de Inteligencia artificial donde el 95% eran estudiantes universitarios.<\/p>\n\n\n\n<ul class=\"wp-block-list\">\n<li>\u00a0Reto Airbus \u2708: Gesti\u00f3n de la configuraci\u00f3n de aeronaves.<\/li>\n\n\n\n<li>\u00a0Reto T\u00e9cnicas Reunidas \ud83d\udd27: Optimizaci\u00f3n del trazado del pipeline con IA.<\/li>\n<\/ul>\n\n\n\n<p>Con esfuerzo, trabajo en equipo y creatividad, hemos demostrado que la FP puede competir (\u00a1y GANAR!) al m\u00e1s alto nivel. Esto no es solo una victoria, es una inspiraci\u00f3n para todos aquellos que sue\u00f1an en grande.<\/p>\n\n\n<div class=\"wp-block-image\">\n<figure class=\"aligncenter size-full\"><img loading=\"lazy\" decoding=\"async\" width=\"657\" height=\"413\" src=\"https:\/\/site.educa.madrid.org\/ies.claradelrey.madrid\/\/wp-content\/uploads\/ies.claradelrey.madrid\/2025\/07\/image-15.png\" alt=\"\" class=\"wp-image-616\" srcset=\"https:\/\/site.educa.madrid.org\/ies.claradelrey.madrid\/\/wp-content\/uploads\/ies.claradelrey.madrid\/2025\/07\/image-15.png 657w, https:\/\/site.educa.madrid.org\/ies.claradelrey.madrid\/\/wp-content\/uploads\/ies.claradelrey.madrid\/2025\/07\/image-15-300x189.png 300w\" sizes=\"auto, (max-width: 657px) 100vw, 657px\" \/><\/figure>\n<\/div>\n\n\n<p><em><strong>Gracias, DA2D1E, de vuestro Clara.<\/strong><\/em><\/p>\n","protected":false},"excerpt":{"rendered":"<p>\ud83c\udfc6\u00a1Hemos ganado el 2\u00ba premio de los Premios de Transferencia de Conocimiento de la FP! \u00a1Muchas gracias por vuestro apoyo! \u00a1El IES Clara del Rey&nbsp;ha ganado el 2\u00ba premio de la III edici\u00f3n Premios Transferencia de Conocimiento de la FP! Este premio, que cuenta con una dotaci\u00f3n de 4.000 euros, ha sido otorgado al&nbsp;proyecto Meet<\/p><\/div>\n<div class=\"blog-btn\"><a href=\"https:\/\/site.educa.madrid.org\/ies.claradelrey.madrid\/index.php\/planes-y-proyectos-2026\/proyectos\/planes-y-proyectos\/premios-y-concursos\/\" class=\"home-blog-btn\">Leer m\u00e1s<\/a><\/p>\n","protected":false},"author":3,"featured_media":0,"parent":2888,"menu_order":0,"comment_status":"closed","ping_status":"closed","template":"","meta":{"footnotes":""},"folder":[],"class_list":["post-434","page","type-page","status-publish","hentry"],"rttpg_featured_image_url":null,"rttpg_author":{"display_name":"ies.claradelrey.madrid","author_link":"https:\/\/site.educa.madrid.org\/ies.claradelrey.madrid\/index.php\/author\/cuenta_ies-claradelrey-madrid\/"},"rttpg_comment":0,"rttpg_category":false,"rttpg_excerpt":"\ud83c\udfc6\u00a1Hemos ganado el 2\u00ba premio de los Premios de Transferencia de Conocimiento de la FP! \u00a1Muchas gracias por vuestro apoyo! \u00a1El IES Clara del Rey&nbsp;ha ganado el 2\u00ba premio de la III edici\u00f3n Premios Transferencia de Conocimiento de la FP! Este premio, que cuenta con una dotaci\u00f3n de 4.000 euros, ha sido otorgado al&nbsp;proyecto MeetLeer&hellip;","post_mailing_queue_ids":[],"_links":{"self":[{"href":"https:\/\/site.educa.madrid.org\/ies.claradelrey.madrid\/index.php\/wp-json\/wp\/v2\/pages\/434","targetHints":{"allow":["GET"]}}],"collection":[{"href":"https:\/\/site.educa.madrid.org\/ies.claradelrey.madrid\/index.php\/wp-json\/wp\/v2\/pages"}],"about":[{"href":"https:\/\/site.educa.madrid.org\/ies.claradelrey.madrid\/index.php\/wp-json\/wp\/v2\/types\/page"}],"author":[{"embeddable":true,"href":"https:\/\/site.educa.madrid.org\/ies.claradelrey.madrid\/index.php\/wp-json\/wp\/v2\/users\/3"}],"replies":[{"embeddable":true,"href":"https:\/\/site.educa.madrid.org\/ies.claradelrey.madrid\/index.php\/wp-json\/wp\/v2\/comments?post=434"}],"version-history":[{"count":5,"href":"https:\/\/site.educa.madrid.org\/ies.claradelrey.madrid\/index.php\/wp-json\/wp\/v2\/pages\/434\/revisions"}],"predecessor-version":[{"id":624,"href":"https:\/\/site.educa.madrid.org\/ies.claradelrey.madrid\/index.php\/wp-json\/wp\/v2\/pages\/434\/revisions\/624"}],"up":[{"embeddable":true,"href":"https:\/\/site.educa.madrid.org\/ies.claradelrey.madrid\/index.php\/wp-json\/wp\/v2\/pages\/2888"}],"wp:attachment":[{"href":"https:\/\/site.educa.madrid.org\/ies.claradelrey.madrid\/index.php\/wp-json\/wp\/v2\/media?parent=434"}],"wp:term":[{"taxonomy":"folder","embeddable":true,"href":"https:\/\/site.educa.madrid.org\/ies.claradelrey.madrid\/index.php\/wp-json\/wp\/v2\/folder?post=434"}],"curies":[{"name":"wp","href":"https:\/\/api.w.org\/{rel}","templated":true}]}}