{"id":436,"date":"2025-07-29T20:41:41","date_gmt":"2025-07-29T18:41:41","guid":{"rendered":"https:\/\/site.educa.madrid.org\/ies.claradelrey.madrid\/?page_id=436"},"modified":"2025-07-30T17:33:53","modified_gmt":"2025-07-30T15:33:53","slug":"aviso-legal","status":"publish","type":"page","link":"https:\/\/site.educa.madrid.org\/ies.claradelrey.madrid\/index.php\/aviso-legal\/","title":{"rendered":"Aviso legal"},"content":{"rendered":"\n<p>El contenido que se ofrece es meramente informativo y carece de efectos vinculantes para la Administraci\u00f3n.<\/p>\n\n\n\n<p>Se facilitan enlaces a p\u00e1ginas externas sobre las que el&nbsp;<em><strong>IES Clara del Rey<\/strong><\/em>&nbsp;declina toda responsabilidad.<\/p>\n\n\n\n<h3 class=\"wp-block-heading\"><strong><mark style=\"background-color:rgba(0, 0, 0, 0);color:#1f6085\" class=\"has-inline-color\">Accesibilidad<\/mark><\/strong><\/h3>\n\n\n\n<p>Esta web ha sido desarrollada siguiendo las pautas de accesibilidad definidas por el grupo de trabajo permanente Web Accessibility Initiative (WAI) del Consorcio para la World Wide Web (W3C) para su nivel AA. Actualmente&nbsp; este nivel AA se cumple en un amplio porcentaje de las p\u00e1ginas.<\/p>\n\n\n\n<p>Esta declaraci\u00f3n de accesibilidad recoge aquellas p\u00e1ginas que se encuentran bajo el control del&nbsp;<em><strong>IES Clara del Rey<\/strong><\/em>&nbsp;excluyendo las p\u00e1ginas a las que nos llevan los enlaces externos as\u00ed como los contenidos que son incrustados en nuestra web pero provienen de otros sitios.<\/p>\n\n\n\n<h3 class=\"wp-block-heading\"><strong><mark style=\"background-color:rgba(0, 0, 0, 0);color:#1f6085\" class=\"has-inline-color\">Pol\u00edtica de privacidad y protecci\u00f3n de datos de car\u00e1cter personal<\/mark><\/strong><\/h3>\n\n\n\n<p>Los datos personales (nombre, DNI, direcci\u00f3n, correo web, fotograf\u00edas\u2026) recabados y procesados a trav\u00e9s de este sitio web, ser\u00e1n tratados de conformidad con la normativa reguladora de protecci\u00f3n de datos de car\u00e1cter personal.<\/p>\n\n\n\n<p>Los datos personales ser\u00e1n incorporados al fichero \u00abp\u00e1gina web\u00bb dependiente del Instituto de Educaci\u00f3n Secundaria, con la \u00fanica finalidad de prestar los servicios establecidos por la normativa vigente en materia de educaci\u00f3n, as\u00ed como para la prestaci\u00f3n de los servicios contratados con el centro educativo.<\/p>\n\n\n\n<p>Igualmente, podremos utilizar los datos personales que facilite en este sitio Web para organizar las salidas y las actividades a celebrar fuera de las instalaciones del propio centro que lo requieran, as\u00ed como para enviarle a su domicilio informaci\u00f3n acerca de los servicios prestados por el propio centro.<\/p>\n\n\n\n<p>Todos los formularios, modelos de impreso o solicitudes, que recogen datos de car\u00e1cter personal, que pueden descargarse desde este sitio web, contienen la correspondiente cl\u00e1usula a la que se refiere el art\u00edculo 5 de la Ley Org\u00e1nica 15\/1999, de 13 de diciembre, de Protecci\u00f3n de Datos de Car\u00e1cter Personal:&nbsp;<em>\u201cLos datos personales recogidos ser\u00e1n incorporados y tratados en el fichero (indicar nombre), cuya finalidad es (describirla), inscrito en el Registro de Ficheros de Datos Personales de la Agencia de Protecci\u00f3n de Datos de la Comunidad de Madrid (<\/em><a href=\"http:\/\/www.madrid.org\/apdcm\"><em>www.madrid.org\/apdcm<\/em><\/a><em>), y podr\u00e1n ser cedidos a (indicar), adem\u00e1s de otras cesiones previstas en la Ley. El \u00f3rgano responsable de fichero es (indicarlo), y la direcci\u00f3n donde el interesado podr\u00e1 ejercer los derechos de acceso, rectificaci\u00f3n, cancelaci\u00f3n y oposici\u00f3n ante el mismo es (indicarla), todo lo cual se informa en cumplimiento del art\u00edculo 5 de la Ley Org\u00e1nica 15\/1999, de 13 de diciembre, de Protecci\u00f3n de Datos de Car\u00e1cter Personal\u201d.<\/em><\/p>\n\n\n\n<p>En relaci\u00f3n con la publicaci\u00f3n de im\u00e1genes y otros contenidos gr\u00e1ficos, sonoros y\/o v\u00eddeo gr\u00e1ficos, de los alumnos de este centro escolar, de los antiguos alumnos del mismo, y de los padres, madres y\/o tutores de dichos alumnos, se har\u00e1 entrega a los afectados o a sus representantes legales (padre, madre o tutor) del correspondiente modelo sobre \u00abconsentimiento informado\u00bb para la recogida y tratamiento de dichas im\u00e1genes. En el caso de los&nbsp;<strong>mayores de catorce a\u00f1os<\/strong>&nbsp;con su consentimiento, y en el caso de los&nbsp;<strong>menores de catorce a\u00f1os<\/strong>&nbsp;se requerir\u00e1 el consentimiento de los padres o tutores.<\/p>\n\n\n\n<p>Si usted no desea que su(s) hijo(s) o tutelado(s), o Vd. mismo (en su condici\u00f3n de padre, madre o tutor legal), aparezcan en grabaciones en v\u00eddeo o en fotograf\u00edas realizadas en el marco de actividades colectivas organizadas por el centro, tanto por el propio centro como por los padres de otros alumnos, tendr\u00e1 que comunicarlo al centro.<\/p>\n\n\n\n<p>El acceso a los datos acad\u00e9micos, se encuentra restringido a los usuarios legalmente legitimados para dicho acceso, utiliz\u00e1ndose para ello el correspondiente \u00abn\u00famero de usuario\u00bb y \u00abcontrase\u00f1a\u00bb previamente entregados y distribuidos entre los padres de los alumnos del centro.<\/p>\n\n\n\n<p>El Instituto de Educaci\u00f3n Secundaria s\u00f3lo ceder\u00e1 sus datos a terceras personas en los casos legal o contractualmente previstos.<\/p>\n\n\n\n<p><strong>Derecho de acceso, oposici\u00f3n, rectificaci\u00f3n y cancelaci\u00f3n<\/strong><\/p>\n\n\n\n<p>Se podr\u00e1n ejercitar los derechos de acceso, rectificaci\u00f3n, cancelaci\u00f3n y oposici\u00f3n en los t\u00e9rminos recogidos en la Ley Org\u00e1nica de Protecci\u00f3n de Datos de Car\u00e1cter Personal. Para ello, puede dirigirse por cualquier medio que permita acreditar el env\u00edo y recepci\u00f3n de la solicitud al Instituto de Educaci\u00f3n Secundaria.<\/p>\n\n\n\n<p>Los usuarios de este sitio web declaran conocer la pol\u00edtica de privacidad y de protecci\u00f3n de datos del Instituto de Educaci\u00f3n Secundaria, y consienten en que sus datos personales y los de sus hijo\/a(s) o tutelado\/a(s) sean tratados conforme a la misma, a la vez que aceptan los principios indicados en los ep\u00edgrafes anteriores.<\/p>\n\n\n\n<p>La remisi\u00f3n por los usuarios de este servicio de correos electr\u00f3nicos a los buzones, direcciones de contacto y direcciones de correo electr\u00f3nico que se se\u00f1alan en este sitio Web, se regir\u00e1 por la normativa vigente en materia de protecci\u00f3n de datos, servicios de la sociedad de la informaci\u00f3n y telecomunicaciones. En concreto, la remisi\u00f3n de correos y la contestaci\u00f3n a los mismos se somete \u2013adem\u00e1s de a la LOPD- a la Ley 32\/2003, de 3 de noviembre, General de Telecomunicaciones, y a la Ley 34\/2002, de 11 de julio, de servicios de la sociedad de la informaci\u00f3n y de comercio electr\u00f3nico.<\/p>\n\n\n\n<p>Este servicio tambi\u00e9n est\u00e1 concebido para solicitar y prestar informaci\u00f3n puntual a las personas legitimadas que, debidamente identificadas de acuerdo con la normativa vigente en cada momento, as\u00ed lo soliciten en relaci\u00f3n con los asuntos de su inter\u00e9s.<\/p>\n\n\n\n<p>La informaci\u00f3n proporcionada a trav\u00e9s de este Portal mediante respuesta a los contactos o sugerencias, o derivada de cualquier base de datos, tiene car\u00e1cter meramente orientativo y en ning\u00fan caso podr\u00e1 ser vinculante para la resoluci\u00f3n de los procedimientos administrativos, que se hallar\u00e1 sujeta exclusivamente a la normativa que les sea de aplicaci\u00f3n.<\/p>\n\n\n\n<p><strong>Enlaces<\/strong><\/p>\n\n\n\n<p>Esta pol\u00edtica de privacidad s\u00f3lo es de aplicaci\u00f3n a la p\u00e1gina Web del Instituto de Educaci\u00f3n Secundaria, por lo que no se garantiza en los accesos a trav\u00e9s de enlaces con este sitio, ni a los enlaces desde este sitio con otras webs, por lo que todos los datos de car\u00e1cter personal que se incorporen a este sitio web, deber\u00e1n ir dirigidos al dominio&nbsp;<a href=\"http:\/\/www.educa.madrid.org\/\">www.educa.madrid.org<\/a>&nbsp;y a otras p\u00e1ginas web de los institutos.&nbsp;<\/p>\n\n\n\n<p>Este portal no procesa con ninguna finalidad distinta de la meramente t\u00e9cnica para posibilitar la comunicaci\u00f3n con el terminal del usuario las direcciones IP de las personas que lo visitan, ni utiliza cookies ni otros dispositivos o mecanismos de seguimiento de la actividad de los usuarios.<\/p>\n\n\n\n<p><strong>Propiedad intelectual y otros:<\/strong><\/p>\n\n\n\n<p>La informaci\u00f3n suministrada a trav\u00e9s de este Portal se encuentra protegida por la legislaci\u00f3n sobre propiedad intelectual.<\/p>\n\n\n\n<p>Los derechos de propiedad intelectual del contenido de&nbsp;este Portal&nbsp;pertenecen al Instituto de Educaci\u00f3n Secundaria.<\/p>\n\n\n\n<p>La reproducci\u00f3n, distribuci\u00f3n, comercializaci\u00f3n o transformaci\u00f3n no autorizadas de estos contenidos, a no ser que sea para uso personal y privado, constituye una infracci\u00f3n de los derechos de propiedad intelectual del Instituto de Educaci\u00f3n Secundaria o de quien sea titular.<\/p>\n","protected":false},"excerpt":{"rendered":"<p>El contenido que se ofrece es meramente informativo y carece de efectos vinculantes para la Administraci\u00f3n. Se facilitan enlaces a p\u00e1ginas externas sobre las que el&nbsp;IES Clara del Rey&nbsp;declina toda responsabilidad. Accesibilidad Esta web ha sido desarrollada siguiendo las pautas de accesibilidad definidas por el grupo de trabajo permanente Web Accessibility Initiative (WAI) del Consorcio<\/p><\/div>\n<div class=\"blog-btn\"><a href=\"https:\/\/site.educa.madrid.org\/ies.claradelrey.madrid\/index.php\/aviso-legal\/\" class=\"home-blog-btn\">Leer m\u00e1s<\/a><\/p>\n","protected":false},"author":3,"featured_media":0,"parent":0,"menu_order":0,"comment_status":"closed","ping_status":"closed","template":"","meta":{"footnotes":""},"folder":[],"class_list":["post-436","page","type-page","status-publish","hentry"],"rttpg_featured_image_url":null,"rttpg_author":{"display_name":"ies.claradelrey.madrid","author_link":"https:\/\/site.educa.madrid.org\/ies.claradelrey.madrid\/index.php\/author\/cuenta_ies-claradelrey-madrid\/"},"rttpg_comment":0,"rttpg_category":false,"rttpg_excerpt":"El contenido que se ofrece es meramente informativo y carece de efectos vinculantes para la Administraci\u00f3n. Se facilitan enlaces a p\u00e1ginas externas sobre las que el&nbsp;IES Clara del Rey&nbsp;declina toda responsabilidad. Accesibilidad Esta web ha sido desarrollada siguiendo las pautas de accesibilidad definidas por el grupo de trabajo permanente Web Accessibility Initiative (WAI) del ConsorcioLeer&hellip;","post_mailing_queue_ids":[],"_links":{"self":[{"href":"https:\/\/site.educa.madrid.org\/ies.claradelrey.madrid\/index.php\/wp-json\/wp\/v2\/pages\/436","targetHints":{"allow":["GET"]}}],"collection":[{"href":"https:\/\/site.educa.madrid.org\/ies.claradelrey.madrid\/index.php\/wp-json\/wp\/v2\/pages"}],"about":[{"href":"https:\/\/site.educa.madrid.org\/ies.claradelrey.madrid\/index.php\/wp-json\/wp\/v2\/types\/page"}],"author":[{"embeddable":true,"href":"https:\/\/site.educa.madrid.org\/ies.claradelrey.madrid\/index.php\/wp-json\/wp\/v2\/users\/3"}],"replies":[{"embeddable":true,"href":"https:\/\/site.educa.madrid.org\/ies.claradelrey.madrid\/index.php\/wp-json\/wp\/v2\/comments?post=436"}],"version-history":[{"count":2,"href":"https:\/\/site.educa.madrid.org\/ies.claradelrey.madrid\/index.php\/wp-json\/wp\/v2\/pages\/436\/revisions"}],"predecessor-version":[{"id":625,"href":"https:\/\/site.educa.madrid.org\/ies.claradelrey.madrid\/index.php\/wp-json\/wp\/v2\/pages\/436\/revisions\/625"}],"wp:attachment":[{"href":"https:\/\/site.educa.madrid.org\/ies.claradelrey.madrid\/index.php\/wp-json\/wp\/v2\/media?parent=436"}],"wp:term":[{"taxonomy":"folder","embeddable":true,"href":"https:\/\/site.educa.madrid.org\/ies.claradelrey.madrid\/index.php\/wp-json\/wp\/v2\/folder?post=436"}],"curies":[{"name":"wp","href":"https:\/\/api.w.org\/{rel}","templated":true}]}}