{"id":465,"date":"2025-07-30T12:00:27","date_gmt":"2025-07-30T10:00:27","guid":{"rendered":"https:\/\/site.educa.madrid.org\/ies.claradelrey.madrid\/?page_id=465"},"modified":"2025-07-31T15:27:38","modified_gmt":"2025-07-31T13:27:38","slug":"organizacion","status":"publish","type":"page","link":"https:\/\/site.educa.madrid.org\/ies.claradelrey.madrid\/index.php\/organizacion\/","title":{"rendered":"Organizaci\u00f3n del centro"},"content":{"rendered":"\n<p>La organizaci\u00f3n de un instituto de educaci\u00f3n secundaria que se dedica a la formaci\u00f3n profesional es compleja.<\/p>\n\n\n\n<p>Un centenar de profesionales de la docencia y de la administraci\u00f3n y servicios que atienden diariamente a m\u00e1s de 1500 alumnos y sus familias y que trabajan conjuntamente con centenares de empresas colaboradoras.<\/p>\n\n\n\n<p>Inmersos en proyectos de nuestra comunidad, de nuestro pa\u00eds&nbsp;y de la Uni\u00f3n Europea.<\/p>\n\n\n\n<p>Conoce como nos organizamos recorriendo los distintos men\u00fas.<\/p>\n","protected":false},"excerpt":{"rendered":"<p>La organizaci\u00f3n de un instituto de educaci\u00f3n secundaria que se dedica a la formaci\u00f3n profesional es compleja. Un centenar de profesionales de la docencia y de la administraci\u00f3n y servicios que atienden diariamente a m\u00e1s de 1500 alumnos y sus familias y que trabajan conjuntamente con centenares de empresas colaboradoras. Inmersos en proyectos de nuestra<\/p><\/div>\n<div class=\"blog-btn\"><a href=\"https:\/\/site.educa.madrid.org\/ies.claradelrey.madrid\/index.php\/organizacion\/\" class=\"home-blog-btn\">Leer m\u00e1s<\/a><\/p>\n","protected":false},"author":3,"featured_media":0,"parent":0,"menu_order":0,"comment_status":"closed","ping_status":"closed","template":"","meta":{"footnotes":""},"folder":[],"class_list":["post-465","page","type-page","status-publish","hentry"],"rttpg_featured_image_url":null,"rttpg_author":{"display_name":"ies.claradelrey.madrid","author_link":"https:\/\/site.educa.madrid.org\/ies.claradelrey.madrid\/index.php\/author\/cuenta_ies-claradelrey-madrid\/"},"rttpg_comment":0,"rttpg_category":false,"rttpg_excerpt":"La organizaci\u00f3n de un instituto de educaci\u00f3n secundaria que se dedica a la formaci\u00f3n profesional es compleja. Un centenar de profesionales de la docencia y de la administraci\u00f3n y servicios que atienden diariamente a m\u00e1s de 1500 alumnos y sus familias y que trabajan conjuntamente con centenares de empresas colaboradoras. Inmersos en proyectos de nuestraLeer&hellip;","post_mailing_queue_ids":[],"_links":{"self":[{"href":"https:\/\/site.educa.madrid.org\/ies.claradelrey.madrid\/index.php\/wp-json\/wp\/v2\/pages\/465","targetHints":{"allow":["GET"]}}],"collection":[{"href":"https:\/\/site.educa.madrid.org\/ies.claradelrey.madrid\/index.php\/wp-json\/wp\/v2\/pages"}],"about":[{"href":"https:\/\/site.educa.madrid.org\/ies.claradelrey.madrid\/index.php\/wp-json\/wp\/v2\/types\/page"}],"author":[{"embeddable":true,"href":"https:\/\/site.educa.madrid.org\/ies.claradelrey.madrid\/index.php\/wp-json\/wp\/v2\/users\/3"}],"replies":[{"embeddable":true,"href":"https:\/\/site.educa.madrid.org\/ies.claradelrey.madrid\/index.php\/wp-json\/wp\/v2\/comments?post=465"}],"version-history":[{"count":2,"href":"https:\/\/site.educa.madrid.org\/ies.claradelrey.madrid\/index.php\/wp-json\/wp\/v2\/pages\/465\/revisions"}],"predecessor-version":[{"id":636,"href":"https:\/\/site.educa.madrid.org\/ies.claradelrey.madrid\/index.php\/wp-json\/wp\/v2\/pages\/465\/revisions\/636"}],"wp:attachment":[{"href":"https:\/\/site.educa.madrid.org\/ies.claradelrey.madrid\/index.php\/wp-json\/wp\/v2\/media?parent=465"}],"wp:term":[{"taxonomy":"folder","embeddable":true,"href":"https:\/\/site.educa.madrid.org\/ies.claradelrey.madrid\/index.php\/wp-json\/wp\/v2\/folder?post=465"}],"curies":[{"name":"wp","href":"https:\/\/api.w.org\/{rel}","templated":true}]}}