{"id":489,"date":"2025-07-30T12:10:55","date_gmt":"2025-07-30T10:10:55","guid":{"rendered":"https:\/\/site.educa.madrid.org\/ies.claradelrey.madrid\/?page_id=489"},"modified":"2025-07-30T12:11:48","modified_gmt":"2025-07-30T10:11:48","slug":"proyecto-educativo-del-centro","status":"publish","type":"page","link":"https:\/\/site.educa.madrid.org\/ies.claradelrey.madrid\/index.php\/proyecto-educativo-del-centro\/","title":{"rendered":"Proyecto educativo del centro 2024 &#8211; 2025"},"content":{"rendered":"\n<figure class=\"wp-block-table\"><table class=\"has-fixed-layout\"><tbody><tr><td><a href=\"https:\/\/iesclaradelrey.es\/portal\/attachments\/article\/570\/PE_IESClaraDelRey_abril25_v1.pdf\" target=\"_blank\" rel=\"noreferrer noopener\"><\/a><a href=\"https:\/\/iesclaradelrey.es\/portal\/attachments\/article\/570\/PE_IESClaraDelRey_abril25_v1.pdf\" target=\"_blank\" rel=\"noreferrer noopener\">Proyecto Educativo<\/a><\/td><\/tr><tr><td><a href=\"https:\/\/iesclaradelrey.es\/portal\/attachments\/article\/570\/28042656_ClaradelRey_Programaci%C3%B3ndeCiclo_ADG_AD.pdf\" target=\"_blank\" rel=\"noreferrer noopener\"><\/a><a href=\"https:\/\/iesclaradelrey.es\/portal\/attachments\/article\/570\/28042656_ClaradelRey_Programaci%C3%B3ndeCiclo_ADG_AD.pdf\" target=\"_blank\" rel=\"noreferrer noopener\">Programaci\u00f3nCiclo_ADG_AD<\/a><\/td><\/tr><tr><td><a href=\"https:\/\/iesclaradelrey.es\/portal\/attachments\/article\/570\/28042656_ClaraDelRey_Programaci%C3%B3nCiclo_ADG_AF.pdf\" target=\"_blank\" rel=\"noreferrer noopener\"><\/a><a href=\"https:\/\/iesclaradelrey.es\/portal\/attachments\/article\/570\/28042656_ClaraDelRey_Programaci%C3%B3nCiclo_ADG_AF.pdf\" target=\"_blank\" rel=\"noreferrer noopener\">Programaci\u00f3nCiclo_ADG_AF<\/a><\/td><\/tr><tr><td><a href=\"https:\/\/iesclaradelrey.es\/portal\/attachments\/article\/570\/28042656_ClaraDelRey_Programaci%C3%B3nCiclo_ADG_GA.pdf\" target=\"_blank\" rel=\"noreferrer noopener\"><\/a><a href=\"https:\/\/iesclaradelrey.es\/portal\/attachments\/article\/570\/28042656_ClaraDelRey_Programaci%C3%B3nCiclo_ADG_GA.pdf\" target=\"_blank\" rel=\"noreferrer noopener\">Programaci\u00f3nCiclo_ADG_GA<\/a><\/td><\/tr><tr><td><a href=\"https:\/\/iesclaradelrey.es\/portal\/attachments\/article\/570\/28042656_ClaradelRey_Programaci%C3%B3nCiclo_COM_AC.pdf\" target=\"_blank\" rel=\"noreferrer noopener\"><\/a><a href=\"https:\/\/iesclaradelrey.es\/portal\/attachments\/article\/570\/28042656_ClaradelRey_Programaci%C3%B3nCiclo_COM_AC.pdf\" target=\"_blank\" rel=\"noreferrer noopener\">Programaci\u00f3nCiclo_COM_AC<\/a><\/td><\/tr><tr><td><a href=\"https:\/\/iesclaradelrey.es\/portal\/attachments\/article\/570\/28042656_ClaradelRey_Programaci%C3%B3nCiclo_COM_CI.pdf\" target=\"_blank\" rel=\"noreferrer noopener\"><\/a><a href=\"https:\/\/iesclaradelrey.es\/portal\/attachments\/article\/570\/28042656_ClaradelRey_Programaci%C3%B3nCiclo_COM_CI.pdf\" target=\"_blank\" rel=\"noreferrer noopener\">Programaci\u00f3nCiclo_COM_CI<\/a><\/td><\/tr><tr><td><a href=\"https:\/\/iesclaradelrey.es\/portal\/attachments\/article\/570\/28042656_ClaradelRey_Programaci%C3%B3nCiclo_COM_GV.pdf\" target=\"_blank\" rel=\"noreferrer noopener\"><\/a><a href=\"https:\/\/iesclaradelrey.es\/portal\/attachments\/article\/570\/28042656_ClaradelRey_Programaci%C3%B3nCiclo_COM_GV.pdf\" target=\"_blank\" rel=\"noreferrer noopener\">Programaci\u00f3nCiclo_COM_GV<\/a><\/td><\/tr><tr><td><a href=\"https:\/\/iesclaradelrey.es\/portal\/attachments\/article\/570\/28042656_ClaradelRey_CicloMarketingPublicidad_COM.pdf\" target=\"_blank\" rel=\"noreferrer noopener\"><\/a><a href=\"https:\/\/iesclaradelrey.es\/portal\/attachments\/article\/570\/28042656_ClaradelRey_CicloMarketingPublicidad_COM.pdf\" target=\"_blank\" rel=\"noreferrer noopener\">Programaci\u00f3nCiclo_COM_MP<\/a><\/td><\/tr><tr><td><a href=\"https:\/\/iesclaradelrey.es\/portal\/attachments\/article\/570\/28042656_ClaradelRey_CicloTransporteyLog%C3%ADstica_COM.pdf\" target=\"_blank\" rel=\"noreferrer noopener\"><\/a><a href=\"https:\/\/iesclaradelrey.es\/portal\/attachments\/article\/570\/28042656_ClaradelRey_CicloTransporteyLog%C3%ADstica_COM.pdf\" target=\"_blank\" rel=\"noreferrer noopener\">Programaci\u00f3nCiclo_COM_TL<\/a><\/td><\/tr><tr><td><a href=\"https:\/\/iesclaradelrey.es\/portal\/attachments\/article\/570\/28042656_ClaraDelRey_Programaci%C3%B3nCiclo_IFC_DM.pdf\" target=\"_blank\" rel=\"noreferrer noopener\"><\/a><a href=\"https:\/\/iesclaradelrey.es\/portal\/attachments\/article\/570\/28042656_ClaraDelRey_Programaci%C3%B3nCiclo_IFC_DM.pdf\" target=\"_blank\" rel=\"noreferrer noopener\">Programaci\u00f3nCiclo_IFC_DM<\/a><\/td><\/tr><tr><td><a href=\"https:\/\/iesclaradelrey.es\/portal\/attachments\/article\/570\/28042656_ClaraDelRey_Programaci%C3%B3nCiclo_IFC_DT.pdf\" target=\"_blank\" rel=\"noreferrer noopener\"><\/a><a href=\"https:\/\/iesclaradelrey.es\/portal\/attachments\/article\/570\/28042656_ClaraDelRey_Programaci%C3%B3nCiclo_IFC_DT.pdf\" target=\"_blank\" rel=\"noreferrer noopener\">Programaci\u00f3nCiclo_IFC_Doble Titulaci\u00f3n_DM\/DW<\/a><\/td><\/tr><tr><td><a href=\"https:\/\/iesclaradelrey.es\/portal\/attachments\/article\/570\/28042656_ClaraDelRey_Programaci%C3%B3nCiclo_IFC_DW.pdf\" target=\"_blank\" rel=\"noreferrer noopener\"><\/a><a href=\"https:\/\/iesclaradelrey.es\/portal\/attachments\/article\/570\/28042656_ClaraDelRey_Programaci%C3%B3nCiclo_IFC_DW.pdf\" target=\"_blank\" rel=\"noreferrer noopener\">Programaci\u00f3nCiclo_IFC_DW<\/a><\/td><\/tr><tr><td><a href=\"https:\/\/iesclaradelrey.es\/portal\/attachments\/article\/570\/28042656_ClaraDelRey_Programaci%C3%B3nCiclo_IFC_SM.pdf\" target=\"_blank\" rel=\"noreferrer noopener\"><\/a><a href=\"https:\/\/iesclaradelrey.es\/portal\/attachments\/article\/570\/28042656_ClaraDelRey_Programaci%C3%B3nCiclo_IFC_SM.pdf\" target=\"_blank\" rel=\"noreferrer noopener\">Programaci\u00f3nCiclo_IFC_SM<\/a><\/td><\/tr><tr><td><a href=\"https:\/\/iesclaradelrey.es\/portal\/attachments\/article\/570\/28042656_ClaraDelRey_Programaci%C3%B3nCiclo_IFC_SR_v2.pdf\" target=\"_blank\" rel=\"noreferrer noopener\"><\/a><a href=\"https:\/\/iesclaradelrey.es\/portal\/attachments\/article\/570\/28042656_ClaraDelRey_Programaci%C3%B3nCiclo_IFC_SR_v2.pdf\" target=\"_blank\" rel=\"noreferrer noopener\">Programaci\u00f3nCiclo_IFC_SR<\/a><\/td><\/tr><\/tbody><\/table><\/figure>\n","protected":false},"excerpt":{"rendered":"<p>Proyecto Educativo Programaci\u00f3nCiclo_ADG_AD Programaci\u00f3nCiclo_ADG_AF Programaci\u00f3nCiclo_ADG_GA Programaci\u00f3nCiclo_COM_AC Programaci\u00f3nCiclo_COM_CI Programaci\u00f3nCiclo_COM_GV Programaci\u00f3nCiclo_COM_MP Programaci\u00f3nCiclo_COM_TL Programaci\u00f3nCiclo_IFC_DM Programaci\u00f3nCiclo_IFC_Doble Titulaci\u00f3n_DM\/DW Programaci\u00f3nCiclo_IFC_DW Programaci\u00f3nCiclo_IFC_SM Programaci\u00f3nCiclo_IFC_SR<\/p>\n","protected":false},"author":3,"featured_media":0,"parent":0,"menu_order":0,"comment_status":"closed","ping_status":"closed","template":"","meta":{"footnotes":""},"folder":[],"class_list":["post-489","page","type-page","status-publish","hentry"],"rttpg_featured_image_url":null,"rttpg_author":{"display_name":"ies.claradelrey.madrid","author_link":"https:\/\/site.educa.madrid.org\/ies.claradelrey.madrid\/index.php\/author\/cuenta_ies-claradelrey-madrid\/"},"rttpg_comment":0,"rttpg_category":false,"rttpg_excerpt":"Proyecto Educativo Programaci\u00f3nCiclo_ADG_AD Programaci\u00f3nCiclo_ADG_AF Programaci\u00f3nCiclo_ADG_GA Programaci\u00f3nCiclo_COM_AC Programaci\u00f3nCiclo_COM_CI Programaci\u00f3nCiclo_COM_GV Programaci\u00f3nCiclo_COM_MP Programaci\u00f3nCiclo_COM_TL Programaci\u00f3nCiclo_IFC_DM Programaci\u00f3nCiclo_IFC_Doble Titulaci\u00f3n_DM\/DW Programaci\u00f3nCiclo_IFC_DW Programaci\u00f3nCiclo_IFC_SM Programaci\u00f3nCiclo_IFC_SR","post_mailing_queue_ids":[],"_links":{"self":[{"href":"https:\/\/site.educa.madrid.org\/ies.claradelrey.madrid\/index.php\/wp-json\/wp\/v2\/pages\/489","targetHints":{"allow":["GET"]}}],"collection":[{"href":"https:\/\/site.educa.madrid.org\/ies.claradelrey.madrid\/index.php\/wp-json\/wp\/v2\/pages"}],"about":[{"href":"https:\/\/site.educa.madrid.org\/ies.claradelrey.madrid\/index.php\/wp-json\/wp\/v2\/types\/page"}],"author":[{"embeddable":true,"href":"https:\/\/site.educa.madrid.org\/ies.claradelrey.madrid\/index.php\/wp-json\/wp\/v2\/users\/3"}],"replies":[{"embeddable":true,"href":"https:\/\/site.educa.madrid.org\/ies.claradelrey.madrid\/index.php\/wp-json\/wp\/v2\/comments?post=489"}],"version-history":[{"count":2,"href":"https:\/\/site.educa.madrid.org\/ies.claradelrey.madrid\/index.php\/wp-json\/wp\/v2\/pages\/489\/revisions"}],"predecessor-version":[{"id":491,"href":"https:\/\/site.educa.madrid.org\/ies.claradelrey.madrid\/index.php\/wp-json\/wp\/v2\/pages\/489\/revisions\/491"}],"wp:attachment":[{"href":"https:\/\/site.educa.madrid.org\/ies.claradelrey.madrid\/index.php\/wp-json\/wp\/v2\/media?parent=489"}],"wp:term":[{"taxonomy":"folder","embeddable":true,"href":"https:\/\/site.educa.madrid.org\/ies.claradelrey.madrid\/index.php\/wp-json\/wp\/v2\/folder?post=489"}],"curies":[{"name":"wp","href":"https:\/\/api.w.org\/{rel}","templated":true}]}}