{"id":585,"date":"2025-07-30T17:12:42","date_gmt":"2025-07-30T15:12:42","guid":{"rendered":"https:\/\/site.educa.madrid.org\/ies.claradelrey.madrid\/?page_id=585"},"modified":"2025-07-30T17:13:40","modified_gmt":"2025-07-30T15:13:40","slug":"fichas-informativas-sobre-actividades-de-prevencion-y-proteccion-por-categoria-profesional","status":"publish","type":"page","link":"https:\/\/site.educa.madrid.org\/ies.claradelrey.madrid\/index.php\/fichas-informativas-sobre-actividades-de-prevencion-y-proteccion-por-categoria-profesional\/","title":{"rendered":"Fichas informativas sobre actividades de prevenci\u00f3n y protecci\u00f3n por categor\u00eda profesional"},"content":{"rendered":"\n<p>El art. 18 de la Ley 31\/95 de Prevenci\u00f3n de Riesgos Laborales establece que, a fin de dar cumplimiento al deber de protecci\u00f3n, se adoptar\u00e1n las medidas adecuadas para que los trabajadores reciban todas las informaciones necesarias en relaci\u00f3n con:<\/p>\n\n\n\n<ul class=\"wp-block-list\">\n<li>Los riesgos en el trabajo, tanto aquellos que afecten al centro en su conjunto como a cada puesto de trabajo o funci\u00f3n.<\/li>\n\n\n\n<li>Las medidas y actividades de protecci\u00f3n y prevenci\u00f3n aplicables a los riesgos del trabajo.<\/li>\n<\/ul>\n\n\n\n<p>Con objeto de facilitar este cumplimiento normativo se pone a disposici\u00f3n las fichas informativas sobre riesgos y medidas de prevenci\u00f3n y protecci\u00f3n en cada puesto de trabajo.<\/p>\n\n\n\n<p>Estas fichas se encuentran publicadas en la p\u00e1gina web de la Comunidad de Madrid Prevenci\u00f3n de Riesgos Laborales en Centros Docentes (<a href=\"https:\/\/www.comunidad.madrid\/servicios\/educacion\/prevencion-riesgos-laborales-centros-docentes#panel-395404\"><mark style=\"background-color:rgba(0, 0, 0, 0);color:#1f6085\" class=\"has-inline-color\">https:\/\/www.comunidad.madrid\/servicios\/educacion\/prevencion-riesgos-laborales-centros-docentes#panel-395404<\/mark><\/a>):<\/p>\n\n\n\n<p><a href=\"https:\/\/www.comunidad.madrid\/sites\/default\/files\/doc\/educacion\/rh20\/rh20_prl_c1_ficha_app_auxiliar_control_informacion.pdf\" target=\"_blank\" rel=\"noreferrer noopener\"><mark style=\"background-color:rgba(0, 0, 0, 0);color:#1f6085\" class=\"has-inline-color\">Auxiliar de control e informaci\u00f3n<\/mark><\/a><\/p>\n\n\n\n<p><a href=\"https:\/\/www.comunidad.madrid\/sites\/default\/files\/doc\/educacion\/rh20\/rh20_prl_c2_ficha_app_auxiliar_servicios.pdf\" target=\"_blank\" rel=\"noreferrer noopener\"><mark style=\"background-color:rgba(0, 0, 0, 0);color:#1f6085\" class=\"has-inline-color\">Auxiliar de Servicios<\/mark><\/a><\/p>\n\n\n\n<p><a href=\"https:\/\/www.comunidad.madrid\/sites\/default\/files\/doc\/educacion\/rh20\/rh20_prl_c4_ficha_app_profesor.pdf\" target=\"_blank\" rel=\"noreferrer noopener\"><mark style=\"background-color:rgba(0, 0, 0, 0);color:#1f6085\" class=\"has-inline-color\">Docente\/orientador\/equipo directivo<\/mark><\/a><\/p>\n\n\n\n<p><\/p>\n","protected":false},"excerpt":{"rendered":"<p>El art. 18 de la Ley 31\/95 de Prevenci\u00f3n de Riesgos Laborales establece que, a fin de dar cumplimiento al deber de protecci\u00f3n, se adoptar\u00e1n las medidas adecuadas para que los trabajadores reciban todas las informaciones necesarias en relaci\u00f3n con: Con objeto de facilitar este cumplimiento normativo se pone a disposici\u00f3n las fichas informativas sobre<\/p><\/div>\n<div class=\"blog-btn\"><a href=\"https:\/\/site.educa.madrid.org\/ies.claradelrey.madrid\/index.php\/fichas-informativas-sobre-actividades-de-prevencion-y-proteccion-por-categoria-profesional\/\" class=\"home-blog-btn\">Leer m\u00e1s<\/a><\/p>\n","protected":false},"author":3,"featured_media":0,"parent":0,"menu_order":0,"comment_status":"closed","ping_status":"closed","template":"","meta":{"footnotes":""},"folder":[],"class_list":["post-585","page","type-page","status-publish","hentry"],"rttpg_featured_image_url":null,"rttpg_author":{"display_name":"ies.claradelrey.madrid","author_link":"https:\/\/site.educa.madrid.org\/ies.claradelrey.madrid\/index.php\/author\/cuenta_ies-claradelrey-madrid\/"},"rttpg_comment":0,"rttpg_category":false,"rttpg_excerpt":"El art. 18 de la Ley 31\/95 de Prevenci\u00f3n de Riesgos Laborales establece que, a fin de dar cumplimiento al deber de protecci\u00f3n, se adoptar\u00e1n las medidas adecuadas para que los trabajadores reciban todas las informaciones necesarias en relaci\u00f3n con: Con objeto de facilitar este cumplimiento normativo se pone a disposici\u00f3n las fichas informativas sobreLeer&hellip;","post_mailing_queue_ids":[],"_links":{"self":[{"href":"https:\/\/site.educa.madrid.org\/ies.claradelrey.madrid\/index.php\/wp-json\/wp\/v2\/pages\/585","targetHints":{"allow":["GET"]}}],"collection":[{"href":"https:\/\/site.educa.madrid.org\/ies.claradelrey.madrid\/index.php\/wp-json\/wp\/v2\/pages"}],"about":[{"href":"https:\/\/site.educa.madrid.org\/ies.claradelrey.madrid\/index.php\/wp-json\/wp\/v2\/types\/page"}],"author":[{"embeddable":true,"href":"https:\/\/site.educa.madrid.org\/ies.claradelrey.madrid\/index.php\/wp-json\/wp\/v2\/users\/3"}],"replies":[{"embeddable":true,"href":"https:\/\/site.educa.madrid.org\/ies.claradelrey.madrid\/index.php\/wp-json\/wp\/v2\/comments?post=585"}],"version-history":[{"count":2,"href":"https:\/\/site.educa.madrid.org\/ies.claradelrey.madrid\/index.php\/wp-json\/wp\/v2\/pages\/585\/revisions"}],"predecessor-version":[{"id":588,"href":"https:\/\/site.educa.madrid.org\/ies.claradelrey.madrid\/index.php\/wp-json\/wp\/v2\/pages\/585\/revisions\/588"}],"wp:attachment":[{"href":"https:\/\/site.educa.madrid.org\/ies.claradelrey.madrid\/index.php\/wp-json\/wp\/v2\/media?parent=585"}],"wp:term":[{"taxonomy":"folder","embeddable":true,"href":"https:\/\/site.educa.madrid.org\/ies.claradelrey.madrid\/index.php\/wp-json\/wp\/v2\/folder?post=585"}],"curies":[{"name":"wp","href":"https:\/\/api.w.org\/{rel}","templated":true}]}}