{"id":590,"date":"2025-07-30T17:14:51","date_gmt":"2025-07-30T15:14:51","guid":{"rendered":"https:\/\/site.educa.madrid.org\/ies.claradelrey.madrid\/?page_id=590"},"modified":"2025-07-30T17:16:52","modified_gmt":"2025-07-30T15:16:52","slug":"fichas-informativas-sobre-riesgos-en-el-puesto-de-trabajo","status":"publish","type":"page","link":"https:\/\/site.educa.madrid.org\/ies.claradelrey.madrid\/index.php\/fichas-informativas-sobre-riesgos-en-el-puesto-de-trabajo\/","title":{"rendered":"Fichas informativas sobre riesgos en el puesto de trabajo"},"content":{"rendered":"\n<p>El art. 18 de la Ley 31\/95 de Prevenci\u00f3n de Riesgos Laborales establece que, a fin de dar cumplimiento al deber de protecci\u00f3n, se adoptar\u00e1n las medidas adecuadas para que los trabajadores reciban todas las informaciones necesarias en relaci\u00f3n con:<\/p>\n\n\n\n<ul class=\"wp-block-list\">\n<li>Los riesgos en el trabajo, tanto aquellos que afecten al centro en su conjunto como a cada puesto de trabajo o funci\u00f3n.<\/li>\n\n\n\n<li>Las medidas y actividades de protecci\u00f3n y prevenci\u00f3n aplicables a los riesgos del trabajo.<\/li>\n<\/ul>\n\n\n\n<p>Con objeto de facilitar este cumplimiento normativo se pone a disposici\u00f3n algunas fichas informativas en las que se recomiendan posibles medidas y actividades de prevenci\u00f3n y protecci\u00f3n para diferentes categor\u00edas o puestos de trabajo, riesgos, equipos, lugares de trabajo, etc.<\/p>\n\n\n\n<p>Estas fichas se encuentran publicadas en la p\u00e1gina web de la Comunidad de Madrid Prevenci\u00f3n de Riesgos Laborales en Centros Docentes (<a href=\"https:\/\/www.comunidad.madrid\/servicios\/educacion\/prevencion-riesgos-laborales-centros-docentes#panel-395404\"><mark style=\"background-color:rgba(0, 0, 0, 0);color:#1f6085\" class=\"has-inline-color\">https:\/\/www.comunidad.madrid\/servicios\/educacion\/prevencion-riesgos-laborales-centros-docentes#panel-395404<\/mark><\/a>):<\/p>\n\n\n\n<p><a href=\"https:\/\/www.comunidad.madrid\/sites\/default\/files\/doc\/educacion\/rh20\/rh20_prl_r1_ficha_uso_prolongado_voz.pdf\" target=\"_blank\" rel=\"noreferrer noopener\"><mark style=\"background-color:rgba(0, 0, 0, 0);color:#1f6085\" class=\"has-inline-color\">Uso prolongado de la voz<\/mark><\/a><\/p>\n\n\n\n<p><a href=\"https:\/\/www.comunidad.madrid\/sites\/default\/files\/doc\/educacion\/rh20\/rh20_prl_r2_ficha_desplazamiento.pdf\" target=\"_blank\" rel=\"noreferrer noopener\"><mark style=\"background-color:rgba(0, 0, 0, 0);color:#1f6085\" class=\"has-inline-color\">Riesgos en los desplazamientos<\/mark><\/a><\/p>\n\n\n\n<p><a href=\"https:\/\/www.comunidad.madrid\/sites\/default\/files\/doc\/educacion\/rh20\/rh20_prl_r3_manipulacion_cargas_posturas_forzadas.pdf\" target=\"_blank\" rel=\"noreferrer noopener\"><mark style=\"background-color:rgba(0, 0, 0, 0);color:#1f6085\" class=\"has-inline-color\">Manipulaci\u00f3n manual de cargas y Posturas forzadas<\/mark><\/a><\/p>\n\n\n\n<p><a href=\"https:\/\/www.comunidad.madrid\/sites\/default\/files\/doc\/educacion\/rh20\/rh20_prl_r4_orden_y_limpieza.pdf\" target=\"_blank\" rel=\"noreferrer noopener\"><mark style=\"background-color:rgba(0, 0, 0, 0);color:#1f6085\" class=\"has-inline-color\">Orden y limpieza<\/mark><\/a><\/p>\n\n\n\n<p><a href=\"https:\/\/www.comunidad.madrid\/sites\/default\/files\/doc\/educacion\/rh20\/rh20_prl_r5_almacenamiento.pdf\" target=\"_blank\" rel=\"noreferrer noopener\"><mark style=\"background-color:rgba(0, 0, 0, 0);color:#1f6085\" class=\"has-inline-color\">Almacenamiento<\/mark><\/a><\/p>\n\n\n\n<p><a href=\"https:\/\/www.comunidad.madrid\/sites\/default\/files\/doc\/educacion\/rh20\/rh20_prl_r6_uso_escaleras_mano.pdf\" target=\"_blank\" rel=\"noreferrer noopener\"><mark style=\"background-color:rgba(0, 0, 0, 0);color:#1f6085\" class=\"has-inline-color\">Uso de escaleras de mano<\/mark><\/a><\/p>\n\n\n\n<p><a href=\"https:\/\/www.comunidad.madrid\/sites\/default\/files\/doc\/educacion\/rh20\/rh20_prl_r7_uso_equipos_pvd.pdf\" target=\"_blank\" rel=\"noreferrer noopener\"><mark style=\"background-color:rgba(0, 0, 0, 0);color:#1f6085\" class=\"has-inline-color\">Pantallas de visualizaci\u00f3n de datos<\/mark><\/a><\/p>\n\n\n\n<p><\/p>\n","protected":false},"excerpt":{"rendered":"<p>El art. 18 de la Ley 31\/95 de Prevenci\u00f3n de Riesgos Laborales establece que, a fin de dar cumplimiento al deber de protecci\u00f3n, se adoptar\u00e1n las medidas adecuadas para que los trabajadores reciban todas las informaciones necesarias en relaci\u00f3n con: Con objeto de facilitar este cumplimiento normativo se pone a disposici\u00f3n algunas fichas informativas en<\/p><\/div>\n<div class=\"blog-btn\"><a href=\"https:\/\/site.educa.madrid.org\/ies.claradelrey.madrid\/index.php\/fichas-informativas-sobre-riesgos-en-el-puesto-de-trabajo\/\" class=\"home-blog-btn\">Leer m\u00e1s<\/a><\/p>\n","protected":false},"author":3,"featured_media":0,"parent":0,"menu_order":0,"comment_status":"closed","ping_status":"closed","template":"","meta":{"footnotes":""},"folder":[],"class_list":["post-590","page","type-page","status-publish","hentry"],"rttpg_featured_image_url":null,"rttpg_author":{"display_name":"ies.claradelrey.madrid","author_link":"https:\/\/site.educa.madrid.org\/ies.claradelrey.madrid\/index.php\/author\/cuenta_ies-claradelrey-madrid\/"},"rttpg_comment":0,"rttpg_category":false,"rttpg_excerpt":"El art. 18 de la Ley 31\/95 de Prevenci\u00f3n de Riesgos Laborales establece que, a fin de dar cumplimiento al deber de protecci\u00f3n, se adoptar\u00e1n las medidas adecuadas para que los trabajadores reciban todas las informaciones necesarias en relaci\u00f3n con: Con objeto de facilitar este cumplimiento normativo se pone a disposici\u00f3n algunas fichas informativas enLeer&hellip;","post_mailing_queue_ids":[],"_links":{"self":[{"href":"https:\/\/site.educa.madrid.org\/ies.claradelrey.madrid\/index.php\/wp-json\/wp\/v2\/pages\/590","targetHints":{"allow":["GET"]}}],"collection":[{"href":"https:\/\/site.educa.madrid.org\/ies.claradelrey.madrid\/index.php\/wp-json\/wp\/v2\/pages"}],"about":[{"href":"https:\/\/site.educa.madrid.org\/ies.claradelrey.madrid\/index.php\/wp-json\/wp\/v2\/types\/page"}],"author":[{"embeddable":true,"href":"https:\/\/site.educa.madrid.org\/ies.claradelrey.madrid\/index.php\/wp-json\/wp\/v2\/users\/3"}],"replies":[{"embeddable":true,"href":"https:\/\/site.educa.madrid.org\/ies.claradelrey.madrid\/index.php\/wp-json\/wp\/v2\/comments?post=590"}],"version-history":[{"count":2,"href":"https:\/\/site.educa.madrid.org\/ies.claradelrey.madrid\/index.php\/wp-json\/wp\/v2\/pages\/590\/revisions"}],"predecessor-version":[{"id":593,"href":"https:\/\/site.educa.madrid.org\/ies.claradelrey.madrid\/index.php\/wp-json\/wp\/v2\/pages\/590\/revisions\/593"}],"wp:attachment":[{"href":"https:\/\/site.educa.madrid.org\/ies.claradelrey.madrid\/index.php\/wp-json\/wp\/v2\/media?parent=590"}],"wp:term":[{"taxonomy":"folder","embeddable":true,"href":"https:\/\/site.educa.madrid.org\/ies.claradelrey.madrid\/index.php\/wp-json\/wp\/v2\/folder?post=590"}],"curies":[{"name":"wp","href":"https:\/\/api.w.org\/{rel}","templated":true}]}}