{"id":637,"date":"2025-07-31T15:28:43","date_gmt":"2025-07-31T13:28:43","guid":{"rendered":"https:\/\/site.educa.madrid.org\/ies.claradelrey.madrid\/?page_id=637"},"modified":"2025-07-31T15:31:36","modified_gmt":"2025-07-31T13:31:36","slug":"consejo-escolar","status":"publish","type":"page","link":"https:\/\/site.educa.madrid.org\/ies.claradelrey.madrid\/index.php\/consejo-escolar\/","title":{"rendered":"Consejo Escolar"},"content":{"rendered":"\n<p>El Consejo Escolar est\u00e1 compuesto por:<\/p>\n\n\n\n<h4 class=\"wp-block-heading\"><mark style=\"background-color:rgba(0, 0, 0, 0);color:#1f6085\" class=\"has-inline-color\">Presidente<\/mark><\/h4>\n\n\n\n<ul class=\"wp-block-list\">\n<li>D.\u00aa Mercedes Rodr\u00edguez<\/li>\n<\/ul>\n\n\n\n<h4 class=\"wp-block-heading\"><mark style=\"background-color:rgba(0, 0, 0, 0);color:#1f6085\" class=\"has-inline-color\">Jefes de estudios<\/mark><\/h4>\n\n\n\n<ul class=\"wp-block-list\">\n<li>D.\u00aa M\u00aa Eugenia Caldas<\/li>\n\n\n\n<li>D.\u00aa Ana Basurco<\/li>\n<\/ul>\n\n\n\n<h4 class=\"wp-block-heading\"><mark style=\"background-color:rgba(0, 0, 0, 0);color:#1f6085\" class=\"has-inline-color\">Secretaria (con voz, sin voto)<\/mark><\/h4>\n\n\n\n<ul class=\"wp-block-list\">\n<li>D.\u00aa\u00a0Marisa\u00a0Hernanz<\/li>\n<\/ul>\n\n\n\n<h4 class=\"wp-block-heading\"><mark style=\"background-color:rgba(0, 0, 0, 0);color:#1f6085\" class=\"has-inline-color\">Representantes del profesorado<\/mark><\/h4>\n\n\n\n<ul class=\"wp-block-list\">\n<li>D.\u00aa Montserrat Cabrerizo<\/li>\n\n\n\n<li>D.\u00aa Juana Calzado<\/li>\n\n\n\n<li>D.\u00aa \u00c1urea Campo<\/li>\n\n\n\n<li>D.\u00aa Camino Pardo<\/li>\n\n\n\n<li>D.\u00aa Ana Silvia Rodr\u00edguez<\/li>\n\n\n\n<li>D. Jos\u00e9 Ram\u00f3n Rodr\u00edguez<\/li>\n\n\n\n<li>D. Jos\u00e9 Mar\u00eda Portillo<\/li>\n<\/ul>\n\n\n\n<h4 class=\"wp-block-heading\"><mark style=\"background-color:rgba(0, 0, 0, 0);color:#1f6085\" class=\"has-inline-color\">Representante del personal de administraci\u00f3n y servicios<\/mark><\/h4>\n\n\n\n<ul class=\"wp-block-list\">\n<li>D.\u00aa Vanessa Cantero Manzanares<\/li>\n<\/ul>\n\n\n\n<h4 class=\"wp-block-heading\"><mark style=\"background-color:rgba(0, 0, 0, 0);color:#1f6085\" class=\"has-inline-color\">Representantes del alumnado<\/mark><\/h4>\n\n\n\n<ul class=\"wp-block-list\">\n<li>D.\u00aa M\u00aa Magdalena Blanco Rodas<\/li>\n<\/ul>\n\n\n\n<h4 class=\"wp-block-heading\"><mark style=\"background-color:rgba(0, 0, 0, 0);color:#1f6085\" class=\"has-inline-color\">Representantes de madres y padres de alumnos<\/mark><\/h4>\n\n\n\n<ul class=\"wp-block-list\">\n<li>&#8211; sin representaci\u00f3n &#8211;<\/li>\n<\/ul>\n\n\n\n<h4 class=\"wp-block-heading\"><mark style=\"background-color:rgba(0, 0, 0, 0);color:#1f6085\" class=\"has-inline-color\">Representante del ayuntamiento<\/mark><\/h4>\n\n\n\n<ul class=\"wp-block-list\">\n<li>D. Rodrigo Saiz del Olmo<\/li>\n<\/ul>\n\n\n\n<h4 class=\"wp-block-heading\"><mark style=\"background-color:rgba(0, 0, 0, 0);color:#1f6085\" class=\"has-inline-color\">Representante del mundo laboral (con voz, sin voto)<\/mark><\/h4>\n\n\n\n<ul class=\"wp-block-list\">\n<li>&#8211; sin representaci\u00f3n &#8211;<\/li>\n<\/ul>\n\n\n\n<p><\/p>\n","protected":false},"excerpt":{"rendered":"<p>El Consejo Escolar est\u00e1 compuesto por: Presidente Jefes de estudios Secretaria (con voz, sin voto) Representantes del profesorado Representante del personal de administraci\u00f3n y servicios Representantes del alumnado Representantes de madres y padres de alumnos Representante del ayuntamiento Representante del mundo laboral (con voz, sin voto)<\/p>\n","protected":false},"author":3,"featured_media":0,"parent":0,"menu_order":0,"comment_status":"closed","ping_status":"closed","template":"","meta":{"footnotes":""},"folder":[],"class_list":["post-637","page","type-page","status-publish","hentry"],"rttpg_featured_image_url":null,"rttpg_author":{"display_name":"ies.claradelrey.madrid","author_link":"https:\/\/site.educa.madrid.org\/ies.claradelrey.madrid\/index.php\/author\/cuenta_ies-claradelrey-madrid\/"},"rttpg_comment":0,"rttpg_category":false,"rttpg_excerpt":"El Consejo Escolar est\u00e1 compuesto por: Presidente Jefes de estudios Secretaria (con voz, sin voto) Representantes del profesorado Representante del personal de administraci\u00f3n y servicios Representantes del alumnado Representantes de madres y padres de alumnos Representante del ayuntamiento Representante del mundo laboral (con voz, sin voto)","post_mailing_queue_ids":[],"_links":{"self":[{"href":"https:\/\/site.educa.madrid.org\/ies.claradelrey.madrid\/index.php\/wp-json\/wp\/v2\/pages\/637","targetHints":{"allow":["GET"]}}],"collection":[{"href":"https:\/\/site.educa.madrid.org\/ies.claradelrey.madrid\/index.php\/wp-json\/wp\/v2\/pages"}],"about":[{"href":"https:\/\/site.educa.madrid.org\/ies.claradelrey.madrid\/index.php\/wp-json\/wp\/v2\/types\/page"}],"author":[{"embeddable":true,"href":"https:\/\/site.educa.madrid.org\/ies.claradelrey.madrid\/index.php\/wp-json\/wp\/v2\/users\/3"}],"replies":[{"embeddable":true,"href":"https:\/\/site.educa.madrid.org\/ies.claradelrey.madrid\/index.php\/wp-json\/wp\/v2\/comments?post=637"}],"version-history":[{"count":2,"href":"https:\/\/site.educa.madrid.org\/ies.claradelrey.madrid\/index.php\/wp-json\/wp\/v2\/pages\/637\/revisions"}],"predecessor-version":[{"id":640,"href":"https:\/\/site.educa.madrid.org\/ies.claradelrey.madrid\/index.php\/wp-json\/wp\/v2\/pages\/637\/revisions\/640"}],"wp:attachment":[{"href":"https:\/\/site.educa.madrid.org\/ies.claradelrey.madrid\/index.php\/wp-json\/wp\/v2\/media?parent=637"}],"wp:term":[{"taxonomy":"folder","embeddable":true,"href":"https:\/\/site.educa.madrid.org\/ies.claradelrey.madrid\/index.php\/wp-json\/wp\/v2\/folder?post=637"}],"curies":[{"name":"wp","href":"https:\/\/api.w.org\/{rel}","templated":true}]}}