{"id":651,"date":"2025-07-31T15:38:34","date_gmt":"2025-07-31T13:38:34","guid":{"rendered":"https:\/\/site.educa.madrid.org\/ies.claradelrey.madrid\/?page_id=651"},"modified":"2025-09-23T14:21:02","modified_gmt":"2025-09-23T12:21:02","slug":"jefatura-de-estudios","status":"publish","type":"page","link":"https:\/\/site.educa.madrid.org\/ies.claradelrey.madrid\/index.php\/jefatura-de-estudios\/","title":{"rendered":"Jefatura de Estudios"},"content":{"rendered":"\n<h4 class=\"wp-block-heading\"><mark style=\"background-color:rgba(0, 0, 0, 0);color:#1f6085\" class=\"has-inline-color\">Jefatura de estudios<\/mark><\/h4>\n\n\n\n<p>Jefa de estudios de turno diurno:\u00a0<strong>D\u00aa M\u00aa Jos\u00e9 Mart\u00ednez Rivas<\/strong><\/p>\n\n\n\n<p>Jefe de estudios de turno vespertino:\u00a0<strong>D\u00aa\u00a0Camino Pardo de Vega<\/strong><\/p>\n\n\n\n<p>Jefa de estudios adjunta:\u00a0<strong>D\u00aa Ana Basurco de Lara<\/strong><\/p>\n\n\n\n<p>Jefe de estudios adjunto &#8211; Coordinaci\u00f3n de pr\u00e1cticas de FP en r\u00e9gimen Intensivo:\u00a0<strong>D\u00aa Pilar Navarro de la Cruz<\/strong><\/p>\n\n\n\n<p>Jefa de estudios adjunta &#8211; Coordinaci\u00f3n de pr\u00e1cticas de FP en reg\u00edmenes General y Virtual:\u00a0<strong><strong>D\u00aa Pilar Corraliza Zamorano<\/strong><\/strong><\/p>\n\n\n\n<div style=\"height:30px\" aria-hidden=\"true\" class=\"wp-block-spacer\"><\/div>\n\n\n\n<h4 class=\"wp-block-heading\"><mark style=\"background-color:rgba(0, 0, 0, 0);color:#1f6085\" class=\"has-inline-color\">Atenci\u00f3n al p\u00fablico<\/mark><\/h4>\n\n\n\n<p>Previa petici\u00f3n de hora.<\/p>\n\n\n\n<p>Tel\u00e9fono: 915195257<br>Correo electr\u00f3nico:&nbsp;<a href=\"mailto:ies.claradelrey.madrid@educa.madrid.org\">ies.claradelrey.madrid@educa.madrid.org<\/a><\/p>\n\n\n\n<p><\/p>\n","protected":false},"excerpt":{"rendered":"<p>Jefatura de estudios Jefa de estudios de turno diurno:\u00a0D\u00aa M\u00aa Jos\u00e9 Mart\u00ednez Rivas Jefe de estudios de turno vespertino:\u00a0D\u00aa\u00a0Camino Pardo de Vega Jefa de estudios adjunta:\u00a0D\u00aa Ana Basurco de Lara Jefe de estudios adjunto &#8211; Coordinaci\u00f3n de pr\u00e1cticas de FP en r\u00e9gimen Intensivo:\u00a0D\u00aa Pilar Navarro de la Cruz Jefa de estudios adjunta &#8211; Coordinaci\u00f3n de<\/p><\/div>\n<div class=\"blog-btn\"><a href=\"https:\/\/site.educa.madrid.org\/ies.claradelrey.madrid\/index.php\/jefatura-de-estudios\/\" class=\"home-blog-btn\">Leer m\u00e1s<\/a><\/p>\n","protected":false},"author":3,"featured_media":0,"parent":0,"menu_order":0,"comment_status":"closed","ping_status":"closed","template":"","meta":{"footnotes":""},"folder":[],"class_list":["post-651","page","type-page","status-publish","hentry"],"rttpg_featured_image_url":null,"rttpg_author":{"display_name":"ies.claradelrey.madrid","author_link":"https:\/\/site.educa.madrid.org\/ies.claradelrey.madrid\/index.php\/author\/cuenta_ies-claradelrey-madrid\/"},"rttpg_comment":0,"rttpg_category":false,"rttpg_excerpt":"Jefatura de estudios Jefa de estudios de turno diurno:\u00a0D\u00aa M\u00aa Jos\u00e9 Mart\u00ednez Rivas Jefe de estudios de turno vespertino:\u00a0D\u00aa\u00a0Camino Pardo de Vega Jefa de estudios adjunta:\u00a0D\u00aa Ana Basurco de Lara Jefe de estudios adjunto &#8211; Coordinaci\u00f3n de pr\u00e1cticas de FP en r\u00e9gimen Intensivo:\u00a0D\u00aa Pilar Navarro de la Cruz Jefa de estudios adjunta &#8211; Coordinaci\u00f3n deLeer&hellip;","post_mailing_queue_ids":[],"_links":{"self":[{"href":"https:\/\/site.educa.madrid.org\/ies.claradelrey.madrid\/index.php\/wp-json\/wp\/v2\/pages\/651","targetHints":{"allow":["GET"]}}],"collection":[{"href":"https:\/\/site.educa.madrid.org\/ies.claradelrey.madrid\/index.php\/wp-json\/wp\/v2\/pages"}],"about":[{"href":"https:\/\/site.educa.madrid.org\/ies.claradelrey.madrid\/index.php\/wp-json\/wp\/v2\/types\/page"}],"author":[{"embeddable":true,"href":"https:\/\/site.educa.madrid.org\/ies.claradelrey.madrid\/index.php\/wp-json\/wp\/v2\/users\/3"}],"replies":[{"embeddable":true,"href":"https:\/\/site.educa.madrid.org\/ies.claradelrey.madrid\/index.php\/wp-json\/wp\/v2\/comments?post=651"}],"version-history":[{"count":5,"href":"https:\/\/site.educa.madrid.org\/ies.claradelrey.madrid\/index.php\/wp-json\/wp\/v2\/pages\/651\/revisions"}],"predecessor-version":[{"id":1796,"href":"https:\/\/site.educa.madrid.org\/ies.claradelrey.madrid\/index.php\/wp-json\/wp\/v2\/pages\/651\/revisions\/1796"}],"wp:attachment":[{"href":"https:\/\/site.educa.madrid.org\/ies.claradelrey.madrid\/index.php\/wp-json\/wp\/v2\/media?parent=651"}],"wp:term":[{"taxonomy":"folder","embeddable":true,"href":"https:\/\/site.educa.madrid.org\/ies.claradelrey.madrid\/index.php\/wp-json\/wp\/v2\/folder?post=651"}],"curies":[{"name":"wp","href":"https:\/\/api.w.org\/{rel}","templated":true}]}}