{"id":670,"date":"2025-07-31T15:51:26","date_gmt":"2025-07-31T13:51:26","guid":{"rendered":"https:\/\/site.educa.madrid.org\/ies.claradelrey.madrid\/?page_id=670"},"modified":"2025-09-30T09:46:47","modified_gmt":"2025-09-30T07:46:47","slug":"departamento-de-formacion-y-orientacion-laboral","status":"publish","type":"page","link":"https:\/\/site.educa.madrid.org\/ies.claradelrey.madrid\/index.php\/departamento-de-formacion-y-orientacion-laboral\/","title":{"rendered":"Departamento de Formaci\u00f3n y Orientaci\u00f3n Laboral"},"content":{"rendered":"\n<p>Jefa de departamento: D\u00aa. M\u00aa Eugenia Caldas Blanco<br>Correo electr\u00f3nico:&nbsp;<a href=\"mailto:fol@iesclaradelrey.es\">fol@iesclaradelrey.es<\/a><\/p>\n\n\n\n<p>El departamento de Formaci\u00f3n y Orientaci\u00f3n Laboral imparte docencia en todos los ciclos formativos del centro.<\/p>\n\n\n\n<p>Este departamento participa de forma activa en el servicio de&nbsp;<strong>bolsa de trabajo<\/strong>&nbsp;del centro <mark style=\"background-color:rgba(0, 0, 0, 0);color:#1f6085\" class=\"has-inline-color\">[<a href=\"https:\/\/site.educa.madrid.org\/ies.claradelrey.madrid\/index.php\/departamento-de-bolsa-de-trabajo\/\">accede<\/a>]<\/mark><\/p>\n\n\n\n<div style=\"height:30px\" aria-hidden=\"true\" class=\"wp-block-spacer\"><\/div>\n\n\n\n<figure class=\"wp-block-table\"><table class=\"has-fixed-layout\"><thead><tr><th><a href=\"https:\/\/iesclaradelrey.es\/portal\/index.php\/es\/organizacion\/departamentos-didacticos\/fol#\">T\u00edtulo<\/a><\/th><\/tr><\/thead><tbody><tr><td><a href=\"https:\/\/site.educa.madrid.org\/ies.claradelrey.madrid\/index.php\/dossier-de-documentos-para-preparacion-de-entrevistas-de-trabajo\/\"><mark style=\"background-color:rgba(0, 0, 0, 0)\" class=\"has-inline-color has-vivid-cyan-blue-color\">Dossier de documentos para preparaci\u00f3n de entrevistas de trabajo<\/mark><\/a><\/td><\/tr><tr><td><a href=\"https:\/\/site.educa.madrid.org\/ies.claradelrey.madrid\/index.php\/jornada-de-empleo-y-emprendimiento-febrero-2017\/\"><mark style=\"background-color:rgba(0, 0, 0, 0)\" class=\"has-inline-color has-vivid-cyan-blue-color\">Jornada de empleo y emprendimiento &#8211; Febrero 2017<\/mark><\/a><\/td><\/tr><tr><td><a href=\"https:\/\/site.educa.madrid.org\/ies.claradelrey.madrid\/index.php\/programaciones-didacticas-del-departamento-de-fol\/\"><mark style=\"background-color:rgba(0, 0, 0, 0)\" class=\"has-inline-color has-vivid-cyan-blue-color\">Programaciones did\u00e1cticas del Departamento de FOL<\/mark><\/a><\/td><\/tr><\/tbody><\/table><\/figure>\n\n\n\n<p><\/p>\n","protected":false},"excerpt":{"rendered":"<p>Jefa de departamento: D\u00aa. M\u00aa Eugenia Caldas BlancoCorreo electr\u00f3nico:&nbsp;fol@iesclaradelrey.es El departamento de Formaci\u00f3n y Orientaci\u00f3n Laboral imparte docencia en todos los ciclos formativos del centro. Este departamento participa de forma activa en el servicio de&nbsp;bolsa de trabajo&nbsp;del centro [accede] T\u00edtulo Dossier de documentos para preparaci\u00f3n de entrevistas de trabajo Jornada de empleo y emprendimiento &#8211;<\/p><\/div>\n<div class=\"blog-btn\"><a href=\"https:\/\/site.educa.madrid.org\/ies.claradelrey.madrid\/index.php\/departamento-de-formacion-y-orientacion-laboral\/\" class=\"home-blog-btn\">Leer m\u00e1s<\/a><\/p>\n","protected":false},"author":3,"featured_media":0,"parent":0,"menu_order":0,"comment_status":"closed","ping_status":"closed","template":"","meta":{"footnotes":""},"folder":[],"class_list":["post-670","page","type-page","status-publish","hentry"],"rttpg_featured_image_url":null,"rttpg_author":{"display_name":"ies.claradelrey.madrid","author_link":"https:\/\/site.educa.madrid.org\/ies.claradelrey.madrid\/index.php\/author\/cuenta_ies-claradelrey-madrid\/"},"rttpg_comment":0,"rttpg_category":false,"rttpg_excerpt":"Jefa de departamento: D\u00aa. M\u00aa Eugenia Caldas BlancoCorreo electr\u00f3nico:&nbsp;fol@iesclaradelrey.es El departamento de Formaci\u00f3n y Orientaci\u00f3n Laboral imparte docencia en todos los ciclos formativos del centro. Este departamento participa de forma activa en el servicio de&nbsp;bolsa de trabajo&nbsp;del centro [accede] T\u00edtulo Dossier de documentos para preparaci\u00f3n de entrevistas de trabajo Jornada de empleo y emprendimiento &#8211;Leer&hellip;","post_mailing_queue_ids":[],"_links":{"self":[{"href":"https:\/\/site.educa.madrid.org\/ies.claradelrey.madrid\/index.php\/wp-json\/wp\/v2\/pages\/670","targetHints":{"allow":["GET"]}}],"collection":[{"href":"https:\/\/site.educa.madrid.org\/ies.claradelrey.madrid\/index.php\/wp-json\/wp\/v2\/pages"}],"about":[{"href":"https:\/\/site.educa.madrid.org\/ies.claradelrey.madrid\/index.php\/wp-json\/wp\/v2\/types\/page"}],"author":[{"embeddable":true,"href":"https:\/\/site.educa.madrid.org\/ies.claradelrey.madrid\/index.php\/wp-json\/wp\/v2\/users\/3"}],"replies":[{"embeddable":true,"href":"https:\/\/site.educa.madrid.org\/ies.claradelrey.madrid\/index.php\/wp-json\/wp\/v2\/comments?post=670"}],"version-history":[{"count":8,"href":"https:\/\/site.educa.madrid.org\/ies.claradelrey.madrid\/index.php\/wp-json\/wp\/v2\/pages\/670\/revisions"}],"predecessor-version":[{"id":1934,"href":"https:\/\/site.educa.madrid.org\/ies.claradelrey.madrid\/index.php\/wp-json\/wp\/v2\/pages\/670\/revisions\/1934"}],"wp:attachment":[{"href":"https:\/\/site.educa.madrid.org\/ies.claradelrey.madrid\/index.php\/wp-json\/wp\/v2\/media?parent=670"}],"wp:term":[{"taxonomy":"folder","embeddable":true,"href":"https:\/\/site.educa.madrid.org\/ies.claradelrey.madrid\/index.php\/wp-json\/wp\/v2\/folder?post=670"}],"curies":[{"name":"wp","href":"https:\/\/api.w.org\/{rel}","templated":true}]}}