{"id":694,"date":"2025-07-31T16:04:53","date_gmt":"2025-07-31T14:04:53","guid":{"rendered":"https:\/\/site.educa.madrid.org\/ies.claradelrey.madrid\/?page_id=694"},"modified":"2025-07-31T16:06:45","modified_gmt":"2025-07-31T14:06:45","slug":"programaciones-didacticas-del-departamento-de-fol","status":"publish","type":"page","link":"https:\/\/site.educa.madrid.org\/ies.claradelrey.madrid\/index.php\/programaciones-didacticas-del-departamento-de-fol\/","title":{"rendered":"Programaciones did\u00e1cticas del Departamento de FOL"},"content":{"rendered":"\n<p>Programaciones did\u00e1cticas del Departamento de FOL, curso 2019\/2020:<\/p>\n\n\n\n<figure class=\"wp-block-table\"><table class=\"has-fixed-layout\"><tbody><tr><td><a href=\"https:\/\/iesclaradelrey.es\/portal\/attachments\/article\/1142\/Programaci%C3%B3n%20FOL%20Presencial,%20Biling%C3%BCe,%20T%C3%ADtulo%20propio%20y%20Doble%20titulaci%C3%B3n%202019-2020_web.doc\" target=\"_blank\" rel=\"noreferrer noopener\"><\/a><a href=\"https:\/\/iesclaradelrey.es\/portal\/attachments\/article\/1142\/Programaci%C3%B3n%20FOL%20Presencial,%20Biling%C3%BCe,%20T%C3%ADtulo%20propio%20y%20Doble%20titulaci%C3%B3n%202019-2020_web.doc\" target=\"_blank\" rel=\"noreferrer noopener\"><mark style=\"background-color:rgba(0, 0, 0, 0)\" class=\"has-inline-color has-vivid-cyan-blue-color\">Programaci\u00f3n FOL Presencial, Biling\u00fce,<\/mark> <mark style=\"background-color:rgba(0, 0, 0, 0)\" class=\"has-inline-color has-vivid-cyan-blue-color\">T\u00edtulo propio y Doble titulaci\u00f3n 2019-2020_web.doc<\/mark><\/a><\/td><\/tr><tr><td><a href=\"https:\/\/iesclaradelrey.es\/portal\/attachments\/article\/1142\/Programaci%C3%B3n%20FOL%20dual%202019-2020_web.docx\" target=\"_blank\" rel=\"noreferrer noopener\"><\/a><a href=\"https:\/\/iesclaradelrey.es\/portal\/attachments\/article\/1142\/Programaci%C3%B3n%20FOL%20dual%202019-2020_web.docx\" target=\"_blank\" rel=\"noreferrer noopener\"><mark style=\"background-color:rgba(0, 0, 0, 0)\" class=\"has-inline-color has-vivid-cyan-blue-color\">Programaci\u00f3n FOL dual 2019-2020_web.docx<\/mark><\/a><\/td><\/tr><tr><td><a href=\"https:\/\/iesclaradelrey.es\/portal\/attachments\/article\/1142\/Programacion_EIE%20Presencial-Doble%20tit_19-20_web.doc\" target=\"_blank\" rel=\"noreferrer noopener\"><\/a><a href=\"https:\/\/iesclaradelrey.es\/portal\/attachments\/article\/1142\/Programacion_EIE%20Presencial-Doble%20tit_19-20_web.doc\" target=\"_blank\" rel=\"noreferrer noopener\"><mark style=\"background-color:rgba(0, 0, 0, 0)\" class=\"has-inline-color has-vivid-cyan-blue-color\">Programacion_EIE Presencial-Doble tit_19-20_web.doc<\/mark><\/a><\/td><\/tr><tr><td><a href=\"https:\/\/iesclaradelrey.es\/portal\/attachments\/article\/1142\/Programaci%C3%B3n%20FOL_EIE_dual%202019-2020_web.docx\" target=\"_blank\" rel=\"noreferrer noopener\"><\/a><a href=\"https:\/\/iesclaradelrey.es\/portal\/attachments\/article\/1142\/Programaci%C3%B3n%20FOL_EIE_dual%202019-2020_web.docx\" target=\"_blank\" rel=\"noreferrer noopener\"><mark style=\"background-color:rgba(0, 0, 0, 0)\" class=\"has-inline-color has-vivid-cyan-blue-color\">Programaci\u00f3n FOL_EIE_dual 2019-2020_web.docx<\/mark><\/a><\/td><\/tr><tr><td><a href=\"https:\/\/iesclaradelrey.es\/portal\/attachments\/article\/1142\/Programaci%C3%B3n%20FOL%20Distancia%202019-2020_web.doc\" target=\"_blank\" rel=\"noreferrer noopener\"><\/a><a href=\"https:\/\/iesclaradelrey.es\/portal\/attachments\/article\/1142\/Programaci%C3%B3n%20FOL%20Distancia%202019-2020_web.doc\" target=\"_blank\" rel=\"noreferrer noopener\"><mark style=\"background-color:rgba(0, 0, 0, 0)\" class=\"has-inline-color has-vivid-cyan-blue-color\">Programaci\u00f3n FOL Distancia 2019-2020_web.doc<\/mark><\/a><\/td><\/tr><\/tbody><\/table><\/figure>\n\n\n\n<p><\/p>\n","protected":false},"excerpt":{"rendered":"<p>Programaciones did\u00e1cticas del Departamento de FOL, curso 2019\/2020: Programaci\u00f3n FOL Presencial, Biling\u00fce, T\u00edtulo propio y Doble titulaci\u00f3n 2019-2020_web.doc Programaci\u00f3n FOL dual 2019-2020_web.docx Programacion_EIE Presencial-Doble tit_19-20_web.doc Programaci\u00f3n FOL_EIE_dual 2019-2020_web.docx Programaci\u00f3n FOL Distancia 2019-2020_web.doc<\/p>\n","protected":false},"author":3,"featured_media":0,"parent":0,"menu_order":0,"comment_status":"closed","ping_status":"closed","template":"","meta":{"footnotes":""},"folder":[],"class_list":["post-694","page","type-page","status-publish","hentry"],"rttpg_featured_image_url":null,"rttpg_author":{"display_name":"ies.claradelrey.madrid","author_link":"https:\/\/site.educa.madrid.org\/ies.claradelrey.madrid\/index.php\/author\/cuenta_ies-claradelrey-madrid\/"},"rttpg_comment":0,"rttpg_category":false,"rttpg_excerpt":"Programaciones did\u00e1cticas del Departamento de FOL, curso 2019\/2020: Programaci\u00f3n FOL Presencial, Biling\u00fce, T\u00edtulo propio y Doble titulaci\u00f3n 2019-2020_web.doc Programaci\u00f3n FOL dual 2019-2020_web.docx Programacion_EIE Presencial-Doble tit_19-20_web.doc Programaci\u00f3n FOL_EIE_dual 2019-2020_web.docx Programaci\u00f3n FOL Distancia 2019-2020_web.doc","post_mailing_queue_ids":[],"_links":{"self":[{"href":"https:\/\/site.educa.madrid.org\/ies.claradelrey.madrid\/index.php\/wp-json\/wp\/v2\/pages\/694","targetHints":{"allow":["GET"]}}],"collection":[{"href":"https:\/\/site.educa.madrid.org\/ies.claradelrey.madrid\/index.php\/wp-json\/wp\/v2\/pages"}],"about":[{"href":"https:\/\/site.educa.madrid.org\/ies.claradelrey.madrid\/index.php\/wp-json\/wp\/v2\/types\/page"}],"author":[{"embeddable":true,"href":"https:\/\/site.educa.madrid.org\/ies.claradelrey.madrid\/index.php\/wp-json\/wp\/v2\/users\/3"}],"replies":[{"embeddable":true,"href":"https:\/\/site.educa.madrid.org\/ies.claradelrey.madrid\/index.php\/wp-json\/wp\/v2\/comments?post=694"}],"version-history":[{"count":2,"href":"https:\/\/site.educa.madrid.org\/ies.claradelrey.madrid\/index.php\/wp-json\/wp\/v2\/pages\/694\/revisions"}],"predecessor-version":[{"id":698,"href":"https:\/\/site.educa.madrid.org\/ies.claradelrey.madrid\/index.php\/wp-json\/wp\/v2\/pages\/694\/revisions\/698"}],"wp:attachment":[{"href":"https:\/\/site.educa.madrid.org\/ies.claradelrey.madrid\/index.php\/wp-json\/wp\/v2\/media?parent=694"}],"wp:term":[{"taxonomy":"folder","embeddable":true,"href":"https:\/\/site.educa.madrid.org\/ies.claradelrey.madrid\/index.php\/wp-json\/wp\/v2\/folder?post=694"}],"curies":[{"name":"wp","href":"https:\/\/api.w.org\/{rel}","templated":true}]}}