{"id":709,"date":"2025-07-31T16:10:33","date_gmt":"2025-07-31T14:10:33","guid":{"rendered":"https:\/\/site.educa.madrid.org\/ies.claradelrey.madrid\/?page_id=709"},"modified":"2025-07-31T16:28:43","modified_gmt":"2025-07-31T14:28:43","slug":"departamento-de-informatica-y-comunicaciones","status":"publish","type":"page","link":"https:\/\/site.educa.madrid.org\/ies.claradelrey.madrid\/index.php\/departamento-de-informatica-y-comunicaciones\/","title":{"rendered":"Departamento de Inform\u00e1tica y Comunicaciones"},"content":{"rendered":"\n<p><\/p>\n\n\n\n<figure class=\"wp-block-image\"><img decoding=\"async\" src=\"http:\/\/www.comunidad.madrid\/sites\/default\/files\/img\/fp-familiaprofesional-ifc.jpg\" alt=\"\"\/><\/figure>\n\n\n\n<p>Jefe de departamento: D. Xabier Ganz\u00e1bal<\/p>\n\n\n\n<p>Este departamento imparte docencia en todos los ciclos formativos de la familia profesional de Inform\u00e1tica y Comunicaciones.<\/p>\n\n\n\n<figure class=\"wp-block-table\"><table class=\"has-fixed-layout\"><thead><tr><th><a href=\"https:\/\/iesclaradelrey.es\/portal\/index.php\/es\/organizacion\/departamentos-familia-profesional\/informatica-comunicaciones#\">T\u00edtulo<\/a><\/th><\/tr><\/thead><tbody><tr><td><a href=\"https:\/\/site.educa.madrid.org\/ies.claradelrey.madrid\/index.php\/2012-clarinux\/\"><mark style=\"background-color:rgba(0, 0, 0, 0)\" class=\"has-inline-color has-vivid-cyan-blue-color\">2012. Clarinux.<\/mark><\/a><\/td><\/tr><tr><td><a href=\"https:\/\/site.educa.madrid.org\/ies.claradelrey.madrid\/index.php\/2012-jornada-de-software-libre\/\"><mark style=\"background-color:rgba(0, 0, 0, 0)\" class=\"has-inline-color has-vivid-cyan-blue-color\">2012. Jornada de Software Libre.<\/mark><\/a><\/td><\/tr><tr><td><a href=\"https:\/\/site.educa.madrid.org\/ies.claradelrey.madrid\/index.php\/2013-charla-sobre-las-funciones-de-la-raspberry-pi\/\"><mark style=\"background-color:rgba(0, 0, 0, 0)\" class=\"has-inline-color has-vivid-cyan-blue-color\">2013. Charla sobre las funciones de la Raspberry Pi.<\/mark><\/a><\/td><\/tr><tr><td><a href=\"https:\/\/site.educa.madrid.org\/ies.claradelrey.madrid\/index.php\/2017-material-complementario-de-los-modulos-de-dwes-y-daw\/\"><mark style=\"background-color:rgba(0, 0, 0, 0)\" class=\"has-inline-color has-vivid-cyan-blue-color\">2017. Material complementario de los m\u00f3dulos de DWES y DAW.<\/mark><\/a><\/td><\/tr><tr><td><a href=\"https:\/\/site.educa.madrid.org\/ies.claradelrey.madrid\/index.php\/2019-clarainnova-jornadas-de-informatica-y-comunicaciones\/\"><mark style=\"background-color:rgba(0, 0, 0, 0)\" class=\"has-inline-color has-vivid-cyan-blue-color\">2019. ClaraInnova. Jornadas de Inform\u00e1tica y Comunicaciones.<\/mark><\/a><\/td><\/tr><tr><td><a href=\"https:\/\/site.educa.madrid.org\/ies.claradelrey.madrid\/index.php\/cursos-de-certificacion-cisco-networking-academy\/\"><mark style=\"background-color:rgba(0, 0, 0, 0)\" class=\"has-inline-color has-vivid-cyan-blue-color\">Cursos de certificaci\u00f3n Cisco Networking Academy<\/mark><\/a><\/td><\/tr><\/tbody><\/table><\/figure>\n","protected":false},"excerpt":{"rendered":"<p>Jefe de departamento: D. Xabier Ganz\u00e1bal Este departamento imparte docencia en todos los ciclos formativos de la familia profesional de Inform\u00e1tica y Comunicaciones. T\u00edtulo 2012. Clarinux. 2012. Jornada de Software Libre. 2013. Charla sobre las funciones de la Raspberry Pi. 2017. Material complementario de los m\u00f3dulos de DWES y DAW. 2019. ClaraInnova. Jornadas de Inform\u00e1tica<\/p><\/div>\n<div class=\"blog-btn\"><a href=\"https:\/\/site.educa.madrid.org\/ies.claradelrey.madrid\/index.php\/departamento-de-informatica-y-comunicaciones\/\" class=\"home-blog-btn\">Leer m\u00e1s<\/a><\/p>\n","protected":false},"author":3,"featured_media":0,"parent":0,"menu_order":0,"comment_status":"closed","ping_status":"closed","template":"","meta":{"footnotes":""},"folder":[],"class_list":["post-709","page","type-page","status-publish","hentry"],"rttpg_featured_image_url":null,"rttpg_author":{"display_name":"ies.claradelrey.madrid","author_link":"https:\/\/site.educa.madrid.org\/ies.claradelrey.madrid\/index.php\/author\/cuenta_ies-claradelrey-madrid\/"},"rttpg_comment":0,"rttpg_category":false,"rttpg_excerpt":"Jefe de departamento: D. Xabier Ganz\u00e1bal Este departamento imparte docencia en todos los ciclos formativos de la familia profesional de Inform\u00e1tica y Comunicaciones. T\u00edtulo 2012. Clarinux. 2012. Jornada de Software Libre. 2013. Charla sobre las funciones de la Raspberry Pi. 2017. Material complementario de los m\u00f3dulos de DWES y DAW. 2019. ClaraInnova. Jornadas de Inform\u00e1ticaLeer&hellip;","post_mailing_queue_ids":[],"_links":{"self":[{"href":"https:\/\/site.educa.madrid.org\/ies.claradelrey.madrid\/index.php\/wp-json\/wp\/v2\/pages\/709","targetHints":{"allow":["GET"]}}],"collection":[{"href":"https:\/\/site.educa.madrid.org\/ies.claradelrey.madrid\/index.php\/wp-json\/wp\/v2\/pages"}],"about":[{"href":"https:\/\/site.educa.madrid.org\/ies.claradelrey.madrid\/index.php\/wp-json\/wp\/v2\/types\/page"}],"author":[{"embeddable":true,"href":"https:\/\/site.educa.madrid.org\/ies.claradelrey.madrid\/index.php\/wp-json\/wp\/v2\/users\/3"}],"replies":[{"embeddable":true,"href":"https:\/\/site.educa.madrid.org\/ies.claradelrey.madrid\/index.php\/wp-json\/wp\/v2\/comments?post=709"}],"version-history":[{"count":8,"href":"https:\/\/site.educa.madrid.org\/ies.claradelrey.madrid\/index.php\/wp-json\/wp\/v2\/pages\/709\/revisions"}],"predecessor-version":[{"id":763,"href":"https:\/\/site.educa.madrid.org\/ies.claradelrey.madrid\/index.php\/wp-json\/wp\/v2\/pages\/709\/revisions\/763"}],"wp:attachment":[{"href":"https:\/\/site.educa.madrid.org\/ies.claradelrey.madrid\/index.php\/wp-json\/wp\/v2\/media?parent=709"}],"wp:term":[{"taxonomy":"folder","embeddable":true,"href":"https:\/\/site.educa.madrid.org\/ies.claradelrey.madrid\/index.php\/wp-json\/wp\/v2\/folder?post=709"}],"curies":[{"name":"wp","href":"https:\/\/api.w.org\/{rel}","templated":true}]}}