{"id":760,"date":"2025-07-31T16:28:01","date_gmt":"2025-07-31T14:28:01","guid":{"rendered":"https:\/\/site.educa.madrid.org\/ies.claradelrey.madrid\/?page_id=760"},"modified":"2025-07-31T16:28:19","modified_gmt":"2025-07-31T14:28:19","slug":"cursos-de-certificacion-cisco-networking-academy","status":"publish","type":"page","link":"https:\/\/site.educa.madrid.org\/ies.claradelrey.madrid\/index.php\/cursos-de-certificacion-cisco-networking-academy\/","title":{"rendered":"Cursos de certificaci\u00f3n Cisco Networking Academy"},"content":{"rendered":"\n<p>Cisco es una empresa l\u00edder en redes de comunicaciones. Sus certificaciones son reconocidas en el mercado laboral como garant\u00eda de conocimientos sobre dise\u00f1o y soporte de redes. Cisco ofrece varias certificaciones, entre ellas se encuentra el CCNA Routing &amp; Switching.<\/p>\n\n\n\n<p>M\u00e1s informaci\u00f3n sobre las certificaciones Cisco en:\u00a0<a href=\"https:\/\/www.cisco.com\/c\/en\/us\/training-events\/training-certifications\/certifications.html\"><mark style=\"background-color:rgba(0, 0, 0, 0)\" class=\"has-inline-color has-vivid-cyan-blue-color\">https:\/\/www.cisco.com\/c\/en\/us\/training-events\/training-certifications\/certifications.html<\/mark><\/a><\/p>\n\n\n\n<p>El IES Clara del Rey es Academia Cisco (Cisco NetAcad). Este hecho hace que los alumnos del centro tengan la posibilidad de acceder gratuitamente a la formaci\u00f3n necesaria para obtener esta certificaci\u00f3n a trav\u00e9s de la plataforma on-line de Cisco.<\/p>\n\n\n\n<p>Esta formaci\u00f3n consta de cuatro cursos:<\/p>\n\n\n\n<ul class=\"wp-block-list\">\n<li>CCNA R&amp;S: Introducci\u00f3n a redes<\/li>\n\n\n\n<li>CCNA R&amp;S: Fundamentos de Routing y Switching<\/li>\n\n\n\n<li>CCNA R&amp;S: Escalabilidad de redes<\/li>\n\n\n\n<li>CCNA R&amp;S: Interconexi\u00f3n de redes<\/li>\n<\/ul>\n\n\n\n<p>Una vez superado cada uno de estos cursos se facilita un certificado de realizaci\u00f3n. Despu\u00e9s de terminar los dos primeros cursos, se tiene la formaci\u00f3n suficiente para abordar el examen de certificaci\u00f3n CCENT de Cisco. Tras finalizar los cuatro cursos, se tiene el nivel para presentarse al examen de Cisco de la certificaci\u00f3n CCNA Routing &amp; Switching.<\/p>\n\n\n\n<p>El coordinador del programa Cisco NetAcad en el centro es&nbsp;<strong>Carlos Moreno<\/strong>, profesor del Departamento de Inform\u00e1tica y Comunicaciones.<\/p>\n\n\n\n<p><strong>Aquellos que est\u00e9n interesados en la realizaci\u00f3n de estos cursos de formaci\u00f3n para la obtenci\u00f3n de la certificaci\u00f3n CCNA Routing &amp; Switching, enviad un email a la direcci\u00f3n&nbsp;<a href=\"mailto:netacad@iesclaradelrey.es\">netacad@iesclaradelrey.es<\/a>.<\/strong><\/p>\n","protected":false},"excerpt":{"rendered":"<p>Cisco es una empresa l\u00edder en redes de comunicaciones. Sus certificaciones son reconocidas en el mercado laboral como garant\u00eda de conocimientos sobre dise\u00f1o y soporte de redes. Cisco ofrece varias certificaciones, entre ellas se encuentra el CCNA Routing &amp; Switching. M\u00e1s informaci\u00f3n sobre las certificaciones Cisco en:\u00a0https:\/\/www.cisco.com\/c\/en\/us\/training-events\/training-certifications\/certifications.html El IES Clara del Rey es Academia Cisco<\/p><\/div>\n<div class=\"blog-btn\"><a href=\"https:\/\/site.educa.madrid.org\/ies.claradelrey.madrid\/index.php\/cursos-de-certificacion-cisco-networking-academy\/\" class=\"home-blog-btn\">Leer m\u00e1s<\/a><\/p>\n","protected":false},"author":3,"featured_media":0,"parent":0,"menu_order":0,"comment_status":"closed","ping_status":"closed","template":"","meta":{"footnotes":""},"folder":[],"class_list":["post-760","page","type-page","status-publish","hentry"],"rttpg_featured_image_url":null,"rttpg_author":{"display_name":"ies.claradelrey.madrid","author_link":"https:\/\/site.educa.madrid.org\/ies.claradelrey.madrid\/index.php\/author\/cuenta_ies-claradelrey-madrid\/"},"rttpg_comment":0,"rttpg_category":false,"rttpg_excerpt":"Cisco es una empresa l\u00edder en redes de comunicaciones. Sus certificaciones son reconocidas en el mercado laboral como garant\u00eda de conocimientos sobre dise\u00f1o y soporte de redes. Cisco ofrece varias certificaciones, entre ellas se encuentra el CCNA Routing &amp; Switching. M\u00e1s informaci\u00f3n sobre las certificaciones Cisco en:\u00a0https:\/\/www.cisco.com\/c\/en\/us\/training-events\/training-certifications\/certifications.html El IES Clara del Rey es Academia CiscoLeer&hellip;","post_mailing_queue_ids":[],"_links":{"self":[{"href":"https:\/\/site.educa.madrid.org\/ies.claradelrey.madrid\/index.php\/wp-json\/wp\/v2\/pages\/760","targetHints":{"allow":["GET"]}}],"collection":[{"href":"https:\/\/site.educa.madrid.org\/ies.claradelrey.madrid\/index.php\/wp-json\/wp\/v2\/pages"}],"about":[{"href":"https:\/\/site.educa.madrid.org\/ies.claradelrey.madrid\/index.php\/wp-json\/wp\/v2\/types\/page"}],"author":[{"embeddable":true,"href":"https:\/\/site.educa.madrid.org\/ies.claradelrey.madrid\/index.php\/wp-json\/wp\/v2\/users\/3"}],"replies":[{"embeddable":true,"href":"https:\/\/site.educa.madrid.org\/ies.claradelrey.madrid\/index.php\/wp-json\/wp\/v2\/comments?post=760"}],"version-history":[{"count":2,"href":"https:\/\/site.educa.madrid.org\/ies.claradelrey.madrid\/index.php\/wp-json\/wp\/v2\/pages\/760\/revisions"}],"predecessor-version":[{"id":762,"href":"https:\/\/site.educa.madrid.org\/ies.claradelrey.madrid\/index.php\/wp-json\/wp\/v2\/pages\/760\/revisions\/762"}],"wp:attachment":[{"href":"https:\/\/site.educa.madrid.org\/ies.claradelrey.madrid\/index.php\/wp-json\/wp\/v2\/media?parent=760"}],"wp:term":[{"taxonomy":"folder","embeddable":true,"href":"https:\/\/site.educa.madrid.org\/ies.claradelrey.madrid\/index.php\/wp-json\/wp\/v2\/folder?post=760"}],"curies":[{"name":"wp","href":"https:\/\/api.w.org\/{rel}","templated":true}]}}