{"id":976,"date":"2025-08-01T19:11:47","date_gmt":"2025-08-01T17:11:47","guid":{"rendered":"https:\/\/site.educa.madrid.org\/ies.claradelrey.madrid\/?page_id=976"},"modified":"2025-08-01T19:14:07","modified_gmt":"2025-08-01T17:14:07","slug":"aplazamiento-de-la-calificacion-de-la-fct","status":"publish","type":"page","link":"https:\/\/site.educa.madrid.org\/ies.claradelrey.madrid\/index.php\/aplazamiento-de-la-calificacion-de-la-fct\/","title":{"rendered":"Aplazamiento de la calificaci\u00f3n de la FCT"},"content":{"rendered":"\n<p>Los alumnos podr\u00e1n solicitar el&nbsp;<strong>aplazamiento de la calificaci\u00f3n<\/strong>&nbsp;del m\u00f3dulo de FCT cuando no puedan realizarlo en jornadas diarias de duraci\u00f3n similar a la que tengan establecidas los centros de trabajo para sus trabajadores por alguna de las causas siguientes:<\/p>\n\n\n\n<ol class=\"wp-block-list\">\n<li>Enfermedad prolongada o accidente del alumno.<\/li>\n\n\n\n<li>Obligaciones de tipo personal o familiar.<\/li>\n\n\n\n<li>Desempe\u00f1o de un puesto de trabajo.<\/li>\n<\/ol>\n\n\n\n<p>NOTA: No confundir aplazamiento de la calificaci\u00f3n del m\u00f3dulo de FCT con la renuncia a la realizaci\u00f3n de la FCT.<\/p>\n\n\n\n<div style=\"height:20px\" aria-hidden=\"true\" class=\"wp-block-spacer\"><\/div>\n\n\n\n<h4 class=\"wp-block-heading\"><mark style=\"background-color:rgba(0, 0, 0, 0);color:#1f6085\" class=\"has-inline-color\">PROCEDIMIENTO<\/mark><\/h4>\n\n\n\n<p>El alumnos presentar\u00e1 la solicitud en la secretar\u00eda del centro.<\/p>\n\n\n\n<p>Las razones que se aleguen para el aplazamiento deben justificarse siempre documentalmente.<\/p>\n\n\n\n<div style=\"height:20px\" aria-hidden=\"true\" class=\"wp-block-spacer\"><\/div>\n\n\n\n<h4 class=\"wp-block-heading\"><mark style=\"background-color:rgba(0, 0, 0, 0);color:#1f6085\" class=\"has-inline-color\">PLAZOS<\/mark><\/h4>\n\n\n\n<p>Al menos 10 d\u00edas antes de la fecha de inicio de la FCT. (Septiembre \u2013 Marzo) VER FECHAS CLAVES.<\/p>\n\n\n\n<div style=\"height:20px\" aria-hidden=\"true\" class=\"wp-block-spacer\"><\/div>\n\n\n\n<h4 class=\"wp-block-heading\"><mark style=\"background-color:rgba(0, 0, 0, 0);color:#1f6085\" class=\"has-inline-color\">NORMATIVA<\/mark><\/h4>\n\n\n\n<p>Art\u00edculo 21 de la&nbsp;<a href=\"http:\/\/gestiona.madrid.org\/wleg\/servlet\/Servidor?opcion=VerHtml&amp;idnorma=6811&amp;word=S&amp;wordperfect=N&amp;pdf=S\" target=\"_blank\" rel=\"noreferrer noopener\">ORDEN 2694\/2009, de 9 de junio<\/a>, por la que se regula el acceso, la matriculaci\u00f3n, el proceso de evaluaci\u00f3n y la acreditaci\u00f3n acad\u00e9mica de los alumnos que cursen en la Comunidad de Madrid la modalidad presencial de la formaci\u00f3n profesional del sistema educativo establecida en la&nbsp;<a href=\"http:\/\/www.boe.es\/aeboe\/consultas\/bases_datos\/doc.php?id=BOE-A-2006-7899\" target=\"_blank\" rel=\"noreferrer noopener\">Ley Org\u00e1nica 2\/2006, de 3 de mayo<\/a>, de Educaci\u00f3n.<\/p>\n\n\n\n<div style=\"height:20px\" aria-hidden=\"true\" class=\"wp-block-spacer\"><\/div>\n\n\n\n<h4 class=\"wp-block-heading\"><mark style=\"background-color:rgba(0, 0, 0, 0);color:#1f6085\" class=\"has-inline-color\">MODELO DE SOLICITUD<\/mark><\/h4>\n\n\n\n<figure class=\"wp-block-table\"><table class=\"has-fixed-layout\"><tbody><tr><td><a href=\"https:\/\/iesclaradelrey.es\/portal\/attachments\/article\/35\/Aplazamiento_calificaci%C3%B3n_FCT.pdf\" target=\"_blank\" rel=\"noreferrer noopener\"><\/a><a href=\"https:\/\/site.educa.madrid.org\/ies.claradelrey.madrid\/\/wp-content\/uploads\/ies.claradelrey.madrid\/2025\/08\/Aplazamiento_calificacion_FCT.pdf\" target=\"_blank\" rel=\"noreferrer noopener\"><mark style=\"background-color:rgba(0, 0, 0, 0)\" class=\"has-inline-color has-vivid-cyan-blue-color\">Aplazamiento_calificaci\u00f3n_FCT.pdf<\/mark><\/a><\/td><\/tr><\/tbody><\/table><\/figure>\n\n\n\n<p><\/p>\n","protected":false},"excerpt":{"rendered":"<p>Los alumnos podr\u00e1n solicitar el&nbsp;aplazamiento de la calificaci\u00f3n&nbsp;del m\u00f3dulo de FCT cuando no puedan realizarlo en jornadas diarias de duraci\u00f3n similar a la que tengan establecidas los centros de trabajo para sus trabajadores por alguna de las causas siguientes: NOTA: No confundir aplazamiento de la calificaci\u00f3n del m\u00f3dulo de FCT con la renuncia a la<\/p><\/div>\n<div class=\"blog-btn\"><a href=\"https:\/\/site.educa.madrid.org\/ies.claradelrey.madrid\/index.php\/aplazamiento-de-la-calificacion-de-la-fct\/\" class=\"home-blog-btn\">Leer m\u00e1s<\/a><\/p>\n","protected":false},"author":3,"featured_media":0,"parent":0,"menu_order":0,"comment_status":"closed","ping_status":"closed","template":"","meta":{"footnotes":""},"folder":[],"class_list":["post-976","page","type-page","status-publish","hentry"],"rttpg_featured_image_url":null,"rttpg_author":{"display_name":"ies.claradelrey.madrid","author_link":"https:\/\/site.educa.madrid.org\/ies.claradelrey.madrid\/index.php\/author\/cuenta_ies-claradelrey-madrid\/"},"rttpg_comment":0,"rttpg_category":false,"rttpg_excerpt":"Los alumnos podr\u00e1n solicitar el&nbsp;aplazamiento de la calificaci\u00f3n&nbsp;del m\u00f3dulo de FCT cuando no puedan realizarlo en jornadas diarias de duraci\u00f3n similar a la que tengan establecidas los centros de trabajo para sus trabajadores por alguna de las causas siguientes: NOTA: No confundir aplazamiento de la calificaci\u00f3n del m\u00f3dulo de FCT con la renuncia a laLeer&hellip;","post_mailing_queue_ids":[],"_links":{"self":[{"href":"https:\/\/site.educa.madrid.org\/ies.claradelrey.madrid\/index.php\/wp-json\/wp\/v2\/pages\/976","targetHints":{"allow":["GET"]}}],"collection":[{"href":"https:\/\/site.educa.madrid.org\/ies.claradelrey.madrid\/index.php\/wp-json\/wp\/v2\/pages"}],"about":[{"href":"https:\/\/site.educa.madrid.org\/ies.claradelrey.madrid\/index.php\/wp-json\/wp\/v2\/types\/page"}],"author":[{"embeddable":true,"href":"https:\/\/site.educa.madrid.org\/ies.claradelrey.madrid\/index.php\/wp-json\/wp\/v2\/users\/3"}],"replies":[{"embeddable":true,"href":"https:\/\/site.educa.madrid.org\/ies.claradelrey.madrid\/index.php\/wp-json\/wp\/v2\/comments?post=976"}],"version-history":[{"count":3,"href":"https:\/\/site.educa.madrid.org\/ies.claradelrey.madrid\/index.php\/wp-json\/wp\/v2\/pages\/976\/revisions"}],"predecessor-version":[{"id":981,"href":"https:\/\/site.educa.madrid.org\/ies.claradelrey.madrid\/index.php\/wp-json\/wp\/v2\/pages\/976\/revisions\/981"}],"wp:attachment":[{"href":"https:\/\/site.educa.madrid.org\/ies.claradelrey.madrid\/index.php\/wp-json\/wp\/v2\/media?parent=976"}],"wp:term":[{"taxonomy":"folder","embeddable":true,"href":"https:\/\/site.educa.madrid.org\/ies.claradelrey.madrid\/index.php\/wp-json\/wp\/v2\/folder?post=976"}],"curies":[{"name":"wp","href":"https:\/\/api.w.org\/{rel}","templated":true}]}}