{"id":984,"date":"2025-08-01T19:15:55","date_gmt":"2025-08-01T17:15:55","guid":{"rendered":"https:\/\/site.educa.madrid.org\/ies.claradelrey.madrid\/?page_id=984"},"modified":"2025-08-01T19:17:07","modified_gmt":"2025-08-01T17:17:07","slug":"fct-solicitud-de-compensacion-de-transporte","status":"publish","type":"page","link":"https:\/\/site.educa.madrid.org\/ies.claradelrey.madrid\/index.php\/fct-solicitud-de-compensacion-de-transporte\/","title":{"rendered":"FCT Solicitud de compensaci\u00f3n de transporte"},"content":{"rendered":"\n<p>Los alumnos que hay\u00e1is realizado la FCT en poblaciones distintas a Madrid pod\u00e9is solicitar la compensaci\u00f3n de gastos de transporte.<\/p>\n\n\n\n<p>Para ello deb\u00e9is rellenar esta solicitud y entregarla en la secretar\u00eda del centro junto con los justificantes del gasto, abono transporte o tickets de gasolina a vuestro nombre.<\/p>\n\n\n\n<p><br>Los&nbsp; periodos de solicitud son desde el final de las pr\u00e1cticas<\/p>\n\n\n\n<p>1) Hasta el 20 de diciembre para la FCT septiembre-diciembre<\/p>\n\n\n\n<p>2) Hasta el 20 de junio para la FCT abril-junio<\/p>\n\n\n\n<figure class=\"wp-block-table\"><table class=\"has-fixed-layout\"><tbody><tr><td><a href=\"https:\/\/iesclaradelrey.es\/portal\/attachments\/article\/727\/CobroFctAlumnos.pdf\" target=\"_blank\" rel=\"noreferrer noopener\"><\/a><a href=\"https:\/\/site.educa.madrid.org\/ies.claradelrey.madrid\/\/wp-content\/uploads\/ies.claradelrey.madrid\/2025\/08\/CobroFctAlumnos.pdf\" target=\"_blank\" rel=\"noreferrer noopener\"><mark style=\"background-color:rgba(0, 0, 0, 0)\" class=\"has-inline-color has-vivid-cyan-blue-color\">ImpresoDeSolicitudAbonoTpteFCT<\/mark><\/a><\/td><\/tr><\/tbody><\/table><\/figure>\n\n\n\n<p><\/p>\n","protected":false},"excerpt":{"rendered":"<p>Los alumnos que hay\u00e1is realizado la FCT en poblaciones distintas a Madrid pod\u00e9is solicitar la compensaci\u00f3n de gastos de transporte. Para ello deb\u00e9is rellenar esta solicitud y entregarla en la secretar\u00eda del centro junto con los justificantes del gasto, abono transporte o tickets de gasolina a vuestro nombre. Los&nbsp; periodos de solicitud son desde el<\/p><\/div>\n<div class=\"blog-btn\"><a href=\"https:\/\/site.educa.madrid.org\/ies.claradelrey.madrid\/index.php\/fct-solicitud-de-compensacion-de-transporte\/\" class=\"home-blog-btn\">Leer m\u00e1s<\/a><\/p>\n","protected":false},"author":3,"featured_media":0,"parent":0,"menu_order":0,"comment_status":"closed","ping_status":"closed","template":"","meta":{"footnotes":""},"folder":[],"class_list":["post-984","page","type-page","status-publish","hentry"],"rttpg_featured_image_url":null,"rttpg_author":{"display_name":"ies.claradelrey.madrid","author_link":"https:\/\/site.educa.madrid.org\/ies.claradelrey.madrid\/index.php\/author\/cuenta_ies-claradelrey-madrid\/"},"rttpg_comment":0,"rttpg_category":false,"rttpg_excerpt":"Los alumnos que hay\u00e1is realizado la FCT en poblaciones distintas a Madrid pod\u00e9is solicitar la compensaci\u00f3n de gastos de transporte. Para ello deb\u00e9is rellenar esta solicitud y entregarla en la secretar\u00eda del centro junto con los justificantes del gasto, abono transporte o tickets de gasolina a vuestro nombre. Los&nbsp; periodos de solicitud son desde elLeer&hellip;","post_mailing_queue_ids":[],"_links":{"self":[{"href":"https:\/\/site.educa.madrid.org\/ies.claradelrey.madrid\/index.php\/wp-json\/wp\/v2\/pages\/984","targetHints":{"allow":["GET"]}}],"collection":[{"href":"https:\/\/site.educa.madrid.org\/ies.claradelrey.madrid\/index.php\/wp-json\/wp\/v2\/pages"}],"about":[{"href":"https:\/\/site.educa.madrid.org\/ies.claradelrey.madrid\/index.php\/wp-json\/wp\/v2\/types\/page"}],"author":[{"embeddable":true,"href":"https:\/\/site.educa.madrid.org\/ies.claradelrey.madrid\/index.php\/wp-json\/wp\/v2\/users\/3"}],"replies":[{"embeddable":true,"href":"https:\/\/site.educa.madrid.org\/ies.claradelrey.madrid\/index.php\/wp-json\/wp\/v2\/comments?post=984"}],"version-history":[{"count":3,"href":"https:\/\/site.educa.madrid.org\/ies.claradelrey.madrid\/index.php\/wp-json\/wp\/v2\/pages\/984\/revisions"}],"predecessor-version":[{"id":989,"href":"https:\/\/site.educa.madrid.org\/ies.claradelrey.madrid\/index.php\/wp-json\/wp\/v2\/pages\/984\/revisions\/989"}],"wp:attachment":[{"href":"https:\/\/site.educa.madrid.org\/ies.claradelrey.madrid\/index.php\/wp-json\/wp\/v2\/media?parent=984"}],"wp:term":[{"taxonomy":"folder","embeddable":true,"href":"https:\/\/site.educa.madrid.org\/ies.claradelrey.madrid\/index.php\/wp-json\/wp\/v2\/folder?post=984"}],"curies":[{"name":"wp","href":"https:\/\/api.w.org\/{rel}","templated":true}]}}