{"id":1943,"date":"2024-01-30T00:11:48","date_gmt":"2024-01-29T23:11:48","guid":{"rendered":"https:\/\/site.educa.madrid.org\/ies.elespinillo.madrid\/?page_id=1943"},"modified":"2026-01-16T11:51:01","modified_gmt":"2026-01-16T10:51:01","slug":"proyecto-educativo","status":"publish","type":"page","link":"https:\/\/site.educa.madrid.org\/ies.elespinillo.madrid\/index.php\/el-centro\/proyecto-educativo\/","title":{"rendered":"Proyecto educativo"},"content":{"rendered":"\n<figure class=\"wp-block-image alignwide size-large\"><img loading=\"lazy\" decoding=\"async\" width=\"1024\" height=\"68\" src=\"https:\/\/site.educa.madrid.org\/ies.elespinillo.madrid\/\/wp-content\/uploads\/ies.elespinillo.madrid\/2024\/03\/12.proyectoEducativo.fw_-1024x68.png\" alt=\"\" class=\"wp-image-2414\" srcset=\"https:\/\/site.educa.madrid.org\/ies.elespinillo.madrid\/\/wp-content\/uploads\/ies.elespinillo.madrid\/2024\/03\/12.proyectoEducativo.fw_-1024x68.png 1024w, https:\/\/site.educa.madrid.org\/ies.elespinillo.madrid\/\/wp-content\/uploads\/ies.elespinillo.madrid\/2024\/03\/12.proyectoEducativo.fw_-300x20.png 300w, https:\/\/site.educa.madrid.org\/ies.elespinillo.madrid\/\/wp-content\/uploads\/ies.elespinillo.madrid\/2024\/03\/12.proyectoEducativo.fw_-768x51.png 768w, https:\/\/site.educa.madrid.org\/ies.elespinillo.madrid\/\/wp-content\/uploads\/ies.elespinillo.madrid\/2024\/03\/12.proyectoEducativo.fw_.png 1500w\" sizes=\"auto, (max-width: 1024px) 100vw, 1024px\" \/><\/figure>\n\n\n\n<div style=\"height:30px\" aria-hidden=\"true\" class=\"wp-block-spacer\"><\/div>\n\n\n\n<div class=\"wp-block-columns is-layout-flex wp-container-core-columns-is-layout-9d6595d7 wp-block-columns-is-layout-flex\">\n<div class=\"wp-block-column is-layout-flow wp-block-column-is-layout-flow\"><div class=\"wp-block-image\">\n<figure class=\"aligncenter size-large is-resized\"><a href=\"https:\/\/cloud.educa.madrid.org\/s\/GsmodsyxZJT56nq\" target=\"_blank\" rel=\"noreferrer noopener\"><img loading=\"lazy\" decoding=\"async\" width=\"720\" height=\"1024\" src=\"https:\/\/site.educa.madrid.org\/ies.elespinillo.madrid\/\/wp-content\/uploads\/ies.elespinillo.madrid\/2025\/10\/PECicono.fw_-720x1024.png\" alt=\"\" class=\"wp-image-3601\" style=\"width:219px;height:auto\" srcset=\"https:\/\/site.educa.madrid.org\/ies.elespinillo.madrid\/\/wp-content\/uploads\/ies.elespinillo.madrid\/2025\/10\/PECicono.fw_-720x1024.png 720w, https:\/\/site.educa.madrid.org\/ies.elespinillo.madrid\/\/wp-content\/uploads\/ies.elespinillo.madrid\/2025\/10\/PECicono.fw_-211x300.png 211w, https:\/\/site.educa.madrid.org\/ies.elespinillo.madrid\/\/wp-content\/uploads\/ies.elespinillo.madrid\/2025\/10\/PECicono.fw_-768x1092.png 768w, https:\/\/site.educa.madrid.org\/ies.elespinillo.madrid\/\/wp-content\/uploads\/ies.elespinillo.madrid\/2025\/10\/PECicono.fw_-1081x1536.png 1081w, https:\/\/site.educa.madrid.org\/ies.elespinillo.madrid\/\/wp-content\/uploads\/ies.elespinillo.madrid\/2025\/10\/PECicono.fw_.png 1134w\" sizes=\"auto, (max-width: 720px) 100vw, 720px\" \/><\/a><figcaption class=\"wp-element-caption\">CLIC para consultar<\/figcaption><\/figure>\n<\/div><\/div>\n<\/div>\n\n\n\n<p>Los profesores y todo el personal que desarrolla su labor en el Instituto buscamos un centro donde todos y todas impregnemos nuestro trabajo de valores democr\u00e1ticos, tolerancia, respeto, un lugar en el que nuestros estudiantes puedan aprender, a relacionarse con los iguales, a descubrir en la diversidad la riqueza y, sobre todo, a formar ciudadanos libres, responsables, comprometidos y solidarios.<\/p>\n\n\n\n<p>La reflexi\u00f3n en el seno de los \u00f3rganos colegiados del <strong>I.E.S. El Espinillo<\/strong> sobre nuestros principios y valores nos ha conducido a definir <strong>nuestras se\u00f1as de identidad<\/strong>:<\/p>\n\n\n\n<ul class=\"wp-block-list\">\n<li>Crear un entorno educativo integrador y participativo que atienda a las diferencias individuales, garantizando el principio de igualdad de oportunidades para los alumnos y alumnas y la inclusi\u00f3n educativa, as\u00ed como la no discriminaci\u00f3n.<\/li>\n\n\n\n<li>Reconocer y respetar las diferencias individuales del alumnado por razones culturales, religiosas, d de capacidades, motivaciones, econ\u00f3micas, \u00e9tnicas e identidad de g\u00e9nero.<\/li>\n\n\n\n<li>Fomentar la sensibilidad hacia una escuela de todos y para todos donde se respeten las diferencias.<\/li>\n\n\n\n<li>Como centro preferente de alumnado con trastorno del espectro del autismo (TEA), promover actuaciones para su difusi\u00f3n y conocimiento.<\/li>\n\n\n\n<li>Salvaguardar el derecho de todos los alumnos y alumnas a acceder a una educaci\u00f3n en las mejores condiciones promoviendo la calidad educativa.<\/li>\n\n\n\n<li>Desarrollar las competencias y aptitudes para el desarrollo de la educaci\u00f3n integral del alumnado: aprender a ser, aprender a saber, aprender a hacer, aprender a convivir.<\/li>\n\n\n\n<li>Fomentar la autonom\u00eda, la independencia y la responsabilidad en nuestros alumnos para formar ciudadanos comprometidos, solidarios y con capacidad para intervenir en su entorno.<\/li>\n\n\n\n<li>Fomentar entre el alumnado la cultura del esfuerzo y la autonom\u00eda para una realizaci\u00f3n eficaz de las tareas del aprendizaje y como medio de desarrollo personal.<\/li>\n\n\n\n<li>Educar al alumnado en un buen clima de convivencia basado en el respeto y las relaciones cordiales, que apueste por la comunicaci\u00f3n y la restauraci\u00f3n como v\u00eda para la resoluci\u00f3n de conflictos.<\/li>\n\n\n\n<li>Respetar el principio general a la libertad y al derecho de identidad del alumnado, preservando su intimidad y garantizando el libre desarrollo de su personalidad para la inclusi\u00f3n y no discriminaci\u00f3n por motivos de diversidad sexual e identidad de g\u00e9nero.<\/li>\n<\/ul>\n","protected":false},"excerpt":{"rendered":"<p>Los profesores y todo el personal que desarrolla su labor en el Instituto buscamos un centro donde todos y todas impregnemos nuestro trabajo de valores democr\u00e1ticos, tolerancia, respeto, un lugar &#8230;<\/p>\n","protected":false},"author":2,"featured_media":0,"parent":1936,"menu_order":12,"comment_status":"closed","ping_status":"closed","template":"","meta":{"footnotes":""},"folder":[],"class_list":["post-1943","page","type-page","status-publish","hentry"],"rttpg_featured_image_url":null,"rttpg_author":{"display_name":"tic.ies.elespinillo.madrid","author_link":"https:\/\/site.educa.madrid.org\/ies.elespinillo.madrid\/index.php\/author\/cuenta_tic-ies-elespinillo-madrid\/"},"rttpg_comment":0,"rttpg_category":false,"rttpg_excerpt":"Los profesores y todo el personal que desarrolla su labor en el Instituto buscamos un centro donde todos y todas impregnemos nuestro trabajo de valores democr\u00e1ticos, tolerancia, respeto, un lugar ...","post_mailing_queue_ids":[],"_links":{"self":[{"href":"https:\/\/site.educa.madrid.org\/ies.elespinillo.madrid\/index.php\/wp-json\/wp\/v2\/pages\/1943","targetHints":{"allow":["GET"]}}],"collection":[{"href":"https:\/\/site.educa.madrid.org\/ies.elespinillo.madrid\/index.php\/wp-json\/wp\/v2\/pages"}],"about":[{"href":"https:\/\/site.educa.madrid.org\/ies.elespinillo.madrid\/index.php\/wp-json\/wp\/v2\/types\/page"}],"author":[{"embeddable":true,"href":"https:\/\/site.educa.madrid.org\/ies.elespinillo.madrid\/index.php\/wp-json\/wp\/v2\/users\/2"}],"replies":[{"embeddable":true,"href":"https:\/\/site.educa.madrid.org\/ies.elespinillo.madrid\/index.php\/wp-json\/wp\/v2\/comments?post=1943"}],"version-history":[{"count":19,"href":"https:\/\/site.educa.madrid.org\/ies.elespinillo.madrid\/index.php\/wp-json\/wp\/v2\/pages\/1943\/revisions"}],"predecessor-version":[{"id":3679,"href":"https:\/\/site.educa.madrid.org\/ies.elespinillo.madrid\/index.php\/wp-json\/wp\/v2\/pages\/1943\/revisions\/3679"}],"up":[{"embeddable":true,"href":"https:\/\/site.educa.madrid.org\/ies.elespinillo.madrid\/index.php\/wp-json\/wp\/v2\/pages\/1936"}],"wp:attachment":[{"href":"https:\/\/site.educa.madrid.org\/ies.elespinillo.madrid\/index.php\/wp-json\/wp\/v2\/media?parent=1943"}],"wp:term":[{"taxonomy":"folder","embeddable":true,"href":"https:\/\/site.educa.madrid.org\/ies.elespinillo.madrid\/index.php\/wp-json\/wp\/v2\/folder?post=1943"}],"curies":[{"name":"wp","href":"https:\/\/api.w.org\/{rel}","templated":true}]}}