{"id":2047,"date":"2024-01-31T17:54:30","date_gmt":"2024-01-31T16:54:30","guid":{"rendered":"https:\/\/site.educa.madrid.org\/ies.elespinillo.madrid\/?page_id=2047"},"modified":"2025-12-04T11:38:41","modified_gmt":"2025-12-04T10:38:41","slug":"actividades-extraescolares","status":"publish","type":"page","link":"https:\/\/site.educa.madrid.org\/ies.elespinillo.madrid\/index.php\/proyectos\/actividades-extraescolares\/","title":{"rendered":"Actividades Extraescolares y Complementarias"},"content":{"rendered":"\n<figure class=\"wp-block-image alignwide size-large\"><img loading=\"lazy\" decoding=\"async\" width=\"1024\" height=\"68\" src=\"https:\/\/site.educa.madrid.org\/ies.elespinillo.madrid\/\/wp-content\/uploads\/ies.elespinillo.madrid\/2024\/04\/71.actividadesExtraescolaresYcomplementarias.fw_-1024x68.png\" alt=\"\" class=\"wp-image-2480\" srcset=\"https:\/\/site.educa.madrid.org\/ies.elespinillo.madrid\/\/wp-content\/uploads\/ies.elespinillo.madrid\/2024\/04\/71.actividadesExtraescolaresYcomplementarias.fw_-1024x68.png 1024w, https:\/\/site.educa.madrid.org\/ies.elespinillo.madrid\/\/wp-content\/uploads\/ies.elespinillo.madrid\/2024\/04\/71.actividadesExtraescolaresYcomplementarias.fw_-300x20.png 300w, https:\/\/site.educa.madrid.org\/ies.elespinillo.madrid\/\/wp-content\/uploads\/ies.elespinillo.madrid\/2024\/04\/71.actividadesExtraescolaresYcomplementarias.fw_-768x51.png 768w, https:\/\/site.educa.madrid.org\/ies.elespinillo.madrid\/\/wp-content\/uploads\/ies.elespinillo.madrid\/2024\/04\/71.actividadesExtraescolaresYcomplementarias.fw_.png 1500w\" sizes=\"auto, (max-width: 1024px) 100vw, 1024px\" \/><\/figure>\n\n\n\n<p>Las <strong>actividades complementarias<\/strong> se organizan por los diferentes departamentos anualmente, siendo desarrolladas en el centro de forma puntual. Priorizamos las actividades de car\u00e1cter gratuito que permiten la participaci\u00f3n de todo el alumnado, como las que se desarrollan en el programa \u201cMadrid un libro abierto\u201d del Ayuntamiento de Madrid.<\/p>\n\n\n\n<p>Su coste ser\u00e1 determinado en funci\u00f3n de la actividad, siendo \u00fanicamente obligatorias aquellas actividades gratuitas (incluido el transporte). En el documento adjunto se recogen las actividades programadas durante el curso 2023-2024, as\u00ed como el precio de las mismas. El transporte p\u00fablico de las actividades ser\u00e1 costeado por el alumnado que participe en la actividad.<\/p>\n\n\n\n<p>Con respecto a las <strong>actividades extraescolares<\/strong> (viajes organizados a Italia, Francia, Reino Unido y Andorra) para alumnado de 3\u00ba, 4 ESO y 1\u00ba Bachillerato, los precios se actualizan anualmente, comunic\u00e1ndolo a las familias por el profesorado responsable.<\/p>\n\n\n\n<p>Por otra parte, la <strong>agenda del centro<\/strong> ser\u00e1 obligatoria para el alumnado de la ESO. El coste ser\u00e1 de 4 euros.<\/p>\n\n\n<div class=\"wp-block-image\">\n<figure class=\"aligncenter size-large is-resized\"><a href=\"https:\/\/cloud.educa.madrid.org\/s\/jG6rSmbJg2izesz\"><img loading=\"lazy\" decoding=\"async\" width=\"720\" height=\"1024\" src=\"https:\/\/site.educa.madrid.org\/ies.elespinillo.madrid\/\/wp-content\/uploads\/ies.elespinillo.madrid\/2025\/12\/portadaActividadesExtraescolares.fw_-1-720x1024.png\" alt=\"\" class=\"wp-image-3630\" style=\"width:177px;height:auto\" srcset=\"https:\/\/site.educa.madrid.org\/ies.elespinillo.madrid\/\/wp-content\/uploads\/ies.elespinillo.madrid\/2025\/12\/portadaActividadesExtraescolares.fw_-1-720x1024.png 720w, https:\/\/site.educa.madrid.org\/ies.elespinillo.madrid\/\/wp-content\/uploads\/ies.elespinillo.madrid\/2025\/12\/portadaActividadesExtraescolares.fw_-1-211x300.png 211w, https:\/\/site.educa.madrid.org\/ies.elespinillo.madrid\/\/wp-content\/uploads\/ies.elespinillo.madrid\/2025\/12\/portadaActividadesExtraescolares.fw_-1-768x1092.png 768w, https:\/\/site.educa.madrid.org\/ies.elespinillo.madrid\/\/wp-content\/uploads\/ies.elespinillo.madrid\/2025\/12\/portadaActividadesExtraescolares.fw_-1-1081x1536.png 1081w, https:\/\/site.educa.madrid.org\/ies.elespinillo.madrid\/\/wp-content\/uploads\/ies.elespinillo.madrid\/2025\/12\/portadaActividadesExtraescolares.fw_-1.png 1134w\" sizes=\"auto, (max-width: 720px) 100vw, 720px\" \/><\/a><figcaption class=\"wp-element-caption\">S\u00cdNTESIS DE ACTIVIDADES COMPLEMENTARIAS Y EXTRAESCOLARES <strong>Curso 25-26<\/strong><\/figcaption><\/figure>\n<\/div>\n\n\n<p><\/p>\n","protected":false},"excerpt":{"rendered":"<p>Las actividades complementarias se organizan por los diferentes departamentos anualmente, siendo desarrolladas en el centro de forma puntual. Priorizamos las actividades de car\u00e1cter gratuito que permiten la participaci\u00f3n de todo &#8230;<\/p>\n","protected":false},"author":2,"featured_media":0,"parent":2025,"menu_order":71,"comment_status":"closed","ping_status":"closed","template":"","meta":{"footnotes":""},"folder":[],"class_list":["post-2047","page","type-page","status-publish","hentry"],"rttpg_featured_image_url":null,"rttpg_author":{"display_name":"tic.ies.elespinillo.madrid","author_link":"https:\/\/site.educa.madrid.org\/ies.elespinillo.madrid\/index.php\/author\/cuenta_tic-ies-elespinillo-madrid\/"},"rttpg_comment":0,"rttpg_category":false,"rttpg_excerpt":"Las actividades complementarias se organizan por los diferentes departamentos anualmente, siendo desarrolladas en el centro de forma puntual. Priorizamos las actividades de car\u00e1cter gratuito que permiten la participaci\u00f3n de todo ...","post_mailing_queue_ids":[],"_links":{"self":[{"href":"https:\/\/site.educa.madrid.org\/ies.elespinillo.madrid\/index.php\/wp-json\/wp\/v2\/pages\/2047","targetHints":{"allow":["GET"]}}],"collection":[{"href":"https:\/\/site.educa.madrid.org\/ies.elespinillo.madrid\/index.php\/wp-json\/wp\/v2\/pages"}],"about":[{"href":"https:\/\/site.educa.madrid.org\/ies.elespinillo.madrid\/index.php\/wp-json\/wp\/v2\/types\/page"}],"author":[{"embeddable":true,"href":"https:\/\/site.educa.madrid.org\/ies.elespinillo.madrid\/index.php\/wp-json\/wp\/v2\/users\/2"}],"replies":[{"embeddable":true,"href":"https:\/\/site.educa.madrid.org\/ies.elespinillo.madrid\/index.php\/wp-json\/wp\/v2\/comments?post=2047"}],"version-history":[{"count":9,"href":"https:\/\/site.educa.madrid.org\/ies.elespinillo.madrid\/index.php\/wp-json\/wp\/v2\/pages\/2047\/revisions"}],"predecessor-version":[{"id":3631,"href":"https:\/\/site.educa.madrid.org\/ies.elespinillo.madrid\/index.php\/wp-json\/wp\/v2\/pages\/2047\/revisions\/3631"}],"up":[{"embeddable":true,"href":"https:\/\/site.educa.madrid.org\/ies.elespinillo.madrid\/index.php\/wp-json\/wp\/v2\/pages\/2025"}],"wp:attachment":[{"href":"https:\/\/site.educa.madrid.org\/ies.elespinillo.madrid\/index.php\/wp-json\/wp\/v2\/media?parent=2047"}],"wp:term":[{"taxonomy":"folder","embeddable":true,"href":"https:\/\/site.educa.madrid.org\/ies.elespinillo.madrid\/index.php\/wp-json\/wp\/v2\/folder?post=2047"}],"curies":[{"name":"wp","href":"https:\/\/api.w.org\/{rel}","templated":true}]}}