{"id":2058,"date":"2024-01-31T17:59:13","date_gmt":"2024-01-31T16:59:13","guid":{"rendered":"https:\/\/site.educa.madrid.org\/ies.elespinillo.madrid\/?page_id=2058"},"modified":"2026-05-04T11:16:20","modified_gmt":"2026-05-04T09:16:20","slug":"proyecto-mediacion","status":"publish","type":"page","link":"https:\/\/site.educa.madrid.org\/ies.elespinillo.madrid\/index.php\/proyectos\/proyecto-mediacion\/","title":{"rendered":"Proyecto Mediaci\u00f3n"},"content":{"rendered":"\n<figure class=\"wp-block-image alignwide size-large\"><img loading=\"lazy\" decoding=\"async\" width=\"1024\" height=\"68\" src=\"https:\/\/site.educa.madrid.org\/ies.elespinillo.madrid\/\/wp-content\/uploads\/ies.elespinillo.madrid\/2024\/11\/77.ProyectoMediacion.fw_-1024x68.png\" alt=\"\" class=\"wp-image-2952\" srcset=\"https:\/\/site.educa.madrid.org\/ies.elespinillo.madrid\/\/wp-content\/uploads\/ies.elespinillo.madrid\/2024\/11\/77.ProyectoMediacion.fw_-1024x68.png 1024w, https:\/\/site.educa.madrid.org\/ies.elespinillo.madrid\/\/wp-content\/uploads\/ies.elespinillo.madrid\/2024\/11\/77.ProyectoMediacion.fw_-300x20.png 300w, https:\/\/site.educa.madrid.org\/ies.elespinillo.madrid\/\/wp-content\/uploads\/ies.elespinillo.madrid\/2024\/11\/77.ProyectoMediacion.fw_-768x51.png 768w, https:\/\/site.educa.madrid.org\/ies.elespinillo.madrid\/\/wp-content\/uploads\/ies.elespinillo.madrid\/2024\/11\/77.ProyectoMediacion.fw_.png 1500w\" sizes=\"auto, (max-width: 1024px) 100vw, 1024px\" \/><\/figure>\n\n\n\n<h3 class=\"wp-block-heading\">El equipo de Mediaci\u00f3n del IES El Espinillo<\/h3>\n\n\n\n<p><strong>El equipo de Mediaci\u00f3n del IES El Espinillo<\/strong> es un instrumento orientado a mejorar la convivencia en el centro y las relaciones interpersonales. Est\u00e1 constituido por&nbsp;profesores y alumnos previamente formados en las habilidades y t\u00e9cnicas de la Mediaci\u00f3n Escolar para cumplir con las cualidades necesarias que debe tener un mediador o mediadora. Nuestro&nbsp;equipo&nbsp;ayuda a resolver los conflictos de manera pac\u00edfica en un ambiente distendido y favorece la comunicaci\u00f3n entre los miembros de la comunidad educativa, as\u00ed como su implicaci\u00f3n en el funcionamiento del centro, en el aprendizaje de la cultura de la paz, el respeto, la tolerancia y la sensibilidad para prevenir actos violentos.<\/p>\n\n\n\n<p>Si est\u00e1s interesado\/a en formar parte de nuestro equipo, o necesitas contarnos algo que te inquiete, busca nuestro logo en el centro o escr\u00edbenos a&nbsp; <a href=\"proyectomediacion.ies.elespinillo.madrid@educa.madrid.org\">proyectomediacion.ies.elespinillo.madrid@educa.madrid.org<\/a><\/p>\n\n\n\n<p class=\"has-text-align-center\"><strong>En el IES El Espinillo, la Mediaci\u00f3n tiene \u201c<em>su punto <\/em>\u201d<\/strong><\/p>\n\n\n<div class=\"wp-block-image\">\n<figure class=\"aligncenter size-large is-resized\"><img loading=\"lazy\" decoding=\"async\" width=\"1012\" height=\"1024\" src=\"https:\/\/site.educa.madrid.org\/ies.elespinillo.madrid\/\/wp-content\/uploads\/ies.elespinillo.madrid\/2024\/11\/logoMediacion.fw_-1012x1024.png\" alt=\"\" class=\"wp-image-2955\" style=\"width:360px;height:auto\" srcset=\"https:\/\/site.educa.madrid.org\/ies.elespinillo.madrid\/\/wp-content\/uploads\/ies.elespinillo.madrid\/2024\/11\/logoMediacion.fw_-1012x1024.png 1012w, https:\/\/site.educa.madrid.org\/ies.elespinillo.madrid\/\/wp-content\/uploads\/ies.elespinillo.madrid\/2024\/11\/logoMediacion.fw_-297x300.png 297w, https:\/\/site.educa.madrid.org\/ies.elespinillo.madrid\/\/wp-content\/uploads\/ies.elespinillo.madrid\/2024\/11\/logoMediacion.fw_-768x777.png 768w, https:\/\/site.educa.madrid.org\/ies.elespinillo.madrid\/\/wp-content\/uploads\/ies.elespinillo.madrid\/2024\/11\/logoMediacion.fw_.png 1027w\" sizes=\"auto, (max-width: 1012px) 100vw, 1012px\" \/><\/figure>\n<\/div>\n\n\n<hr class=\"wp-block-separator has-alpha-channel-opacity\"\/>\n\n\n\n<figure class=\"wp-block-video\"><video height=\"1088\" style=\"aspect-ratio: 1934 \/ 1088;\" width=\"1934\" controls src=\"https:\/\/site.educa.madrid.org\/ies.elespinillo.madrid\/\/wp-content\/uploads\/ies.elespinillo.madrid\/2025\/02\/Mediacion-promo-rev-11.mp4\"><\/video><\/figure>\n\n\n\n<hr class=\"wp-block-separator has-alpha-channel-opacity\"\/>\n\n\n\n<p>A continuaci\u00f3n dejamos a vuestra disposici\u00f3n un <strong>corto <\/strong>basado en un \u00ab<strong>caso real\u00bb <\/strong>. Esperamos que os guste y os pod\u00e1is hacer una idea del trabajo que podemos llegar a desarrollar con nuestros alumnos. \u00a1Que lo disfrut\u00e9is!<\/p>\n\n\n<div class=\"wp-block-image\">\n<figure class=\"aligncenter size-large is-resized\"><a href=\"https:\/\/cloud.educa.madrid.org\/s\/NZxwHMaPMA993Qg\" target=\"_blank\" rel=\" noreferrer noopener\"><img loading=\"lazy\" decoding=\"async\" width=\"1024\" height=\"687\" src=\"https:\/\/site.educa.madrid.org\/ies.elespinillo.madrid\/\/wp-content\/uploads\/ies.elespinillo.madrid\/2026\/03\/videoMediacion.fw_-1024x687.png\" alt=\"\" class=\"wp-image-3732\" style=\"width:431px;height:auto\" srcset=\"https:\/\/site.educa.madrid.org\/ies.elespinillo.madrid\/\/wp-content\/uploads\/ies.elespinillo.madrid\/2026\/03\/videoMediacion.fw_-1024x687.png 1024w, https:\/\/site.educa.madrid.org\/ies.elespinillo.madrid\/\/wp-content\/uploads\/ies.elespinillo.madrid\/2026\/03\/videoMediacion.fw_-300x201.png 300w, https:\/\/site.educa.madrid.org\/ies.elespinillo.madrid\/\/wp-content\/uploads\/ies.elespinillo.madrid\/2026\/03\/videoMediacion.fw_-768x515.png 768w, https:\/\/site.educa.madrid.org\/ies.elespinillo.madrid\/\/wp-content\/uploads\/ies.elespinillo.madrid\/2026\/03\/videoMediacion.fw_-272x182.png 272w, https:\/\/site.educa.madrid.org\/ies.elespinillo.madrid\/\/wp-content\/uploads\/ies.elespinillo.madrid\/2026\/03\/videoMediacion.fw_.png 1044w\" sizes=\"auto, (max-width: 1024px) 100vw, 1024px\" \/><\/a><\/figure>\n<\/div>\n\n\n<p><\/p>\n","protected":false},"excerpt":{"rendered":"<p>El equipo de Mediaci\u00f3n del IES El Espinillo El equipo de Mediaci\u00f3n del IES El Espinillo es un instrumento orientado a mejorar la convivencia en el centro y las relaciones &#8230;<\/p>\n","protected":false},"author":2,"featured_media":0,"parent":2025,"menu_order":80,"comment_status":"closed","ping_status":"closed","template":"","meta":{"footnotes":""},"folder":[],"class_list":["post-2058","page","type-page","status-publish","hentry"],"rttpg_featured_image_url":null,"rttpg_author":{"display_name":"tic.ies.elespinillo.madrid","author_link":"https:\/\/site.educa.madrid.org\/ies.elespinillo.madrid\/index.php\/author\/cuenta_tic-ies-elespinillo-madrid\/"},"rttpg_comment":0,"rttpg_category":false,"rttpg_excerpt":"El equipo de Mediaci\u00f3n del IES El Espinillo El equipo de Mediaci\u00f3n del IES El Espinillo es un instrumento orientado a mejorar la convivencia en el centro y las relaciones ...","post_mailing_queue_ids":[],"_links":{"self":[{"href":"https:\/\/site.educa.madrid.org\/ies.elespinillo.madrid\/index.php\/wp-json\/wp\/v2\/pages\/2058","targetHints":{"allow":["GET"]}}],"collection":[{"href":"https:\/\/site.educa.madrid.org\/ies.elespinillo.madrid\/index.php\/wp-json\/wp\/v2\/pages"}],"about":[{"href":"https:\/\/site.educa.madrid.org\/ies.elespinillo.madrid\/index.php\/wp-json\/wp\/v2\/types\/page"}],"author":[{"embeddable":true,"href":"https:\/\/site.educa.madrid.org\/ies.elespinillo.madrid\/index.php\/wp-json\/wp\/v2\/users\/2"}],"replies":[{"embeddable":true,"href":"https:\/\/site.educa.madrid.org\/ies.elespinillo.madrid\/index.php\/wp-json\/wp\/v2\/comments?post=2058"}],"version-history":[{"count":13,"href":"https:\/\/site.educa.madrid.org\/ies.elespinillo.madrid\/index.php\/wp-json\/wp\/v2\/pages\/2058\/revisions"}],"predecessor-version":[{"id":3739,"href":"https:\/\/site.educa.madrid.org\/ies.elespinillo.madrid\/index.php\/wp-json\/wp\/v2\/pages\/2058\/revisions\/3739"}],"up":[{"embeddable":true,"href":"https:\/\/site.educa.madrid.org\/ies.elespinillo.madrid\/index.php\/wp-json\/wp\/v2\/pages\/2025"}],"wp:attachment":[{"href":"https:\/\/site.educa.madrid.org\/ies.elespinillo.madrid\/index.php\/wp-json\/wp\/v2\/media?parent=2058"}],"wp:term":[{"taxonomy":"folder","embeddable":true,"href":"https:\/\/site.educa.madrid.org\/ies.elespinillo.madrid\/index.php\/wp-json\/wp\/v2\/folder?post=2058"}],"curies":[{"name":"wp","href":"https:\/\/api.w.org\/{rel}","templated":true}]}}