{"id":2086,"date":"2024-01-31T18:17:37","date_gmt":"2024-01-31T17:17:37","guid":{"rendered":"https:\/\/site.educa.madrid.org\/ies.elespinillo.madrid\/?page_id=2086"},"modified":"2026-05-04T11:14:52","modified_gmt":"2026-05-04T09:14:52","slug":"programa-ipafd","status":"publish","type":"page","link":"https:\/\/site.educa.madrid.org\/ies.elespinillo.madrid\/index.php\/proyectos\/actividades-complementarias\/programa-ipafd\/","title":{"rendered":"Programa IPAFD"},"content":{"rendered":"<div class=\"wp-block-image\">\n<figure class=\"aligncenter size-full is-resized\"><img loading=\"lazy\" decoding=\"async\" width=\"444\" height=\"113\" src=\"https:\/\/site.educa.madrid.org\/ies.elespinillo.madrid\/\/wp-content\/uploads\/ies.elespinillo.madrid\/2024\/02\/ipafd.jpg\" alt=\"\" class=\"wp-image-2247\" style=\"width:590px;height:150px\" srcset=\"https:\/\/site.educa.madrid.org\/ies.elespinillo.madrid\/\/wp-content\/uploads\/ies.elespinillo.madrid\/2024\/02\/ipafd.jpg 444w, https:\/\/site.educa.madrid.org\/ies.elespinillo.madrid\/\/wp-content\/uploads\/ies.elespinillo.madrid\/2024\/02\/ipafd-300x76.jpg 300w\" sizes=\"auto, (max-width: 444px) 100vw, 444px\" \/><\/figure>\n<\/div>\n\n\n<h3 class=\"wp-block-heading\"><mark style=\"background-color:rgba(0, 0, 0, 0)\" class=\"has-inline-color has-black-color\">\u00bfQu\u00e9 es IPAFD<strong>?<\/strong><\/mark><\/h3>\n\n\n\n<p class=\"has-text-align-left\">El programa IPAFD (Institutos Promotores de la Actividad F\u00edsica y el Deporte) es un programa de la Comunidad de Madrid dirigido a centros de Educaci\u00f3n Secundaria y Bachillerato. Los institutos participantes ofertan actividades deportivas impartidas por profesionales de las correspondientes federaciones deportivas. Las actividades se realizan en horario extraescolar. El <strong>objetivo<\/strong> del programa es fomentar la pr\u00e1ctica de la actividad f\u00edsica entre los estudiantes de los Institutos P\u00fablicos madrile\u00f1os tratando de: <\/p>\n\n\n\n<ul class=\"wp-block-list\">\n<li>Integrar la pr\u00e1ctica deportiva en la rutina escolar y que se convierta en un h\u00e1bito en la vida diaria.<\/li>\n\n\n\n<li>Fomentar la socializaci\u00f3n e integraci\u00f3n de los alumnos en su centro<\/li>\n\n\n\n<li>Potenciar los valores que definen el juego limpio<\/li>\n<\/ul>\n\n\n\n<p>En la actualidad, participan m\u00e1s de 28.000 alumnos, entre 12 y 18 a\u00f1os, representando a cada uno de sus centros.<\/p>\n\n\n\n<h3 class=\"wp-block-heading\">\u00bfQui\u00e9n puede participar?<\/h3>\n\n\n\n<p>Todos los alumnos del centro pueden apuntarse a las actividades ofertadas. El \u00fanico requisito es abonar la cuota anual de 14 \u20ac (se paga al principio del curso y el resto del a\u00f1o no hay que pagar nada m\u00e1s).<\/p>\n\n\n\n<h3 class=\"wp-block-heading\">Deportes<\/h3>\n\n\n\n<p>Las<em><strong>&nbsp;<\/strong><\/em><strong>modalidades deportivas<\/strong>&nbsp;en las que los alumnos podr\u00e1n participar en nuestro centro, en horario de 15:30 a 18:30, en el presente curso acad\u00e9mico son:<\/p>\n\n\n\n<ol class=\"wp-block-list\">\n<li>Balonmano<\/li>\n\n\n\n<li>Badminton<\/li>\n\n\n\n<li>Baloncesto<\/li>\n\n\n\n<li>Baile deportivo<\/li>\n\n\n\n<li>F\u00fatbol Sala<\/li>\n\n\n\n<li>Judo<\/li>\n\n\n\n<li>Espeleolog\u00eda y escalada<\/li>\n\n\n\n<li>Tenis de mesa<\/li>\n\n\n\n<li>Voleibol<\/li>\n<\/ol>\n\n\n\n<h3 class=\"wp-block-heading\">\u00bfC\u00f3mo apuntarse?<\/h3>\n\n\n\n<p>El coste de la actividad ser\u00e1 de 14 \u20ac anuales (un \u00fanico pago para todo el a\u00f1o), pudiendo participar cada alumno o alumna hasta en dos deportes distintos.<\/p>\n\n\n\n<p>Los alumnos que est\u00e9n interesados deber\u00e1n descargar la solicitud de inscripci\u00f3n, rellenarla y entregarla junto con los 14 \u20ac del pago en los d\u00edas indicados por el coordinador del programa.<\/p>\n\n\n\n<p>Las escuelas deportivas tendr\u00e1n un m\u00e1ximo de 23 alumnos. En caso de que haya m\u00e1s solicitudes que plazas se realizar\u00e1 un sorteo, quedando los no admitidos &nbsp;en lista de espera.<\/p>\n\n\n\n<p>Si tienes cualquier duda o incidencia con la solicitud, puedes ponerte en contacto con el profesor coordinador del programa, <strong>Juan Marcos Pe\u00f1a<\/strong>, a trav\u00e9s de su correo electr\u00f3nico:<\/p>\n\n\n\n<p><\/p>\n\n\n\n<p class=\"has-text-align-center\"><strong><em>juanmarcos.pena@educa.madrid.org<\/em><\/strong><\/p>\n\n\n\n<div style=\"height:27px\" aria-hidden=\"true\" class=\"wp-block-spacer\"><\/div>\n\n\n\n<h3 class=\"wp-block-heading\">Cuadrante de los horarios de entrenamiento y solicitud de inscripci\u00f3n<\/h3>\n\n\n\n<p>A continuaci\u00f3n os dejamos un enlace tanto con los <strong>cuadrantes de entrenamiento <\/strong>de las diferentes modalidades deportivas que vamos a llevar a cabo en nuestro centro como la <strong>solicitud de inscripci\u00f3n<\/strong> en el caso de que est\u00e9s interesado en participar.<\/p>\n\n\n\n<p><\/p>\n\n\n\n<div class=\"wp-block-columns is-layout-flex wp-container-core-columns-is-layout-9d6595d7 wp-block-columns-is-layout-flex\">\n<div class=\"wp-block-column is-layout-flow wp-block-column-is-layout-flow\">\n<h4 class=\"wp-block-heading has-text-align-center\">Cuadrante Horarios<\/h4>\n\n\n<div class=\"wp-block-image\">\n<figure class=\"aligncenter size-full is-resized\"><a href=\"https:\/\/cloud.educa.madrid.org\/s\/QBMxLgFYL6Y85Yn\" target=\"_blank\" rel=\"noreferrer noopener\"><img loading=\"lazy\" decoding=\"async\" width=\"512\" height=\"512\" src=\"https:\/\/site.educa.madrid.org\/ies.elespinillo.madrid\/\/wp-content\/uploads\/ies.elespinillo.madrid\/2024\/02\/bistransfer_8473773.fw_.png\" alt=\"\" class=\"wp-image-2249\" style=\"width:81px;height:81px\" srcset=\"https:\/\/site.educa.madrid.org\/ies.elespinillo.madrid\/\/wp-content\/uploads\/ies.elespinillo.madrid\/2024\/02\/bistransfer_8473773.fw_.png 512w, https:\/\/site.educa.madrid.org\/ies.elespinillo.madrid\/\/wp-content\/uploads\/ies.elespinillo.madrid\/2024\/02\/bistransfer_8473773.fw_-300x300.png 300w, https:\/\/site.educa.madrid.org\/ies.elespinillo.madrid\/\/wp-content\/uploads\/ies.elespinillo.madrid\/2024\/02\/bistransfer_8473773.fw_-150x150.png 150w\" sizes=\"auto, (max-width: 512px) 100vw, 512px\" \/><\/a><\/figure>\n<\/div><\/div>\n\n\n\n<div class=\"wp-block-column is-layout-flow wp-block-column-is-layout-flow\">\n<h4 class=\"wp-block-heading has-text-align-center\">Solicitud de Inscripci\u00f3n<\/h4>\n\n\n<div class=\"wp-block-image\">\n<figure class=\"aligncenter size-full is-resized\"><a href=\"https:\/\/cloud.educa.madrid.org\/s\/rBTLNRPxHeGqZR4\" target=\"_blank\" rel=\"noreferrer noopener\"><img loading=\"lazy\" decoding=\"async\" width=\"512\" height=\"512\" src=\"https:\/\/site.educa.madrid.org\/ies.elespinillo.madrid\/\/wp-content\/uploads\/ies.elespinillo.madrid\/2024\/02\/bistransfer_8473773.fw_.png\" alt=\"\" class=\"wp-image-2249\" style=\"width:81px;height:81px\" srcset=\"https:\/\/site.educa.madrid.org\/ies.elespinillo.madrid\/\/wp-content\/uploads\/ies.elespinillo.madrid\/2024\/02\/bistransfer_8473773.fw_.png 512w, https:\/\/site.educa.madrid.org\/ies.elespinillo.madrid\/\/wp-content\/uploads\/ies.elespinillo.madrid\/2024\/02\/bistransfer_8473773.fw_-300x300.png 300w, https:\/\/site.educa.madrid.org\/ies.elespinillo.madrid\/\/wp-content\/uploads\/ies.elespinillo.madrid\/2024\/02\/bistransfer_8473773.fw_-150x150.png 150w\" sizes=\"auto, (max-width: 512px) 100vw, 512px\" \/><\/a><\/figure>\n<\/div><\/div>\n<\/div>\n","protected":false},"excerpt":{"rendered":"<p>\u00bfQu\u00e9 es IPAFD? El programa IPAFD (Institutos Promotores de la Actividad F\u00edsica y el Deporte) es un programa de la Comunidad de Madrid dirigido a centros de Educaci\u00f3n Secundaria y &#8230;<\/p>\n","protected":false},"author":2,"featured_media":0,"parent":2082,"menu_order":74,"comment_status":"closed","ping_status":"closed","template":"","meta":{"footnotes":""},"folder":[],"class_list":["post-2086","page","type-page","status-publish","hentry"],"rttpg_featured_image_url":null,"rttpg_author":{"display_name":"tic.ies.elespinillo.madrid","author_link":"https:\/\/site.educa.madrid.org\/ies.elespinillo.madrid\/index.php\/author\/cuenta_tic-ies-elespinillo-madrid\/"},"rttpg_comment":0,"rttpg_category":false,"rttpg_excerpt":"\u00bfQu\u00e9 es IPAFD? El programa IPAFD (Institutos Promotores de la Actividad F\u00edsica y el Deporte) es un programa de la Comunidad de Madrid dirigido a centros de Educaci\u00f3n Secundaria y ...","post_mailing_queue_ids":[],"_links":{"self":[{"href":"https:\/\/site.educa.madrid.org\/ies.elespinillo.madrid\/index.php\/wp-json\/wp\/v2\/pages\/2086","targetHints":{"allow":["GET"]}}],"collection":[{"href":"https:\/\/site.educa.madrid.org\/ies.elespinillo.madrid\/index.php\/wp-json\/wp\/v2\/pages"}],"about":[{"href":"https:\/\/site.educa.madrid.org\/ies.elespinillo.madrid\/index.php\/wp-json\/wp\/v2\/types\/page"}],"author":[{"embeddable":true,"href":"https:\/\/site.educa.madrid.org\/ies.elespinillo.madrid\/index.php\/wp-json\/wp\/v2\/users\/2"}],"replies":[{"embeddable":true,"href":"https:\/\/site.educa.madrid.org\/ies.elespinillo.madrid\/index.php\/wp-json\/wp\/v2\/comments?post=2086"}],"version-history":[{"count":5,"href":"https:\/\/site.educa.madrid.org\/ies.elespinillo.madrid\/index.php\/wp-json\/wp\/v2\/pages\/2086\/revisions"}],"predecessor-version":[{"id":2789,"href":"https:\/\/site.educa.madrid.org\/ies.elespinillo.madrid\/index.php\/wp-json\/wp\/v2\/pages\/2086\/revisions\/2789"}],"up":[{"embeddable":true,"href":"https:\/\/site.educa.madrid.org\/ies.elespinillo.madrid\/index.php\/wp-json\/wp\/v2\/pages\/2082"}],"wp:attachment":[{"href":"https:\/\/site.educa.madrid.org\/ies.elespinillo.madrid\/index.php\/wp-json\/wp\/v2\/media?parent=2086"}],"wp:term":[{"taxonomy":"folder","embeddable":true,"href":"https:\/\/site.educa.madrid.org\/ies.elespinillo.madrid\/index.php\/wp-json\/wp\/v2\/folder?post=2086"}],"curies":[{"name":"wp","href":"https:\/\/api.w.org\/{rel}","templated":true}]}}