{"id":2091,"date":"2024-01-31T18:29:54","date_gmt":"2024-01-31T17:29:54","guid":{"rendered":"https:\/\/site.educa.madrid.org\/ies.elespinillo.madrid\/?page_id=2091"},"modified":"2025-05-29T10:36:46","modified_gmt":"2025-05-29T08:36:46","slug":"evau","status":"publish","type":"page","link":"https:\/\/site.educa.madrid.org\/ies.elespinillo.madrid\/index.php\/alumnado\/evau\/","title":{"rendered":"PAU\/T\u00cdTULOS"},"content":{"rendered":"\n<figure class=\"wp-block-image alignwide size-large\"><img loading=\"lazy\" decoding=\"async\" width=\"1024\" height=\"68\" src=\"https:\/\/site.educa.madrid.org\/ies.elespinillo.madrid\/\/wp-content\/uploads\/ies.elespinillo.madrid\/2025\/05\/93-EVAU.fw_-1024x68.png\" alt=\"\" class=\"wp-image-3374\" srcset=\"https:\/\/site.educa.madrid.org\/ies.elespinillo.madrid\/\/wp-content\/uploads\/ies.elespinillo.madrid\/2025\/05\/93-EVAU.fw_-1024x68.png 1024w, https:\/\/site.educa.madrid.org\/ies.elespinillo.madrid\/\/wp-content\/uploads\/ies.elespinillo.madrid\/2025\/05\/93-EVAU.fw_-300x20.png 300w, https:\/\/site.educa.madrid.org\/ies.elespinillo.madrid\/\/wp-content\/uploads\/ies.elespinillo.madrid\/2025\/05\/93-EVAU.fw_-768x51.png 768w, https:\/\/site.educa.madrid.org\/ies.elespinillo.madrid\/\/wp-content\/uploads\/ies.elespinillo.madrid\/2025\/05\/93-EVAU.fw_.png 1500w\" sizes=\"auto, (max-width: 1024px) 100vw, 1024px\" \/><\/figure>\n\n\n\n<p><\/p>\n\n\n\n<h2 class=\"wp-block-heading alignwide\">SOLICITUD <mark style=\"background-color:rgba(0, 0, 0, 0)\" class=\"has-inline-color has-vivid-cyan-blue-color\">T\u00cdTULO DE BACHILLERATO<\/mark><\/h2>\n\n\n\n<hr class=\"wp-block-separator alignwide has-alpha-channel-opacity is-style-wide\"\/>\n\n\n\n<p>Los alumnos que hayan finalizado 2\u00ba de Bachillerato deber\u00e1n <strong>solicitar el T\u00edtulo de Bachillerato<\/strong>, (despu\u00e9s de recibir el bolet\u00edn de notas finales, \u00a1NUNCA&nbsp;ANTES!)&nbsp;y&nbsp;presentar en la Secretar\u00eda del Centro:<\/p>\n\n\n\n<ol class=\"wp-block-list\">\n<li><a href=\"https:\/\/cloud.educa.madrid.org\/s\/RAydWG7739EcFng\">Solicitud del T\u00edtulo<\/a>\u00a0de Bachillerato cumplimentada y firmada<\/li>\n\n\n\n<li>Fotocopia de DNI, NIE o pasaporte en vigor.<\/li>\n\n\n\n<li>Justificante de pago de las tasas del T\u00edtulo (se tiene que abonar despu\u00e9s de recibir el bolet\u00edn de notas finales)<\/li>\n\n\n\n<li>Los alumnos que tengan descuento en la tasa, presentar\u00e1n justificante de la misma.<\/li>\n<\/ol>\n\n\n\n<p><\/p>\n\n\n\n<p><\/p>\n\n\n\n<h4 class=\"wp-block-heading\"><strong>IMPORTANTE (1)<\/strong><\/h4>\n\n\n\n<p><em>Si el alumno ha solicitado la revisi\u00f3n de una nota, no debe realizar el pago de las tasas del t\u00edtulo de Bachillerato hasta que no tenga respuesta a dicha reclamaci\u00f3n, es decir, hasta que no tenga la resoluci\u00f3n de la reclamaci\u00f3n.<\/em><\/p>\n\n\n\n<p>&nbsp;El recibo de pago&nbsp; <strong>(5<em>1,49&nbsp;\u20ac)&nbsp;<\/em><\/strong>se obtiene de forma telem\u00e1tica mediante la aplicaci\u00f3n App \u201c<em>TASAS<\/em>\u201d, disponible de forma gratuita en&nbsp;Google Play&nbsp;y en&nbsp;App Store,&nbsp;o mediante la p\u00e1gina web de la Comunidad de Madrid:<\/p>\n\n\n<div class=\"wp-block-image\">\n<figure class=\"aligncenter size-full\"><a href=\"https:\/\/gestiona7.madrid.org\/rtas_webapp_pagotasas\/#!\/main\" target=\"_blank\" rel=\" noreferrer noopener\"><img loading=\"lazy\" decoding=\"async\" width=\"110\" height=\"111\" src=\"https:\/\/site.educa.madrid.org\/ies.elespinillo.madrid\/\/wp-content\/uploads\/ies.elespinillo.madrid\/2025\/05\/tasasIcon.fw_.png\" alt=\"\" class=\"wp-image-3454\"\/><\/a><figcaption class=\"wp-element-caption\">Haz <strong>CLIC<\/strong><\/figcaption><\/figure>\n<\/div>\n\n\n<p class=\"has-text-align-center\"><em>1.-&nbsp;INICIAR<\/em><\/p>\n\n\n\n<p class=\"has-text-align-center\"><em>2.- ACEPTAR (pol\u00edtica de privacidad)<\/em><\/p>\n\n\n\n<p class=\"has-text-align-center\"><em>2.-&nbsp;Pagar tasa o precio p\u00fablico<\/em><\/p>\n\n\n\n<p class=\"has-text-align-center\"><em>3.- En el campo \u00abb\u00fasqueda de tasa\u00bb escribir:&nbsp;t\u00edtulo IES El Espinillo<\/em><\/p>\n\n\n\n<p class=\"has-text-align-center\"><em>4.- Clicar opci\u00f3n: Expedici\u00f3n de T\u00edtulos o Certificados &#8211; IES EL ESPINILLO<\/em><\/p>\n\n\n\n<p class=\"has-text-align-center\"><strong><em>(El \u00abTitular\u00bb siempre es el \u00abAlumno\u00bb)<\/em><\/strong><\/p>\n\n\n\n<h4 class=\"wp-block-heading\"><strong>IMPORTANTE (2)<\/strong><\/h4>\n\n\n\n<p>Las familias que acrediten documentalmente su&nbsp;&nbsp;<strong>T\u00cdTULO DE FAMILIA NUMEROSA&nbsp;de categor\u00eda&nbsp;GENERAL&nbsp;<\/strong>abonar\u00e1n&nbsp;el 50% de la Tasa&nbsp;(<em><strong>25,74&nbsp;\u20ac<\/strong>)<\/em>.<\/p>\n\n\n\n<p>Est\u00e1n&nbsp;<strong>EXENTOS&nbsp;<\/strong>del pago de las tasas para la solicitud del t\u00edtulo de Bachillerato:<\/p>\n\n\n\n<ul class=\"wp-block-list\">\n<li>Los miembros de familias numerosas de&nbsp;categor\u00eda&nbsp;ESPECIAL,<\/li>\n\n\n\n<li>Las&nbsp;v\u00edctimas del terrorismo, sus c\u00f3nyuges o parejas de hecho e hijos.&nbsp;<\/li>\n<\/ul>\n\n\n\n<div aria-hidden=\"true\" class=\"wp-block-spacer\"><\/div>\n\n\n\n<h2 class=\"wp-block-heading alignwide\">MATR\u00cdCULA <mark style=\"background-color:rgba(0, 0, 0, 0)\" class=\"has-inline-color has-vivid-cyan-blue-color\">P.A.U.<\/mark><\/h2>\n\n\n\n<hr class=\"wp-block-separator alignwide has-alpha-channel-opacity is-style-wide\"\/>\n\n\n\n<p class=\"has-text-align-left\">Los alumnos que deseen presentarse a las&nbsp;Pruebas de Evaluaci\u00f3n de Bachillerato para el Acceso a&nbsp;la Universidad&nbsp;(<strong>PAU) <\/strong>&nbsp;deber\u00e1n solicitarlo en Secretar\u00eda con la siguiente documentaci\u00f3n:<\/p>\n\n\n\n<ol class=\"wp-block-list\">\n<li>Fotocopia de DNI, NIE o pasaporte en vigor.<\/li>\n\n\n\n<li>Solicitud del T\u00edtulo de Bachillerato.<\/li>\n\n\n\n<li>Recibo del abono de tasas del T\u00edtulo de Bachillerato (en caso de estar exento debe aportar el justificante oficial que lo acredite)<\/li>\n\n\n\n<li>Solicitud de matriculaci\u00f3n de la PAU cumplimentada y firmada por el alumno.<\/li>\n<\/ol>\n\n\n\n<p><\/p>\n\n\n\n<p class=\"has-text-align-left\">Est\u00e1n <strong>EXENTOS<\/strong> del pago de tasas de la P.A.U.:<\/p>\n\n\n\n<ul class=\"wp-block-list\">\n<li>Los miembros de familias numerosas de&nbsp;categor\u00eda&nbsp;ESPECIAL.<\/li>\n\n\n\n<li>Las&nbsp;v\u00edctimas del terrorismo, sus c\u00f3nyuges o parejas de hecho e hijos.&nbsp;<\/li>\n\n\n\n<li>Tener reconocida una discapacidad igual o superior al 33%.<\/li>\n\n\n\n<li>Participantes en operaciones internacionales de paz y seguridad.<\/li>\n\n\n\n<li>Ser beneficiario del Ingreso M\u00ednimo Vital.<\/li>\n<\/ul>\n\n\n\n<p><\/p>\n\n\n\n<p>En este tr\u00e1mite se les&nbsp;facilitar\u00e1 el recibo de las tasas de la prueba,&nbsp;&nbsp;para&nbsp;su ingreso en el banco de&nbsp;Santander o para efectuar el pago con tarjeta en la siguiente direcci\u00f3n&nbsp;<a href=\"https:\/\/geanet.ucm.es\/ac_app\/f?p=400400\" target=\"_blank\" rel=\"noreferrer noopener\">https:\/\/geanet.ucm.es\/ac_app\/f?p=400400<\/a>.&nbsp;En este \u00faltimo caso, no se genera justificante del abono, por lo que se deber\u00e1 presentar un extracto bancario donde se especifique el ingreso de las tasas.<\/p>\n\n\n\n<p><em>Finalmente, se avisar\u00e1 del d\u00eda en el que deber\u00e1n presentar el justificante de pago de las tasas de la PAU en la Secretar\u00eda del centro<\/em><\/p>\n\n\n\n<p><strong><u>Los alumnos que <\/u><mark style=\"background-color:rgba(0, 0, 0, 0)\" class=\"has-inline-color has-vivid-red-color\"><u>repiten prueba<\/u>&nbsp;para subir nota<\/mark><\/strong>, deber\u00e1n presentar:<\/p>\n\n\n\n<ul class=\"wp-block-list\">\n<li>Fotocopia de la Tarjeta de resultados de la \u00faltima convocatoria, y<\/li>\n\n\n\n<li>Fotocopia actualizada (en folio, sin recortar) del&nbsp;DNI,&nbsp; NIE o PASAPORTE<\/li>\n\n\n\n<li>Fotocopia del T\u00edtulo de Familia Numerosa, si correspondiera<\/li>\n<\/ul>\n\n\n\n<p><\/p>\n\n\n\n<hr class=\"wp-block-separator has-alpha-channel-opacity is-style-wide\"\/>\n\n\n\n<h4 class=\"wp-block-heading\"><strong>M\u00c1S INFORMACI\u00d3N<\/strong> <em>(Enlaces)<\/em><\/h4>\n\n\n\n<p><a href=\"https:\/\/www.ucm.es\/pau-2025\">Informaci\u00f3n UCM sobre PAU<\/a><\/p>\n\n\n\n<p><a href=\"https:\/\/www.ucm.es\/informacion\/otros-precios-administrativos\" target=\"_blank\" rel=\"noreferrer noopener\">Precios de las Pruebas<\/a>&nbsp;&nbsp;(Columna Evaluaci\u00f3n y Pruebas)<\/p>\n\n\n\n<p><\/p>\n\n\n\n<p><\/p>\n","protected":false},"excerpt":{"rendered":"<p>SOLICITUD T\u00cdTULO DE BACHILLERATO Los alumnos que hayan finalizado 2\u00ba de Bachillerato deber\u00e1n solicitar el T\u00edtulo de Bachillerato, (despu\u00e9s de recibir el bolet\u00edn de notas finales, \u00a1NUNCA&nbsp;ANTES!)&nbsp;y&nbsp;presentar en la Secretar\u00eda &#8230;<\/p>\n","protected":false},"author":2,"featured_media":0,"parent":2027,"menu_order":95,"comment_status":"closed","ping_status":"closed","template":"","meta":{"footnotes":""},"folder":[],"class_list":["post-2091","page","type-page","status-publish","hentry"],"rttpg_featured_image_url":null,"rttpg_author":{"display_name":"tic.ies.elespinillo.madrid","author_link":"https:\/\/site.educa.madrid.org\/ies.elespinillo.madrid\/index.php\/author\/cuenta_tic-ies-elespinillo-madrid\/"},"rttpg_comment":0,"rttpg_category":false,"rttpg_excerpt":"SOLICITUD T\u00cdTULO DE BACHILLERATO Los alumnos que hayan finalizado 2\u00ba de Bachillerato deber\u00e1n solicitar el T\u00edtulo de Bachillerato, (despu\u00e9s de recibir el bolet\u00edn de notas finales, \u00a1NUNCA&nbsp;ANTES!)&nbsp;y&nbsp;presentar en la Secretar\u00eda ...","post_mailing_queue_ids":[],"_links":{"self":[{"href":"https:\/\/site.educa.madrid.org\/ies.elespinillo.madrid\/index.php\/wp-json\/wp\/v2\/pages\/2091","targetHints":{"allow":["GET"]}}],"collection":[{"href":"https:\/\/site.educa.madrid.org\/ies.elespinillo.madrid\/index.php\/wp-json\/wp\/v2\/pages"}],"about":[{"href":"https:\/\/site.educa.madrid.org\/ies.elespinillo.madrid\/index.php\/wp-json\/wp\/v2\/types\/page"}],"author":[{"embeddable":true,"href":"https:\/\/site.educa.madrid.org\/ies.elespinillo.madrid\/index.php\/wp-json\/wp\/v2\/users\/2"}],"replies":[{"embeddable":true,"href":"https:\/\/site.educa.madrid.org\/ies.elespinillo.madrid\/index.php\/wp-json\/wp\/v2\/comments?post=2091"}],"version-history":[{"count":14,"href":"https:\/\/site.educa.madrid.org\/ies.elespinillo.madrid\/index.php\/wp-json\/wp\/v2\/pages\/2091\/revisions"}],"predecessor-version":[{"id":3455,"href":"https:\/\/site.educa.madrid.org\/ies.elespinillo.madrid\/index.php\/wp-json\/wp\/v2\/pages\/2091\/revisions\/3455"}],"up":[{"embeddable":true,"href":"https:\/\/site.educa.madrid.org\/ies.elespinillo.madrid\/index.php\/wp-json\/wp\/v2\/pages\/2027"}],"wp:attachment":[{"href":"https:\/\/site.educa.madrid.org\/ies.elespinillo.madrid\/index.php\/wp-json\/wp\/v2\/media?parent=2091"}],"wp:term":[{"taxonomy":"folder","embeddable":true,"href":"https:\/\/site.educa.madrid.org\/ies.elespinillo.madrid\/index.php\/wp-json\/wp\/v2\/folder?post=2091"}],"curies":[{"name":"wp","href":"https:\/\/api.w.org\/{rel}","templated":true}]}}